{"id":3553,"date":"2024-11-06T12:50:53","date_gmt":"2024-11-06T12:50:53","guid":{"rendered":"https:\/\/nfc-readers.com\/?post_type=product&#038;p=3553"},"modified":"2024-11-06T12:50:53","modified_gmt":"2024-11-06T12:50:53","slug":"nfc-rfid-sticker-alien-h9-9662-9654-9610-9640-long-read-range","status":"publish","type":"product","link":"https:\/\/nfc-readers.com\/es\/ic-reader\/nfc-rfid-sticker-alien-h9-9662-9654-9610-9640-long-read-range\/","title":{"rendered":"Adhesivo RFID NFC Alien H9 9662 9654 9610 9640 de largo alcance de lectura"},"content":{"rendered":"<h1 style=\"text-align: center;\"><strong>Adhesivo RFID NFC Alien H9 9662 9654 9610 9640 de largo alcance de lectura<\/strong><\/h1>\n<p>En el acelerado mundo digital actual, la comunicaci\u00f3n eficaz y la transferencia de informaci\u00f3n pueden mejorar enormemente la eficiencia operativa. <strong>Adhesivo RFID NFC Alien H9<\/strong>\u00a0es una soluci\u00f3n excepcional, que cuenta con una\u00a0<strong>largo alcance de lectura<\/strong>\u00a0y una funcionalidad avanzada que se adapta a diversas aplicaciones, como estacionamiento, gesti\u00f3n de inventario y m\u00e1s. Con una distancia de lectura impresionante de\u00a0<strong>3-7 metros<\/strong>Esta pegatina vers\u00e1til garantiza una interacci\u00f3n perfecta entre dispositivos habilitados para NFC, revolucionando la forma en que los usuarios interact\u00faan con los datos.<\/p>\n<p>Al integrar tecnolog\u00eda de vanguardia en un formato compacto, la etiqueta Alien H9 puede mejorar sus procesos comerciales, mejorar las experiencias de los clientes y facilitar una conectividad sin esfuerzo. Descubra los incre\u00edbles beneficios de la etiqueta RFID NFC H9 de Alien para comprender por qu\u00e9 es una inversi\u00f3n que vale la pena para sus necesidades.<\/p>\n<p>&nbsp;<\/p>\n<h2>Descripci\u00f3n general de la tecnolog\u00eda NFC y RFID<\/h2>\n<p>NFC (Near Field Communication) y RFID (Radio Frequency Identification) son potentes tecnolog\u00edas de comunicaci\u00f3n inal\u00e1mbrica que facilitan el intercambio de datos entre dispositivos. NFC permite transacciones e interacciones seguras en espacios reducidos, mientras que RFID permite lecturas de mayor alcance, lo que la hace esencial para diversas industrias.\u00a0<strong>Extraterrestre H9<\/strong>\u00a0La etiqueta RFID NFC combina estas dos tecnolog\u00edas, aprovechando una frecuencia de\u00a0<strong>860-960 MHz<\/strong>, garantizando un rendimiento \u00f3ptimo en diversas aplicaciones.<\/p>\n<p>&nbsp;<\/p>\n<h2>Especificaciones clave de la etiqueta NFC RFID H9 de Alien<\/h2>\n<p>El\u00a0<strong>Adhesivo NFC RFID H9 de Alien<\/strong>\u00a0Viene equipado con una variedad de caracter\u00edsticas y especificaciones dise\u00f1adas para satisfacer las demandas de la tecnolog\u00eda moderna:<\/p>\n<ul>\n<li><strong>Tipo de chip<\/strong>: Extraterrestre H9<\/li>\n<li><strong>Tama\u00f1o de la etiqueta<\/strong>: 92 x 26 mm<\/li>\n<li><strong>Tama\u00f1o de la antena<\/strong>: 70 x 17 mm<\/li>\n<li><strong>Memoria EPC<\/strong>: 128 bits<\/li>\n<li><strong>Distancia de lectura<\/strong>:En promedio, 3-7 metros.<\/li>\n<li><strong>Frecuencia<\/strong>:Funciona a 860-960 MHz<\/li>\n<li><strong>Origen de la producci\u00f3n<\/strong>: Guangdong, China<\/li>\n<li><strong>Nombre de la marca<\/strong>:SX<\/li>\n<li><strong>N\u00famero de modelo<\/strong>:SX-050<\/li>\n<\/ul>\n<p>Estas especificaciones resaltan el dise\u00f1o de alto rendimiento y eficiencia que hace del Alien H9 un l\u00edder en el mercado.<\/p>\n<p>&nbsp;<\/p>\n<h2>Especificaciones t\u00e9cnicas detalladas<\/h2>\n<table class=\"w-fit !mb-0 !max-w-none\" style=\"height: 196px;\" width=\"401\">\n<thead>\n<tr>\n<th>Especificaci\u00f3n<\/th>\n<th>Detalles<\/th>\n<\/tr>\n<\/thead>\n<tbody>\n<tr>\n<td><strong>Interface de comunicaci\u00f3n<\/strong><\/td>\n<td>RFID<\/td>\n<\/tr>\n<tr>\n<td><strong>Tipo de tarjeta<\/strong><\/td>\n<td>Leer\/Escribir<\/td>\n<\/tr>\n<tr>\n<td><strong>Acabado de la superficie<\/strong><\/td>\n<td>Brillante \/ Mate<\/td>\n<\/tr>\n<tr>\n<td><strong>Impresi\u00f3n<\/strong><\/td>\n<td>Impresi\u00f3n offset en rollo CMYK<\/td>\n<\/tr>\n<tr>\n<td><strong>Tama\u00f1o del paquete<\/strong><\/td>\n<td>20 x 10 x 1 cm<\/td>\n<\/tr>\n<tr>\n<td><strong>Peso bruto<\/strong><\/td>\n<td>0,100 kilos<\/td>\n<\/tr>\n<\/tbody>\n<\/table>\n<p>&nbsp;<\/p>\n<h2>Preguntas frecuentes sobre la etiqueta NFC RFID H9 de Alien<\/h2>\n<p><strong>Q1: \u00bfCu\u00e1l es la distancia de lectura?<\/strong><br \/>\nA1: La distancia de lectura normalmente var\u00eda entre\u00a0<strong>3 a 7 metros<\/strong>, dependiendo de las condiciones ambientales.<\/p>\n<p><strong>P2: \u00bfLa pegatina es personalizable?<\/strong><br \/>\nA2: S\u00ed, el Alien H9 admite la personalizaci\u00f3n mediante la impresi\u00f3n y codificaci\u00f3n de c\u00f3digos para aplicaciones \u00fanicas.<\/p>","protected":false},"excerpt":{"rendered":"<p>La etiqueta adhesiva NFC RFID Alien H9 est\u00e1 dise\u00f1ada para un rendimiento \u00f3ptimo con un amplio rango de lectura, lo que la hace ideal para diversas aplicaciones, como la gesti\u00f3n de inventario y el control de acceso seguro. Su construcci\u00f3n duradera garantiza la confiabilidad en diversos entornos.<\/p>","protected":false},"featured_media":3558,"template":"","meta":[],"product_brand":[],"product_cat":[48],"product_tag":[],"class_list":{"0":"post-3553","1":"product","2":"type-product","3":"status-publish","4":"has-post-thumbnail","6":"product_cat-nfc-stickers","8":"first","9":"instock","10":"shipping-taxable","11":"product-type-simple"},"_links":{"self":[{"href":"https:\/\/nfc-readers.com\/es\/wp-json\/wp\/v2\/product\/3553","targetHints":{"allow":["GET"]}}],"collection":[{"href":"https:\/\/nfc-readers.com\/es\/wp-json\/wp\/v2\/product"}],"about":[{"href":"https:\/\/nfc-readers.com\/es\/wp-json\/wp\/v2\/types\/product"}],"wp:featuredmedia":[{"embeddable":true,"href":"https:\/\/nfc-readers.com\/es\/wp-json\/wp\/v2\/media\/3558"}],"wp:attachment":[{"href":"https:\/\/nfc-readers.com\/es\/wp-json\/wp\/v2\/media?parent=3553"}],"wp:term":[{"taxonomy":"product_brand","embeddable":true,"href":"https:\/\/nfc-readers.com\/es\/wp-json\/wp\/v2\/product_brand?post=3553"},{"taxonomy":"product_cat","embeddable":true,"href":"https:\/\/nfc-readers.com\/es\/wp-json\/wp\/v2\/product_cat?post=3553"},{"taxonomy":"product_tag","embeddable":true,"href":"https:\/\/nfc-readers.com\/es\/wp-json\/wp\/v2\/product_tag?post=3553"}],"curies":[{"name":"wp","href":"https:\/\/api.w.org\/{rel}","templated":true}]}}