{"id":3564,"date":"2024-11-06T13:06:22","date_gmt":"2024-11-06T13:06:22","guid":{"rendered":"https:\/\/nfc-readers.com\/?post_type=product&#038;p=3564"},"modified":"2024-11-14T14:59:24","modified_gmt":"2024-11-14T14:59:24","slug":"t5577-dia-25mm-coated-paper-programmable-flexible-rfid-tag","status":"publish","type":"product","link":"https:\/\/nfc-readers.com\/es\/ic-reader\/t5577-dia-25mm-coated-paper-programmable-flexible-rfid-tag\/","title":{"rendered":"Etiqueta RFID flexible programable T5577 de papel recubierto de 25 mm de di\u00e1metro"},"content":{"rendered":"<h1 style=\"text-align: center;\"><strong>Etiqueta RFID flexible programable T5577 de papel recubierto de 25 mm de di\u00e1metro<\/strong><\/h1>\n<p>El <strong>Etiqueta RFID flexible programable de papel recubierto de 25 mm de di\u00e1metro T5577<\/strong>\u00a0es un producto destacado en el mundo de la tecnolog\u00eda NFC, dise\u00f1ado para mejorar las soluciones de emisi\u00f3n de billetes y agilizar los procesos de identificaci\u00f3n en diversas industrias.<\/p>\n<p>Con el chip T5577 avanzado integrado en un dise\u00f1o resistente y vers\u00e1til, esta etiqueta RFID combina funcionalidad y comodidad. Esta descripci\u00f3n le guiar\u00e1 a trav\u00e9s de los beneficios, caracter\u00edsticas, especificaciones y m\u00e1s, destacando por qu\u00e9 esta etiqueta es imprescindible para sus necesidades comerciales o personales.<\/p>\n<p>&nbsp;<\/p>\n<h3><strong>Interfaz de comunicaci\u00f3n: c\u00f3mo funciona la RFID<\/strong><\/h3>\n<p>Equipado con un potente\u00a0<strong>RFID<\/strong>\u00a0Interfaz de comunicaci\u00f3n, el 12T5577 opera a una frecuencia de\u00a0<strong>125 kHz<\/strong>Esto permite la comunicaci\u00f3n entre la etiqueta y los dispositivos o lectores habilitados con NFC, lo que facilita el intercambio r\u00e1pido de datos. Simplemente toque su\u00a0<strong>Tel\u00e9fono m\u00f3vil o dispositivo con NFC habilitado<\/strong>\u00a0contra la etiqueta para recuperar o escribir informaci\u00f3n instant\u00e1neamente.<\/p>\n<p>&nbsp;<\/p>\n<p>&nbsp;<\/p>\n<h3><strong>\u00c1reas de aplicaci\u00f3n: desde emisi\u00f3n de billetes hasta gesti\u00f3n de activos<\/strong><\/h3>\n<p>Las etiquetas RFID T5577 est\u00e1n dise\u00f1adas principalmente para <strong>Venta de entradas<\/strong>\u00a0Las aplicaciones de software de c\u00f3digo abierto son muy variadas, pero se pueden utilizar de manera eficaz en diversos campos, como la gesti\u00f3n de inventarios minoristas, los sistemas de control de acceso y la gesti\u00f3n de eventos. Su capacidad para programar y reescribir datos f\u00e1cilmente los hace excepcionalmente \u00fatiles en entornos din\u00e1micos donde la informaci\u00f3n debe actualizarse con frecuencia.<\/p>\n<p>&nbsp;<\/p>\n<h3><strong>\u00bfPor qu\u00e9 comprar la etiqueta RFID 12T5577?<\/strong><\/h3>\n<p>Invertir en el\u00a0<strong>Etiqueta RFID 12T5577<\/strong>\u00a0Significa elegir eficiencia, adaptabilidad y durabilidad. A diferencia de los m\u00e9todos de identificaci\u00f3n tradicionales, las etiquetas RFID brindan un acceso r\u00e1pido a los datos y se pueden programar para almacenar una variedad de informaci\u00f3n f\u00e1cilmente. Para las empresas involucradas en la emisi\u00f3n de boletos, la gesti\u00f3n de inventario o la identificaci\u00f3n de servicios, estas etiquetas simplifican las operaciones dr\u00e1sticamente, reducen el error humano y mejoran la experiencia del cliente.<\/p>\n<p>Fabricada en papel estucado con un di\u00e1metro de 25 mm, la etiqueta es ligera y flexible, lo que la hace ideal para diversas aplicaciones, desde el branding hasta la log\u00edstica. Adem\u00e1s, este producto cuenta con caracter\u00edsticas como ser resistente al agua y a la intemperie, un amplio rango de lectura de 2 a 10 cm y un ciclo de escritura de hasta 100 000 veces, lo que garantiza una larga vida \u00fatil y un rendimiento confiable.<\/p>\n<p>&nbsp;<\/p>\n<h3><strong>Especificaciones t\u00e9cnicas<\/strong><\/h3>\n<table class=\"w-fit !mb-0 !max-w-none\" style=\"height: 285px;\" width=\"426\">\n<thead>\n<tr>\n<th><strong>Especificaci\u00f3n<\/strong><\/th>\n<th><strong>Detalles<\/strong><\/th>\n<\/tr>\n<\/thead>\n<tbody>\n<tr>\n<td><strong>Chip<\/strong><\/td>\n<td>T5577<\/td>\n<\/tr>\n<tr>\n<td><strong>Tama\u00f1o<\/strong><\/td>\n<td>Di\u00e1metro 25 mm<\/td>\n<\/tr>\n<tr>\n<td><strong>Material<\/strong><\/td>\n<td>Papel cuch\u00e9<\/td>\n<\/tr>\n<tr>\n<td><strong>Superficie<\/strong><\/td>\n<td>Mate, brillante, esmerilado<\/td>\n<\/tr>\n<tr>\n<td><strong>Rango de lectura<\/strong><\/td>\n<td>2-10 cent\u00edmetros<\/td>\n<\/tr>\n<tr>\n<td><strong>Protocolo<\/strong><\/td>\n<td>ISO11784\/11785<\/td>\n<\/tr>\n<tr>\n<td><strong>Ciclo de escritura<\/strong><\/td>\n<td>100.000 veces<\/td>\n<\/tr>\n<tr>\n<td><strong>Temperatura de funcionamiento<\/strong><\/td>\n<td>20 ~ +80 \u00b0C<\/td>\n<\/tr>\n<tr>\n<td><strong>Lugar de origen<\/strong><\/td>\n<td>Guangdong, China<\/td>\n<\/tr>\n<tr>\n<td><strong>Opci\u00f3n de impresi\u00f3n<\/strong><\/td>\n<td>Impresi\u00f3n offset\/serigraf\u00eda 4C<\/td>\n<\/tr>\n<\/tbody>\n<\/table>\n<p>&nbsp;<\/p>\n<h2><strong>Preguntas frecuentes (FAQ)<\/strong><\/h2>\n<h3><strong>1. \u00bfQu\u00e9 son las tecnolog\u00edas NFC y RFID?<\/strong><\/h3>\n<p><strong>NFC (comunicaci\u00f3n de campo cercano)<\/strong>\u00a0y\u00a0<strong>RFID (Identificaci\u00f3n por radiofrecuencia)<\/strong>\u00a0Son tecnolog\u00edas de comunicaci\u00f3n inal\u00e1mbrica que permiten que los dispositivos intercambien datos a corta distancia. NFC se utiliza a menudo para pagos m\u00f3viles y transferencia de datos, mientras que RFID se emplea habitualmente para el seguimiento y la gesti\u00f3n de inventarios.<\/p>\n<h3><strong>2. \u00bfC\u00f3mo programo las etiquetas RFID T5577?<\/strong><\/h3>\n<p>Para programar las etiquetas RFID 12T5577, necesita un dispositivo habilitado con NFC y una aplicaci\u00f3n compatible. Simplemente descargue una aplicaci\u00f3n de escritura NFC, \u00e1brala y siga las instrucciones para ingresar los datos que desea almacenar en la etiqueta. Una vez que los datos est\u00e9n programados, la etiqueta podr\u00e1 ser le\u00edda por cualquier dispositivo habilitado con NFC.<\/p>\n<h3><strong>3. \u00bfCu\u00e1l es el rango de lectura de la etiqueta RFID T5577?<\/strong><\/h3>\n<p>El rango de lectura de la etiqueta RFID 12T5577 es\u00a0<strong>2 a 10 cent\u00edmetros<\/strong>Este rango es \u00f3ptimo para la mayor\u00eda de aplicaciones, permitiendo intercambios de datos r\u00e1pidos y eficientes sin necesidad de contacto f\u00edsico.<\/p>\n<h3><strong>4. \u00bfEstas etiquetas son impermeables?<\/strong><\/h3>\n<p>S\u00ed, las etiquetas RFID T5577 est\u00e1n dise\u00f1adas para ser resistentes al agua y a la intemperie, lo que las hace adecuadas para aplicaciones tanto en interiores como en exteriores. Pueden soportar la exposici\u00f3n a la humedad y a diversas condiciones ambientales.<\/p>","protected":false},"excerpt":{"rendered":"<p>El <strong>Etiqueta RFID flexible programable de papel recubierto de 25 mm de di\u00e1metro T5577<\/strong>\u00a0Es una soluci\u00f3n vers\u00e1til y duradera para el almacenamiento y la recuperaci\u00f3n eficiente de datos, ideal para la gesti\u00f3n de inventarios y emisi\u00f3n de tickets. Su dise\u00f1o resistente al agua, combinado con la capacidad de programarse y personalizarse f\u00e1cilmente, lo convierte en una opci\u00f3n confiable para una variedad de aplicaciones.<\/p>","protected":false},"featured_media":3565,"template":"","meta":[],"product_brand":[],"product_cat":[47],"product_tag":[],"class_list":{"0":"post-3564","1":"product","2":"type-product","3":"status-publish","4":"has-post-thumbnail","6":"product_cat-nfc-tags","8":"first","9":"instock","10":"shipping-taxable","11":"product-type-simple"},"_links":{"self":[{"href":"https:\/\/nfc-readers.com\/es\/wp-json\/wp\/v2\/product\/3564","targetHints":{"allow":["GET"]}}],"collection":[{"href":"https:\/\/nfc-readers.com\/es\/wp-json\/wp\/v2\/product"}],"about":[{"href":"https:\/\/nfc-readers.com\/es\/wp-json\/wp\/v2\/types\/product"}],"wp:featuredmedia":[{"embeddable":true,"href":"https:\/\/nfc-readers.com\/es\/wp-json\/wp\/v2\/media\/3565"}],"wp:attachment":[{"href":"https:\/\/nfc-readers.com\/es\/wp-json\/wp\/v2\/media?parent=3564"}],"wp:term":[{"taxonomy":"product_brand","embeddable":true,"href":"https:\/\/nfc-readers.com\/es\/wp-json\/wp\/v2\/product_brand?post=3564"},{"taxonomy":"product_cat","embeddable":true,"href":"https:\/\/nfc-readers.com\/es\/wp-json\/wp\/v2\/product_cat?post=3564"},{"taxonomy":"product_tag","embeddable":true,"href":"https:\/\/nfc-readers.com\/es\/wp-json\/wp\/v2\/product_tag?post=3564"}],"curies":[{"name":"wp","href":"https:\/\/api.w.org\/{rel}","templated":true}]}}