{"id":3571,"date":"2024-11-06T13:14:59","date_gmt":"2024-11-06T13:14:59","guid":{"rendered":"https:\/\/nfc-readers.com\/?post_type=product&#038;p=3571"},"modified":"2024-11-06T13:14:59","modified_gmt":"2024-11-06T13:14:59","slug":"factory-wholesale-roll-rfid-sticker-nfc-30mm-25mm","status":"publish","type":"product","link":"https:\/\/nfc-readers.com\/es\/ic-reader\/factory-wholesale-roll-rfid-sticker-nfc-30mm-25mm\/","title":{"rendered":"Venta al por mayor de f\u00e1brica de rollos de pegatinas RFID NFC de 30 mm y 25 mm"},"content":{"rendered":"<h1 style=\"text-align: center;\"><strong>Venta al por mayor de f\u00e1brica de rollos de pegatinas RFID NFC de 30 mm y 25 mm<\/strong><\/h1>\n<p>El <strong>F\u00e1brica al por mayor rollo de pegatinas RFID NFC<\/strong>, disponible en tama\u00f1os de 30 mm y 25 mm, est\u00e1 a la vanguardia de las soluciones de etiquetado innovadoras. Impulsadas por el chip avanzado NXP NTAG213, estas etiquetas NFC ofrecen una versatilidad notable para la identificaci\u00f3n, el control de acceso y la interacci\u00f3n con productos. Dise\u00f1adas con un rendimiento \u00f3ptimo en mente, estas etiquetas garantizan una comunicaci\u00f3n fluida entre dispositivos, lo que las convierte en una herramienta indispensable para las empresas que buscan mejorar su eficiencia operativa. Elija este producto de calidad superior y abra las puertas a un nuevo mundo de posibilidades en tecnolog\u00eda NFC y soluciones RFID.<\/p>\n<p>&nbsp;<\/p>\n<h3><span style=\"font-size: 80%;\"><strong>Beneficios del producto: \u00bfPor qu\u00e9 deber\u00eda comprar nuestras pegatinas NFC?<\/strong><\/span><\/h3>\n<ol>\n<li><strong>Tecnolog\u00eda avanzada<\/strong>:Utilizando el chip NTAG213 de \u00faltima generaci\u00f3n y cumpliendo con el protocolo ISO 14443A, estas pegatinas garantizan una interfaz de comunicaci\u00f3n robusta a trav\u00e9s de tecnolog\u00edas RFID y NFC.<\/li>\n<li><strong>Durabilidad y versatilidad<\/strong>Las caracter\u00edsticas impermeables y resistentes a la intemperie de nuestras pegatinas RFID garantizan que puedan soportar condiciones ambientales adversas, lo que las hace adecuadas para aplicaciones tanto en interiores como en exteriores.<\/li>\n<li><strong>Alto rendimiento<\/strong>Con una distancia de lectura de 1 a 10 cm, estas pegatinas NFC ofrecen un alcance confiable para una transferencia y comunicaci\u00f3n de datos eficiente.<\/li>\n<li><strong>Opciones de personalizaci\u00f3n<\/strong>Disponibles en diferentes tama\u00f1os e impresiones personalizables, estas pegatinas se pueden adaptar para satisfacer necesidades operativas y de marca espec\u00edficas.<\/li>\n<li><strong>Rentabilidad<\/strong>:El precio mayorista de f\u00e1brica garantiza que empresas de todos los tama\u00f1os puedan permitirse esta tecnolog\u00eda de alta calidad sin gastar una fortuna.<\/li>\n<\/ol>\n<p>&nbsp;<\/p>\n<h3>Preguntas frecuentes (FAQ)<\/h3>\n<h4>P1: \u00bfEstas pegatinas son resistentes al agua?<\/h4>\n<p><strong>A1<\/strong>: \u00a1S\u00ed! Nuestras pegatinas NFC son resistentes al agua y a la intemperie, lo que garantiza su durabilidad en diversos entornos.<\/p>\n<h4>P2: \u00bfPuedo imprimir mi logotipo de forma personalizada en estas pegatinas?<\/h4>\n<p><strong>A2<\/strong>: \u00a1Por supuesto! Ofrecemos varias opciones de impresi\u00f3n, incluida la impresi\u00f3n CMYK 4C, para ayudarlo a crear elementos distintivos de marca en sus calcoman\u00edas.<\/p>\n<h4>P3: \u00bfQu\u00e9 dispositivos son compatibles con sus pegatinas NFC?<\/h4>\n<p><strong>A3<\/strong>:Nuestras pegatinas son compatibles con cualquier\u00a0<strong>Tel\u00e9fono inteligente o dispositivo con NFC habilitado<\/strong>, incluidos productos Android y iOS.<\/p>\n<p>&nbsp;<\/p>\n<h3>Opciones de tama\u00f1o: 30 mm y 25 mm<\/h3>\n<p>La disponibilidad de dos tama\u00f1os destacados,\u00a0<strong>30 mm<\/strong>\u00a0y\u00a0<strong>25 mm<\/strong>, satisface diversas necesidades en m\u00faltiples industrias. Ambos tama\u00f1os son f\u00e1ciles de colocar y se pueden aplicar a productos, envases o incluso documentos sin comprometer la funcionalidad. La naturaleza compacta de estas pegatinas garantiza que se puedan colocar sin obstruir la est\u00e9tica general del producto al que est\u00e1n adheridas.<\/p>\n<p>&nbsp;<\/p>\n<h3>Aplicaciones pr\u00e1cticas de nuestras etiquetas RFID<\/h3>\n<p>Desde los sistemas de control de acceso hasta la verificaci\u00f3n de productos,\u00a0<strong>solicitud<\/strong>\u00a0De nuestro\u00a0<strong>Pegatinas RFID<\/strong>\u00a0Las posibilidades son muy amplias. Las empresas pueden mejorar la interacci\u00f3n con sus clientes incorporando contenido digital o enlaces en las pegatinas, lo que permite a los clientes acceder f\u00e1cilmente a promociones, informaci\u00f3n adicional o incluso experiencias multimedia que enriquecen su experiencia. Industrias como el comercio minorista, la log\u00edstica y la atenci\u00f3n sanitaria pueden beneficiarse significativamente de estas pegatinas vers\u00e1tiles.<\/p>","protected":false},"excerpt":{"rendered":"<p>Presentamos nuestros rollos de pegatinas RFID al por mayor de f\u00e1brica, disponibles en tama\u00f1os de 30 mm y 25 mm. Estas pegatinas duraderas y personalizables permiten una comunicaci\u00f3n NFC perfecta para diversas aplicaciones.<\/p>","protected":false},"featured_media":3572,"template":"","meta":[],"product_brand":[],"product_cat":[48],"product_tag":[],"class_list":{"0":"post-3571","1":"product","2":"type-product","3":"status-publish","4":"has-post-thumbnail","6":"product_cat-nfc-stickers","8":"first","9":"instock","10":"shipping-taxable","11":"product-type-simple"},"_links":{"self":[{"href":"https:\/\/nfc-readers.com\/es\/wp-json\/wp\/v2\/product\/3571","targetHints":{"allow":["GET"]}}],"collection":[{"href":"https:\/\/nfc-readers.com\/es\/wp-json\/wp\/v2\/product"}],"about":[{"href":"https:\/\/nfc-readers.com\/es\/wp-json\/wp\/v2\/types\/product"}],"wp:featuredmedia":[{"embeddable":true,"href":"https:\/\/nfc-readers.com\/es\/wp-json\/wp\/v2\/media\/3572"}],"wp:attachment":[{"href":"https:\/\/nfc-readers.com\/es\/wp-json\/wp\/v2\/media?parent=3571"}],"wp:term":[{"taxonomy":"product_brand","embeddable":true,"href":"https:\/\/nfc-readers.com\/es\/wp-json\/wp\/v2\/product_brand?post=3571"},{"taxonomy":"product_cat","embeddable":true,"href":"https:\/\/nfc-readers.com\/es\/wp-json\/wp\/v2\/product_cat?post=3571"},{"taxonomy":"product_tag","embeddable":true,"href":"https:\/\/nfc-readers.com\/es\/wp-json\/wp\/v2\/product_tag?post=3571"}],"curies":[{"name":"wp","href":"https:\/\/api.w.org\/{rel}","templated":true}]}}