{"id":3578,"date":"2024-11-06T13:26:21","date_gmt":"2024-11-06T13:26:21","guid":{"rendered":"https:\/\/nfc-readers.com\/?post_type=product&#038;p=3578"},"modified":"2024-11-06T13:26:21","modified_gmt":"2024-11-06T13:26:21","slug":"nfc-sticker-manufacturer-customize-anti-counterfeiting-label","status":"publish","type":"product","link":"https:\/\/nfc-readers.com\/es\/ic-reader\/nfc-sticker-manufacturer-customize-anti-counterfeiting-label\/","title":{"rendered":"Fabricante de etiquetas NFC que personaliza etiquetas anti-falsificaci\u00f3n"},"content":{"rendered":"<h1 style=\"text-align: center;\"><strong>Fabricante de etiquetas NFC que personaliza etiquetas anti-falsificaci\u00f3n<\/strong><\/h1>\n<p>&nbsp;<\/p>\n<p>En la era digital actual, la necesidad de soluciones de marca seguras y confiables nunca ha sido m\u00e1s importante. <strong>Pegatinas NFC<\/strong>, dise\u00f1ados espec\u00edficamente para aplicaciones anti-falsificaci\u00f3n, ofrecen una forma revolucionaria de garantizar la autenticidad del producto y mejorar la confianza del cliente. Dise\u00f1ados y personalizados para una variedad de usos, nuestros\u00a0<strong>Etiquetas NFC<\/strong>\u00a0son m\u00e1s que simples pegatinas; son una firma de seguridad que se puede integrar perfectamente en su negocio. Utilizando tecnolog\u00eda avanzada como la\u00a0<strong>Etiqueta NFC NTAG 424 DNA<\/strong>Estas pegatinas proporcionan una variedad de caracter\u00edsticas que no solo protegen sus productos sino que tambi\u00e9n atraen a sus clientes de formas nuevas e innovadoras.<\/p>\n<p>&nbsp;<\/p>\n<p><strong>\u00bfPor qu\u00e9 comprar pegatinas NFC?<\/strong><br \/>\nInvertir en pegatinas NFC de nuestro fabricante significa proteger su marca contra la falsificaci\u00f3n y, al mismo tiempo, ofrecer una experiencia interactiva a sus clientes. El uso de etiquetas NFC de alto rendimiento <strong>RFID y NFC<\/strong>\u00a0La tecnolog\u00eda garantiza que cada etiqueta act\u00fae como un identificador \u00fanico, lo que mejora no solo la seguridad sino tambi\u00e9n la experiencia general de la marca. No son simplemente etiquetas, son herramientas poderosas para generar confianza en el consumidor.<\/p>\n<p>&nbsp;<\/p>\n<h3>Caracter\u00edsticas especiales de las pegatinas NFC<\/h3>\n<p>Las etiquetas NFC cuentan con caracter\u00edsticas que las convierten en una opci\u00f3n superior para aplicaciones contra la falsificaci\u00f3n. Desde opciones de personalizaci\u00f3n hasta distintos tama\u00f1os y formas, estas etiquetas combinan funcionalidad con interfaces f\u00e1ciles de usar.<\/p>\n<h3>Interfaz de comunicaci\u00f3n: RFID y NFC<\/h3>\n<p>Explora la integraci\u00f3n perfecta de\u00a0<strong>RFID y NFC<\/strong>\u00a0Tecnolog\u00edas en estas etiquetas. Comprenda c\u00f3mo funcionan juntas para brindar capacidades de comunicaci\u00f3n s\u00f3lidas entre las etiquetas y los dispositivos habilitados con NFC.<\/p>\n<h3>Frecuencia y rendimiento<\/h3>\n<p>Con una frecuencia de\u00a0<strong>13,56MHz<\/strong>Estas etiquetas NFC ofrecen una distancia de lectura confiable de 1 a 10 cm, lo que garantiza un escaneo r\u00e1pido y eficiente, ya sea en entornos minoristas o aplicaciones log\u00edsticas.<\/p>\n<h3>Materiales utilizados: Papel estucado y PET<\/h3>\n<p>La elecci\u00f3n de los materiales afecta la durabilidad y el rendimiento de las etiquetas NFC. En esta secci\u00f3n, se explica en profundidad por qu\u00e9 las usamos.\u00a0<strong>papel estucado y PET<\/strong>\u00a0y c\u00f3mo estos materiales contribuyen a la longevidad de la pegatina y a su facilidad de uso en diversos entornos.<\/p>\n<p>&nbsp;<\/p>\n<h2>Preguntas frecuentes (FAQ)<\/h2>\n<h3>1.\u00a0<strong>\u00bfQu\u00e9 son las pegatinas NFC y c\u00f3mo funcionan?<\/strong><\/h3>\n<p>Las etiquetas NFC (Near Field Communication) son peque\u00f1as etiquetas con tecnolog\u00eda NFC incorporada que permite la comunicaci\u00f3n inal\u00e1mbrica entre la etiqueta y los dispositivos habilitados para NFC, como tel\u00e9fonos inteligentes o tabletas. Cuando un usuario toca la etiqueta con su dispositivo, esta puede activar varias acciones, como mostrar informaci\u00f3n del producto, visitar un sitio web o confirmar la autenticidad.<\/p>\n<hr \/>\n<h3>2.\u00a0<strong>\u00bfCu\u00e1l es la distancia m\u00e1xima de lectura de sus pegatinas NFC?<\/strong><\/h3>\n<p>Nuestras pegatinas NFC tienen una distancia de lectura de\u00a0<strong>1-10 cent\u00edmetros<\/strong>\u00a0(aproximadamente de 0,4 a 4 pulgadas). El alcance efectivo depende del dispositivo utilizado y del entorno en el que se escanea.<\/p>\n<hr \/>\n<h3>3.\u00a0<strong>\u00bfLas pegatinas NFC son personalizables?<\/strong><\/h3>\n<p>\u00a1S\u00ed! Nuestras pegatinas NFC se pueden personalizar completamente en cuanto a tama\u00f1o, forma, dise\u00f1o y contenido impreso. Ofrecemos\u00a0<strong>Impresi\u00f3n a todo color CMYK, impresi\u00f3n offset y serigraf\u00eda<\/strong>\u00a0Opciones para garantizar que el mensaje de su marca se muestre de forma destacada.<\/p>","protected":false},"excerpt":{"rendered":"<p>Nuestras etiquetas NFC son etiquetas anti-falsificaci\u00f3n personalizadas dise\u00f1adas para mejorar la seguridad y autenticidad de los productos. Con tecnolog\u00eda avanzada y dise\u00f1os \u00fanicos, estas etiquetas ofrecen a las empresas una soluci\u00f3n confiable para proteger su marca y atraer a los clientes de manera interactiva.<\/p>","protected":false},"featured_media":3579,"template":"","meta":[],"product_brand":[],"product_cat":[48],"product_tag":[],"class_list":{"0":"post-3578","1":"product","2":"type-product","3":"status-publish","4":"has-post-thumbnail","6":"product_cat-nfc-stickers","8":"first","9":"instock","10":"shipping-taxable","11":"product-type-simple"},"_links":{"self":[{"href":"https:\/\/nfc-readers.com\/es\/wp-json\/wp\/v2\/product\/3578","targetHints":{"allow":["GET"]}}],"collection":[{"href":"https:\/\/nfc-readers.com\/es\/wp-json\/wp\/v2\/product"}],"about":[{"href":"https:\/\/nfc-readers.com\/es\/wp-json\/wp\/v2\/types\/product"}],"wp:featuredmedia":[{"embeddable":true,"href":"https:\/\/nfc-readers.com\/es\/wp-json\/wp\/v2\/media\/3579"}],"wp:attachment":[{"href":"https:\/\/nfc-readers.com\/es\/wp-json\/wp\/v2\/media?parent=3578"}],"wp:term":[{"taxonomy":"product_brand","embeddable":true,"href":"https:\/\/nfc-readers.com\/es\/wp-json\/wp\/v2\/product_brand?post=3578"},{"taxonomy":"product_cat","embeddable":true,"href":"https:\/\/nfc-readers.com\/es\/wp-json\/wp\/v2\/product_cat?post=3578"},{"taxonomy":"product_tag","embeddable":true,"href":"https:\/\/nfc-readers.com\/es\/wp-json\/wp\/v2\/product_tag?post=3578"}],"curies":[{"name":"wp","href":"https:\/\/api.w.org\/{rel}","templated":true}]}}