{"id":3594,"date":"2024-11-07T11:55:05","date_gmt":"2024-11-07T11:55:05","guid":{"rendered":"https:\/\/nfc-readers.com\/?post_type=product&#038;p=3594"},"modified":"2024-11-07T11:55:05","modified_gmt":"2024-11-07T11:55:05","slug":"icodeslix2-iso15693-rfid-card-for-library-management","status":"publish","type":"product","link":"https:\/\/nfc-readers.com\/es\/ic-reader\/icodeslix2-iso15693-rfid-card-for-library-management\/","title":{"rendered":"Tarjeta RFID ICODESLIX2 ISO15693 para gesti\u00f3n de bibliotecas"},"content":{"rendered":"<h1 style=\"text-align: center;\"><span style=\"color: #000080;\"><strong>Tarjeta RFID ICODESLIX2 ISO15693 para gesti\u00f3n de bibliotecas<\/strong><\/span><\/h1>\n<div class=\"chat-list relative custom-scrollbar-reset-margin custom-scrollbar custom-scrollbar-hidden custom-scrollbar-float pb-9 flex-1 overflow-y-auto\">\n<div class=\"mx-auto max-w-[790px]\">\n<div class=\"message-item-outer relative px-4 mb-2\" data-id=\"364de8f7-3595-4f4e-adbf-ca8cd06befd0\">\n<div class=\"content-area pl-[0px]\">\n<div class=\"message-item select-text relative\">\n<div class=\"message-inner relative\">\n<div class=\"py-[2px]\">\n<div class=\"flex flex-col gap-2\">\n<div class=\"answer-markdown-box overflow-x-auto select-text custom-scrollbar\">\n<div class=\"markdown-body\">\n<p><span style=\"color: #666699;\"><strong>En una era en la que la tecnolog\u00eda est\u00e1 transformando r\u00e1pidamente las operaciones cotidianas, la integraci\u00f3n de las tarjetas RFID ICODESLIX2 ISO15693 para la gesti\u00f3n de bibliotecas supone un cambio radical. Esta innovaci\u00f3n no solo agiliza las operaciones, sino que tambi\u00e9n enriquece la experiencia del usuario, mejorando significativamente tanto la eficiencia como la seguridad en las bibliotecas. Estas tarjetas inteligentes est\u00e1n dise\u00f1adas espec\u00edficamente para mejorar la forma en que las bibliotecas gestionan el inventario, hacen un seguimiento de los recursos y se relacionan con sus usuarios.<\/strong><\/span><\/p>\n<p>&nbsp;<\/p>\n<\/div>\n<p>&nbsp;<\/p>\n<div class=\"markdown-body\">\n<h2 style=\"text-align: center;\"><span style=\"color: #000080;\"><em><strong>Beneficios de las tarjetas RFID ICODESLIX2 ISO15693<\/strong><\/em><\/span><\/h2>\n<p style=\"text-align: left;\">\n<span style=\"color: #008080;\">La tarjeta RFID ICODESLIX2 ISO15693 ofrece a las bibliotecas una soluci\u00f3n perfecta para el seguimiento y la gesti\u00f3n de recursos. Al emplear esta tecnolog\u00eda de vanguardia, las bibliotecas pueden automatizar muchos procesos, lo que reduce la carga de trabajo del personal y minimiza los errores humanos. Estas tarjetas RFID no solo son eficaces, sino que tambi\u00e9n ofrecen mayor seguridad y facilidad de uso, lo que las convierte en un recurso invaluable para cualquier biblioteca.<\/span><\/p>\n<p>&nbsp;<\/p>\n<p>&nbsp;<\/p>\n<h2 style=\"text-align: center;\"><em><span style=\"color: #000080;\"><strong>Material y dise\u00f1o de alta calidad.<\/strong><\/span><\/em><\/h2>\n<p>Nuestra tarjeta RFID ICODESLIX2 ISO15693 est\u00e1 fabricada con material de PVC duradero, lo que garantiza su longevidad y resistencia al desgaste. Con dimensiones de <strong>85,5 mm x 54 mm<\/strong>La tarjeta est\u00e1 dise\u00f1ada para un f\u00e1cil manejo y almacenamiento. La tarjeta incluye\u00a0<strong>Impresi\u00f3n CMYK4C<\/strong>, permitiendo a las bibliotecas personalizar la tarjeta con su marca, convirti\u00e9ndola tanto en una herramienta funcional como en un art\u00edculo promocional.<\/p>\n<p>&nbsp;<\/p>\n<\/div>\n<p>&nbsp;<\/p>\n<div class=\"markdown-body\">\n<h2 style=\"text-align: center;\"><span style=\"color: #000080;\"><em><strong>Atributos clave:<\/strong><\/em><\/span><\/h2>\n<ul>\n<li><strong>Material<\/strong>:PVC<\/li>\n<li><strong>Tama\u00f1o<\/strong>:85,5 x 54 mm<\/li>\n<li>Interfaz de comunicaci\u00f3n mejorada<\/li>\n<li>La tarjeta ICODESLIX2 opera en una frecuencia de <strong>13,56MHz<\/strong>, que utiliza interfaces de comunicaci\u00f3n RFID y NFC. Esto garantiza una interacci\u00f3n perfecta con varios lectores de tarjetas, lo que refuerza la integraci\u00f3n de los sistemas de control de acceso y el software de gesti\u00f3n de bibliotecas.<\/li>\n<\/ul>\n<p>&nbsp;<\/p>\n<p>&nbsp;<\/p>\n<h2 style=\"text-align: center;\"><em><span style=\"color: #000080;\"><strong>Beneficios para las bibliotecas<\/strong><\/span><\/em><\/h2>\n<ul>\n<li><strong>Gesti\u00f3n din\u00e1mica de datos<\/strong>:Las actualizaciones eficientes ayudan en el seguimiento en tiempo real de los procesos de check-in\/check-out.<\/li>\n<li><strong>Control de inventario mejorado<\/strong>:Minimice las p\u00e9rdidas con capacidades de seguimiento precisas.<\/li>\n<\/ul>\n<p>&nbsp;<\/p>\n<h3><strong><span style=\"color: #333399;\">Aplicaci\u00f3n f\u00e1cil de usar<\/span><\/strong><\/h3>\n<p>La aplicaci\u00f3n de la tecnolog\u00eda RFID ICODESLIX2 va m\u00e1s all\u00e1 de la gesti\u00f3n tradicional de recursos. Las bibliotecas pueden utilizar estas tarjetas para:<\/p>\n<ul>\n<li><strong>Identificaci\u00f3n del usuario<\/strong>:Escaneos r\u00e1pidos en los mostradores de caja.<\/li>\n<li><strong>Seguimiento de eventos<\/strong>:Registros de asistencia a talleres o eventos.<\/li>\n<li><strong>Asignaci\u00f3n de recursos<\/strong>:Registro autom\u00e1tico del manejo de recursos.<\/li>\n<\/ul>\n<p>&nbsp;<\/p>\n<h3><strong><span style=\"color: #333399;\">Funciones centradas en el usuario:<\/span><\/strong><\/h3>\n<ul>\n<li><strong>F\u00e1cil integraci\u00f3n<\/strong>:F\u00e1cil de integrar en los sistemas de biblioteca existentes.<\/li>\n<li><strong>Se requiere una formaci\u00f3n m\u00ednima<\/strong>:El personal se adaptar\u00e1 r\u00e1pidamente al uso de nuevos sistemas de tarjetas.<\/li>\n<\/ul>\n<p>&nbsp;<\/p>\n<\/div>\n<p>&nbsp;<\/p>\n<div class=\"markdown-body\">\n<h2 style=\"text-align: center;\"><em><span style=\"color: #000080;\"><strong>Especificaciones t\u00e9cnicas y rendimiento<\/strong><\/span><\/em><\/h2>\n<p>Una comprensi\u00f3n completa de las especificaciones de la tarjeta ayuda a tomar decisiones informadas.<\/p>\n<div class=\"table-with-header rounded-lg border border-solid border-grey-line2-normal w-fit max-w-full mb-2\">\n<div class=\"overflow-x-auto custom-scrollbar custom-scrollbar-float max-w-full\">\n<table class=\"w-fit !mb-0 !max-w-none\" style=\"height: 226px;\" width=\"440\">\n<thead>\n<tr>\n<th>Especificaci\u00f3n<\/th>\n<th>Valor<\/th>\n<\/tr>\n<\/thead>\n<tbody>\n<tr>\n<td>Chip<\/td>\n<td>ICODESLIX2<\/td>\n<\/tr>\n<tr>\n<td>Frecuencia<\/td>\n<td>13,56 MHz<\/td>\n<\/tr>\n<tr>\n<td>Memoria<\/td>\n<td>2 kbits<\/td>\n<\/tr>\n<tr>\n<td>Distancia de lectura<\/td>\n<td>2-10 cent\u00edmetros<\/td>\n<\/tr>\n<tr>\n<td>Material<\/td>\n<td>CLORURO DE POLIVINILO<\/td>\n<\/tr>\n<tr>\n<td>Tama\u00f1o<\/td>\n<td>85<\/td>\n<\/tr>\n<\/tbody>\n<\/table>\n<\/div>\n<\/div>\n<p>&nbsp;<\/p>\n<h2 style=\"text-align: center;\"><em><span style=\"color: #000080;\"><strong>Ventajas de NFC:<\/strong><\/span><\/em><\/h2>\n<ul>\n<li><strong>Transacciones sin contacto<\/strong>:Los usuarios pueden acercar r\u00e1pidamente sus tarjetas para acceder a los sistemas de la biblioteca sin contacto f\u00edsico.<\/li>\n<li><strong>Compatibilidad<\/strong>:La tecnolog\u00eda de la tarjeta est\u00e1 desarrollada por NXP Semiconductors, lo que garantiza que funciona con varios sistemas de lectura.<\/li>\n<li>Memoria y funcionalidad robustas<\/li>\n<li>Equipado con <strong style=\"color: #555555;\">Memoria de 2 kbit<\/strong><span style=\"color: #555555;\">La tarjeta RFID ICODESLIX2 ISO15693 ofrece un amplio espacio para almacenar datos esenciales. La funci\u00f3n de lectura y escritura permite a las bibliotecas actualizar los datos de forma din\u00e1mica, lo que garantiza que la informaci\u00f3n, como la disponibilidad de libros y los datos de los usuarios, se mantengan actualizados.<\/span><\/li>\n<\/ul>\n<p>&nbsp;<\/p>\n<\/div>\n<p>&nbsp;<\/p>\n<h2 style=\"text-align: center;\"><span style=\"color: #000080;\"><em><strong>Impacto ambiental<\/strong><\/em><\/span><\/h2>\n<ul>\n<li><strong>Materiales sostenibles<\/strong>:Nuestro PVC es reciclable, contribuyendo as\u00ed menos a los residuos ambientales.<\/li>\n<li><strong>Longevidad<\/strong>:Reduce la necesidad de reemplazos frecuentes.<\/li>\n<\/ul>\n<p>&nbsp;<\/p>\n<\/div>\n<p>&nbsp;<\/p>\n<div class=\"answer-markdown-box overflow-x-auto select-text custom-scrollbar\">\n<h3 style=\"text-align: center;\"><span style=\"color: #333399;\"><strong>Herramientas de interacci\u00f3n y gesti\u00f3n eficientes<\/strong><\/span><\/h3>\n<p>La tarjeta RFID ICODESLIX2 simplifica las interacciones entre los usuarios y los sistemas de la biblioteca:<\/p>\n<ul>\n<li><strong>Procesos optimizados<\/strong>:Reducir los tiempos de espera en los mostradores de caja, mejorando la satisfacci\u00f3n del usuario.<\/li>\n<li><strong>Perspectivas de datos<\/strong>:Genere informes de uso que brinden informaci\u00f3n sobre la asignaci\u00f3n de recursos y la actividad de los usuarios.<\/li>\n<\/ul>\n<p>&nbsp;<\/p>\n<h3 style=\"text-align: center;\"><span style=\"color: #333399;\"><strong>Herramientas de gesti\u00f3n avanzadas<\/strong><\/span><\/h3>\n<ul>\n<li><strong>Integraci\u00f3n con sistemas digitales<\/strong>:Con\u00e9ctese sin problemas con varios sistemas de gesti\u00f3n de bibliotecas.<\/li>\n<li><strong>Actualizaciones en tiempo real<\/strong>:Sincronizaci\u00f3n inmediata con la base de datos de inventario.<\/li>\n<\/ul>\n<\/div>\n<\/div>\n<\/div>\n<\/div>\n<\/div>\n<\/div>\n<\/div>\n<\/div>\n<\/div>","protected":false},"excerpt":{"rendered":"<p>Mejore la gesti\u00f3n de la biblioteca con las tarjetas RFID ICODESLIX2 ISO15693, que ofrecen un seguimiento eficiente de los recursos, una f\u00e1cil integraci\u00f3n y una mejor participaci\u00f3n del usuario.<\/p>","protected":false},"featured_media":3480,"template":"","meta":[],"product_brand":[],"product_cat":[46],"product_tag":[],"class_list":{"0":"post-3594","1":"product","2":"type-product","3":"status-publish","4":"has-post-thumbnail","6":"product_cat-nfc-cards","8":"first","9":"instock","10":"shipping-taxable","11":"product-type-simple"},"_links":{"self":[{"href":"https:\/\/nfc-readers.com\/es\/wp-json\/wp\/v2\/product\/3594","targetHints":{"allow":["GET"]}}],"collection":[{"href":"https:\/\/nfc-readers.com\/es\/wp-json\/wp\/v2\/product"}],"about":[{"href":"https:\/\/nfc-readers.com\/es\/wp-json\/wp\/v2\/types\/product"}],"wp:featuredmedia":[{"embeddable":true,"href":"https:\/\/nfc-readers.com\/es\/wp-json\/wp\/v2\/media\/3480"}],"wp:attachment":[{"href":"https:\/\/nfc-readers.com\/es\/wp-json\/wp\/v2\/media?parent=3594"}],"wp:term":[{"taxonomy":"product_brand","embeddable":true,"href":"https:\/\/nfc-readers.com\/es\/wp-json\/wp\/v2\/product_brand?post=3594"},{"taxonomy":"product_cat","embeddable":true,"href":"https:\/\/nfc-readers.com\/es\/wp-json\/wp\/v2\/product_cat?post=3594"},{"taxonomy":"product_tag","embeddable":true,"href":"https:\/\/nfc-readers.com\/es\/wp-json\/wp\/v2\/product_tag?post=3594"}],"curies":[{"name":"wp","href":"https:\/\/api.w.org\/{rel}","templated":true}]}}