{"id":3595,"date":"2024-11-07T12:13:18","date_gmt":"2024-11-07T12:13:18","guid":{"rendered":"https:\/\/nfc-readers.com\/?post_type=product&#038;p=3595"},"modified":"2024-11-07T12:13:18","modified_gmt":"2024-11-07T12:13:18","slug":"custom-plastic-pvc-nfc-card-printing-for-business","status":"publish","type":"product","link":"https:\/\/nfc-readers.com\/es\/ic-reader\/custom-plastic-pvc-nfc-card-printing-for-business\/","title":{"rendered":"Impresi\u00f3n de tarjetas NFC de PVC de pl\u00e1stico personalizadas para empresas"},"content":{"rendered":"<h1><span style=\"color: #000080;\"><strong>Impresi\u00f3n de tarjetas NFC de PVC de pl\u00e1stico personalizadas para empresas<\/strong><\/span><\/h1>\n<p><strong><span style=\"color: #666699;\">En el acelerado mundo digital de hoy, optimizar las operaciones comerciales es crucial, y la impresi\u00f3n de tarjetas NFC de PVC personalizadas para empresas es l\u00edder en este campo. La tecnolog\u00eda NFC (comunicaci\u00f3n de campo cercano) mejora la forma en que las empresas gestionan el control de acceso, las interacciones con los clientes y las actividades promocionales. Las tarjetas NFC personalizadas no solo mejoran la interacci\u00f3n, sino que tambi\u00e9n permiten transacciones fluidas, una marca personalizada y una gesti\u00f3n eficaz de los datos. Ya sea que est\u00e9 buscando tarjetas de control de acceso, tarjetas Mifare o tarjetas de fidelizaci\u00f3n, invertir en soluciones NFC personalizadas es una medida estrat\u00e9gica que puede elevar la funcionalidad de su negocio.<\/span><\/strong><\/p>\n<p><span style=\"color: #008080;\">Con numerosas ventajas que van desde una mayor seguridad hasta una mejor experiencia del cliente, estas tarjetas pueden satisfacer las necesidades de diversos sectores, como el comercio minorista, la hosteler\u00eda y el transporte p\u00fablico. Exploremos los m\u00faltiples beneficios y caracter\u00edsticas de las tarjetas NFC, por qu\u00e9 vale la pena invertir en ellas y c\u00f3mo pueden mejorar significativamente sus procesos comerciales.<\/span><\/p>\n<hr \/>\n<h2><\/h2>\n<h2 style=\"text-align: center;\"><span style=\"color: #333399;\"><em><strong>Atributos clave de las tarjetas NFC personalizadas<\/strong><\/em><\/span><\/h2>\n<p><strong>Cuando opta por la impresi\u00f3n de tarjetas NFC de PVC personalizadas para empresas, est\u00e1 eligiendo una herramienta vers\u00e1til adaptada a sus necesidades espec\u00edficas. Estas tarjetas pueden fabricarse con material duradero de PVC + epoxi, lo que garantiza que resistan el desgaste diario. El tama\u00f1o est\u00e1ndar es de 85,5 mm x 54 mm, pero la personalizaci\u00f3n permite varias dimensiones para adaptarse a sus aplicaciones. Adem\u00e1s, puede optar por un grosor personalizado de 0,85 mm para una mayor durabilidad.<\/strong><\/p>\n<p>&nbsp;<\/p>\n<h2 style=\"text-align: center;\"><em><span style=\"color: #333399;\"><strong>Beneficios<\/strong><\/span><\/em><\/h2>\n<ul>\n<li><strong>Durabilidad<\/strong>:El PVC personalizado garantiza la longevidad, lo que hace que su inversi\u00f3n valga la pena.<\/li>\n<li><strong>Personalizaci\u00f3n<\/strong>:Elija colores, logotipos y estilos de impresi\u00f3n que reflejen la identidad de su marca.<\/li>\n<\/ul>\n<p>&nbsp;<\/p>\n<h2 style=\"text-align: center;\"><em><span style=\"color: #333399;\"><strong>Caracter\u00edsticas especiales<\/strong><\/span><\/em><\/h2>\n<p><strong>Resistente al agua y a la intemperie<\/strong><\/p>\n<p><strong>Las tarjetas NFC personalizadas ofrecen caracter\u00edsticas espec\u00edficas dise\u00f1adas para mejorar la experiencia del usuario y maximizar la versatilidad. Pueden fabricarse a prueba de agua y de intemperie, lo que resulta crucial para las empresas que operan en diversos entornos.<\/strong><\/p>\n<h3><span style=\"color: #666699;\"><strong>Por qu\u00e9 esto es importante:<\/strong><\/span><\/h3>\n<ul>\n<li><strong>Versatilidad<\/strong>:Ideal para eventos al aire libre, control de acceso en lugares al aire libre y m\u00e1s.<\/li>\n<li><strong>Longevidad<\/strong>:Las tarjetas que resisten el da\u00f1o del agua duran m\u00e1s, lo que garantiza que no tendr\u00e1 que incurrir en costos de reemplazo frecuentes.<\/li>\n<\/ul>\n<p>&nbsp;<\/p>\n<h2 style=\"text-align: center;\"><em><span style=\"color: #333399;\"><strong>Especificaciones t\u00e9cnicas de las tarjetas NFC de PVC<\/strong><\/span><\/em><\/h2>\n<p><span style=\"color: #008080;\"><strong>Comprender las especificaciones t\u00e9cnicas de las tarjetas NFC es vital para tomar decisiones informadas. <\/strong><\/span><\/p>\n<p><span style=\"color: #008080;\"><strong>A continuaci\u00f3n se muestra un desglose de los detalles esenciales:<\/strong><\/span><\/p>\n<div class=\"table-with-header rounded-lg border border-solid border-grey-line2-normal w-fit max-w-full mb-2\">\n<div class=\"overflow-x-auto custom-scrollbar custom-scrollbar-float max-w-full\">\n<table class=\"w-fit !mb-0 !max-w-none\" style=\"height: 265px;\" width=\"435\">\n<thead>\n<tr>\n<th>Atributo<\/th>\n<th>Especificaci\u00f3n<\/th>\n<\/tr>\n<\/thead>\n<tbody>\n<tr>\n<td>Chip<\/td>\n<td>F08\/NTag213\/Etiqueta215\/Etiqueta216 (2k\/4k\/8k)<\/td>\n<\/tr>\n<tr>\n<td>Tama\u00f1o<\/td>\n<td>85,5 mm x 54 mm\/personalizado<\/td>\n<\/tr>\n<tr>\n<td>Opciones de impresi\u00f3n<\/td>\n<td>CMYK4C Impresi\u00f3n\/offset\/serigraf\u00eda<\/td>\n<\/tr>\n<tr>\n<td>Frecuencia<\/td>\n<td>13,56 MHz<\/td>\n<\/tr>\n<tr>\n<td>Memoria<\/td>\n<td>Hasta 8k, personalizable<\/td>\n<\/tr>\n<tr>\n<td>Tama\u00f1o del embalaje<\/td>\n<td>5,55 cm x 5,4 cm x 0,01 cm<\/td>\n<\/tr>\n<tr>\n<td>Peso bruto<\/td>\n<td>0,010 kilogramos<\/td>\n<\/tr>\n<\/tbody>\n<\/table>\n<\/div>\n<\/div>\n<h2><span style=\"color: #666699;\"><strong>Caracter\u00edsticas adicionales:<\/strong><\/span><\/h2>\n<ul>\n<li><strong>Logotipo personalizado<\/strong>:El uso de su marca mejora la visibilidad y el profesionalismo.<\/li>\n<li><strong>Delgado pero fuerte<\/strong>:Un grosor de 0,85 mm garantiza una tarjeta ligera y duradera.<\/li>\n<\/ul>\n<p>&nbsp;<\/p>\n<h2 style=\"text-align: center;\"><strong><em><span style=\"color: #000080;\">Interfaces de comunicaci\u00f3n mejoradas RFID y NFC<\/span><\/em><\/strong><\/h2>\n<p>El <strong>Interfaces de comunicaci\u00f3n<\/strong>\u00a0Las tarjetas NFC son fundamentales para su funcionamiento. Operan a una frecuencia de\u00a0<strong>13,56 MHz<\/strong>Las tarjetas NFC utilizan tecnolog\u00edas RFID y NFC, que permiten un intercambio de datos r\u00e1pido y sin contacto.<\/p>\n<h3><span style=\"color: #666699;\"><strong>Puntos clave:<\/strong><\/span><\/h3>\n<ul>\n<li><strong>Transacciones sin inconvenientes<\/strong>:Interacciones de usuario r\u00e1pidas y sin complicaciones para pagos y accesos.<\/li>\n<li><strong>Compatibilidad<\/strong>:Funciona perfectamente con varios\u00a0<strong>lectores de tarjetas<\/strong>\u00a0y sistemas de gesti\u00f3n, lo que facilita la integraci\u00f3n.<\/li>\n<\/ul>\n<p>&nbsp;<\/p>\n<h3><span style=\"color: #666699;\"><strong>Aplicaciones industriales: <\/strong><\/span><\/h3>\n<p><strong>Potencie su negocioLas tarjetas NFC personalizadas son incre\u00edblemente vers\u00e1tiles y se pueden utilizar en numerosos sectores industriales. Desde tarjetas Mifare para el transporte p\u00fablico hasta tarjetas de control de acceso para entornos seguros, las aplicaciones son muy variadas.<\/strong><\/p>\n<p>&nbsp;<\/p>\n<h3><span style=\"color: #666699;\"><strong>Ejemplos de aplicaci\u00f3n:<\/strong><\/span><\/h3>\n<ul>\n<li><strong>Minorista<\/strong>:Utilice tarjetas de fidelizaci\u00f3n para interactuar directamente con los clientes, recompensando las visitas repetidas y capturando datos valiosos.<\/li>\n<li><strong>Hospitalidad<\/strong>:Implementar llaves de habitaci\u00f3n inteligentes para hoteles, brindando a los hu\u00e9spedes una experiencia de check-in fluida.<\/li>\n<\/ul>\n<p>&nbsp;<\/p>\n<p>&nbsp;<\/p>\n<h2 style=\"text-align: center;\"><span style=\"color: #333399;\"><em><strong>Impacto ambiental y sostenibilidad<\/strong><\/em><\/span><\/h2>\n<p><strong>La incorporaci\u00f3n de pr\u00e1cticas respetuosas con el medio ambiente es fundamental para las empresas de hoy en d\u00eda. Nuestras tarjetas NFC de PVC pueden dise\u00f1arse para reducir el impacto ambiental. El uso de materiales reciclables aborda las preocupaciones de sostenibilidad al tiempo que mantiene una alta funcionalidad.<\/strong><\/p>\n<ul>\n<li><strong>Huella de carbono m\u00e1s baja<\/strong>:La utilizaci\u00f3n de materiales sostenibles reduce los residuos.<\/li>\n<li><strong>Vida \u00fatil duradera<\/strong>:Las tarjetas de alta calidad significan menos reemplazos, lo que es mejor para el medio ambiente.<\/li>\n<\/ul>\n<p>&nbsp;<\/p>\n<h2 style=\"text-align: center;\"><em><span style=\"color: #333399;\"><strong>Rese\u00f1as de clientes<\/strong><\/span><\/em><\/h2>\n<ul>\n<li><strong>Sarah K.<\/strong>:\u201cLas opciones de personalizaci\u00f3n nos permitieron integrar nuestra marca a la perfecci\u00f3n. \u00a1A nuestros hu\u00e9spedes les encantan las nuevas llaves inteligentes para habitaciones!\u201d<\/li>\n<li><strong>Mike R.<\/strong>:\u201cEstas tarjetas funcionan perfectamente con nuestro sistema de control de acceso. La instalaci\u00f3n fue r\u00e1pida y ahora podemos administrar nuestras credenciales f\u00e1cilmente\u201d.<\/li>\n<\/ul>","protected":false},"excerpt":{"rendered":"<p>Optimice su negocio con tarjetas NFC de PVC personalizadas, que ofrecen durabilidad, caracter\u00edsticas a prueba de agua, transacciones fluidas y una marca personalizada para diversas aplicaciones.<\/p>","protected":false},"featured_media":3597,"template":"","meta":[],"product_brand":[],"product_cat":[46],"product_tag":[],"class_list":{"0":"post-3595","1":"product","2":"type-product","3":"status-publish","4":"has-post-thumbnail","6":"product_cat-nfc-cards","8":"first","9":"instock","10":"shipping-taxable","11":"product-type-simple"},"_links":{"self":[{"href":"https:\/\/nfc-readers.com\/es\/wp-json\/wp\/v2\/product\/3595","targetHints":{"allow":["GET"]}}],"collection":[{"href":"https:\/\/nfc-readers.com\/es\/wp-json\/wp\/v2\/product"}],"about":[{"href":"https:\/\/nfc-readers.com\/es\/wp-json\/wp\/v2\/types\/product"}],"wp:featuredmedia":[{"embeddable":true,"href":"https:\/\/nfc-readers.com\/es\/wp-json\/wp\/v2\/media\/3597"}],"wp:attachment":[{"href":"https:\/\/nfc-readers.com\/es\/wp-json\/wp\/v2\/media?parent=3595"}],"wp:term":[{"taxonomy":"product_brand","embeddable":true,"href":"https:\/\/nfc-readers.com\/es\/wp-json\/wp\/v2\/product_brand?post=3595"},{"taxonomy":"product_cat","embeddable":true,"href":"https:\/\/nfc-readers.com\/es\/wp-json\/wp\/v2\/product_cat?post=3595"},{"taxonomy":"product_tag","embeddable":true,"href":"https:\/\/nfc-readers.com\/es\/wp-json\/wp\/v2\/product_tag?post=3595"}],"curies":[{"name":"wp","href":"https:\/\/api.w.org\/{rel}","templated":true}]}}