{"id":3602,"date":"2024-11-07T15:58:55","date_gmt":"2024-11-07T15:58:55","guid":{"rendered":"https:\/\/nfc-readers.com\/?post_type=product&#038;p=3602"},"modified":"2024-11-07T16:39:39","modified_gmt":"2024-11-07T16:39:39","slug":"write-url-dynamic-qr-code-ntag-213-nfc-card","status":"publish","type":"product","link":"https:\/\/nfc-readers.com\/es\/ic-reader\/write-url-dynamic-qr-code-ntag-213-nfc-card\/","title":{"rendered":"Escribir URL de c\u00f3digo QR din\u00e1mico Ntag 213 Tarjeta NFC"},"content":{"rendered":"<h1 style=\"text-align: center;\"><span style=\"color: #000080;\"><strong>Escribir URL de c\u00f3digo QR din\u00e1mico Ntag 213 Tarjeta NFC<\/strong><\/span><\/h1>\n<p><span style=\"color: #666699;\"><strong>Tarjeta NFC NTAG213 con c\u00f3digo QR din\u00e1mico Write URL: transforme sus interacciones comerciales En un mundo cada vez m\u00e1s digital, la comunicaci\u00f3n eficaz y la eficiencia operativa son fundamentales para cualquier empresa. La tarjeta NFC NTAG213 con c\u00f3digo QR din\u00e1mico Write URL es un producto revolucionario que mejora las interacciones, agiliza los procesos y facilita la conexi\u00f3n entre clientes y empresas.<\/strong><\/span><\/p>\n<p>Estas tarjetas NFC utilizan tecnolog\u00eda de punta\u00a0<strong>Tecnolog\u00eda NTAG213<\/strong>\u00a0para proporcionar capacidades de URL din\u00e1micas, lo que permite a las empresas dirigir a los usuarios a cualquier sitio web o recurso digital sin problemas. Esta poderosa combinaci\u00f3n de tecnolog\u00eda NFC y de c\u00f3digo QR permite aplicaciones vers\u00e1tiles, incluidas campa\u00f1as de marketing, gesti\u00f3n de eventos, autenticaci\u00f3n de productos y mucho m\u00e1s. Invertir en tarjetas NFC NTAG213 no solo es una medida estrat\u00e9gica, sino un paso hacia la modernizaci\u00f3n de las operaciones de su empresa.<\/p>\n<hr \/>\n<p>&nbsp;<\/p>\n<p>&nbsp;<\/p>\n<h2 style=\"text-align: center;\"><em><strong><span style=\"color: #333399;\">Atributos clave de la tarjeta NFC NTAG213<\/span><\/strong><\/em><\/h2>\n<p><span style=\"color: #008080;\"><strong>La tarjeta NFC NTAG213 destaca por sus caracter\u00edsticas innovadoras y su construcci\u00f3n robusta. Estos son los atributos esenciales:<\/strong><\/span><\/p>\n<ul>\n<li><strong>Material<\/strong>:Fabricado con materiales de alta calidad.\u00a0<strong>CLORURO DE POLIVINILO<\/strong>Estas tarjetas est\u00e1n dise\u00f1adas para durar y durar mucho tiempo. Pueden soportar los rigores del uso diario, ya sea que se entreguen en eventos o se utilicen en sistemas de control de acceso.<\/li>\n<li><strong>Tecnolog\u00eda de chips<\/strong>:El chip NTAG213 est\u00e1 dise\u00f1ado espec\u00edficamente para aplicaciones que requieren datos din\u00e1micos y ofrece una capacidad de memoria de\u00a0<strong>144 bytes<\/strong>\u00a0y la capacidad de reescribir URL en cualquier momento sin necesidad de imprimir nuevas tarjetas.<\/li>\n<li><strong>Tama\u00f1o y personalizaci\u00f3n<\/strong>:Las dimensiones est\u00e1ndar son\u00a0<strong>85,5 mm x 54 mm<\/strong>, lo que permite uniformidad con los tama\u00f1os de tarjetas de cr\u00e9dito tradicionales, lo que las hace f\u00e1ciles de llevar. Tambi\u00e9n es posible personalizar el tama\u00f1o y el dise\u00f1o para adaptarse a sus necesidades de marca.<\/li>\n<\/ul>\n<p>&nbsp;<\/p>\n<p>&nbsp;<\/p>\n<h2 style=\"text-align: center;\"><em><strong><span style=\"color: #333399;\">Caracter\u00edsticas especiales<\/span><\/strong><\/em><\/h2>\n<p style=\"text-align: left;\"><strong>Dise\u00f1o resistente al agua y a la intemperie<\/strong><\/p>\n<p style=\"text-align: left;\">Una de las caracter\u00edsticas destacadas de las tarjetas Write URL NFC es su\u00a0<strong>Resistente al agua y a la intemperie<\/strong>\u00a0Propiedades. Las empresas que operan en diversos entornos pueden beneficiarse enormemente de estas caracter\u00edsticas.<\/p>\n<ul>\n<li><strong>Versatilidad<\/strong>:Estas tarjetas son ideales para eventos al aire libre, donde la exposici\u00f3n a la humedad puede da\u00f1ar las tarjetas est\u00e1ndar. Ya sea un festival de m\u00fasica, un evento deportivo o campa\u00f1as de marketing al aire libre, sus\u00a0<strong>Tarjeta NFC NTAG213<\/strong>\u00a0funcionar\u00e1 de manera confiable.<\/li>\n<li><strong>Longevidad<\/strong>Resistir el da\u00f1o del agua no solo prolonga la vida \u00fatil de la tarjeta, sino que tambi\u00e9n le ahorra costos asociados con reemplazos frecuentes.<\/li>\n<\/ul>\n<p>&nbsp;<\/p>\n<h2 style=\"text-align: center;\"><em><strong><span style=\"color: #333399;\">Interfaces de comunicaci\u00f3n<\/span><\/strong><\/em><\/h2>\n<ul>\n<li><strong>RFID y NFC<\/strong>: Operando a una frecuencia de\u00a0<strong>13,56 MHz<\/strong>Estas tarjetas utilizan tecnolog\u00edas RFID y NFC para permitir la comunicaci\u00f3n sin contacto. Esto garantiza un intercambio de datos r\u00e1pido y eficiente, mejorando la experiencia del usuario durante las transacciones.<\/li>\n<li><strong>Transacciones sin inconvenientes<\/strong>:La integraci\u00f3n de la tecnolog\u00eda NFC permite una interacci\u00f3n sin esfuerzo. Los usuarios pueden simplemente acercar su tarjeta a un lector compatible y al instante aparecer\u00e1 la URL vinculada, que puede dirigirlos a un sitio web, un formulario o contenido multimedia.<\/li>\n<\/ul>\n<p>&nbsp;<\/p>\n<p>&nbsp;<\/p>\n<h2 style=\"text-align: center;\"><em><span style=\"color: #333399;\"><strong>Especificaciones t\u00e9cnicas<\/strong><\/span><\/em><\/h2>\n<p><span style=\"color: #008080;\"><strong>Para una toma de decisiones informada, aqu\u00ed se encuentran las especificaciones t\u00e9cnicas detalladas de la tarjeta NFC NTAG213 con c\u00f3digo QR din\u00e1mico con URL de escritura:<\/strong><\/span><\/p>\n<div class=\"table-with-header rounded-lg border border-solid border-grey-line2-normal w-fit max-w-full mb-2\">\n<div class=\"overflow-x-auto custom-scrollbar custom-scrollbar-float max-w-full\">\n<table class=\"w-fit !mb-0 !max-w-none\">\n<thead>\n<tr>\n<th><strong>Atributo<\/strong><\/th>\n<th><strong>Especificaci\u00f3n<\/strong><\/th>\n<\/tr>\n<\/thead>\n<tbody>\n<tr>\n<td><strong>Chip<\/strong><\/td>\n<td>NTAG213 (marca registrada de NXP\u00ae)<\/td>\n<\/tr>\n<tr>\n<td><strong>Material<\/strong><\/td>\n<td>CLORURO DE POLIVINILO<\/td>\n<\/tr>\n<tr>\n<td><strong>Tama\u00f1o<\/strong><\/td>\n<td>85,5 mm x 54 mm<\/td>\n<\/tr>\n<tr>\n<td><strong>Memoria<\/strong><\/td>\n<td>144 bytes (opciones personalizadas disponibles)<\/td>\n<\/tr>\n<tr>\n<td><strong>Frecuencia<\/strong><\/td>\n<td>13,56 MHz<\/td>\n<\/tr>\n<tr>\n<td><strong>Opciones de impresi\u00f3n<\/strong><\/td>\n<td>Impresi\u00f3n offset CMYK<\/td>\n<\/tr>\n<tr>\n<td><strong>Distancia de lectura<\/strong><\/td>\n<td>2-10 cent\u00edmetros<\/td>\n<\/tr>\n<tr>\n<td><strong>Lugar de origen<\/strong><\/td>\n<td>Guangdong, China<\/td>\n<\/tr>\n<tr>\n<td><strong>Artesan\u00eda<\/strong><\/td>\n<td>Varias opciones: C\u00f3digo L\u00e1ser, Tinta UV, etc.<\/td>\n<\/tr>\n<\/tbody>\n<\/table>\n<p>&nbsp;<\/p>\n<\/div>\n<\/div>\n<h2 style=\"text-align: center;\"><em><strong><span style=\"color: #333399;\">Aplicaciones en todas las industrias<\/span><\/strong><\/em><\/h2>\n<p><span style=\"color: #008080;\"><strong>La tarjeta NFC NTAG213 con c\u00f3digo QR din\u00e1mico con escritura de URL tiene diversas aplicaciones en varios sectores:<\/strong><\/span><\/p>\n<ul>\n<li><strong>Venta minorista y marketing<\/strong>:Utilice estas tarjetas para programas de fidelizaci\u00f3n, lo que permite a los clientes acceder f\u00e1cilmente a enlaces promocionales u ofertas especiales.\u00a0<strong>URL din\u00e1mica<\/strong>\u00a0Esta funci\u00f3n significa que puedes actualizar las promociones instant\u00e1neamente sin necesidad de nuevas tarjetas.<\/li>\n<li><strong>Gesti\u00f3n de eventos<\/strong>Perfectas para conferencias, conciertos o ferias comerciales, estas tarjetas pueden proporcionar acceso sin contacto a horarios, informaci\u00f3n de oradores y actualizaciones de eventos a trav\u00e9s de c\u00f3digos QR vinculados al chip NFC.<\/li>\n<\/ul>","protected":false},"excerpt":{"rendered":"<p>La tarjeta NFC NTAG213 con c\u00f3digo QR din\u00e1mico y URL de escritura mejora las interacciones comerciales con URL din\u00e1micas, tecnolog\u00eda NFC, dise\u00f1o resistente al agua y aplicaciones vers\u00e1tiles.<\/p>","protected":false},"featured_media":3604,"template":"","meta":[],"product_brand":[],"product_cat":[46],"product_tag":[],"class_list":{"0":"post-3602","1":"product","2":"type-product","3":"status-publish","4":"has-post-thumbnail","6":"product_cat-nfc-cards","8":"first","9":"instock","10":"shipping-taxable","11":"product-type-simple"},"_links":{"self":[{"href":"https:\/\/nfc-readers.com\/es\/wp-json\/wp\/v2\/product\/3602","targetHints":{"allow":["GET"]}}],"collection":[{"href":"https:\/\/nfc-readers.com\/es\/wp-json\/wp\/v2\/product"}],"about":[{"href":"https:\/\/nfc-readers.com\/es\/wp-json\/wp\/v2\/types\/product"}],"wp:featuredmedia":[{"embeddable":true,"href":"https:\/\/nfc-readers.com\/es\/wp-json\/wp\/v2\/media\/3604"}],"wp:attachment":[{"href":"https:\/\/nfc-readers.com\/es\/wp-json\/wp\/v2\/media?parent=3602"}],"wp:term":[{"taxonomy":"product_brand","embeddable":true,"href":"https:\/\/nfc-readers.com\/es\/wp-json\/wp\/v2\/product_brand?post=3602"},{"taxonomy":"product_cat","embeddable":true,"href":"https:\/\/nfc-readers.com\/es\/wp-json\/wp\/v2\/product_cat?post=3602"},{"taxonomy":"product_tag","embeddable":true,"href":"https:\/\/nfc-readers.com\/es\/wp-json\/wp\/v2\/product_tag?post=3602"}],"curies":[{"name":"wp","href":"https:\/\/api.w.org\/{rel}","templated":true}]}}