{"id":3610,"date":"2024-11-08T02:46:18","date_gmt":"2024-11-08T02:46:18","guid":{"rendered":"https:\/\/nfc-readers.com\/?post_type=product&#038;p=3610"},"modified":"2024-11-08T02:46:18","modified_gmt":"2024-11-08T02:46:18","slug":"nfc-soft-pvc-vinyl-wristband-card-for-rfid-fabric-wristband","status":"publish","type":"product","link":"https:\/\/nfc-readers.com\/es\/ic-reader\/nfc-soft-pvc-vinyl-wristband-card-for-rfid-fabric-wristband\/","title":{"rendered":"Tarjeta de pulsera de vinilo de PVC blando NFC para pulsera de tela RFID"},"content":{"rendered":"<h1><strong>Tarjeta de pulsera de vinilo de PVC blando NFC para pulsera de tela RFID<\/strong><\/h1>\n<p>&nbsp;<\/p>\n<p>En el mundo acelerado e impulsado por la tecnolog\u00eda de hoy, <strong>Tarjeta de pulsera de vinilo de PVC blando NFC para pulsera de tela RFID<\/strong>\u00a0destaca como una herramienta esencial para un control de acceso sin inconvenientes, transacciones sin efectivo y experiencias de usuario mejoradas. Estas pulseras, hechas de vinilo de alta calidad, son livianas, coloridas e incre\u00edblemente vers\u00e1tiles, lo que las hace perfectas para diversos eventos, como conciertos, festivales, parques tem\u00e1ticos y reuniones corporativas. Con una frecuencia operativa de\u00a0<strong>13,56 MHz<\/strong>\u00a0y compatibilidad con las tecnolog\u00edas RFID y NFC, estas pulseras ofrecen soluciones \u00fanicas para organizadores de eventos y empresas que buscan mejorar la seguridad y agilizar las operaciones.<\/p>\n<p>&nbsp;<\/p>\n<h3><strong>\u00bfPor qu\u00e9 elegir pulseras de vinilo de PVC blando NFC?<\/strong><\/h3>\n<p>Invertir en pulseras NFC no es solo una declaraci\u00f3n de moda, sino una mejora funcional para gestionar eventos e interacciones de usuarios de manera eficiente. Estas pulseras eliminan la necesidad de los sistemas tradicionales de control de acceso y emisi\u00f3n de entradas, lo que reduce los tiempos de espera y mejora la experiencia de los hu\u00e9spedes. Con opciones de marca personalizadas disponibles, las empresas pueden aumentar su visibilidad y, al mismo tiempo, brindar un m\u00e9todo confiable y seguro para pagos sin efectivo. Ya sea que est\u00e9 organizando festivales de m\u00fasica, eventos deportivos o parques de diversiones, estas pulseras ofrecen la confiabilidad y la funcionalidad que necesita.<\/p>\n<p>&nbsp;<\/p>\n<h2>Caracter\u00edsticas de la tecnolog\u00eda RFID y NFC<\/h2>\n<h3>Control de acceso mejorado<\/h3>\n<p>El\u00a0<strong>Tecnolog\u00eda RFID<\/strong>\u00a0Incorporado en estas pulseras permite\u00a0<strong>control de acceso r\u00e1pido<\/strong>\u00a0En los eventos, se garantiza que los puntos de entrada est\u00e9n protegidos y se reduce el tiempo que los invitados pasan haciendo cola. Los organizadores de eventos pueden utilizar\u00a0<strong>pulseras RFID<\/strong>\u00a0para diversas funciones, entre ellas:<\/p>\n<ul>\n<li><strong>Acceso VIP<\/strong>:Diferenciar entre entrada general y asistentes VIP para \u00e1reas especiales.<\/li>\n<li><strong>Pagos sin efectivo<\/strong>:Permita transacciones sin efectivo para mercanc\u00edas, alimentos y bebidas en el sitio, haciendo que la experiencia general sea m\u00e1s conveniente.<\/li>\n<\/ul>\n<h3>Operaciones optimizadas<\/h3>\n<p>Usando\u00a0<strong>Tecnolog\u00eda de pulsera NFC<\/strong>\u00a0agiliza significativamente las operaciones de eventos. La capacidad de realizar\u00a0<strong>Recopilaci\u00f3n de datos<\/strong>\u00a0Estos dispositivos permiten a los proveedores analizar eficazmente el comportamiento de los asistentes y sus patrones de gasto. Esta informaci\u00f3n puede utilizarse para mejorar eventos futuros, optimizar las estrategias de marketing y optimizar las experiencias de los clientes.<\/p>\n<p>&nbsp;<\/p>\n<h3><strong>Beneficios de usar pulseras de vinilo<\/strong><\/h3>\n<h3>Durabilidad y comodidad<\/h3>\n<p>Fabricado con materiales de alta calidad.\u00a0<strong>material de vinilo<\/strong>Las pulseras NFC est\u00e1n dise\u00f1adas para soportar diversos elementos asociados con festivales, conciertos y eventos al aire libre. A diferencia de los boletos de papel o las pulseras de tela que se pueden romper o da\u00f1ar f\u00e1cilmente, las pulseras de vinilo son resistentes al agua, al desgarro y al sudor, lo que garantiza que permanezcan intactas durante todo el evento.<\/p>\n<h3>De un solo uso y a prueba de manipulaciones<\/h3>\n<p>El\u00a0<strong>uso \u00fanico<\/strong>\u00a0La naturaleza de estas pulseras garantiza la m\u00e1xima seguridad. Una vez que se utiliza una pulsera para entrar, se vuelve nula y no se puede volver a utilizar. Esto reduce significativamente el riesgo de fraude con las entradas, que es un problema com\u00fan en los grandes eventos. Los organizadores de eventos pueden estar seguros de que sus activos y operaciones est\u00e1n protegidos.<\/p>\n<p>&nbsp;<\/p>\n<h3><strong>Opciones personalizables para la marca<\/strong><\/h3>\n<h3>Creando una impresi\u00f3n duradera<\/h3>\n<p>Las pulseras NFC ofrecen varias opciones de personalizaci\u00f3n para fines de marca. Las empresas pueden mejorar su visibilidad con pulseras personalizadas.\u00a0<strong>Impresi\u00f3n por transferencia t\u00e9rmica<\/strong>, logotipos, c\u00f3digos de barras o c\u00f3digos QR tanto en las pulseras como en las tarjetas que las acompa\u00f1an. Estas oportunidades de marca crean una apariencia profesional que deja una impresi\u00f3n duradera en los invitados y promueve el reconocimiento de la marca incluso despu\u00e9s del evento.<\/p>\n<h3>Beneficios del marketing<\/h3>\n<p>La promoci\u00f3n de marca mediante pulseras personalizadas ha demostrado ser una herramienta de marketing eficaz. Los asistentes que llevan las pulseras de su marca se convierten en anuncios ambulantes que muestran su logotipo y sus dise\u00f1os mucho despu\u00e9s de que finaliza el evento. Esto mejora la visibilidad de la marca y podr\u00eda atraer a nuevos clientes que vean su marca en diversos contextos.<\/p>\n<p>&nbsp;<\/p>\n<h3><strong>Preguntas frecuentes (FAQ)<\/strong><\/h3>\n<h2>1. \u00bfQu\u00e9 son las pulseras de vinilo de PVC blando NFC?<\/h2>\n<p>Las pulseras de vinilo de PVC blando con tecnolog\u00eda NFC son una tecnolog\u00eda port\u00e1til que utiliza la comunicaci\u00f3n de campo cercano (NFC) y la identificaci\u00f3n por radiofrecuencia (RFID) para proporcionar control de acceso sin contacto, recopilaci\u00f3n de datos y opciones de pago sin efectivo en eventos. Est\u00e1n hechas de material de vinilo duradero y est\u00e1n dise\u00f1adas para la comodidad y conveniencia del usuario.<\/p>\n<h2>2. \u00bfCu\u00e1l es la frecuencia de estas pulseras?<\/h2>\n<p>Estas pulseras funcionan a una frecuencia de\u00a0<strong>13,56 MHz<\/strong>, que es com\u00fan para las tecnolog\u00edas NFC y RFID, lo que garantiza la compatibilidad con la mayor\u00eda de los lectores RFID y dispositivos habilitados para NFC.<\/p>\n<h2>3. \u00bfLas pulseras son reutilizables?<\/h2>\n<p>No, las pulseras de vinilo de PVC blando NFC est\u00e1n dise\u00f1adas para\u00a0<strong>de un solo uso<\/strong>Esta caracter\u00edstica est\u00e1 destinada a mejorar la seguridad y minimizar el riesgo de fraude de entradas, lo que las hace ideales para eventos donde el control de acceso es crucial.<\/p>\n<h2>4. \u00bfSe pueden personalizar las pulseras?<\/h2>\n<p>\u00a1S\u00ed! Puedes personalizar las pulseras de varias maneras, entre ellas:<\/p>\n<ul>\n<li><strong>Impresi\u00f3n de logotipos<\/strong><\/li>\n<li><strong>C\u00f3digos de barras y c\u00f3digos QR<\/strong><\/li>\n<li><strong>Dise\u00f1os de color<\/strong><\/li>\n<li><strong>T\u00e9cnicas especiales de elaboraci\u00f3n<\/strong>\u00a0como la impresi\u00f3n por transferencia t\u00e9rmica y la codificaci\u00f3n l\u00e1ser.<\/li>\n<\/ul>\n<p>Esta personalizaci\u00f3n permite a las empresas mejorar la marca y crear una apariencia profesional para los eventos.<\/p>","protected":false},"excerpt":{"rendered":"<p>La pulsera NFC de vinilo de PVC blando es una soluci\u00f3n duradera y personalizable para un acceso seguro y transacciones sin efectivo en eventos. Dise\u00f1adas para brindar comodidad y funcionalidad, estas pulseras mejoran la experiencia general de los invitados y al mismo tiempo garantizan un control de acceso confiable.<\/p>","protected":false},"featured_media":3611,"template":"","meta":[],"product_brand":[],"product_cat":[50],"product_tag":[],"class_list":{"0":"post-3610","1":"product","2":"type-product","3":"status-publish","4":"has-post-thumbnail","6":"product_cat-silicone-rfid-nfc-wristbands","8":"first","9":"instock","10":"shipping-taxable","11":"product-type-simple"},"_links":{"self":[{"href":"https:\/\/nfc-readers.com\/es\/wp-json\/wp\/v2\/product\/3610","targetHints":{"allow":["GET"]}}],"collection":[{"href":"https:\/\/nfc-readers.com\/es\/wp-json\/wp\/v2\/product"}],"about":[{"href":"https:\/\/nfc-readers.com\/es\/wp-json\/wp\/v2\/types\/product"}],"wp:featuredmedia":[{"embeddable":true,"href":"https:\/\/nfc-readers.com\/es\/wp-json\/wp\/v2\/media\/3611"}],"wp:attachment":[{"href":"https:\/\/nfc-readers.com\/es\/wp-json\/wp\/v2\/media?parent=3610"}],"wp:term":[{"taxonomy":"product_brand","embeddable":true,"href":"https:\/\/nfc-readers.com\/es\/wp-json\/wp\/v2\/product_brand?post=3610"},{"taxonomy":"product_cat","embeddable":true,"href":"https:\/\/nfc-readers.com\/es\/wp-json\/wp\/v2\/product_cat?post=3610"},{"taxonomy":"product_tag","embeddable":true,"href":"https:\/\/nfc-readers.com\/es\/wp-json\/wp\/v2\/product_tag?post=3610"}],"curies":[{"name":"wp","href":"https:\/\/api.w.org\/{rel}","templated":true}]}}