{"id":3619,"date":"2024-11-08T04:21:11","date_gmt":"2024-11-08T04:21:11","guid":{"rendered":"https:\/\/nfc-readers.com\/?post_type=product&#038;p=3619"},"modified":"2024-11-08T04:21:11","modified_gmt":"2024-11-08T04:21:11","slug":"mifare-ultralight-ev1-rfid-stretchy-woven-nfc-rfid-wristband","status":"publish","type":"product","link":"https:\/\/nfc-readers.com\/es\/ic-reader\/mifare-ultralight-ev1-rfid-stretchy-woven-nfc-rfid-wristband\/","title":{"rendered":"Pulsera RFID NFC tejida el\u00e1stica MIFARE Ultralight Ev1 RFID"},"content":{"rendered":"<h1 style=\"text-align: center;\"><strong>Pulsera RFID NFC tejida el\u00e1stica MIFARE Ultralight Ev1 RFID<\/strong><\/h1>\n<p>&nbsp;<\/p>\n<p>El <strong>Pulsera NFC tejida el\u00e1stica RFID Ultralight EV1 de MIFARE<\/strong>\u00a0es la soluci\u00f3n definitiva para la gesti\u00f3n de eventos modernos, ya que ofrece un control de acceso sin inconvenientes, soluciones de pago sin efectivo y una mejor experiencia para los invitados. Dise\u00f1ada con la innovaci\u00f3n en mente, esta pulsera combina tecnolog\u00eda RFID de vanguardia con dise\u00f1os personalizables, lo que la convierte en una herramienta esencial tanto para los organizadores de eventos como para los asistentes. Ya sea que organice un festival de m\u00fasica, una atracci\u00f3n en un parque acu\u00e1tico o un evento corporativo, esta pulsera RFID garantiza operaciones optimizadas, mayor seguridad y una experiencia memorable para todos los involucrados.<\/p>\n<p>&nbsp;<\/p>\n<h3><strong>Beneficios del producto<\/strong><\/h3>\n<ul>\n<li><strong>Seguridad mejorada<\/strong>:El chip MIFARE Ultralight EV1 garantiza que su pulsera no solo sea a prueba de manipulaciones, sino que tambi\u00e9n sea capaz de transmitir datos de forma segura.<\/li>\n<li><strong>Resistente al agua y duradero<\/strong>Con clasificaci\u00f3n IP68, esta pulsera es resistente al agua y a la intemperie, dise\u00f1ada para soportar diversas condiciones ambientales, lo que garantiza que no se da\u00f1ar\u00e1 durante eventos al aire libre o actividades relacionadas con el agua.<\/li>\n<li><strong>F\u00e1cil de usar<\/strong>:La pulsera RFID elimina la necesidad de realizar transacciones en efectivo, lo que permite realizar pagos sin efectivo que mejoran la eficiencia y reducen los tiempos de espera de los hu\u00e9spedes.<\/li>\n<li><strong>Dise\u00f1os personalizables<\/strong>:Con la opci\u00f3n de impresi\u00f3n CMYK a todo color, los organizadores de eventos pueden crear pulseras visualmente atractivas que mejoran la visibilidad de la marca.<\/li>\n<li><strong>Tama\u00f1os y colores flexibles<\/strong>Disponibles en varios tama\u00f1os (145x25x1,5 mm y 185x25x1,5 mm) y colores (azul, rojo, blanco, negro, verde, amarillo, naranja, gris), las pulseras satisfacen diversas preferencias est\u00e9ticas.<\/li>\n<\/ul>\n<p>&nbsp;<\/p>\n<h2><strong>Caracter\u00edsticas y especificaciones clave<\/strong><\/h2>\n<h3>Chip MIFARE de alto rendimiento<\/h3>\n<p>El coraz\u00f3n de la pulsera es el\u00a0<strong>Chip MIFARE Ultralight EV1<\/strong>, que proporciona un rendimiento confiable para el control de acceso y la gesti\u00f3n de datos. El chip garantiza una comunicaci\u00f3n segura con los lectores RFID, lo que lo hace ideal para eventos de alto tr\u00e1fico donde el procesamiento r\u00e1pido es esencial.<\/p>\n<h3>Dise\u00f1o resistente al agua y a la intemperie<\/h3>\n<p>Con un\u00a0<strong>Clasificaci\u00f3n IP68<\/strong>La pulsera es resistente al agua, lo que le permite seguir funcionando incluso en condiciones clim\u00e1ticas adversas. Ya sea que llueva en un concierto o que haya salpicaduras en un parque acu\u00e1tico, los usuarios pueden disfrutar de sus actividades sin preocupaciones.<\/p>\n<h3>Soluciones de pago sin efectivo<\/h3>\n<p>Atr\u00e1s quedaron los d\u00edas de llevar dinero en efectivo o tarjetas. Esta pulsera permite un acceso r\u00e1pido y f\u00e1cil\u00a0<strong>pagos sin efectivo<\/strong>, ideal para eventos concurridos donde la eficiencia es clave. Los organizadores de eventos pueden monitorear f\u00e1cilmente las transacciones y agilizar las operaciones.<\/p>\n<h3>Personalizaci\u00f3n y marca<\/h3>\n<p>Los organizadores de eventos pueden aprovechar la\u00a0<strong>Impresi\u00f3n CMYK a todo color<\/strong>\u00a0Opci\u00f3n para crear dise\u00f1os personalizados. Esto no solo mejora la imagen de marca, sino que tambi\u00e9n agrega un toque \u00fanico, lo que permite a los asistentes mostrar su experiencia en el evento.<\/p>\n<p>&nbsp;<\/p>\n<h2><strong>Preguntas frecuentes (FAQ)<\/strong><\/h2>\n<h3>1.\u00a0<strong>\u00bfQu\u00e9 es una pulsera RFID?<\/strong><\/h3>\n<p>Una pulsera RFID es un dispositivo port\u00e1til que utiliza tecnolog\u00eda de identificaci\u00f3n por radiofrecuencia (RFID) para transmitir datos a trav\u00e9s de ondas de radio. Permite el control de acceso seguro, los pagos sin efectivo y la recopilaci\u00f3n de datos en eventos.<\/p>\n<h3>2.\u00a0<strong>\u00bfC\u00f3mo funciona la pulsera RFID MIFARE Ultralight EV1?<\/strong><\/h3>\n<p>La pulsera funciona mediante un chip que se comunica con los lectores RFID. Cuando se acerca la pulsera a un lector, transmite los datos almacenados, lo que permite el acceso o el procesamiento del pago.<\/p>\n<h3>3.\u00a0<strong>\u00bfLa pulsera es resistente al agua?<\/strong><\/h3>\n<p>S\u00ed, nuestra pulsera RFID MIFARE Ultralight EV1 tiene clasificaci\u00f3n IP68, lo que significa que es totalmente resistente al agua y puede soportar la inmersi\u00f3n en agua, lo que la hace adecuada para diversos eventos al aire libre, incluidos parques acu\u00e1ticos.<\/p>\n<h3>4.\u00a0<strong>\u00bfSe puede personalizar la pulsera?<\/strong><\/h3>\n<p>\u00a1Por supuesto! Ofrecemos opciones de color personalizables e impresi\u00f3n CMYK a todo color, lo que le permite dise\u00f1ar pulseras que se adapten a la marca y el tema de su evento.<\/p>\n<p>&nbsp;<\/p>","protected":false},"excerpt":{"rendered":"<p>La pulsera NFC tejida el\u00e1stica RFID Ultralight EV1 de MIFARE est\u00e1 dise\u00f1ada para el control de acceso seguro y las transacciones sin efectivo en eventos. Sus caracter\u00edsticas impermeables y personalizables la hacen ideal para diversas ocasiones.<\/p>","protected":false},"featured_media":3620,"template":"","meta":[],"product_brand":[],"product_cat":[50],"product_tag":[],"class_list":{"0":"post-3619","1":"product","2":"type-product","3":"status-publish","4":"has-post-thumbnail","6":"product_cat-silicone-rfid-nfc-wristbands","8":"first","9":"instock","10":"shipping-taxable","11":"product-type-simple"},"_links":{"self":[{"href":"https:\/\/nfc-readers.com\/es\/wp-json\/wp\/v2\/product\/3619","targetHints":{"allow":["GET"]}}],"collection":[{"href":"https:\/\/nfc-readers.com\/es\/wp-json\/wp\/v2\/product"}],"about":[{"href":"https:\/\/nfc-readers.com\/es\/wp-json\/wp\/v2\/types\/product"}],"wp:featuredmedia":[{"embeddable":true,"href":"https:\/\/nfc-readers.com\/es\/wp-json\/wp\/v2\/media\/3620"}],"wp:attachment":[{"href":"https:\/\/nfc-readers.com\/es\/wp-json\/wp\/v2\/media?parent=3619"}],"wp:term":[{"taxonomy":"product_brand","embeddable":true,"href":"https:\/\/nfc-readers.com\/es\/wp-json\/wp\/v2\/product_brand?post=3619"},{"taxonomy":"product_cat","embeddable":true,"href":"https:\/\/nfc-readers.com\/es\/wp-json\/wp\/v2\/product_cat?post=3619"},{"taxonomy":"product_tag","embeddable":true,"href":"https:\/\/nfc-readers.com\/es\/wp-json\/wp\/v2\/product_tag?post=3619"}],"curies":[{"name":"wp","href":"https:\/\/api.w.org\/{rel}","templated":true}]}}