{"id":3626,"date":"2024-11-08T04:27:49","date_gmt":"2024-11-08T04:27:49","guid":{"rendered":"https:\/\/nfc-readers.com\/?post_type=product&#038;p=3626"},"modified":"2024-11-08T04:27:50","modified_gmt":"2024-11-08T04:27:50","slug":"concert-access-identification-tickets-nfc-elastic-wristband","status":"publish","type":"product","link":"https:\/\/nfc-readers.com\/es\/ic-reader\/concert-access-identification-tickets-nfc-elastic-wristband\/","title":{"rendered":"Pulsera el\u00e1stica NFC para identificaci\u00f3n de entradas de conciertos"},"content":{"rendered":"<h1 style=\"text-align: center;\"><strong>Pulsera el\u00e1stica NFC para identificaci\u00f3n de entradas de conciertos<\/strong><\/h1>\n<p>&nbsp;<\/p>\n<p>Navegar por el mundo de los eventos y festivales nunca ha sido tan f\u00e1cil gracias a la introducci\u00f3n de las pulseras el\u00e1sticas NFC. En un panorama cada vez m\u00e1s dependiente de la tecnolog\u00eda para la seguridad y la comodidad, la <strong>Pulsera NFC<\/strong> Surge como un elemento innovador para la identificaci\u00f3n de acceso y emisi\u00f3n de entradas a conciertos. Fabricadas con materiales duraderos e impregnadas de tecnolog\u00eda RFID de vanguardia, estas pulseras ofrecen una soluci\u00f3n eficiente y sin complicaciones tanto para los organizadores de eventos como para los asistentes. Ya sea que est\u00e9s gestionando un festival de m\u00fasica concurrido o un concierto \u00edntimo, invertir en estas pulseras avanzadas puede agilizar el control de acceso y mejorar la experiencia general de los asistentes.<\/p>\n<p>&nbsp;<\/p>\n<h2><strong>\u00bfPor qu\u00e9 elegir la pulsera el\u00e1stica NFC?<\/strong><\/h2>\n<p>La pulsera el\u00e1stica NFC est\u00e1 dise\u00f1ada para simplificar el proceso de entrada y garantizar la seguridad y la fiabilidad. Estas pulseras son impermeables, personalizables y est\u00e1n equipadas con tecnolog\u00eda NFC avanzada, lo que permite soluciones de pago sin efectivo y una entrada r\u00e1pida. Al incorporar funciones dise\u00f1adas espec\u00edficamente para eventos de gran capacidad, puede reducir significativamente los tiempos de espera y mejorar la seguridad, todo ello a la vez que ofrece una experiencia memorable para los asistentes.<\/p>\n<p>Esta gu\u00eda completa explora las distintas caracter\u00edsticas y ventajas de la pulsera el\u00e1stica NFC y explica por qu\u00e9 es una inversi\u00f3n valiosa para cualquier evento.<\/p>\n<p>&nbsp;<\/p>\n<h2><strong>Caracter\u00edsticas y beneficios del producto<\/strong><\/h2>\n<h3>1.\u00a0<strong>Tecnolog\u00eda avanzada RFID y NFC<\/strong><\/h3>\n<p>La pulsera el\u00e1stica NFC emplea tecnolog\u00eda avanzada\u00a0<strong>RFID<\/strong>\u00a0(Identificaci\u00f3n por Radiofrecuencia) y\u00a0<strong>NFC<\/strong>\u00a0(Near Field Communication) tecnolog\u00edas que operan en una frecuencia de\u00a0<strong>13,56MHz<\/strong>Esta integraci\u00f3n garantiza una comunicaci\u00f3n r\u00e1pida entre la pulsera y el equipo de escaneo, facilitando un control de acceso sin inconvenientes sin necesidad de buscar boletos f\u00edsicos.<\/p>\n<p>Incorporando ambos\u00a0<strong>RFID<\/strong>\u00a0y\u00a0<strong>NFC<\/strong>\u00a0Los matices en la configuraci\u00f3n de su evento permiten una recopilaci\u00f3n de datos eficiente, informaci\u00f3n de marketing futura y experiencias mejoradas para los invitados. Se ha demostrado que ambas tecnolog\u00edas son\u00a0<strong>impermeable<\/strong>, lo que los hace ideales para conciertos y festivales al aire libre donde las condiciones clim\u00e1ticas imprevistas pueden interrumpir los eventos.<\/p>\n<h3>2.\u00a0<strong>Opciones de personalizaci\u00f3n<\/strong><\/h3>\n<p>Una de las caracter\u00edsticas destacadas de la\u00a0<strong>Pulsera NFC<\/strong>\u00a0es su personalizaci\u00f3n. A trav\u00e9s de\u00a0<strong>Impresi\u00f3n por transferencia t\u00e9rmica<\/strong>Puedes personalizar estas pulseras con logotipos, colores y gr\u00e1ficos relacionados con tu evento. Ya sea que est\u00e9s organizando una gala corporativa, un festival de verano o un concierto, asegurarte de que tu marca sea visible refuerza el reconocimiento de la misma entre los asistentes.<\/p>\n<p>Adem\u00e1s, nuestras pulseras vienen en una variedad de tama\u00f1os, incluidos\u00a0<strong>180x20 mm<\/strong>, o se pueden personalizar para satisfacer sus requisitos espec\u00edficos. Este nivel de personalizaci\u00f3n ayuda a fomentar un sentido de pertenencia e identidad para sus participantes.<\/p>\n<h3>3.\u00a0<strong>Experiencia de hu\u00e9sped mejorada<\/strong><\/h3>\n<p>Eficaz\u00a0<strong>control de acceso<\/strong>\u00a0es crucial durante grandes eventos. Nuestras pulseras el\u00e1sticas NFC brindan verificaci\u00f3n instant\u00e1nea, lo que permite a los invitados ingresar a los lugares r\u00e1pidamente. Al minimizar los cuellos de botella y reducir los tiempos de espera, crea una experiencia m\u00e1s favorable y agradable para su audiencia.<\/p>\n<p>Adem\u00e1s, estas pulseras son reutilizables; est\u00e1n hechas de material duradero.\u00a0<strong>Tela\/PVC<\/strong>\u00a0Materiales que pueden soportar diversas condiciones ambientales manteniendo su integridad. Esta resistencia es importante en eventos al aire libre donde las pulseras pueden estar expuestas al agua, al sudor o incluso a un manejo brusco.<\/p>\n<h3>4.\u00a0<strong>Soluciones de pago eficientes<\/strong><\/h3>\n<p>En la sociedad actual sin dinero en efectivo, ofrecer\u00a0<strong>pago sin efectivo<\/strong>\u00a0Las opciones se han vuelto esenciales. Las pulseras el\u00e1sticas NFC facilitan las transacciones sin contacto, lo que permite a los usuarios realizar compras en puestos de comida, puestos de productos y m\u00e1s sin necesidad de efectivo f\u00edsico. Esto no solo mejora la experiencia de los invitados, sino que tambi\u00e9n agiliza las operaciones del evento al reducir las preocupaciones por el manejo de efectivo.<\/p>\n<p>Los hu\u00e9spedes pueden simplemente acercar su pulsera a cualquier punto de venta con tecnolog\u00eda NFC, reduciendo dr\u00e1sticamente los tiempos de transacci\u00f3n y garantizando as\u00ed que nadie se pierda art\u00edculos populares.<\/p>\n<h3>5.\u00a0<strong>Seguridad y recopilaci\u00f3n de datos<\/strong><\/h3>\n<p>Utilizando\u00a0<strong>RFID<\/strong>\u00a0La tecnolog\u00eda aumenta significativamente la seguridad de su evento. Cada pulsera puede incorporar identificadores \u00fanicos que ayudan a rastrear y administrar el acceso de los invitados; esta tecnolog\u00eda permite monitorear en tiempo real el flujo de invitados dentro del lugar.<\/p>\n<p>Adem\u00e1s, las capacidades de recopilaci\u00f3n de datos le permiten analizar tendencias, comprender el comportamiento de los asistentes e implementar estrategias de precios din\u00e1micos para los pr\u00f3ximos eventos. Esta informaci\u00f3n puede conducir a una mejor planificaci\u00f3n y ejecuci\u00f3n de los eventos.\u00a0<strong>Eventos RFID<\/strong>\u00a0en el futuro.<\/p>\n<p>&nbsp;<\/p>\n<h2>Especificaciones t\u00e9cnicas<\/h2>\n<table class=\"w-fit !mb-0 !max-w-none\">\n<thead>\n<tr>\n<th><strong>Atributo<\/strong><\/th>\n<th><strong>Descripci\u00f3n<\/strong><\/th>\n<\/tr>\n<\/thead>\n<tbody>\n<tr>\n<td><strong>nombre del producto<\/strong><\/td>\n<td>Pulsera el\u00e1stica NFC<\/td>\n<\/tr>\n<tr>\n<td><strong>Material<\/strong><\/td>\n<td>Tela\/PVC<\/td>\n<\/tr>\n<tr>\n<td><strong>Interface de comunicaci\u00f3n<\/strong><\/td>\n<td>RFID, NFC<\/td>\n<\/tr>\n<tr>\n<td><strong>Frecuencia<\/strong><\/td>\n<td>13,56MHz<\/td>\n<\/tr>\n<tr>\n<td><strong>Opciones de chips<\/strong><\/td>\n<td>Etiqueta213\/etiqueta215\/etiqueta216\/2k\/4k\/8k\/tk4100\/t5577<\/td>\n<\/tr>\n<tr>\n<td><strong>Protocolo<\/strong><\/td>\n<td>ISO 14443A<\/td>\n<\/tr>\n<tr>\n<td><strong>Distancia de lectura<\/strong><\/td>\n<td>1-10 cm<\/td>\n<\/tr>\n<tr>\n<td><strong>Personalizaci\u00f3n<\/strong><\/td>\n<td>Logotipo, color, gr\u00e1fico<\/td>\n<\/tr>\n<\/tbody>\n<\/table>\n<p>&nbsp;<\/p>\n<h2><strong>Preguntas frecuentes (FAQ)<\/strong><\/h2>\n<h3>1.\u00a0<strong>\u00bfQu\u00e9 es una pulsera el\u00e1stica NFC?<\/strong><\/h3>\n<p>Una pulsera el\u00e1stica NFC es un dispositivo port\u00e1til con tecnolog\u00eda NFC (Near Field Communication) y RFID (Radio Frequency Identification). Permite un control de acceso r\u00e1pido, pagos sin efectivo y recopilaci\u00f3n de datos en eventos, mejorando la experiencia general de los invitados.<\/p>\n<h3>2.\u00a0<strong>\u00bfC\u00f3mo funcionan las pulseras NFC?<\/strong><\/h3>\n<p>Las pulseras NFC funcionan transmitiendo datos a trav\u00e9s de ondas de radio cuando se acercan a un lector compatible. Esto permite interacciones sin contacto, como el escaneo de entradas o el procesamiento de pagos, simplemente tocando la pulsera contra un sensor.<\/p>\n<h3>3.\u00a0<strong>\u00bfLas pulseras NFC son impermeables?<\/strong><\/h3>\n<p>S\u00ed, nuestras pulseras el\u00e1sticas NFC est\u00e1n dise\u00f1adas para ser resistentes al agua, lo que las hace adecuadas para su uso en diversos entornos, incluidos conciertos y eventos al aire libre donde puede haber exposici\u00f3n al agua.<\/p>\n<h3>4.\u00a0<strong>\u00bfSe pueden personalizar las pulseras?<\/strong><\/h3>\n<p>\u00a1Por supuesto! Las pulseras el\u00e1sticas NFC se pueden personalizar con su logotipo, colores y gr\u00e1ficos mediante impresi\u00f3n por transferencia t\u00e9rmica. Esta personalizaci\u00f3n es ideal para la marca y para mejorar la experiencia del evento.<\/p>","protected":false},"excerpt":{"rendered":"<p>El\u00a0<strong>Pulsera el\u00e1stica NFC para identificaci\u00f3n de acceso a conciertos<\/strong>\u00a0es una soluci\u00f3n de vanguardia dise\u00f1ada para optimizar el ingreso a eventos y mejorar la experiencia de los asistentes. Con tecnolog\u00eda RFID avanzada, estas pulseras personalizables e impermeables permiten un control de acceso sin inconvenientes y pagos sin efectivo, lo que las hace ideales para conciertos y festivales de cualquier escala.<\/p>","protected":false},"featured_media":3627,"template":"","meta":[],"product_brand":[],"product_cat":[50],"product_tag":[],"class_list":{"0":"post-3626","1":"product","2":"type-product","3":"status-publish","4":"has-post-thumbnail","6":"product_cat-silicone-rfid-nfc-wristbands","8":"first","9":"instock","10":"shipping-taxable","11":"product-type-simple"},"_links":{"self":[{"href":"https:\/\/nfc-readers.com\/es\/wp-json\/wp\/v2\/product\/3626","targetHints":{"allow":["GET"]}}],"collection":[{"href":"https:\/\/nfc-readers.com\/es\/wp-json\/wp\/v2\/product"}],"about":[{"href":"https:\/\/nfc-readers.com\/es\/wp-json\/wp\/v2\/types\/product"}],"wp:featuredmedia":[{"embeddable":true,"href":"https:\/\/nfc-readers.com\/es\/wp-json\/wp\/v2\/media\/3627"}],"wp:attachment":[{"href":"https:\/\/nfc-readers.com\/es\/wp-json\/wp\/v2\/media?parent=3626"}],"wp:term":[{"taxonomy":"product_brand","embeddable":true,"href":"https:\/\/nfc-readers.com\/es\/wp-json\/wp\/v2\/product_brand?post=3626"},{"taxonomy":"product_cat","embeddable":true,"href":"https:\/\/nfc-readers.com\/es\/wp-json\/wp\/v2\/product_cat?post=3626"},{"taxonomy":"product_tag","embeddable":true,"href":"https:\/\/nfc-readers.com\/es\/wp-json\/wp\/v2\/product_tag?post=3626"}],"curies":[{"name":"wp","href":"https:\/\/api.w.org\/{rel}","templated":true}]}}