{"id":3633,"date":"2024-11-08T04:33:33","date_gmt":"2024-11-08T04:33:33","guid":{"rendered":"https:\/\/nfc-readers.com\/?post_type=product&#038;p=3633"},"modified":"2024-11-08T04:33:34","modified_gmt":"2024-11-08T04:33:34","slug":"rfid-wristband-elastic-nfc-rfid-tag-access-control-identification","status":"publish","type":"product","link":"https:\/\/nfc-readers.com\/es\/ic-reader\/rfid-wristband-elastic-nfc-rfid-tag-access-control-identification\/","title":{"rendered":"Pulsera RFID Etiqueta RFID el\u00e1stica NFC Control de acceso Identificaci\u00f3n"},"content":{"rendered":"<h1 style=\"text-align: center;\"><strong>Pulsera RFID Etiqueta RFID el\u00e1stica NFC Control de acceso Identificaci\u00f3n<\/strong><\/h1>\n<p>El <strong>Pulsera RFID<\/strong>\u00a0est\u00e1 transformando la forma en que las organizaciones gestionan el control de acceso y la identificaci\u00f3n en eventos, festivales y recintos. Con su avanzada\u00a0<strong>Tecnolog\u00eda NFC<\/strong>,\u00a0<strong>materiales impermeables<\/strong>Esta pulsera el\u00e1stica, que cuenta con caracter\u00edsticas personalizables y no solo es funcional, sino que tambi\u00e9n est\u00e1 dise\u00f1ada para brindar durabilidad y estilo. Combina de manera eficiente medidas de seguridad con funciones f\u00e1ciles de usar, lo que ofrece a los organizadores de eventos una soluci\u00f3n optimizada para gestionar grandes multitudes y, al mismo tiempo, mejorar la experiencia de los invitados.<\/p>\n<p>&nbsp;<\/p>\n<h2><strong>\u00bfPor qu\u00e9 elegir la pulsera RFID?<\/strong><\/h2>\n<p>Invertir en una\u00a0<strong>Pulsera RFID<\/strong>\u00a0ofrece numerosos beneficios tanto para los organizadores como para los asistentes. Con funcionalidades que permiten\u00a0<strong>pagos sin efectivo<\/strong>\u00a0y\u00a0<strong>entrada r\u00e1pida<\/strong>Estas pulseras est\u00e1n dise\u00f1adas espec\u00edficamente para eventos que requieren mayor seguridad y eficiencia. Ya sea que est\u00e9s administrando un evento\u00a0<strong>festival de musica<\/strong>Ya sea una reuni\u00f3n corporativa o un parque tem\u00e1tico, la pulsera RFID ofrece un nivel de accesibilidad y seguridad que las entradas tradicionales no pueden proporcionar.<\/p>\n<h3>Beneficios del producto:<\/h3>\n<ul>\n<li><strong>Seguridad mejorada<\/strong>:La pulsera RFID garantiza que s\u00f3lo las personas autorizadas puedan entrar, lo que reduce el riesgo de acceso no autorizado.<\/li>\n<li><strong>Operaciones optimizadas<\/strong>:Facilita la entrada y salida r\u00e1pida, minimizando la congesti\u00f3n en los puntos de acceso.<\/li>\n<li><strong>Aplicaci\u00f3n vers\u00e1til<\/strong>:Adecuado para eventos de cualquier tama\u00f1o, desde festivales hasta control de acceso a gimnasios.<\/li>\n<li><strong>Marca personalizada<\/strong>:Personalice las pulseras con dise\u00f1os, logotipos y colores \u00fanicos para mejorar la visibilidad de la marca.<\/li>\n<\/ul>\n<p>&nbsp;<\/p>\n<h3><strong>Caracter\u00edsticas de la pulsera RFID<\/strong><\/h3>\n<p>El\u00a0<strong>Pulsera RFID<\/strong>\u00a0Cuenta con una gran cantidad de caracter\u00edsticas especiales dise\u00f1adas para garantizar un control de acceso impecable. Estas pulseras son\u00a0<strong>impermeable<\/strong>, garantizando un funcionamiento fiable incluso en condiciones meteorol\u00f3gicas impredecibles. Funcionando a una frecuencia de\u00a0<strong>13,56 MHz<\/strong>\u00a0y usando el\u00a0<strong>Protocolo ISO 14443A<\/strong>Estas pulseras utilizan\u00a0<strong>Chips NTAG213<\/strong>\u00a0con una capacidad de memoria de\u00a0<strong>144 bytes<\/strong>.<\/p>\n<p>La pulsera se comunica mediante\u00a0<strong>NFC<\/strong>\u00a0(Near Field Communication), que permite una r\u00e1pida interacci\u00f3n al ser escaneado por lectores RFID dentro de una distancia de lectura de\u00a0<strong>1-10 cent\u00edmetros<\/strong>Esto significa que los invitados pueden ingresar a los lugares r\u00e1pidamente con solo acercar su pulsera a un lector, lo que mejora significativamente el flujo de tr\u00e1fico en los puntos de entrada.<\/p>\n<p>&nbsp;<\/p>\n<h3><strong>Especificaciones t\u00e9cnicas<\/strong><\/h3>\n<table class=\"w-fit !mb-0 !max-w-none\" style=\"height: 463px;\" width=\"472\">\n<thead>\n<tr>\n<th><strong>Atributo<\/strong><\/th>\n<th><strong>Detalles<\/strong><\/th>\n<\/tr>\n<\/thead>\n<tbody>\n<tr>\n<td><strong>nombre del producto<\/strong><\/td>\n<td>Pulsera RFID<\/td>\n<\/tr>\n<tr>\n<td><strong>Nombre de la marca<\/strong><\/td>\n<td>Shunxin<\/td>\n<\/tr>\n<tr>\n<td><strong>N\u00famero de modelo<\/strong><\/td>\n<td>Pulsera SX<\/td>\n<\/tr>\n<tr>\n<td><strong>Material<\/strong><\/td>\n<td>Tela<\/td>\n<\/tr>\n<tr>\n<td><strong>Tama\u00f1o<\/strong><\/td>\n<td>180 * 20 mil\u00edmetros<\/td>\n<\/tr>\n<tr>\n<td><strong>Chip<\/strong><\/td>\n<td>NTAG213<\/td>\n<\/tr>\n<tr>\n<td><strong>Memoria<\/strong><\/td>\n<td>144 bytes<\/td>\n<\/tr>\n<tr>\n<td><strong>Interface de comunicaci\u00f3n<\/strong><\/td>\n<td>RFID, NFC<\/td>\n<\/tr>\n<tr>\n<td><strong>Frecuencia<\/strong><\/td>\n<td>13,56 MHz<\/td>\n<\/tr>\n<tr>\n<td><strong>Protocolo<\/strong><\/td>\n<td>ISO 14443A<\/td>\n<\/tr>\n<tr>\n<td><strong>Distancia de lectura<\/strong><\/td>\n<td>1 \u2013 10 cm<\/td>\n<\/tr>\n<tr>\n<td><strong>Plazo de entrega<\/strong><\/td>\n<td>8 \u2013 12 d\u00edas laborables<\/td>\n<\/tr>\n<tr>\n<td><strong>Impresi\u00f3n<\/strong><\/td>\n<td>Impresi\u00f3n por transferencia t\u00e9rmica<\/td>\n<\/tr>\n<tr>\n<td><strong>Embalaje<\/strong><\/td>\n<td>200 piezas\/caja interior, 25 cajas\/cart\u00f3n<\/td>\n<\/tr>\n<tr>\n<td><strong>Tama\u00f1o de la caja<\/strong><\/td>\n<td>48 * 22,5 * 30 cm<\/td>\n<\/tr>\n<tr>\n<td><strong>Peso bruto<\/strong><\/td>\n<td>0,010 kilogramos<\/td>\n<\/tr>\n<tr>\n<td><strong>Tama\u00f1o de paquete \u00fanico<\/strong><\/td>\n<td>35 * 1,5 * 0,02 cm<\/td>\n<\/tr>\n<\/tbody>\n<\/table>\n<p>&nbsp;<\/p>\n<h2><strong>Preguntas frecuentes (FAQ)<\/strong><\/h2>\n<h3>1. \u00bfQu\u00e9 es una pulsera RFID?<\/h3>\n<p>Un\u00a0<strong>Pulsera RFID<\/strong>\u00a0es un dispositivo port\u00e1til equipado con tecnolog\u00eda de identificaci\u00f3n por radiofrecuencia (RFID), utilizado principalmente para control de acceso, pagos sin efectivo e identificaci\u00f3n en eventos como conciertos, festivales y lugares recreativos.<\/p>\n<h3>2. \u00bfC\u00f3mo funciona la tecnolog\u00eda RFID?<\/h3>\n<p>La tecnolog\u00eda RFID utiliza ondas de radio para transmitir datos desde la pulsera a un lector. Cuando la pulsera se acerca a la distancia de lectura (1-10 cm), se comunica autom\u00e1ticamente con el lector, lo que permite un acceso o transacciones r\u00e1pidas y seguras.<\/p>\n<h3>3. \u00bfCu\u00e1les son los beneficios de utilizar pulseras RFID frente a los billetes tradicionales?<\/h3>\n<p>Las pulseras RFID ofrecen varias ventajas:<\/p>\n<ul>\n<li><strong>Entrada m\u00e1s r\u00e1pida<\/strong>:Los asistentes pueden acercar sus pulseras para acceder r\u00e1pidamente, reduciendo las colas y los tiempos de espera.<\/li>\n<li><strong>Seguridad mejorada<\/strong>:Las personas no autorizadas no pueden utilizar pulseras RFID, ya que cada pulsera tiene un c\u00f3digo \u00fanico.<\/li>\n<li><strong>Transacciones sin efectivo<\/strong>:Muchas pulseras permiten pagos sin efectivo de alimentos, mercanc\u00edas y servicios, mejorando la experiencia del usuario.<\/li>\n<li><strong>Recopilaci\u00f3n de datos<\/strong>:Los organizadores de eventos pueden recopilar an\u00e1lisis valiosos sobre el comportamiento y las preferencias de los visitantes.<\/li>\n<\/ul>\n<h3>4. \u00bfLas pulseras RFID son impermeables?<\/h3>\n<p>S\u00ed, nuestras pulseras RFID est\u00e1n dise\u00f1adas para ser\u00a0<strong>impermeable<\/strong>\u00a0y\u00a0<strong>a prueba de la intemperie<\/strong>, lo que los hace adecuados para eventos y actividades al aire libre.<\/p>","protected":false},"excerpt":{"rendered":"<p>La pulsera RFID combina la comodidad el\u00e1stica con la tecnolog\u00eda NFC avanzada para un control de acceso e identificaci\u00f3n eficientes. Perfecta para eventos, ofrece seguridad y comodidad en un dise\u00f1o personalizable.<\/p>","protected":false},"featured_media":3634,"template":"","meta":[],"product_brand":[],"product_cat":[50],"product_tag":[],"class_list":{"0":"post-3633","1":"product","2":"type-product","3":"status-publish","4":"has-post-thumbnail","6":"product_cat-silicone-rfid-nfc-wristbands","8":"first","9":"instock","10":"shipping-taxable","11":"product-type-simple"},"_links":{"self":[{"href":"https:\/\/nfc-readers.com\/es\/wp-json\/wp\/v2\/product\/3633","targetHints":{"allow":["GET"]}}],"collection":[{"href":"https:\/\/nfc-readers.com\/es\/wp-json\/wp\/v2\/product"}],"about":[{"href":"https:\/\/nfc-readers.com\/es\/wp-json\/wp\/v2\/types\/product"}],"wp:featuredmedia":[{"embeddable":true,"href":"https:\/\/nfc-readers.com\/es\/wp-json\/wp\/v2\/media\/3634"}],"wp:attachment":[{"href":"https:\/\/nfc-readers.com\/es\/wp-json\/wp\/v2\/media?parent=3633"}],"wp:term":[{"taxonomy":"product_brand","embeddable":true,"href":"https:\/\/nfc-readers.com\/es\/wp-json\/wp\/v2\/product_brand?post=3633"},{"taxonomy":"product_cat","embeddable":true,"href":"https:\/\/nfc-readers.com\/es\/wp-json\/wp\/v2\/product_cat?post=3633"},{"taxonomy":"product_tag","embeddable":true,"href":"https:\/\/nfc-readers.com\/es\/wp-json\/wp\/v2\/product_tag?post=3633"}],"curies":[{"name":"wp","href":"https:\/\/api.w.org\/{rel}","templated":true}]}}