{"id":3640,"date":"2024-11-08T04:40:44","date_gmt":"2024-11-08T04:40:44","guid":{"rendered":"https:\/\/nfc-readers.com\/?post_type=product&#038;p=3640"},"modified":"2024-11-08T04:40:44","modified_gmt":"2024-11-08T04:40:44","slug":"silicone-wristband-rfid-locker-silicone-wristband","status":"publish","type":"product","link":"https:\/\/nfc-readers.com\/es\/ic-reader\/silicone-wristband-rfid-locker-silicone-wristband\/","title":{"rendered":"Pulsera de silicona RFID Locker Pulsera de silicona"},"content":{"rendered":"<h1 style=\"text-align: center;\"><strong>Pulsera de silicona RFID Locker Pulsera de silicona<\/strong><\/h1>\n<p>&nbsp;<\/p>\n<p>En el acelerado mundo digital de hoy, las soluciones de control de acceso efectivas son fundamentales para eventos, lugares y organizaciones. <strong>Pulsera RFID de silicona<\/strong>\u00a0No es solo un accesorio de moda, sino una puerta de entrada a una mayor seguridad, eficiencia y comodidad. Dise\u00f1adas con tecnolog\u00eda RFID de vanguardia, nuestras pulseras garantizan un control de acceso sin inconvenientes y, al mismo tiempo, brindan una opci\u00f3n resistente al agua y duradera para diversas aplicaciones. Ya sea para un festival de m\u00fasica, un parque de diversiones o un evento corporativo, estas pulseras son imprescindibles.<\/p>\n<p>&nbsp;<\/p>\n<h3><strong>\u00bfPor qu\u00e9 elegir nuestra pulsera RFID de silicona?<\/strong><\/h3>\n<p>Nuestro\u00a0<strong>pulseras RFID<\/strong>\u00a0Combine funcionalidad y estilo para garantizar que su evento o instalaci\u00f3n funcione de manera fluida y segura. Con caracter\u00edsticas como logotipos personalizables y s\u00f3lidas capacidades RFID, estas pulseras son perfectas para mejorar la experiencia del usuario y, al mismo tiempo, mantener altos niveles de seguridad. Las pulseras no solo son impermeables, sino que tambi\u00e9n est\u00e1n dise\u00f1adas para una alta durabilidad, lo que significa que resistir\u00e1n los rigores de cualquier evento. Si est\u00e1 buscando una soluci\u00f3n eficaz y elegante para\u00a0<strong>control de acceso<\/strong>\u00a1No busques m\u00e1s!<\/p>\n<p>&nbsp;<\/p>\n<h2>Beneficios de utilizar pulseras RFID de silicona<\/h2>\n<h3>Seguridad mejorada<\/h3>\n<p>Una de las ventajas m\u00e1s fuertes de nuestra\u00a0<strong>Pulseras RFID de silicona<\/strong>\u00a0es la mayor seguridad que brindan. Con\u00a0<strong>A prueba de manipulaciones<\/strong>\u00a0Estas pulseras, dise\u00f1adas para personas no autorizadas, ayudan a garantizar que no puedan acceder a \u00e1reas restringidas. Adem\u00e1s, la tecnolog\u00eda RFID permite el seguimiento y la recopilaci\u00f3n de datos en tiempo real, lo que facilita el control de asistencia y movimientos.<\/p>\n<h3>Experiencia f\u00e1cil de usar<\/h3>\n<p>Nuestro\u00a0<strong>pulseras RFID<\/strong>\u00a0Son excepcionalmente f\u00e1ciles de usar. Con un simple movimiento de mu\u00f1eca, los usuarios pueden acceder a \u00e1reas VIP, sistemas de pago sin efectivo y m\u00e1s. Esta caracter\u00edstica no solo mejora la experiencia general del hu\u00e9sped, sino que tambi\u00e9n fomenta un entorno m\u00e1s atractivo e interactivo.<\/p>\n<p>&nbsp;<\/p>\n<hr \/>\n<h2>Caracter\u00edsticas principales de las pulseras RFID ShunXin<\/h2>\n<h3>Dise\u00f1o resistente al agua y a la intemperie<\/h3>\n<p>Dise\u00f1adas para soportar condiciones ambientales variables, nuestras pulseras cuentan con un dise\u00f1o resistente al agua y a la intemperie. Esto las hace adecuadas para eventos al aire libre como festivales y parques acu\u00e1ticos, lo que garantiza durabilidad y confiabilidad independientemente del clima.<\/p>\n<h3>Opciones de personalizaci\u00f3n<\/h3>\n<p>La personalizaci\u00f3n es clave cuando se trata de\u00a0<strong>Pulseras RFID personalizadas<\/strong>Nuestras pulseras se pueden personalizar con logotipos y colores, lo que le ayudar\u00e1 a promocionar su marca y, al mismo tiempo, a mejorar la seguridad. La posibilidad de imprimir dise\u00f1os exclusivos hace que estas pulseras sean una excelente opci\u00f3n para eventos corporativos y ocasiones especiales.<\/p>\n<p>&nbsp;<\/p>\n<h2>Especificaciones t\u00e9cnicas<\/h2>\n<table class=\"w-fit !mb-0 !max-w-none\" style=\"height: 266px;\" width=\"401\">\n<thead>\n<tr>\n<th>Especificaci\u00f3n<\/th>\n<th>Detalle<\/th>\n<\/tr>\n<\/thead>\n<tbody>\n<tr>\n<td><strong>nombre del producto<\/strong><\/td>\n<td>Pulsera RFID<\/td>\n<\/tr>\n<tr>\n<td><strong>Nombre de la marca<\/strong><\/td>\n<td>Shun Xin<\/td>\n<\/tr>\n<tr>\n<td><strong>N\u00famero de modelo<\/strong><\/td>\n<td>SX-008<\/td>\n<\/tr>\n<tr>\n<td><strong>Material<\/strong><\/td>\n<td>Silicona<\/td>\n<\/tr>\n<tr>\n<td><strong>Frecuencia<\/strong><\/td>\n<td>13,56 MHz<\/td>\n<\/tr>\n<tr>\n<td><strong>Chip<\/strong><\/td>\n<td>Ic\u00f3digoslix<\/td>\n<\/tr>\n<tr>\n<td><strong>Distancia de lectura<\/strong><\/td>\n<td>1-30 cent\u00edmetros<\/td>\n<\/tr>\n<tr>\n<td><strong>Tama\u00f1o<\/strong><\/td>\n<td>Tama\u00f1o personalizado<\/td>\n<\/tr>\n<tr>\n<td><strong>Logo<\/strong><\/td>\n<td>Se acepta logotipo personalizado<\/td>\n<\/tr>\n<\/tbody>\n<\/table>\n<p>&nbsp;<\/p>\n<h3><strong>Preguntas frecuentes sobre las pulseras RFID de silicona<\/strong><\/h3>\n<h3>1. \u00bfPara qu\u00e9 se utilizan las pulseras RFID de silicona?<\/h3>\n<p>Las pulseras RFID de silicona se utilizan principalmente para el control de acceso en eventos, festivales, parques de atracciones y funciones corporativas. Facilitan el ingreso, los pagos sin efectivo, la recopilaci\u00f3n de datos y las medidas de seguridad mejoradas.<\/p>\n<h3>2. \u00bfLas pulseras RFID de silicona son impermeables?<\/h3>\n<p>S\u00ed, nuestras pulseras RFID de silicona est\u00e1n dise\u00f1adas para ser resistentes al agua y a la intemperie, lo que las hace adecuadas para eventos al aire libre y escenarios donde es probable la exposici\u00f3n al agua.<\/p>\n<h3>3. \u00bfQu\u00e9 tan personalizables son las pulseras?<\/h3>\n<p>Nuestras pulseras se pueden personalizar con logotipos, colores y tama\u00f1os para satisfacer sus necesidades espec\u00edficas de marca. Esta opci\u00f3n de personalizaci\u00f3n garantiza que su marca se destaque en cualquier evento.<\/p>\n<h3>4. \u00bfCu\u00e1l es la distancia de lectura de las pulseras RFID?<\/h3>\n<p>La distancia de lectura de nuestras pulseras RFID de silicona suele estar entre 1 y 10 cent\u00edmetros, lo que permite una recuperaci\u00f3n de acceso r\u00e1pida y eficiente al escanearlas.<\/p>","protected":false},"excerpt":{"rendered":"<div class=\"chat-list relative custom-scrollbar-reset-margin custom-scrollbar custom-scrollbar-hidden custom-scrollbar-float pb-9 flex-1 overflow-y-auto\">\n<div class=\"mx-auto max-w-[790px]\">\n<div class=\"message-item-outer relative px-4 mb-2\" data-id=\"89b7e141-4a8f-450b-a58e-15b6a9288c93\">\n<div class=\"content-area pl-[0px]\">\n<div class=\"message-item select-text relative\">\n<div class=\"message-inner relative\">\n<div class=\"py-[2px]\">\n<div class=\"flex flex-col gap-2\">\n<div class=\"answer-markdown-box overflow-x-auto select-text custom-scrollbar\">\n<div class=\"markdown-body\"><\/div>\n<\/div>\n<\/div>\n<\/div>\n<\/div>\n<\/div>\n<\/div>\n<\/div>\n<\/div>\n<\/div>\n<div>\n<div class=\"input-box relative max-w-[790px] mx-auto\">\n<div class=\"chat-input-box relative bg-grey-layer2-normal px-3 max-w-[790px] mx-auto pb-1\">\n<div class=\"main-input-area\">\n<div class=\"chat-input-top-bar gap-2 py-2 flex justify-start items-center\">\n<div class=\"flex gap-[6px] min-w-[90px] max-w-[calc(100%-40px)]\">\n<div class=\"flex gap-0\">\n<div class=\"topbar-btn h-[30px] w-[30px] text-text-primary-1 flex overflow-hidden  items-center justify-center text-xs leading-4 rounded-lg model-btn model-btn-no-bg\" role=\"button\">El <strong>Taquilla con pulsera RFID de silicona<\/strong>\u00a0Combina un dise\u00f1o elegante y tecnolog\u00eda RFID avanzada para brindar un acceso seguro y conveniente a los sistemas de casilleros. Perfecta para gimnasios, parques acu\u00e1ticos y eventos, esta pulsera duradera garantiza un acceso sin esfuerzo y mejora la experiencia del usuario con su ajuste c\u00f3modo y opciones personalizables.<\/div>\n<\/div>\n<\/div>\n<\/div>\n<\/div>\n<\/div>\n<\/div>\n<\/div>","protected":false},"featured_media":3641,"template":"","meta":[],"product_brand":[],"product_cat":[50],"product_tag":[],"class_list":{"0":"post-3640","1":"product","2":"type-product","3":"status-publish","4":"has-post-thumbnail","6":"product_cat-silicone-rfid-nfc-wristbands","8":"first","9":"instock","10":"shipping-taxable","11":"product-type-simple"},"_links":{"self":[{"href":"https:\/\/nfc-readers.com\/es\/wp-json\/wp\/v2\/product\/3640","targetHints":{"allow":["GET"]}}],"collection":[{"href":"https:\/\/nfc-readers.com\/es\/wp-json\/wp\/v2\/product"}],"about":[{"href":"https:\/\/nfc-readers.com\/es\/wp-json\/wp\/v2\/types\/product"}],"wp:featuredmedia":[{"embeddable":true,"href":"https:\/\/nfc-readers.com\/es\/wp-json\/wp\/v2\/media\/3641"}],"wp:attachment":[{"href":"https:\/\/nfc-readers.com\/es\/wp-json\/wp\/v2\/media?parent=3640"}],"wp:term":[{"taxonomy":"product_brand","embeddable":true,"href":"https:\/\/nfc-readers.com\/es\/wp-json\/wp\/v2\/product_brand?post=3640"},{"taxonomy":"product_cat","embeddable":true,"href":"https:\/\/nfc-readers.com\/es\/wp-json\/wp\/v2\/product_cat?post=3640"},{"taxonomy":"product_tag","embeddable":true,"href":"https:\/\/nfc-readers.com\/es\/wp-json\/wp\/v2\/product_tag?post=3640"}],"curies":[{"name":"wp","href":"https:\/\/api.w.org\/{rel}","templated":true}]}}