{"id":3647,"date":"2024-11-08T04:47:36","date_gmt":"2024-11-08T04:47:36","guid":{"rendered":"https:\/\/nfc-readers.com\/?post_type=product&#038;p=3647"},"modified":"2024-11-08T04:47:36","modified_gmt":"2024-11-08T04:47:36","slug":"custom-laser-logo-waterproof-silicone-m1-nfc-rubber-wristband","status":"publish","type":"product","link":"https:\/\/nfc-readers.com\/es\/ic-reader\/custom-laser-logo-waterproof-silicone-m1-nfc-rubber-wristband\/","title":{"rendered":"Pulsera de silicona NFC M1 con logotipo l\u00e1ser personalizado, resistente al agua"},"content":{"rendered":"<h1 style=\"text-align: center;\"><strong>Pulsera de silicona NFC M1 con logotipo l\u00e1ser personalizado, resistente al agua<\/strong><\/h1>\n<p>&nbsp;<\/p>\n<p>El <strong>Pulsera NFC de silicona resistente al agua con logotipo l\u00e1ser personalizado M1<\/strong>\u00a0es una soluci\u00f3n de \u00faltima generaci\u00f3n para quienes buscan una combinaci\u00f3n ideal de funcionalidad, estilo y marca. Fabricada en silicona duradera, esta pulsera RFID integra a la perfecci\u00f3n la tecnolog\u00eda NFC avanzada, lo que ofrece una experiencia de usuario perfecta en el control de acceso y las transacciones sin efectivo. Con opciones de logotipo personalizables, no solo sirve como un accesorio pr\u00e1ctico, sino tambi\u00e9n como una oportunidad de marca para eventos, conciertos y festivales.<\/p>\n<p>En un mundo en el que la comodidad y la seguridad van de la mano, invertir en nuestras pulseras NFC eleva la funcionalidad de sus eventos y garantiza una apariencia profesional. Ya sea que est\u00e9 buscando mejorar sus sistemas de control de acceso o crear experiencias de marca memorables para sus invitados, esta pulsera es la opci\u00f3n perfecta. Es resistente al agua y est\u00e1 dise\u00f1ada para soportar una variedad de condiciones al aire libre, lo que la hace adecuada para varios eventos.<\/p>\n<p>&nbsp;<\/p>\n<h2>Caracter\u00edsticas del producto<\/h2>\n<p>El\u00a0<strong>Pulsera de silicona con NFC M1<\/strong>\u00a0Cuenta con una variedad de caracter\u00edsticas que satisfacen tanto a los usuarios individuales como a las organizaciones que buscan mejorar sus experiencias en eventos.<\/p>\n<p><strong>1. Dise\u00f1o resistente al agua y a la intemperie:<\/strong><br \/>\nA diferencia de las pulseras tradicionales, esta pulsera RFID de silicona garantiza que sus datos permanezcan seguros e intactos, incluso en condiciones de humedad. Esta caracter\u00edstica es crucial para eventos que se realizan en condiciones clim\u00e1ticas impredecibles o para actividades que involucran agua, como parques acu\u00e1ticos o festivales de m\u00fasica.<\/p>\n<p><strong>2. Distancia de lectura superior:<\/strong><br \/>\nEstas pulseras, respaldadas por la tecnolog\u00eda RFID, tienen una distancia de lectura de entre 1 y 10 cm, lo que permite un escaneo y acceso r\u00e1pidos. Ya sea que est\u00e9s gestionando una gran multitud en un festival o asegurando un ingreso f\u00e1cil a un lugar,\u00a0<strong>Tecnolog\u00eda de pulseras RFID<\/strong>\u00a0funciona sin problemas para reducir los tiempos de espera y mejorar las experiencias de los hu\u00e9spedes.<\/p>\n<p>&nbsp;<\/p>\n<h2>Material y dise\u00f1o<\/h2>\n<p>Fabricado con materiales de alta calidad.\u00a0<strong>silicona<\/strong>Esta pulsera ofrece flexibilidad y comodidad para el usuario. Su dise\u00f1o liviano la hace adecuada para un uso prolongado sin molestias. Adem\u00e1s, la\u00a0<strong>personalizable<\/strong>\u00a0La naturaleza de la pulsera significa que se puede adaptar para adaptarse a cualquier requisito de tama\u00f1o, lo que la hace ideal para varios usuarios, desde ni\u00f1os hasta adultos.<\/p>\n<ul>\n<li><strong>C\u00f3modo de llevar:<\/strong>\u00a0A diferencia de las pulseras de vinilo o tela, la silicona es suave al contacto con la piel, lo que la hace ideal para usarla durante todo el d\u00eda.<\/li>\n<li><strong>Material resistente:<\/strong>\u00a0La durabilidad de la silicona garantiza que tu pulsera no se da\u00f1e f\u00e1cilmente, lo que es particularmente importante para eventos que duran varios d\u00edas.<\/li>\n<\/ul>\n<p>&nbsp;<\/p>\n<h2>Tecnolog\u00eda NFC y RFID<\/h2>\n<p>Combinando ambos\u00a0<strong>NFC<\/strong>\u00a0y\u00a0<strong>RFID<\/strong>\u00a0capacidades, esta pulsera refleja los \u00faltimos avances en\u00a0<strong>Tecnolog\u00eda RFID<\/strong>.<\/p>\n<ul>\n<li><strong>Frecuencia:<\/strong>\u00a0Operando a una frecuencia de\u00a0<strong>13,56 MHz<\/strong>Estas pulseras aprovechan la comunicaci\u00f3n basada en la proximidad y se pueden programar para diversas aplicaciones, desde pagos sin efectivo hasta control de acceso.<\/li>\n<li><strong>Cumplimiento del protocolo:<\/strong>\u00a0Las pulseras se adhieren a\u00a0<strong>ISO 14443A<\/strong>\u00a0Protocolo NFC, que garantiza la compatibilidad con una amplia gama de lectores NFC. Esto ofrece a los usuarios la libertad de uso en m\u00faltiples plataformas, lo que lo convierte en un recurso invaluable para diferentes tipos de eventos.<\/li>\n<\/ul>\n<p>&nbsp;<\/p>\n<h2>Opciones de marca personalizada<\/h2>\n<p>Nuestras pulseras pueden incorporar una\u00a0<strong>logotipo personalizado<\/strong>, permitiendo a las empresas mejorar la visibilidad de su marca en cualquier entorno.<\/p>\n<ul>\n<li><strong>Serigraf\u00eda:<\/strong>\u00a0Su logotipo puede mostrarse de forma destacada en la pulsera mediante t\u00e9cnicas de serigraf\u00eda de alta calidad. Esto no solo garantiza colores vibrantes, sino tambi\u00e9n una mayor durabilidad frente al desgaste.<\/li>\n<li><strong>Personalizaci\u00f3n l\u00e1ser:<\/strong>\u00a0Adem\u00e1s, ofrecemos grabado l\u00e1ser personalizado para una soluci\u00f3n de marca m\u00e1s permanente, garantizando que su logotipo se destaque de manera efectiva.<\/li>\n<\/ul>\n<p>&nbsp;<\/p>\n<h2>Aplicaciones de la pulsera<\/h2>\n<p>El\u00a0<strong>Pulsera NFC de silicona resistente al agua con logotipo l\u00e1ser personalizado M1<\/strong>\u00a0Es vers\u00e1til y aplicable en numerosas industrias y eventos.<\/p>\n<ul>\n<li><strong>Sistemas de control de acceso:<\/strong>\u00a0Ideal para\u00a0<strong>organizadores de eventos<\/strong>Estas pulseras agilizan los procesos de entrada, permitiendo\u00a0<strong>control de acceso r\u00e1pido<\/strong>\u00a0y mayor seguridad mediante dise\u00f1os a prueba de manipulaciones.<\/li>\n<li><strong>Pagos sin efectivo:<\/strong>\u00a0Con el aumento de las transacciones sin efectivo, el uso de la tecnolog\u00eda NFC permite un flujo fluido en los puntos de venta, reduciendo la necesidad de efectivo y mejorando la velocidad de las transacciones.<\/li>\n<\/ul>\n<p>&nbsp;<\/p>\n<h2>Preguntas frecuentes (FAQ)<\/h2>\n<p>A continuaci\u00f3n se presentan algunas preguntas y respuestas comunes sobre el\u00a0<strong>Pulsera NFC de silicona resistente al agua con logotipo l\u00e1ser personalizado M1<\/strong>Si tienes m\u00e1s preguntas, \u00a1no dudes en contactarnos!<\/p>\n<h3>1.\u00a0<strong>\u00bfCu\u00e1l es el uso principal de las pulseras RFID?<\/strong><\/h3>\n<p>Las pulseras RFID se utilizan principalmente para el control de acceso, los pagos sin efectivo y la gesti\u00f3n de invitados en eventos como conciertos, festivales y parques acu\u00e1ticos. Ayudan a agilizar las operaciones, minimizar los tiempos de espera y mejorar la experiencia general de los invitados.<\/p>\n<h3>2.\u00a0<strong>\u00bfPodemos personalizar las pulseras?<\/strong><\/h3>\n<p>\u00a1S\u00ed! Nuestras pulseras se pueden personalizar completamente con su logotipo o mensaje de marca. Ofrecemos opciones de serigraf\u00eda y grabado l\u00e1ser para satisfacer sus necesidades de marca.<\/p>\n<h3>3.\u00a0<strong>\u00bfDe qu\u00e9 materiales est\u00e1n hechas las pulseras?<\/strong><\/h3>\n<p>Las pulseras est\u00e1n hechas de silicona suave de alta calidad, lo que garantiza la comodidad durante mucho tiempo. Tambi\u00e9n son impermeables y resistentes a la intemperie, lo que las hace adecuadas para exteriores y entornos desafiantes.<\/p>\n<h3>4.\u00a0<strong>\u00bfQu\u00e9 tecnolog\u00eda utilizan estas pulseras?<\/strong><\/h3>\n<p>Las pulseras utilizan ambos\u00a0<strong>NFC (comunicaci\u00f3n de campo cercano)<\/strong>\u00a0y\u00a0<strong>RFID (Identificaci\u00f3n por radiofrecuencia)<\/strong>\u00a0tecnolog\u00eda, que opera a una frecuencia de\u00a0<strong>13,56 MHz<\/strong>Esto permite un escaneo r\u00e1pido y eficiente.<\/p>\n<h3>5.\u00a0<strong>\u00bfC\u00f3mo puedo asegurarme de que las pulseras se ajusten a diferentes usuarios?<\/strong><\/h3>\n<p>Ofrecemos tama\u00f1os personalizables para garantizar que las pulseras se adapten c\u00f3modamente a distintos usuarios. El material de silicona flexible tambi\u00e9n se adapta a una variedad de tama\u00f1os de mu\u00f1eca.<\/p>\n<p>&nbsp;<\/p>","protected":false},"excerpt":{"rendered":"<p>La pulsera NFC de silicona resistente al agua con logotipo l\u00e1ser personalizado M1 combina durabilidad con tecnolog\u00eda NFC avanzada, lo que la hace ideal para eventos y transacciones sin efectivo. \u00a1Personal\u00edcela con su logotipo para mejorar la imagen de su marca y la visibilidad!<\/p>","protected":false},"featured_media":3648,"template":"","meta":[],"product_brand":[],"product_cat":[50],"product_tag":[],"class_list":{"0":"post-3647","1":"product","2":"type-product","3":"status-publish","4":"has-post-thumbnail","6":"product_cat-silicone-rfid-nfc-wristbands","8":"first","9":"instock","10":"shipping-taxable","11":"product-type-simple"},"_links":{"self":[{"href":"https:\/\/nfc-readers.com\/es\/wp-json\/wp\/v2\/product\/3647","targetHints":{"allow":["GET"]}}],"collection":[{"href":"https:\/\/nfc-readers.com\/es\/wp-json\/wp\/v2\/product"}],"about":[{"href":"https:\/\/nfc-readers.com\/es\/wp-json\/wp\/v2\/types\/product"}],"wp:featuredmedia":[{"embeddable":true,"href":"https:\/\/nfc-readers.com\/es\/wp-json\/wp\/v2\/media\/3648"}],"wp:attachment":[{"href":"https:\/\/nfc-readers.com\/es\/wp-json\/wp\/v2\/media?parent=3647"}],"wp:term":[{"taxonomy":"product_brand","embeddable":true,"href":"https:\/\/nfc-readers.com\/es\/wp-json\/wp\/v2\/product_brand?post=3647"},{"taxonomy":"product_cat","embeddable":true,"href":"https:\/\/nfc-readers.com\/es\/wp-json\/wp\/v2\/product_cat?post=3647"},{"taxonomy":"product_tag","embeddable":true,"href":"https:\/\/nfc-readers.com\/es\/wp-json\/wp\/v2\/product_tag?post=3647"}],"curies":[{"name":"wp","href":"https:\/\/api.w.org\/{rel}","templated":true}]}}