{"id":3667,"date":"2024-11-10T06:11:18","date_gmt":"2024-11-10T06:11:18","guid":{"rendered":"https:\/\/nfc-readers.com\/?post_type=product&#038;p=3667"},"modified":"2024-11-10T06:11:19","modified_gmt":"2024-11-10T06:11:19","slug":"custom-nfc-sticker-for-brand-authentication-anti-counterfeiting","status":"publish","type":"product","link":"https:\/\/nfc-readers.com\/es\/ic-reader\/custom-nfc-sticker-for-brand-authentication-anti-counterfeiting\/","title":{"rendered":"Etiqueta NFC personalizada para autenticaci\u00f3n de marca y antifalsificaci\u00f3n"},"content":{"rendered":"<h1 style=\"text-align: center;\"><strong>Etiqueta NFC personalizada para autenticaci\u00f3n de marca y antifalsificaci\u00f3n<\/strong><\/h1>\n<p>En el mercado actual, que evoluciona r\u00e1pidamente, garantizar la legitimidad de los productos se ha vuelto m\u00e1s importante que nunca. Las etiquetas NFC personalizadas son una soluci\u00f3n innovadora para la autenticaci\u00f3n de marcas y las medidas contra la falsificaci\u00f3n. Estas etiquetas avanzadas aprovechan la tecnolog\u00eda de comunicaci\u00f3n de campo cercano (NFC) para proporcionar un proceso de verificaci\u00f3n sin problemas, lo que mejora la integridad de la marca y la confianza del cliente. Este producto no solo sirve como medida de seguridad, sino que tambi\u00e9n facilita una experiencia atractiva para el cliente. Con una gama de opciones personalizables, estas etiquetas NFC son una inversi\u00f3n valiosa para cualquier empresa que busque proteger su identidad de marca.<\/p>\n<p>&nbsp;<\/p>\n<h2>\u00bfPor qu\u00e9 elegir pegatinas NFC personalizadas?<\/h2>\n<p>Las etiquetas NFC personalizadas ofrecen numerosos beneficios que las convierten en una valiosa incorporaci\u00f3n al arsenal de seguridad de su marca. Al integrar la tecnolog\u00eda NFC, estas etiquetas permiten una autenticaci\u00f3n r\u00e1pida y sencilla a trav\u00e9s de tel\u00e9fonos inteligentes y dispositivos habilitados para NFC. Con caracter\u00edsticas como durabilidad a prueba de agua, varios tama\u00f1os y formas y opciones de impresi\u00f3n personalizables, estas etiquetas no solo refuerzan la seguridad, sino que tambi\u00e9n mejoran la apariencia de sus productos.<\/p>\n<p>La inversi\u00f3n en etiquetas NFC personalizadas puede reducir significativamente el riesgo de falsificaci\u00f3n, lo que brinda a los consumidores la confianza de la autenticidad de sus compras. Al brindar informaci\u00f3n transparente sobre el origen del producto y los detalles de fabricaci\u00f3n, estas etiquetas tambi\u00e9n pueden mejorar la experiencia y el compromiso del consumidor.<\/p>\n<p>&nbsp;<\/p>\n<h2>Caracter\u00edsticas de las pegatinas NFC personalizadas<\/h2>\n<h3>Tecnolog\u00eda avanzada y seguridad<\/h3>\n<p>Las etiquetas NFC personalizadas est\u00e1n equipadas con tecnolog\u00eda de vanguardia, como interfaces de comunicaci\u00f3n RFID, lo que las hace excepcionalmente eficientes en la autenticaci\u00f3n de marca.\u00a0<strong>NXP NTAG213<\/strong>\u00a0chip, estas pegatinas funcionan a una frecuencia de\u00a0<strong>13,56 MHz<\/strong>, lo que garantiza una conexi\u00f3n fiable con otros dispositivos habilitados para NFC. Ya sea que se coloquen en el embalaje o en las etiquetas de los productos, estas pegatinas proporcionan una soluci\u00f3n sofisticada para combatir la falsificaci\u00f3n con un m\u00ednimo esfuerzo.<\/p>\n<h3>Aplicaciones vers\u00e1tiles<\/h3>\n<p>La versatilidad de las etiquetas NFC personalizadas las hace adecuadas para una amplia gama de industrias, desde art\u00edculos de lujo hasta productos electr\u00f3nicos de consumo. Se pueden colocar en varias superficies, incluidas\u00a0<strong>PVC, PET<\/strong>y metal, lo que permite a las empresas incorporarlos a su marca sin problemas. Las empresas pueden elegir entre varios dise\u00f1os, incluidos\u00a0<strong>redondo, cuadrado<\/strong>y configuraciones personalizadas, para adaptarse mejor a la est\u00e9tica de su producto.<\/p>\n<h2>2. Durabilidad y facilidad de uso<\/h2>\n<h3>Dise\u00f1o resistente al agua y a la intemperie<\/h3>\n<p>Cuando se trata del etiquetado de productos, la durabilidad es primordial. Las etiquetas NFC personalizadas est\u00e1n dise\u00f1adas para soportar condiciones ambientales adversas.\u00a0<strong>impermeable<\/strong>\u00a0y\u00a0<strong>a prueba de la intemperie<\/strong>\u00a0Sus caracter\u00edsticas las hacen ideales para aplicaciones en exteriores o productos expuestos a la humedad. Esto garantiza que la tecnolog\u00eda NFC se mantenga completamente operativa, independientemente del entorno externo, protegiendo la integridad de su marca.<\/p>\n<h3>Interfaz f\u00e1cil de usar<\/h3>\n<p>La simplicidad de usar pegatinas NFC personalizadas es otra ventaja importante. Los clientes pueden autenticar f\u00e1cilmente los productos tocando su\u00a0<strong>Tel\u00e9fonos inteligentes con tecnolog\u00eda NFC<\/strong>\u00a0contra la etiqueta. Esta interacci\u00f3n intuitiva elimina procesos complejos, lo que permite a los usuarios verificar la autenticidad y acceder r\u00e1pidamente a informaci\u00f3n adicional del producto. Como resultado, esto aumenta la satisfacci\u00f3n y el compromiso del cliente.<\/p>\n<p>&nbsp;<\/p>\n<p>&nbsp;<\/p>\n<h2>Especificaciones t\u00e9cnicas<\/h2>\n<table class=\"w-fit !mb-0 !max-w-none\">\n<thead>\n<tr>\n<th>Especificaci\u00f3n<\/th>\n<th>Detalle<\/th>\n<\/tr>\n<\/thead>\n<tbody>\n<tr>\n<td><strong>Chip<\/strong><\/td>\n<td>Ntag213, Ntag215, Ntag216<\/td>\n<\/tr>\n<tr>\n<td><strong>Frecuencia<\/strong><\/td>\n<td>13,56 MHz<\/td>\n<\/tr>\n<tr>\n<td><strong>Protocolo<\/strong><\/td>\n<td>ISO 14443A<\/td>\n<\/tr>\n<tr>\n<td><strong>Tipos de datos que se pueden escribir<\/strong><\/td>\n<td>Sitio web, texto, c\u00f3digos QR, otros formatos<\/td>\n<\/tr>\n<tr>\n<td><strong>Opciones de impresi\u00f3n<\/strong><\/td>\n<td>Impresi\u00f3n offset, Impresi\u00f3n digital, Personalizaci\u00f3n<\/td>\n<\/tr>\n<tr>\n<td><strong>Opciones de artesan\u00eda<\/strong><\/td>\n<td>Brillante, mate, epoxi, holograma<\/td>\n<\/tr>\n<tr>\n<td><strong>Opciones de tama\u00f1o<\/strong><\/td>\n<td>Redondo (30 mm de di\u00e1metro), cuadrado, personalizado<\/td>\n<\/tr>\n<tr>\n<td><strong>Detalles del embalaje<\/strong><\/td>\n<td>200 piezas en una caja interior, 25 cajas por caja; tama\u00f1o de caja: 48<em>22.5<\/em>30 cent\u00edmetros<\/td>\n<\/tr>\n<tr>\n<td><strong>Peso<\/strong><\/td>\n<td>0,010 kg por pegatina<\/td>\n<\/tr>\n<\/tbody>\n<\/table>\n<p>&nbsp;<\/p>\n<p>&nbsp;<\/p>\n<h2>Preguntas frecuentes (FAQ)<\/h2>\n<h3>1.\u00a0<strong>\u00bfQu\u00e9 es la tecnolog\u00eda NFC y c\u00f3mo funciona?<\/strong><\/h3>\n<p>NFC (Near Field Communication) es una tecnolog\u00eda inal\u00e1mbrica de corto alcance que permite la comunicaci\u00f3n entre dispositivos compatibles cuando se acercan, normalmente a unos pocos cent\u00edmetros. Las etiquetas NFC personalizadas contienen un chip NFC que transmite datos a los tel\u00e9fonos inteligentes y dispositivos habilitados para NFC cuando se tocan, lo que permite a los usuarios verificar r\u00e1pidamente la autenticidad del producto o acceder a informaci\u00f3n adicional.<\/p>\n<h3>2.\u00a0<strong>\u00bfQu\u00e9 tan duraderas son las pegatinas NFC personalizadas?<\/strong><\/h3>\n<p>Las etiquetas NFC personalizadas est\u00e1n dise\u00f1adas para ser resistentes al agua y a la intemperie, lo que las hace adecuadas para aplicaciones tanto en interiores como en exteriores. Pueden soportar diversas condiciones ambientales, lo que garantiza que la tecnolog\u00eda NFC siga funcionando durante un per\u00edodo prolongado.<\/p>\n<h3>3.\u00a0<strong>\u00bfSe pueden personalizar estas pegatinas?<\/strong><\/h3>\n<p>\u00a1S\u00ed! Nuestras etiquetas NFC personalizadas ofrecen una variedad de opciones de personalizaci\u00f3n, que incluyen tama\u00f1o, forma, dise\u00f1o y m\u00e9todos de impresi\u00f3n. Puede imprimir logotipos, informaci\u00f3n de productos, c\u00f3digos QR y otros elementos de marca para que coincidan con su identidad de marca.<\/p>\n<h3>4.\u00a0<strong>\u00bfQu\u00e9 materiales se utilizan para las pegatinas?<\/strong><\/h3>\n<p>Las etiquetas NFC personalizadas se pueden fabricar con distintos materiales, como PVC, PET o papel recubierto. Cada material se elige por su durabilidad y su idoneidad para diferentes aplicaciones, lo que garantiza que las etiquetas se adhieran de forma eficaz a sus productos.<\/p>","protected":false},"excerpt":{"rendered":"<p>Las etiquetas NFC personalizadas ofrecen una soluci\u00f3n sofisticada para la autenticaci\u00f3n de marca y la lucha contra las falsificaciones. Verifique f\u00e1cilmente la legitimidad del producto con un simple toque en un tel\u00e9fono inteligente.<\/p>","protected":false},"featured_media":3668,"template":"","meta":[],"product_brand":[],"product_cat":[48],"product_tag":[],"class_list":{"0":"post-3667","1":"product","2":"type-product","3":"status-publish","4":"has-post-thumbnail","6":"product_cat-nfc-stickers","8":"first","9":"instock","10":"shipping-taxable","11":"product-type-simple"},"_links":{"self":[{"href":"https:\/\/nfc-readers.com\/es\/wp-json\/wp\/v2\/product\/3667","targetHints":{"allow":["GET"]}}],"collection":[{"href":"https:\/\/nfc-readers.com\/es\/wp-json\/wp\/v2\/product"}],"about":[{"href":"https:\/\/nfc-readers.com\/es\/wp-json\/wp\/v2\/types\/product"}],"wp:featuredmedia":[{"embeddable":true,"href":"https:\/\/nfc-readers.com\/es\/wp-json\/wp\/v2\/media\/3668"}],"wp:attachment":[{"href":"https:\/\/nfc-readers.com\/es\/wp-json\/wp\/v2\/media?parent=3667"}],"wp:term":[{"taxonomy":"product_brand","embeddable":true,"href":"https:\/\/nfc-readers.com\/es\/wp-json\/wp\/v2\/product_brand?post=3667"},{"taxonomy":"product_cat","embeddable":true,"href":"https:\/\/nfc-readers.com\/es\/wp-json\/wp\/v2\/product_cat?post=3667"},{"taxonomy":"product_tag","embeddable":true,"href":"https:\/\/nfc-readers.com\/es\/wp-json\/wp\/v2\/product_tag?post=3667"}],"curies":[{"name":"wp","href":"https:\/\/api.w.org\/{rel}","templated":true}]}}