{"id":3683,"date":"2024-11-10T06:22:41","date_gmt":"2024-11-10T06:22:41","guid":{"rendered":"https:\/\/nfc-readers.com\/?post_type=product&#038;p=3683"},"modified":"2024-11-10T06:22:41","modified_gmt":"2024-11-10T06:22:41","slug":"wholesale-high-security-tamper-proof-nfc-tag-rfid-sticker","status":"publish","type":"product","link":"https:\/\/nfc-readers.com\/es\/ic-reader\/wholesale-high-security-tamper-proof-nfc-tag-rfid-sticker\/","title":{"rendered":"Etiqueta adhesiva RFID NFC a prueba de manipulaciones de alta seguridad al por mayor"},"content":{"rendered":"<h1 style=\"text-align: center;\"><strong>Etiqueta adhesiva RFID NFC a prueba de manipulaciones de alta seguridad al por mayor<\/strong><\/h1>\n<p>&nbsp;<\/p>\n<p>Descubra el futuro del intercambio seguro de informaci\u00f3n con nuestro <strong>Etiqueta adhesiva RFID NFC a prueba de manipulaciones de alta seguridad al por mayor<\/strong>Estas innovadoras etiquetas NFC, perfectas para soluciones contra falsificaciones, combinan caracter\u00edsticas de seguridad de primer nivel con una amplia versatilidad de aplicaciones. Dise\u00f1adas para empresas que priorizan la seguridad y la eficiencia, estas etiquetas NFC representan el siguiente paso en la tecnolog\u00eda sin contacto para diversos sectores, incluidos el comercio minorista, la log\u00edstica y la gesti\u00f3n de eventos.<\/p>\n<p>&nbsp;<\/p>\n<p><strong>\u00bfPor qu\u00e9 comprar nuestras etiquetas NFC?<\/strong><br \/>\nNuestras etiquetas NFC brindan una soluci\u00f3n segura, eficiente y conveniente para una variedad de aplicaciones, desde la autenticaci\u00f3n de productos hasta la provisi\u00f3n de experiencias de usuario sin inconvenientes en transacciones digitales. Al garantizar que su informaci\u00f3n est\u00e9 a salvo de falsificaciones, nuestras etiquetas NFC a prueba de manipulaciones no solo mejoran la seguridad, sino que tambi\u00e9n agregan valor a su marca. Adem\u00e1s, la naturaleza personalizable garantiza que cada etiqueta se pueda adaptar para satisfacer sus requisitos espec\u00edficos, lo que las convierte en una opci\u00f3n vers\u00e1til para cualquier negocio.<\/p>\n<p>&nbsp;<\/p>\n<h2>Caracter\u00edsticas de la etiqueta NFC a prueba de manipulaciones<\/h2>\n<p>Cuando se trata de seguridad, nuestra\u00a0<strong>Etiqueta adhesiva RFID NFC a prueba de manipulaciones de alta seguridad al por mayor<\/strong>\u00a0Destaca por su\u00a0<strong>Caracter\u00edsticas especiales<\/strong>\u00a0Dise\u00f1ado para combatir la falsificaci\u00f3n.<\/p>\n<ul>\n<li><strong>Dise\u00f1o a prueba de manipulaciones<\/strong>:Una vez colocadas, estas etiquetas NFC son pr\u00e1cticamente imposibles de quitar sin causar da\u00f1os importantes, lo que garantiza que cualquier manipulaci\u00f3n sea f\u00e1cilmente detectable.<\/li>\n<li><strong>Tama\u00f1o e impresi\u00f3n personalizados<\/strong>:Nuestras etiquetas vienen en un tama\u00f1o personalizable y se imprimen utilizando\u00a0<strong>Impresi\u00f3n offset CMYK 4C<\/strong>\u00a0Para gr\u00e1ficos vibrantes y de alta calidad que realzan la marca.<\/li>\n<li><strong>Capacidad de memoria<\/strong>:Cada etiqueta presenta\u00a0<strong>416 bytes<\/strong>\u00a0de memoria, lo que permite almacenar informaci\u00f3n esencial de forma segura.<\/li>\n<\/ul>\n<p>Estos atributos hacen que la etiqueta NFC sea confiable y eficiente, convirti\u00e9ndola en una herramienta esencial para las empresas que buscan medidas de seguridad de primer nivel en sus operaciones.<\/p>\n<p>&nbsp;<\/p>\n<h2>Aplicaciones de las etiquetas NFC<\/h2>\n<p>La versatilidad de nuestras etiquetas NFC permite su aplicaci\u00f3n en numerosos sectores, mejorando los procesos de negocio y manteniendo la seguridad de las transacciones:<\/p>\n<ul>\n<li><strong>Lucha contra la falsificaci\u00f3n<\/strong>:Las empresas pueden utilizar estas etiquetas para garantizar la autenticidad del producto, ya que est\u00e1n dise\u00f1adas para colocarse de forma segura y ser a prueba de manipulaciones, lo que desalienta las pr\u00e1cticas de falsificaci\u00f3n.<\/li>\n<li><strong>Gesti\u00f3n de eventos<\/strong>:Utilice etiquetas NFC para la emisi\u00f3n de billetes, lo que permite un control de acceso perfecto y reduce la incidencia de fraudes en los billetes.<\/li>\n<li><strong>Marketing inteligente<\/strong>:Estas etiquetas se pueden integrar en materiales de marketing, lo que permite a los clientes interactuar con su marca directamente tocando sus tel\u00e9fonos para acceder a promociones, detalles de productos o tarjetas de presentaci\u00f3n digitales.<\/li>\n<\/ul>\n<p>Al aprovechar el poder de estas aplicaciones, las empresas pueden proteger eficazmente sus operaciones y optimizar la interacci\u00f3n con los clientes.<\/p>\n<p>&nbsp;<\/p>\n<h2>Preguntas frecuentes (FAQ)<\/h2>\n<h3>1.\u00a0<strong>\u00bfQu\u00e9 es una etiqueta NFC?<\/strong><\/h3>\n<p>Una etiqueta NFC (Near Field Communication) es un dispositivo peque\u00f1o que utiliza tecnolog\u00eda RFID (Radio Frequency Identification) para transmitir informaci\u00f3n de forma inal\u00e1mbrica a cortas distancias (normalmente, en un rango de 1 a 10 cm). Los usuarios pueden tocar la etiqueta con sus dispositivos habilitados para NFC para acceder a la informaci\u00f3n almacenada o realizar una acci\u00f3n.<\/p>\n<h3>2.\u00a0<strong>\u00bfC\u00f3mo programo una etiqueta NFC?<\/strong><\/h3>\n<p>La programaci\u00f3n de una etiqueta NFC generalmente implica el uso de un tel\u00e9fono inteligente habilitado para NFC u otros dispositivos compatibles con una aplicaci\u00f3n NFC. Puede escribir datos en la etiqueta (como direcciones URL o informaci\u00f3n de contacto) mediante estas aplicaciones. Simplemente seleccione los datos que desea escribir, toque la etiqueta con su dispositivo y los datos se almacenar\u00e1n.<\/p>\n<h3>3.\u00a0<strong>\u00bfQu\u00e9 tipos de datos pueden almacenar las etiquetas NFC?<\/strong><\/h3>\n<p>Las etiquetas NFC pueden almacenar varios tipos de datos, incluidas URL, texto, informaci\u00f3n de contacto, detalles de productos, comandos para aplicaciones y m\u00e1s. La cantidad espec\u00edfica de datos que se pueden almacenar depende de la capacidad de memoria de la etiqueta, y nuestras etiquetas NFC admiten\u00a0<strong>416 bytes<\/strong>.<\/p>\n<h3>4.\u00a0<strong>\u00bfSus etiquetas NFC son reescribibles?<\/strong><\/h3>\n<p>S\u00ed, nuestras etiquetas NFC son reescribibles, lo que significa que puedes programarlas con diferentes datos seg\u00fan sea necesario. Esta caracter\u00edstica es particularmente \u00fatil para las empresas que desean flexibilidad en sus aplicaciones.<\/p>","protected":false},"excerpt":{"rendered":"<p>Aumente la seguridad de su marca con nuestras etiquetas RFID NFC a prueba de manipulaciones de alta seguridad al por mayor. Dise\u00f1adas para evitar falsificaciones, ofrecen soluciones personalizables y acceso a datos sin inconvenientes.<\/p>","protected":false},"featured_media":3684,"template":"","meta":[],"product_brand":[],"product_cat":[47],"product_tag":[],"class_list":{"0":"post-3683","1":"product","2":"type-product","3":"status-publish","4":"has-post-thumbnail","6":"product_cat-nfc-tags","8":"first","9":"instock","10":"shipping-taxable","11":"product-type-simple"},"_links":{"self":[{"href":"https:\/\/nfc-readers.com\/es\/wp-json\/wp\/v2\/product\/3683","targetHints":{"allow":["GET"]}}],"collection":[{"href":"https:\/\/nfc-readers.com\/es\/wp-json\/wp\/v2\/product"}],"about":[{"href":"https:\/\/nfc-readers.com\/es\/wp-json\/wp\/v2\/types\/product"}],"wp:featuredmedia":[{"embeddable":true,"href":"https:\/\/nfc-readers.com\/es\/wp-json\/wp\/v2\/media\/3684"}],"wp:attachment":[{"href":"https:\/\/nfc-readers.com\/es\/wp-json\/wp\/v2\/media?parent=3683"}],"wp:term":[{"taxonomy":"product_brand","embeddable":true,"href":"https:\/\/nfc-readers.com\/es\/wp-json\/wp\/v2\/product_brand?post=3683"},{"taxonomy":"product_cat","embeddable":true,"href":"https:\/\/nfc-readers.com\/es\/wp-json\/wp\/v2\/product_cat?post=3683"},{"taxonomy":"product_tag","embeddable":true,"href":"https:\/\/nfc-readers.com\/es\/wp-json\/wp\/v2\/product_tag?post=3683"}],"curies":[{"name":"wp","href":"https:\/\/api.w.org\/{rel}","templated":true}]}}