{"id":3700,"date":"2024-11-10T06:34:49","date_gmt":"2024-11-10T06:34:49","guid":{"rendered":"https:\/\/nfc-readers.com\/?post_type=product&#038;p=3700"},"modified":"2024-11-10T06:38:34","modified_gmt":"2024-11-10T06:38:34","slug":"custom-nfc-fragile-sticker-for-commodity-label-product-tag","status":"publish","type":"product","link":"https:\/\/nfc-readers.com\/es\/ic-reader\/custom-nfc-fragile-sticker-for-commodity-label-product-tag\/","title":{"rendered":"Etiqueta adhesiva NFC fr\u00e1gil personalizada para etiqueta de producto"},"content":{"rendered":"<h1 style=\"text-align: center;\"><strong>Etiqueta adhesiva NFC fr\u00e1gil personalizada para etiqueta de producto<\/strong><\/h1>\n<p>&nbsp;<\/p>\n<p>El <strong>Adhesivo NFC personalizado para art\u00edculos fr\u00e1giles<\/strong>\u00a0Para el etiquetado de productos b\u00e1sicos es un producto revolucionario que integra tecnolog\u00eda avanzada\u00a0<strong>NFC (comunicaci\u00f3n de campo cercano)<\/strong>\u00a0Tecnolog\u00eda NFC en soluciones de etiquetado de uso diario. Dise\u00f1adas para garantizar un etiquetado seguro y confiable de art\u00edculos fr\u00e1giles, estas etiquetas permiten a las empresas mejorar sus protocolos de verificaci\u00f3n y seguridad de productos. Con una combinaci\u00f3n de practicidad y modernidad, invertir en tecnolog\u00eda NFC para etiquetado nunca ha sido m\u00e1s importante. Este art\u00edculo profundiza en las caracter\u00edsticas, los beneficios y la utilidad general de la etiqueta NFC personalizada para art\u00edculos fr\u00e1giles, y lo gu\u00eda para tomar una decisi\u00f3n informada.<\/p>\n<p>&nbsp;<\/p>\n<h2>\u00bfPor qu\u00e9 elegir las pegatinas fr\u00e1giles NFC?<\/h2>\n<p>El\u00a0<strong>Adhesivo NFC personalizado para art\u00edculos fr\u00e1giles<\/strong>\u00a0est\u00e1 dise\u00f1ado para satisfacer las necesidades de las empresas que requieren un m\u00e9todo confiable para marcar y rastrear productos fr\u00e1giles. A continuaci\u00f3n, se presentan algunas razones convincentes por las que deber\u00eda considerar actualizar su proceso de etiquetado con este innovador producto:<\/p>\n<ol>\n<li><strong>Seguridad y verificaci\u00f3n mejoradas<\/strong>:Estas etiquetas garantizan que los procesos de verificaci\u00f3n sean eficientes y a prueba de errores. Con el chip NTAG213 integrado, cada etiqueta puede almacenar informaci\u00f3n de forma segura y verificar la autenticidad del paquete con un simple toque de un bot\u00f3n.\u00a0<strong>Tel\u00e9fono inteligente con NFC<\/strong>.<\/li>\n<li><strong>Aplicaci\u00f3n f\u00e1cil de usar<\/strong>:Olv\u00eddese de los complicados procesos de configuraci\u00f3n. Aplicar el\u00a0<strong>Adhesivo fr\u00e1gil NFC<\/strong>\u00a0Es incre\u00edblemente sencillo: solo hay que despegar y pegar, lo que lo hace accesible para cualquier usuario de su cadena de suministro.<\/li>\n<li><strong>Durabilidad y resistencia a la intemperie<\/strong>:Fabricado con materiales de alta calidad.\u00a0<strong>PET\/PVC\/Papel<\/strong>\u00a0Estos adhesivos NFC est\u00e1n dise\u00f1ados para soportar diversas condiciones ambientales, ya sea que est\u00e9n expuestos a la humedad o a temperaturas variables, y mantienen un alto rendimiento y confiabilidad.<\/li>\n<li><strong>Personalizable y vers\u00e1til<\/strong>: Nuestro\u00a0<strong>Pegatina NFC personalizada<\/strong>\u00a0Se puede adaptar para satisfacer necesidades espec\u00edficas de marca e informaci\u00f3n, lo que permite aplicaciones tanto funcionales como promocionales.<\/li>\n<\/ol>\n<p>&nbsp;<\/p>\n<h2>Caracter\u00edsticas principales de las pegatinas NFC para art\u00edculos fr\u00e1giles<\/h2>\n<p>Usando\u00a0<strong>NFC (comunicaci\u00f3n de campo cercano)<\/strong>\u00a0Tecnolog\u00eda, nuestras pegatinas fr\u00e1giles personalizadas est\u00e1n equipadas con una gama de caracter\u00edsticas especiales que las hacen destacar:<\/p>\n<ul>\n<li><strong>Dise\u00f1o resistente al agua y a la intemperie<\/strong>:Estas pegatinas soportan duras condiciones ambientales, lo que las hace adecuadas para aplicaciones tanto en interiores como en exteriores.<\/li>\n<li><strong>Compatibilidad<\/strong>: El\u00a0<strong>Chip Ntag213<\/strong>\u00a0Es reconocido por su amplia compatibilidad con varios\u00a0<strong>Dispositivos NFC<\/strong>, garantizando facilidad de uso.<\/li>\n<\/ul>\n<h3>C\u00f3mo funciona<\/h3>\n<p>Simplemente toque su\u00a0<strong>Tel\u00e9fono inteligente con NFC<\/strong>\u00a0contra la etiqueta para acceder a informaci\u00f3n previamente almacenada o verificar detalles del producto, lo que puede agilizar dr\u00e1sticamente los procesos de inventario y ventas.<\/p>\n<p>&nbsp;<\/p>\n<h2>Especificaciones t\u00e9cnicas<\/h2>\n<table class=\"w-fit !mb-0 !max-w-none\">\n<thead>\n<tr>\n<th><strong>Especificaci\u00f3n<\/strong><\/th>\n<th><strong>Detalles<\/strong><\/th>\n<\/tr>\n<\/thead>\n<tbody>\n<tr>\n<td><strong>Chip<\/strong><\/td>\n<td>NTAG213<\/td>\n<\/tr>\n<tr>\n<td><strong>Frecuencia<\/strong><\/td>\n<td>13,56 Mhz<\/td>\n<\/tr>\n<tr>\n<td><strong>Tama\u00f1o de la memoria<\/strong><\/td>\n<td>144 bytes<\/td>\n<\/tr>\n<tr>\n<td><strong>Material<\/strong><\/td>\n<td>PET\/PVC\/Papel<\/td>\n<\/tr>\n<tr>\n<td><strong>Di\u00e1metro<\/strong><\/td>\n<td>30 mil\u00edmetros<\/td>\n<\/tr>\n<tr>\n<td><strong>Imprimir<\/strong><\/td>\n<td>Impresi\u00f3n offset CMYK<\/td>\n<\/tr>\n<tr>\n<td><strong>Impermeable<\/strong><\/td>\n<td>S\u00ed<\/td>\n<\/tr>\n<tr>\n<td><strong>Tama\u00f1o del paquete<\/strong><\/td>\n<td>200 piezas\/caja interior; 25 cajas\/cart\u00f3n<\/td>\n<\/tr>\n<tr>\n<td><strong>Tama\u00f1o de la caja<\/strong><\/td>\n<td>48 x 22,5 x 30 cm<\/td>\n<\/tr>\n<tr>\n<td><strong>Capacidad de suministro<\/strong><\/td>\n<td>5.000.000 de piezas al mes<\/td>\n<\/tr>\n<tr>\n<td><strong>Tama\u00f1o de paquete \u00fanico<\/strong><\/td>\n<td>35 x 1,5 x 0,02 cm<\/td>\n<\/tr>\n<tr>\n<td><strong>Peso bruto<\/strong><\/td>\n<td>0,010 kilogramos<\/td>\n<\/tr>\n<\/tbody>\n<\/table>\n<p>&nbsp;<\/p>\n<h2>Preguntas frecuentes<\/h2>\n<h3>P: \u00bfLas pegatinas fr\u00e1giles NFC son compatibles con todos los tel\u00e9fonos inteligentes?<\/h3>\n<p><strong>A<\/strong>:S\u00ed, siempre que el tel\u00e9fono inteligente tenga habilitada la capacidad NFC.<\/p>\n<h3>P: \u00bfCu\u00e1nto duran las pegatinas?<\/h3>\n<p><strong>A<\/strong>:Nuestras pegatinas son duraderas y est\u00e1n dise\u00f1adas para soportar diversas condiciones, lo que garantiza que duren durante todo el ciclo de vida del producto.<\/p>\n<h3>P: \u00bfPuedo realizar un seguimiento del uso en tiempo real?<\/h3>\n<p><strong>A<\/strong>:Si bien estas pegatinas proporcionan una verificaci\u00f3n inmediata, el seguimiento en tiempo real puede requerir la integraci\u00f3n con sistemas de gesti\u00f3n de inventario espec\u00edficos.<\/p>","protected":false},"excerpt":{"rendered":"<p>La etiqueta NFC personalizada para productos fr\u00e1giles est\u00e1 dise\u00f1ada para proporcionar un seguimiento seguro y verificar la autenticidad de los productos fr\u00e1giles. Su dise\u00f1o f\u00e1cil de usar garantiza una aplicaci\u00f3n sencilla y mejora la gesti\u00f3n del inventario.<\/p>","protected":false},"featured_media":3708,"template":"","meta":[],"product_brand":[],"product_cat":[48],"product_tag":[],"class_list":{"0":"post-3700","1":"product","2":"type-product","3":"status-publish","4":"has-post-thumbnail","6":"product_cat-nfc-stickers","8":"first","9":"instock","10":"shipping-taxable","11":"product-type-simple"},"_links":{"self":[{"href":"https:\/\/nfc-readers.com\/es\/wp-json\/wp\/v2\/product\/3700","targetHints":{"allow":["GET"]}}],"collection":[{"href":"https:\/\/nfc-readers.com\/es\/wp-json\/wp\/v2\/product"}],"about":[{"href":"https:\/\/nfc-readers.com\/es\/wp-json\/wp\/v2\/types\/product"}],"wp:featuredmedia":[{"embeddable":true,"href":"https:\/\/nfc-readers.com\/es\/wp-json\/wp\/v2\/media\/3708"}],"wp:attachment":[{"href":"https:\/\/nfc-readers.com\/es\/wp-json\/wp\/v2\/media?parent=3700"}],"wp:term":[{"taxonomy":"product_brand","embeddable":true,"href":"https:\/\/nfc-readers.com\/es\/wp-json\/wp\/v2\/product_brand?post=3700"},{"taxonomy":"product_cat","embeddable":true,"href":"https:\/\/nfc-readers.com\/es\/wp-json\/wp\/v2\/product_cat?post=3700"},{"taxonomy":"product_tag","embeddable":true,"href":"https:\/\/nfc-readers.com\/es\/wp-json\/wp\/v2\/product_tag?post=3700"}],"curies":[{"name":"wp","href":"https:\/\/api.w.org\/{rel}","templated":true}]}}