{"id":1493,"date":"2024-04-07T02:35:08","date_gmt":"2024-04-07T02:35:08","guid":{"rendered":"https:\/\/nfc-readers.com\/?post_type=product&#038;p=1493"},"modified":"2024-10-16T07:54:06","modified_gmt":"2024-10-16T07:54:06","slug":"acr1255u-j1-bluetooth-nfc-reader-writer","status":"publish","type":"product","link":"https:\/\/nfc-readers.com\/fi\/ic-reader\/acr1255u-j1-bluetooth-nfc-reader-writer\/","title":{"rendered":"ACR1255U-J1 \u2013 Bluetooth\u00ae NFC -lukija\/kirjoitin"},"content":{"rendered":"<h1>ACR1255U-J1 \u2013 Bluetooth\u00ae NFC -lukija\/kirjoitin<\/h1>\n<p>ACR1255U-J1 ACS Secure Bluetooth\u00ae NFC Reader\/Writer on suunniteltu mahdollistamaan mobiili \u00e4lykortti- ja NFC-sovellukset helposti. T\u00e4m\u00e4 laite sis\u00e4lt\u00e4\u00e4 edistyneen 13,56 MHz kontaktittoman teknologian Bluetooth\u00ae-integraation ohella, ja se on osoitus nykyaikaisesta kannettavasta tekniikasta. Se tukee useita formaatteja, mukaan lukien ISO 14443 Type A- ja B -\u00e4lykortit, MIFARE\u00ae, FeliCa\u00ae sek\u00e4 useimmat NFC-tunnisteet ja laitteet, jotka t\u00e4ytt\u00e4v\u00e4t ISO 18092 -standardin, mik\u00e4 varmistaa ACR1255U-J1:n soveltuvuuden laajaan valikoimaan k\u00e4ytt\u00f6tarkoituksia. Sen sovellusvalikoima on monipuolinen kosketustodennusta kulunvalvontaan ja logistiseen varastonhallintaan. ACR1255U-J1 tarjoaa kaksi liit\u00e4nt\u00e4toimintoa. Se hy\u00f6dynt\u00e4\u00e4 Bluetooth Low Energy (BLE) -tekniikkaa, joka tunnetaan my\u00f6s yksinkertaisesti Bluetoothina, mobiililiit\u00e4nt\u00f6ihin ja USB Full Speed -tekniikkaa suoraa PC-vuorovaikutusta varten. Laite suorittaa luku-\/kirjoitustoimintoja 424 Kbps:n nopeuksilla, mik\u00e4 mahdollistaa nopean tiedonsiirron kontaktittomilla \u00e4lykorteilla ja NFC-laitteilla. Liikkumiseen suunniteltu ACR1255U-J1 on kompakti rakenne ja se saa virtaa sis\u00e4isest\u00e4 ladattavasta litium-ionista. akku. Sen siirrett\u00e4vyys tekee siit\u00e4 ty\u00f6kalun, joka on valmis k\u00e4ytett\u00e4v\u00e4ksi useimpien Bluetooth-yhteensopivien \u00e4lypuhelimien ja tablettien kanssa miss\u00e4 ikin\u00e4 oletkin. Kentt\u00e4p\u00e4ivitett\u00e4v\u00e4 laiteohjelmisto on ACR1255U-J1:n lis\u00e4etu, joka tarjoaa kustannustehokkaita ja aikaa s\u00e4\u00e4st\u00e4vi\u00e4 etuja samalla pysyen nopean tahdissa. teknologinen kehitys ja mukautuminen erilaisiin k\u00e4ytt\u00e4jien vaatimuksiin. AES-128-salauksella suojattu NFC Bluetooth -lukija yhdist\u00e4\u00e4 vaivattomasti ja turvallisesti laitteisiin, joissa on Android\u2122 (versio 4.3 ja uudemmat), iOS (versio 8.0 ja uudemmat) sek\u00e4 Windows\u00ae ( 7 ja uudemmat) ja Mac OS\u00ae (10.7 ja uudemmat). PC\/SC- ja CCID-yhteensopivuuden ansiosta ACR1255U-J1 on helppo asentaa tietokoneisiin, joissa on Windows\u00ae. Lis\u00e4ksi se on yhteensopiva Linux\u00ae- ja Mac OS\u00ae -ajureiden kanssa.<\/p>\n<ul>\n<li>\n<h2>Bluetooth\u00ae-liit\u00e4nt\u00e4<\/h2>\n<\/li>\n<li>\n<h2>USB 2.0 Full Speed -liit\u00e4nt\u00e4<\/h2>\n<\/li>\n<li>\n<h2>Virtal\u00e4hde:<\/h2>\n<ul>\n<li>\n<h3>Akkuk\u00e4ytt\u00f6inen (sis\u00e4lt\u00e4\u00e4 litiumioniakun, joka voidaan ladata USB Mini-B -portin kautta)<\/h3>\n<\/li>\n<li>\n<h3>USB-virtal\u00e4hde (PC-liitetyn tilan kautta)<\/h3>\n<\/li>\n<\/ul>\n<\/li>\n<li>\n<h2>CCID-yhteensopivuus<\/h2>\n<\/li>\n<li>\n<h2>\u00c4lykortinlukija:<\/h2>\n<ul>\n<li>\n<h3>Kontaktiton k\u00e4ytt\u00f6liittym\u00e4:<\/h3>\n<ul>\n<li>\n<h4>Luku\/kirjoitusnopeus jopa 424 kbps<\/h4>\n<\/li>\n<li>\n<h4>Sis\u00e4\u00e4nrakennettu antenni kontaktittoman tunnisteen k\u00e4ytt\u00f6\u00f6n, kortin lukuet\u00e4isyys jopa 60 mm (tunnistetyypist\u00e4 riippuen)<\/h4>\n<\/li>\n<li>\n<h4>Tukee ISO 14443 Type A- ja B -kortteja, MIFARE-, FeliCa- ja kaikkia 4 tyyppisi\u00e4 NFC (ISO\/IEC 18092) -tunnisteita<\/h4>\n<\/li>\n<li>\n<h4>Sis\u00e4\u00e4nrakennettu t\u00f6rm\u00e4yksenestoominaisuus (vain 1 tunniste on k\u00e4ytett\u00e4viss\u00e4 milloin tahansa)<\/h4>\n<\/li>\n<li>\n<h4>NFC-tuki<\/h4>\n<\/li>\n<li>\n<h4>Kortinlukija\/kirjoitustila<\/h4>\n<\/li>\n<\/ul>\n<\/li>\n<\/ul>\n<\/li>\n<li>\n<h2>Sis\u00e4\u00e4nrakennetut oheislaitteet:<\/h2>\n<ul>\n<li>\n<h3>Kaksi k\u00e4ytt\u00e4j\u00e4n ohjattavaa kaksiv\u00e4rist\u00e4 LED-valoa<\/h3>\n<\/li>\n<li>\n<h3>K\u00e4ytt\u00e4j\u00e4n ohjattava summeri<\/h3>\n<\/li>\n<\/ul>\n<\/li>\n<li>\n<h2>Sovellusohjelmointiliittym\u00e4:<\/h2>\n<ul>\n<li>\n<h3>Tukee PC\/SC:t\u00e4<\/h3>\n<\/li>\n<li>\n<h3>Tukee CT-API:t\u00e4 (PC\/SC:n p\u00e4\u00e4ll\u00e4 olevan k\u00e4\u00e4reen kautta)<\/h3>\n<\/li>\n<\/ul>\n<\/li>\n<li>\n<h2>USB-laiteohjelmiston p\u00e4ivitett\u00e4vyys<\/h2>\n<\/li>\n<li>\n<h2>Tukee Android\u2122 4.3:a ja uudempia<\/h2>\n<\/li>\n<li>\n<h2>Tukee iOS 8.0:aa ja uudempaa<\/h2>\n<\/li>\n<li>\n<table width=\"719\">\n<tbody>\n<tr>\n<td colspan=\"2\" width=\"719\">Fyysiset ominaisuudet<\/td>\n<\/tr>\n<tr>\n<td width=\"326\">Mitat (mm)<\/td>\n<td width=\"393\">85 mm (P) x 54 mm (L) x 10 mm (K)<\/td>\n<\/tr>\n<tr>\n<td width=\"326\">Paino (g)<\/td>\n<td width=\"393\">37,5 g (74,1 g kaapelin kanssa \u00b1 5 g toleranssi)<\/td>\n<\/tr>\n<tr>\n<td colspan=\"2\" width=\"719\">Bluetooth-liit\u00e4nt\u00e4<\/td>\n<\/tr>\n<tr>\n<td width=\"326\">p\u00f6yt\u00e4kirja<\/td>\n<td width=\"393\">Bluetooth\u00ae (Bluetooth 4.0)<\/td>\n<\/tr>\n<tr>\n<td width=\"326\">Virtal\u00e4hde<\/td>\n<td width=\"393\">Ladattava litiumioniakku (lataus USB:n kautta)<\/td>\n<\/tr>\n<tr>\n<td width=\"326\">Nopeus<\/td>\n<td width=\"393\">1 Mbps<\/td>\n<\/tr>\n<tr>\n<td colspan=\"2\" width=\"719\">USB-liit\u00e4nt\u00e4<\/td>\n<\/tr>\n<tr>\n<td width=\"326\">p\u00f6yt\u00e4kirja<\/td>\n<td width=\"393\">USB CCID<\/td>\n<\/tr>\n<tr>\n<td width=\"326\">Liittimen tyyppi<\/td>\n<td width=\"393\">USB Mini-B<\/td>\n<\/tr>\n<tr>\n<td width=\"326\">Virtal\u00e4hde<\/td>\n<td width=\"393\">USB-portista<\/td>\n<\/tr>\n<tr>\n<td width=\"326\">Nopeus<\/td>\n<td width=\"393\">USB t\u00e4ysi nopeus (12 Mbps)<\/td>\n<\/tr>\n<tr>\n<td width=\"326\">Kaapelin pituus<\/td>\n<td width=\"393\">1 m, irrotettava<\/td>\n<\/tr>\n<tr>\n<td colspan=\"2\" width=\"719\">Kontaktiton \u00e4lykorttiliit\u00e4nt\u00e4<\/td>\n<\/tr>\n<tr>\n<td width=\"326\">Vakio<\/td>\n<td width=\"393\">ISO\/IEC 18092 NFC, ISO 14443 Type A &amp; B, MIFARE, FeliCa<\/td>\n<\/tr>\n<tr>\n<td width=\"326\">p\u00f6yt\u00e4kirja<\/td>\n<td width=\"393\">ISO 14443-4 -yhteensopiva kortti, T=CL<br \/>\nMIFARE Classic Card, T=CL<br \/>\nISO 18092, NFC-tunnisteet<br \/>\nFeliCa<\/td>\n<\/tr>\n<tr>\n<td colspan=\"2\" width=\"719\">Sis\u00e4\u00e4nrakennetut oheislaitteet<\/td>\n<\/tr>\n<tr>\n<td width=\"326\">LED<\/td>\n<td width=\"393\">2 Bi-v\u00e4ri\u00e4: punainen ja sininen, punainen ja vihre\u00e4<\/td>\n<\/tr>\n<tr>\n<td width=\"326\">Summeri<\/td>\n<td width=\"393\">Yksitoikkoinen<\/td>\n<\/tr>\n<tr>\n<td colspan=\"2\" width=\"719\">Muut ominaisuudet<\/td>\n<\/tr>\n<tr>\n<td width=\"326\">Salaus<\/td>\n<td width=\"393\">Laitteen sis\u00e4inen AES-salausalgoritmi<\/td>\n<\/tr>\n<tr>\n<td width=\"326\">Laiteohjelmiston p\u00e4ivitys<\/td>\n<td width=\"393\">Tuettu<\/td>\n<\/tr>\n<tr>\n<td colspan=\"2\" width=\"719\">Sertifikaatit\/vaatimustenmukaisuus<\/td>\n<\/tr>\n<tr>\n<td rowspan=\"14\" width=\"326\">Sertifikaatit\/vaatimustenmukaisuus<\/td>\n<td>EN 60950\/IEC 60950<\/td>\n<\/tr>\n<tr>\n<td>ISO 18092<\/td>\n<\/tr>\n<tr>\n<td>ISO 14443<\/td>\n<\/tr>\n<tr>\n<td>USB t\u00e4ysi nopeus<\/td>\n<\/tr>\n<tr>\n<td>Bluetooth\u00ae<\/td>\n<\/tr>\n<tr>\n<td>PC\/SC<\/td>\n<\/tr>\n<tr>\n<td>CCID<\/td>\n<\/tr>\n<tr>\n<td>CE<\/td>\n<\/tr>\n<tr>\n<td>FCC<\/td>\n<\/tr>\n<tr>\n<td>RoHS<\/td>\n<\/tr>\n<tr>\n<td>SAAVUTTAA<\/td>\n<\/tr>\n<tr>\n<td>VCCI (Japani)<\/td>\n<\/tr>\n<tr>\n<td>BIS (Intia)<\/td>\n<\/tr>\n<tr>\n<td>Microsoft\u00ae WHQL<\/td>\n<\/tr>\n<tr>\n<td colspan=\"2\" width=\"719\">Laiteohjaimen k\u00e4ytt\u00f6j\u00e4rjestelm\u00e4n tuki<\/td>\n<\/tr>\n<tr>\n<td rowspan=\"5\" width=\"326\">Laiteohjaimen k\u00e4ytt\u00f6j\u00e4rjestelm\u00e4n tuki<\/td>\n<td width=\"393\">Windows\u00ae<\/td>\n<\/tr>\n<tr>\n<td width=\"393\">Linux\u00ae<\/td>\n<\/tr>\n<tr>\n<td width=\"393\">MAC OS\u00ae 10.7 ja uudemmat<\/td>\n<\/tr>\n<tr>\n<td width=\"393\">Android\u2122 4.3 ja uudemmat<\/td>\n<\/tr>\n<tr>\n<td width=\"393\">iOS 8.0 ja uudemmat<\/td>\n<\/tr>\n<\/tbody>\n<\/table>\n<\/li>\n<\/ul>","protected":false},"excerpt":{"rendered":"<p>ACR1255U-J1 on monipuolinen Bluetooth\u00ae NFC -lukija, joka on varustettu RFID-tekniikalla ja mahdollistaa saumattoman mobiili- ja ty\u00f6p\u00f6yt\u00e4vuorovaikutuksen \u00e4lykorttien ja NFC-laitteiden kanssa.<\/p>","protected":false},"featured_media":1496,"template":"","meta":[],"product_brand":[],"product_cat":[38,40],"product_tag":[],"class_list":{"0":"post-1493","1":"product","2":"type-product","3":"status-publish","4":"has-post-thumbnail","6":"product_cat-mobile-ble-nfc-reader","7":"product_cat-rfid-nfc-reader","9":"first","10":"instock","11":"shipping-taxable","12":"product-type-simple"},"_links":{"self":[{"href":"https:\/\/nfc-readers.com\/fi\/wp-json\/wp\/v2\/product\/1493","targetHints":{"allow":["GET"]}}],"collection":[{"href":"https:\/\/nfc-readers.com\/fi\/wp-json\/wp\/v2\/product"}],"about":[{"href":"https:\/\/nfc-readers.com\/fi\/wp-json\/wp\/v2\/types\/product"}],"wp:featuredmedia":[{"embeddable":true,"href":"https:\/\/nfc-readers.com\/fi\/wp-json\/wp\/v2\/media\/1496"}],"wp:attachment":[{"href":"https:\/\/nfc-readers.com\/fi\/wp-json\/wp\/v2\/media?parent=1493"}],"wp:term":[{"taxonomy":"product_brand","embeddable":true,"href":"https:\/\/nfc-readers.com\/fi\/wp-json\/wp\/v2\/product_brand?post=1493"},{"taxonomy":"product_cat","embeddable":true,"href":"https:\/\/nfc-readers.com\/fi\/wp-json\/wp\/v2\/product_cat?post=1493"},{"taxonomy":"product_tag","embeddable":true,"href":"https:\/\/nfc-readers.com\/fi\/wp-json\/wp\/v2\/product_tag?post=1493"}],"curies":[{"name":"wp","href":"https:\/\/api.w.org\/{rel}","templated":true}]}}