{"id":1511,"date":"2024-04-07T02:55:34","date_gmt":"2024-04-07T02:55:34","guid":{"rendered":"https:\/\/nfc-readers.com\/?post_type=product&#038;p=1511"},"modified":"2024-10-16T08:11:19","modified_gmt":"2024-10-16T08:11:19","slug":"acr1311u-n2-nfc-bluetooth-reader","status":"publish","type":"product","link":"https:\/\/nfc-readers.com\/fi\/ic-reader\/acr1311u-n2-nfc-bluetooth-reader\/","title":{"rendered":"ACR1311U-N2 NFC Bluetooth-lukija"},"content":{"rendered":"<h1>ACR1311U-N2 NFC Bluetooth-lukija<\/h1>\n<p>ACR1311U-N2 on esimerkki mukautuvasta ja tehokkaasta NFC-lukija Bluetooth-laitteesta. Sen laaja yhteensopivuus useiden \u00e4lykortti- ja NFC-standardien kanssa yhdistettyn\u00e4 k\u00e4ytt\u00e4j\u00e4yst\u00e4v\u00e4lliseen, p\u00e4ivitett\u00e4v\u00e4\u00e4n laiteohjelmistoon varmistaa, ett\u00e4 se erottuu tulevaisuuden kest\u00e4v\u00e4n\u00e4 ja monik\u00e4ytt\u00f6isen\u00e4 ty\u00f6kaluna, joka sopii erilaisiin RFID- ja NFC-sovelluksiin.<\/p>\n<ul>\n<li><iframe loading=\"lazy\" title=\"ACR1311 Bluetooth NFC Reader Writer\" width=\"1020\" height=\"574\" src=\"https:\/\/www.youtube.com\/embed\/gTAp1gC83Q8?feature=oembed\" frameborder=\"0\" allow=\"accelerometer; autoplay; clipboard-write; encrypted-media; gyroscope; picture-in-picture; web-share\" referrerpolicy=\"strict-origin-when-cross-origin\" allowfullscreen><\/iframe>\n<p>Bluetooth\u00ae-liit\u00e4nt\u00e4<\/li>\n<li>\n<h2>USB 2.0 Full Speed -liit\u00e4nt\u00e4<\/h2>\n<\/li>\n<li>\n<h2>Virtal\u00e4hde:<\/h2>\n<ul>\n<li>\n<h3>Akkuk\u00e4ytt\u00f6inen (sis\u00e4lt\u00e4\u00e4 litiumioniakun, joka voidaan ladata USB Mini-B -portin kautta)<\/h3>\n<\/li>\n<li>\n<h3>USB-virtal\u00e4hde (PC-liitetyn tilan kautta)<\/h3>\n<\/li>\n<\/ul>\n<\/li>\n<li>\n<h2>CCID-yhteensopivuus<\/h2>\n<\/li>\n<li>\n<h2>\u00c4lykortinlukija:<\/h2>\n<ul>\n<li>\n<h3>Kontaktiton k\u00e4ytt\u00f6liittym\u00e4:<\/h3>\n<ul>\n<li>\n<h4>Luku\/kirjoitusnopeus jopa 424 kbps<\/h4>\n<\/li>\n<li>\n<h4>Sis\u00e4\u00e4nrakennettu antenni kontaktittoman tunnisteen k\u00e4ytt\u00f6\u00f6n, kortin lukuet\u00e4isyys jopa 60 mm (tunnistetyypist\u00e4 riippuen)<\/h4>\n<\/li>\n<li>\n<h4>Tukee ISO 14443 Type A- ja B -kortteja, MIFARE-, FeliCa- ja kaikkia 4 tyyppisi\u00e4 NFC (ISO\/IEC 18092) -tunnisteita<\/h4>\n<\/li>\n<li>\n<h4>Sis\u00e4\u00e4nrakennettu t\u00f6rm\u00e4yksenestoominaisuus (vain 1 tunniste on k\u00e4ytett\u00e4viss\u00e4 milloin tahansa)<\/h4>\n<\/li>\n<li>\n<h4>NFC-tuki<\/h4>\n<\/li>\n<li>\n<h4>Kortinlukija\/kirjoitustila<\/h4>\n<\/li>\n<\/ul>\n<\/li>\n<\/ul>\n<\/li>\n<li>\n<h2>Sis\u00e4\u00e4nrakennetut oheislaitteet:<\/h2>\n<ul>\n<li>\n<h3>Kaksi k\u00e4ytt\u00e4j\u00e4n ohjattavaa kaksiv\u00e4rist\u00e4 LED-valoa<\/h3>\n<\/li>\n<li>\n<h3>K\u00e4ytt\u00e4j\u00e4n ohjattava summeri<\/h3>\n<\/li>\n<\/ul>\n<\/li>\n<li>\n<h2>Sovellusohjelmointiliittym\u00e4:<\/h2>\n<ul>\n<li>\n<h3>Tukee PC\/SC:t\u00e4<\/h3>\n<\/li>\n<li>\n<h3>Tukee CT-API:t\u00e4 (PC\/SC:n p\u00e4\u00e4ll\u00e4 olevan k\u00e4\u00e4reen kautta)<\/h3>\n<\/li>\n<\/ul>\n<\/li>\n<li>\n<h2>USB-laiteohjelmiston p\u00e4ivitett\u00e4vyys<\/h2>\n<\/li>\n<li>\n<h2>Tukee Android\u2122 4.3:a ja uudempia<\/h2>\n<\/li>\n<li>\n<h2>Tukee iOS 8.0:aa ja uudempaa<\/h2>\n<\/li>\n<\/ul>\n<p><iframe loading=\"lazy\" title=\"Langaton NFC-kortinlukijakirjoitin | ACR1311U N2\" width=\"1020\" height=\"574\" src=\"https:\/\/www.youtube.com\/embed\/mSzbe8xRJLQ?feature=oembed\" frameborder=\"0\" allow=\"accelerometer; autoplay; clipboard-write; encrypted-media; gyroscope; picture-in-picture; web-share\" referrerpolicy=\"strict-origin-when-cross-origin\" allowfullscreen><\/iframe><\/p>\n<ul>\n<li>\n<table style=\"height: 1029px;\" width=\"722\">\n<tbody>\n<tr>\n<td colspan=\"2\" width=\"775\">Fyysiset ominaisuudet<\/td>\n<\/tr>\n<tr>\n<td width=\"382\">Mitat (mm)<\/td>\n<td width=\"393\">60\u00a0mm (P) \u00d7 47,98\u00a0mm (L) \u00d7 12\u00a0mm (K)<\/td>\n<\/tr>\n<tr>\n<td width=\"382\">Paino (g)<\/td>\n<td width=\"393\">30g<\/td>\n<\/tr>\n<tr>\n<td colspan=\"2\" width=\"775\">Bluetooth-liit\u00e4nt\u00e4<\/td>\n<\/tr>\n<tr>\n<td width=\"382\">p\u00f6yt\u00e4kirja<\/td>\n<td width=\"393\">Bluetooth\u00ae (Bluetooth 4.0)<\/td>\n<\/tr>\n<tr>\n<td width=\"382\">Virtal\u00e4hde<\/td>\n<td width=\"393\">Ladattava litiumioniakku (lataus USB:n kautta)<\/td>\n<\/tr>\n<tr>\n<td width=\"382\">Nopeus<\/td>\n<td width=\"393\">1 Mbps<\/td>\n<\/tr>\n<tr>\n<td colspan=\"2\" width=\"775\">USB-liit\u00e4nt\u00e4<\/td>\n<\/tr>\n<tr>\n<td width=\"382\">p\u00f6yt\u00e4kirja<\/td>\n<td width=\"393\">USB CCID<\/td>\n<\/tr>\n<tr>\n<td width=\"382\">Liittimen tyyppi<\/td>\n<td width=\"393\">USB Micro<\/td>\n<\/tr>\n<tr>\n<td width=\"382\">Virtal\u00e4hde<\/td>\n<td width=\"393\">USB-portista<\/td>\n<\/tr>\n<tr>\n<td width=\"382\">Nopeus<\/td>\n<td width=\"393\">USB t\u00e4ysi nopeus (12 Mbps)<\/td>\n<\/tr>\n<tr>\n<td width=\"382\">Kaapelin pituus<\/td>\n<td width=\"393\">1 m, irrotettava<\/td>\n<\/tr>\n<tr>\n<td colspan=\"2\" width=\"775\">Kontaktiton \u00e4lykorttiliit\u00e4nt\u00e4<\/td>\n<\/tr>\n<tr>\n<td width=\"382\">Vakio<\/td>\n<td width=\"393\">ISO 14443 Tyyppi A &amp; B, MIFARE, DESFire<\/td>\n<\/tr>\n<tr>\n<td width=\"382\">p\u00f6yt\u00e4kirja<\/td>\n<td width=\"393\">ISO 14443 T=CL ISO14443-4-yhteensopiville korteille ja T=CL-emulointi MIFARE Classic 1K\/4K- ja NFC-tunnisteille<\/td>\n<\/tr>\n<tr>\n<td colspan=\"2\" width=\"775\">Sis\u00e4\u00e4nrakennetut oheislaitteet<\/td>\n<\/tr>\n<tr>\n<td width=\"382\">LED<\/td>\n<td width=\"393\">2 Bi-v\u00e4ri\u00e4: punainen ja sininen, punainen ja vihre\u00e4<\/td>\n<\/tr>\n<tr>\n<td width=\"382\">Summeri<\/td>\n<td width=\"393\">Yksitoikkoinen<\/td>\n<\/tr>\n<tr>\n<td colspan=\"2\" width=\"775\">Muut ominaisuudet<\/td>\n<\/tr>\n<tr>\n<td width=\"382\">Laiteohjelmiston p\u00e4ivitys<\/td>\n<td width=\"393\">Tuettu<\/td>\n<\/tr>\n<tr>\n<td colspan=\"2\" width=\"775\">Sertifikaatit\/vaatimustenmukaisuus<\/td>\n<\/tr>\n<tr>\n<td rowspan=\"9\" width=\"382\">Sertifikaatit\/vaatimustenmukaisuus<\/td>\n<td>EN 60950\/IEC 60950<\/td>\n<\/tr>\n<tr>\n<td>ISO 14443<\/td>\n<\/tr>\n<tr>\n<td>USB t\u00e4ysi nopeus<\/td>\n<\/tr>\n<tr>\n<td>Bluetooth\u00ae<\/td>\n<\/tr>\n<tr>\n<td>PC\/SC<\/td>\n<\/tr>\n<tr>\n<td>CCID<\/td>\n<\/tr>\n<tr>\n<td>RoHS2<\/td>\n<\/tr>\n<tr>\n<td>SAAVUTTAA<\/td>\n<\/tr>\n<tr>\n<td>Microsoft\u00ae WHQL<\/td>\n<\/tr>\n<tr>\n<td colspan=\"2\" width=\"775\">Laiteohjaimen k\u00e4ytt\u00f6j\u00e4rjestelm\u00e4n tuki<\/td>\n<\/tr>\n<tr>\n<td rowspan=\"5\" width=\"382\">Laiteohjaimen k\u00e4ytt\u00f6j\u00e4rjestelm\u00e4n tuki<\/td>\n<td width=\"393\">Windows\u00ae<\/td>\n<\/tr>\n<tr>\n<td width=\"393\">Linux\u00ae<\/td>\n<\/tr>\n<tr>\n<td width=\"393\">MAC OS\u00ae 10.7 ja uudemmat<\/td>\n<\/tr>\n<tr>\n<td width=\"393\">Android\u2122 4.3 ja uudemmat<\/td>\n<\/tr>\n<tr>\n<td width=\"393\">iOS 8.0 ja uudemmat<\/td>\n<\/tr>\n<\/tbody>\n<\/table>\n<\/li>\n<\/ul>","protected":false},"excerpt":{"rendered":"<p>ACR1311U-N2 on monipuolinen Bluetooth NFC Secure Reader, joka tukee RFID-sovelluksia kulunvalvontaan ja varastonhallintaan.<\/p>","protected":false},"featured_media":1507,"template":"","meta":[],"product_brand":[],"product_cat":[38,40],"product_tag":[],"class_list":{"0":"post-1511","1":"product","2":"type-product","3":"status-publish","4":"has-post-thumbnail","6":"product_cat-mobile-ble-nfc-reader","7":"product_cat-rfid-nfc-reader","9":"first","10":"instock","11":"shipping-taxable","12":"product-type-simple"},"_links":{"self":[{"href":"https:\/\/nfc-readers.com\/fi\/wp-json\/wp\/v2\/product\/1511","targetHints":{"allow":["GET"]}}],"collection":[{"href":"https:\/\/nfc-readers.com\/fi\/wp-json\/wp\/v2\/product"}],"about":[{"href":"https:\/\/nfc-readers.com\/fi\/wp-json\/wp\/v2\/types\/product"}],"wp:featuredmedia":[{"embeddable":true,"href":"https:\/\/nfc-readers.com\/fi\/wp-json\/wp\/v2\/media\/1507"}],"wp:attachment":[{"href":"https:\/\/nfc-readers.com\/fi\/wp-json\/wp\/v2\/media?parent=1511"}],"wp:term":[{"taxonomy":"product_brand","embeddable":true,"href":"https:\/\/nfc-readers.com\/fi\/wp-json\/wp\/v2\/product_brand?post=1511"},{"taxonomy":"product_cat","embeddable":true,"href":"https:\/\/nfc-readers.com\/fi\/wp-json\/wp\/v2\/product_cat?post=1511"},{"taxonomy":"product_tag","embeddable":true,"href":"https:\/\/nfc-readers.com\/fi\/wp-json\/wp\/v2\/product_tag?post=1511"}],"curies":[{"name":"wp","href":"https:\/\/api.w.org\/{rel}","templated":true}]}}