{"id":1512,"date":"2024-04-07T03:03:03","date_gmt":"2024-04-07T03:03:03","guid":{"rendered":"https:\/\/nfc-readers.com\/?post_type=product&#038;p=1512"},"modified":"2024-10-16T08:13:55","modified_gmt":"2024-10-16T08:13:55","slug":"acr35-nfc-mobilemate-card-reader","status":"publish","type":"product","link":"https:\/\/nfc-readers.com\/fi\/ic-reader\/acr35-nfc-mobilemate-card-reader\/","title":{"rendered":"ACR35 NFC MobileMate kortinlukija"},"content":{"rendered":"<h1>ACR35 NFC MobileMate kortinlukija<\/h1>\n<p>ACR35 NFC MobileMate Card Reader on kompakti, tyylik\u00e4s ja kannettava NFC-lukija, joka tarjoaa turvallisen ja k\u00e4ytt\u00e4j\u00e4yst\u00e4v\u00e4llisen kokemuksen. Sen edistyneet salausominaisuudet ja ladattavan virtal\u00e4hteen k\u00e4ytt\u00f6mukavuus tekev\u00e4t siit\u00e4 arvokkaan v\u00e4lineen turvallisiin mobiilitapahtumiin, ja se on t\u00e4ydellinen sekoitus toimintoja ja siirrett\u00e4vyytt\u00e4 aktiivisille k\u00e4ytt\u00e4jille.<\/p>\n<p>&nbsp;<\/p>\n<p>3,5 mm Audio Jack -liit\u00e4nt\u00e4<br \/>\nToimii litiumioniakulla (ladattava PC-liitetyn tilan kautta)<br \/>\n\u00c4lykortinlukija:<br \/>\nSis\u00e4\u00e4nrakennettu antenni kontaktittoman tunnisteen k\u00e4ytt\u00f6\u00f6n, lukuet\u00e4isyys jopa 50 mm (tunnistetyypist\u00e4 riippuen)<br \/>\nTukee ISO 14443 Part 4 Type A- ja B -kortteja<br \/>\nTukee MIFAREa<br \/>\nTukee FeliCaa<br \/>\nTukee ISO 18092 -tunnisteita (NFC-tunnisteita)*<br \/>\nSis\u00e4\u00e4nrakennettu t\u00f6rm\u00e4yksenestoominaisuus<br \/>\nNFC-tuki:<br \/>\nKortinlukija\/kirjoitustila<br \/>\nMagneettiraitakortinlukija:<br \/>\nLukee jopa kaksi raitaa korttitietoja (Track 1 \/ Track 2)<br \/>\nPystyy kaksisuuntaiseen lukemiseen<br \/>\nTukee AES128-salausalgoritmia<br \/>\nTukee DUKPT-avainhallintaj\u00e4rjestelm\u00e4\u00e4<br \/>\nTukee ISO 7810 \/ 7811 magneettikortteja<br \/>\nTukee Hi-Coercivity- ja Low-Coercivity-magneettikortteja<br \/>\nTuki JIS1 ja JIS2<\/p>\n<table width=\"769\">\n<tbody>\n<tr>\n<td colspan=\"2\" width=\"769\">Fyysiset ominaisuudet<\/td>\n<\/tr>\n<tr>\n<td width=\"376\">Mitat (mm)<\/td>\n<td width=\"393\">60,0 mm (P) x 45,0 mm (L) x 13,3 mm (K)<\/td>\n<\/tr>\n<tr>\n<td width=\"376\">Paino (g)<\/td>\n<td width=\"393\">29,0 g (akun kanssa)<\/td>\n<\/tr>\n<tr>\n<td colspan=\"2\" width=\"769\">Audio Jack -viestint\u00e4liit\u00e4nt\u00e4<\/td>\n<\/tr>\n<tr>\n<td width=\"376\">p\u00f6yt\u00e4kirja<\/td>\n<td width=\"393\">Kaksisuuntainen \u00e4\u00e4niliitin<\/td>\n<\/tr>\n<tr>\n<td width=\"376\">Liittimen tyyppi<\/td>\n<td width=\"393\">3,5 mm 4-napainen audioliit\u00e4nt\u00e4<\/td>\n<\/tr>\n<tr>\n<td width=\"376\">Virtal\u00e4hde<\/td>\n<td width=\"393\">Akkuk\u00e4ytt\u00f6inen<\/td>\n<\/tr>\n<tr>\n<td colspan=\"2\" width=\"769\">USB-liit\u00e4nt\u00e4<\/td>\n<\/tr>\n<tr>\n<td width=\"376\">Liittimen tyyppi<\/td>\n<td width=\"393\">Micro-USB<\/td>\n<\/tr>\n<tr>\n<td width=\"376\">Virtal\u00e4hde<\/td>\n<td width=\"393\">USB-portista<\/td>\n<\/tr>\n<tr>\n<td width=\"376\">Kaapelin pituus<\/td>\n<td width=\"393\">1 m, irrotettava<\/td>\n<\/tr>\n<tr>\n<td colspan=\"2\" width=\"769\">Kontaktiton \u00e4lykorttiliit\u00e4nt\u00e4<\/td>\n<\/tr>\n<tr>\n<td width=\"376\">Vakio<\/td>\n<td width=\"393\">ISO\/IEC 18092 NFC, ISO 14443 Type A &amp; B, MIFARE, FeliCa<\/td>\n<\/tr>\n<tr>\n<td rowspan=\"4\" width=\"376\">p\u00f6yt\u00e4kirja<\/td>\n<td width=\"393\">ISO 14443-4 -yhteensopiva kortti, T=CL<\/td>\n<\/tr>\n<tr>\n<td width=\"393\">MIFARE Classic Card, T=CL<\/td>\n<\/tr>\n<tr>\n<td width=\"393\">ISO 18092, NFC-tunnisteet<\/td>\n<\/tr>\n<tr>\n<td width=\"393\">FeliCa<\/td>\n<\/tr>\n<tr>\n<td colspan=\"2\" width=\"769\">Magneettikortin k\u00e4ytt\u00f6liittym\u00e4<\/td>\n<\/tr>\n<tr>\n<td rowspan=\"2\" width=\"376\">Vakio<\/td>\n<td width=\"393\">ISO 7810\/7811 Hi-Co ja Low-Co magneettikortit<\/td>\n<\/tr>\n<tr>\n<td width=\"393\">JIS 1 ja JIS 2<\/td>\n<\/tr>\n<tr>\n<td colspan=\"2\" width=\"769\">Muut ominaisuudet<\/td>\n<\/tr>\n<tr>\n<td rowspan=\"2\" width=\"376\">Salaus<\/td>\n<td width=\"393\">Laitteen sis\u00e4inen AES-salausalgoritmi<\/td>\n<\/tr>\n<tr>\n<td width=\"393\">DUKPT-avaintenhallintaj\u00e4rjestelm\u00e4<\/td>\n<\/tr>\n<tr>\n<td colspan=\"2\" width=\"769\">Sertifikaatit\/vaatimustenmukaisuus<\/td>\n<\/tr>\n<tr>\n<td rowspan=\"10\" width=\"376\">Sertifikaatit\/vaatimustenmukaisuus<\/td>\n<td>EN 60950\/IEC 60950<\/td>\n<\/tr>\n<tr>\n<td>ISO 7811<\/td>\n<\/tr>\n<tr>\n<td>ISO 18092<\/td>\n<\/tr>\n<tr>\n<td>ISO 14443<\/td>\n<\/tr>\n<tr>\n<td>VCCI (Japani)<\/td>\n<\/tr>\n<tr>\n<td>KC (Korea)<\/td>\n<\/tr>\n<tr>\n<td>CE<\/td>\n<\/tr>\n<tr>\n<td>FCC<\/td>\n<\/tr>\n<tr>\n<td>RoHS 2<\/td>\n<\/tr>\n<tr>\n<td>SAAVUTTAA<\/td>\n<\/tr>\n<tr>\n<td colspan=\"2\" width=\"769\">Laiteohjaimen k\u00e4ytt\u00f6j\u00e4rjestelm\u00e4n tuki<\/td>\n<\/tr>\n<tr>\n<td rowspan=\"2\" width=\"376\">Laiteohjaimen k\u00e4ytt\u00f6j\u00e4rjestelm\u00e4n tuki<\/td>\n<td>Android\u2122 2.0 ja uudemmat<\/td>\n<\/tr>\n<tr>\n<td>iOS 5.0 ja uudemmat<\/td>\n<\/tr>\n<\/tbody>\n<\/table>","protected":false},"excerpt":{"rendered":"<p>ACR35 NFC MobileMate Reader on kannettava kontaktiton Reader, joka parantaa mobiililaitteita ja tarjoaa turvalliset NFC-tapahtumat liikkeell\u00e4 oleville k\u00e4ytt\u00e4jille.<\/p>","protected":false},"featured_media":1499,"template":"","meta":[],"product_brand":[],"product_cat":[38],"product_tag":[],"class_list":{"0":"post-1512","1":"product","2":"type-product","3":"status-publish","4":"has-post-thumbnail","6":"product_cat-mobile-ble-nfc-reader","8":"first","9":"instock","10":"shipping-taxable","11":"product-type-simple"},"_links":{"self":[{"href":"https:\/\/nfc-readers.com\/fi\/wp-json\/wp\/v2\/product\/1512","targetHints":{"allow":["GET"]}}],"collection":[{"href":"https:\/\/nfc-readers.com\/fi\/wp-json\/wp\/v2\/product"}],"about":[{"href":"https:\/\/nfc-readers.com\/fi\/wp-json\/wp\/v2\/types\/product"}],"wp:featuredmedia":[{"embeddable":true,"href":"https:\/\/nfc-readers.com\/fi\/wp-json\/wp\/v2\/media\/1499"}],"wp:attachment":[{"href":"https:\/\/nfc-readers.com\/fi\/wp-json\/wp\/v2\/media?parent=1512"}],"wp:term":[{"taxonomy":"product_brand","embeddable":true,"href":"https:\/\/nfc-readers.com\/fi\/wp-json\/wp\/v2\/product_brand?post=1512"},{"taxonomy":"product_cat","embeddable":true,"href":"https:\/\/nfc-readers.com\/fi\/wp-json\/wp\/v2\/product_cat?post=1512"},{"taxonomy":"product_tag","embeddable":true,"href":"https:\/\/nfc-readers.com\/fi\/wp-json\/wp\/v2\/product_tag?post=1512"}],"curies":[{"name":"wp","href":"https:\/\/api.w.org\/{rel}","templated":true}]}}