{"id":1520,"date":"2024-04-07T03:57:14","date_gmt":"2024-04-07T03:57:14","guid":{"rendered":"https:\/\/nfc-readers.com\/?post_type=product&#038;p=1520"},"modified":"2024-10-16T08:07:41","modified_gmt":"2024-10-16T08:07:41","slug":"acr39u-uf-type-c-connector-smart-card-reader","status":"publish","type":"product","link":"https:\/\/nfc-readers.com\/fi\/ic-reader\/acr39u-uf-type-c-connector-smart-card-reader\/","title":{"rendered":"ACR39U-UF-TYPE C -liitin-\u00e4lykortinlukija"},"content":{"rendered":"<h1>ACR39U-UF-TYPE C -liitin-\u00e4lykortinlukija<\/h1>\n<p>ACR39U-UF-\u00e4lykortinlukija on eritt\u00e4in monipuolinen ja innovatiivinen ty\u00f6kalu, joka sis\u00e4lt\u00e4\u00e4 USB Type C -liit\u00e4nn\u00e4t helpottamaan ja mukautuvaa k\u00e4ytt\u00f6\u00e4. Sen tuki laajalle valikoimalle \u00e4lykortteja ja kriittisten alan standardien noudattaminen tekev\u00e4t siit\u00e4 v\u00e4ltt\u00e4m\u00e4tt\u00f6m\u00e4n kannettavan NFC-lukijan useille turvallisille sovelluksille sek\u00e4 p\u00f6yt\u00e4koneilla ett\u00e4 mobiilialustoilla.<\/p>\n<ul>\n<li>\n<h2>USB 2.0 Full Speed -liit\u00e4nt\u00e4<\/h2>\n<\/li>\n<li>\n<h2>USB Type-C -liitin<\/h2>\n<\/li>\n<li>\n<h2>Plug and Play \u2013 CCID-tuki tuo \u00e4\u00e4rimm\u00e4ist\u00e4 liikkuvuutta<\/h2>\n<\/li>\n<li>\n<h2>\u00c4lykortinlukija:<\/h2>\n<ul>\n<li>\n<h3>Tukee ISO 7816 Class A, B ja C (5 V, 3 V, 1,8 V) kortteja<\/h3>\n<\/li>\n<li>\n<h3>Tukee CAC:t\u00e4<\/h3>\n<\/li>\n<li>\n<h3>Tukee SIPRNET-korttia<\/h3>\n<\/li>\n<li>\n<h3>Tukee J-LIS-korttia<\/h3>\n<\/li>\n<li>\n<h3>Tukee mikroprosessorikortteja T=0 tai T=1 protokollalla<\/h3>\n<\/li>\n<li>\n<h3>Tukee muistikortteja<\/h3>\n<\/li>\n<li>\n<h3>Tukee Mykad-korttia<\/h3>\n<\/li>\n<li>\n<h3>Tukee PPS:\u00e4\u00e4 (protokollan ja parametrien valinta)<\/h3>\n<\/li>\n<li>\n<h3>Sis\u00e4lt\u00e4\u00e4 oikosulkusuojauksen<\/h3>\n<\/li>\n<\/ul>\n<\/li>\n<li>\n<h2>Sovellusohjelmointiliittym\u00e4:<\/h2>\n<ul>\n<li>\n<h3>Tukee PC\/SC:t\u00e4<\/h3>\n<\/li>\n<li>\n<h3>Tukee CT-API CT-API:t\u00e4 (PC\/SC:n p\u00e4\u00e4ll\u00e4 olevan k\u00e4\u00e4reen kautta)<\/h3>\n<\/li>\n<\/ul>\n<\/li>\n<li>\n<h2>Tukee Android\u2122 3.1:t\u00e4 ja uudempia<\/h2>\n<\/li>\n<li>\n<div>\n<table width=\"581\">\n<tbody>\n<tr>\n<td colspan=\"2\" width=\"581\">Fyysiset ominaisuudet<\/td>\n<\/tr>\n<tr>\n<td width=\"236\">Mitat (mm)<\/td>\n<td width=\"345\">72,2 mm (P) x 69,0 mm (L) x 14,5 mm (K)<\/td>\n<\/tr>\n<tr>\n<td width=\"236\">Paino (g)<\/td>\n<td width=\"345\">65,0 g<\/td>\n<\/tr>\n<tr>\n<td colspan=\"2\" width=\"581\">USB-liit\u00e4nt\u00e4<\/td>\n<\/tr>\n<tr>\n<td width=\"236\">p\u00f6yt\u00e4kirja<\/td>\n<td width=\"345\">USB CCID<\/td>\n<\/tr>\n<tr>\n<td width=\"236\">Liittimen tyyppi<\/td>\n<td width=\"345\">Vakiotyyppi-C<\/td>\n<\/tr>\n<tr>\n<td width=\"236\">Virtal\u00e4hde<\/td>\n<td width=\"345\">USB-portista<\/td>\n<\/tr>\n<tr>\n<td width=\"236\">Nopeus<\/td>\n<td width=\"345\">USB 2.0 t\u00e4ysi nopeus (12 Mbps)<\/td>\n<\/tr>\n<tr>\n<td width=\"236\">Kaapelin pituus<\/td>\n<td width=\"345\">1,5 m, kiinte\u00e4<\/td>\n<\/tr>\n<tr>\n<td colspan=\"2\" width=\"581\">Ota yhteytt\u00e4 \u00e4lykortin k\u00e4ytt\u00f6liittym\u00e4\u00e4n<\/td>\n<\/tr>\n<tr>\n<td width=\"236\">Slottien m\u00e4\u00e4r\u00e4<\/td>\n<td width=\"345\">1 t\u00e4ysikokoinen korttipaikka<\/td>\n<\/tr>\n<tr>\n<td width=\"236\">Vakio<\/td>\n<td width=\"345\">ISO 7816, osat 1\u20134, luokka A, B, C (5 V, 3 V, 1,8 V)<\/td>\n<\/tr>\n<tr>\n<td width=\"236\">p\u00f6yt\u00e4kirja<\/td>\n<td width=\"345\">T = 0; T = 1; Muistikortin tuki<\/td>\n<\/tr>\n<tr>\n<td width=\"236\">muut<\/td>\n<td width=\"345\">Mykad Card, CAC, PIV, SIPRNET, J-LIS \u00e4lykortit<\/td>\n<\/tr>\n<tr>\n<td colspan=\"2\" width=\"581\">Sertifikaatit\/vaatimustenmukaisuus<\/td>\n<\/tr>\n<tr>\n<td rowspan=\"18\" width=\"236\">Sertifikaatit\/vaatimustenmukaisuus<\/td>\n<td width=\"345\">EN62368\/IEC 62368<\/td>\n<\/tr>\n<tr>\n<td width=\"345\">CE<\/td>\n<\/tr>\n<tr>\n<td width=\"345\">FCC<\/td>\n<\/tr>\n<tr>\n<td width=\"345\">RoHS<\/td>\n<\/tr>\n<tr>\n<td width=\"345\">SAAVUTTAA<\/td>\n<\/tr>\n<tr>\n<td width=\"345\">EMV\u2122 Taso 1 (Yhteystiedot)<\/td>\n<\/tr>\n<tr>\n<td width=\"345\">J-LIS<\/td>\n<\/tr>\n<tr>\n<td width=\"345\">KCC<\/td>\n<\/tr>\n<tr>\n<td width=\"345\">PBOC<\/td>\n<\/tr>\n<tr>\n<td width=\"345\">TAA (USA)<\/td>\n<\/tr>\n<tr>\n<td width=\"345\">UKCA<\/td>\n<\/tr>\n<tr>\n<td width=\"345\">VCCI<\/td>\n<\/tr>\n<tr>\n<td width=\"345\">WEEE<\/td>\n<\/tr>\n<tr>\n<td width=\"345\">ISO 7816<\/td>\n<\/tr>\n<tr>\n<td width=\"345\">USB 2.0 t\u00e4ysi nopeus<\/td>\n<\/tr>\n<tr>\n<td width=\"345\">PC\/SC<\/td>\n<\/tr>\n<tr>\n<td width=\"345\">CCID<\/td>\n<\/tr>\n<tr>\n<td width=\"345\">Microsoft\u00ae WHQL<\/td>\n<\/tr>\n<tr>\n<td colspan=\"2\" width=\"581\">Laiteohjaimen k\u00e4ytt\u00f6j\u00e4rjestelm\u00e4n tuki<\/td>\n<\/tr>\n<tr>\n<td rowspan=\"5\" width=\"236\">Laiteohjaimen k\u00e4ytt\u00f6j\u00e4rjestelm\u00e4n tuki<\/td>\n<td width=\"345\">Windows\u00ae<\/td>\n<\/tr>\n<tr>\n<td width=\"345\">Linux\u00ae<\/td>\n<\/tr>\n<tr>\n<td width=\"345\">macOS\u00ae<\/td>\n<\/tr>\n<tr>\n<td width=\"345\">Solaris\u2122<\/td>\n<\/tr>\n<tr>\n<td width=\"345\">Android\u2122<\/td>\n<\/tr>\n<\/tbody>\n<\/table>\n<\/div>\n<\/li>\n<\/ul>","protected":false},"excerpt":{"rendered":"<p>ACR39U-UF on kompakti USB Type C Secure Reader ja nopea kosketin, joka on suunniteltu saumattomaan integrointiin useiden \u00e4lykorttisovellusten kanssa useissa laitteissa.<\/p>","protected":false},"featured_media":1524,"template":"","meta":[],"product_brand":[],"product_cat":[39],"product_tag":[],"class_list":{"0":"post-1520","1":"product","2":"type-product","3":"status-publish","4":"has-post-thumbnail","6":"product_cat-usb-ic-smartcard-reader","8":"first","9":"instock","10":"shipping-taxable","11":"product-type-simple"},"_links":{"self":[{"href":"https:\/\/nfc-readers.com\/fi\/wp-json\/wp\/v2\/product\/1520","targetHints":{"allow":["GET"]}}],"collection":[{"href":"https:\/\/nfc-readers.com\/fi\/wp-json\/wp\/v2\/product"}],"about":[{"href":"https:\/\/nfc-readers.com\/fi\/wp-json\/wp\/v2\/types\/product"}],"wp:featuredmedia":[{"embeddable":true,"href":"https:\/\/nfc-readers.com\/fi\/wp-json\/wp\/v2\/media\/1524"}],"wp:attachment":[{"href":"https:\/\/nfc-readers.com\/fi\/wp-json\/wp\/v2\/media?parent=1520"}],"wp:term":[{"taxonomy":"product_brand","embeddable":true,"href":"https:\/\/nfc-readers.com\/fi\/wp-json\/wp\/v2\/product_brand?post=1520"},{"taxonomy":"product_cat","embeddable":true,"href":"https:\/\/nfc-readers.com\/fi\/wp-json\/wp\/v2\/product_cat?post=1520"},{"taxonomy":"product_tag","embeddable":true,"href":"https:\/\/nfc-readers.com\/fi\/wp-json\/wp\/v2\/product_tag?post=1520"}],"curies":[{"name":"wp","href":"https:\/\/api.w.org\/{rel}","templated":true}]}}