{"id":1527,"date":"2024-04-07T04:11:14","date_gmt":"2024-04-07T04:11:14","guid":{"rendered":"https:\/\/nfc-readers.com\/?post_type=product&#038;p=1527"},"modified":"2024-10-16T08:04:40","modified_gmt":"2024-10-16T08:04:40","slug":"acr39u-nf-pocketmate-ii-usb-type-c-smart-card-reader","status":"publish","type":"product","link":"https:\/\/nfc-readers.com\/fi\/ic-reader\/acr39u-nf-pocketmate-ii-usb-type-c-smart-card-reader\/","title":{"rendered":"ACR39U-NF PocketMate II (USB Type-C) \u00e4lykortinlukija"},"content":{"rendered":"<h1>ACR39U-NF PocketMate II (USB Type-C) \u00e4lykortinlukija<\/h1>\n<p>ACR39 PocketMate II edustaa kompaktia mutta kest\u00e4v\u00e4\u00e4 kannettavaa NFC-lukijaa ja \u00e4lykortinlukijaratkaisua, joka palvelee laajaa valikoimaa turvallisia sovelluksia. Sen huippuluokan USB Type C -liit\u00e4nn\u00e4t, laaja korttituki ja usean alustan integrointi tekev\u00e4t siit\u00e4 v\u00e4ltt\u00e4m\u00e4tt\u00f6m\u00e4n ty\u00f6kalun turvallisiin ja joustaviin toimiin sek\u00e4 tietokoneilla ett\u00e4 mobiilialueilla.<\/p>\n<ul>\n<li>\n<h2>USB 2.0 Full Speed -liit\u00e4nt\u00e4<\/h2>\n<\/li>\n<li>\n<h2>USB Type-C -liitin<\/h2>\n<\/li>\n<li>\n<h2>Plug and Play \u2013 CCID-tuki tuo \u00e4\u00e4rimm\u00e4ist\u00e4 liikkuvuutta<\/h2>\n<\/li>\n<li>\n<h2>Swivel Motion Design<\/h2>\n<\/li>\n<li>\n<h2>\u00c4lykortinlukija:<\/h2>\n<ul>\n<li>\n<h3>Tukee ISO 7816 Class A, B ja C (5 V, 3 V, 1,8 V) kortteja<\/h3>\n<\/li>\n<li>\n<h3>Tukee CAC:t\u00e4<\/h3>\n<\/li>\n<li>\n<h3>Tukee SIPRNET-korttia<\/h3>\n<\/li>\n<li>\n<h3>Tukee J-LIS-korttia<\/h3>\n<\/li>\n<li>\n<h3>Tukee Mykad-korttia<\/h3>\n<\/li>\n<li>\n<h3>Tukee mikroprosessorikortteja T=0 tai T=1 protokollalla<\/h3>\n<\/li>\n<li>\n<h3>Tukee muistikortteja<\/h3>\n<\/li>\n<li>\n<h3>Tukee PPS:\u00e4\u00e4 (protokollan ja parametrien valinta)<\/h3>\n<\/li>\n<li>\n<h3>Sis\u00e4lt\u00e4\u00e4 oikosulkusuojauksen<\/h3>\n<\/li>\n<\/ul>\n<\/li>\n<li>\n<h2>Sovellusohjelmointiliittym\u00e4:<\/h2>\n<ul>\n<li>\n<h3>Tukee PC\/SC:t\u00e4<\/h3>\n<\/li>\n<li>\n<h3>Tukee CT-API CT-API:t\u00e4 (PC\/SC:n p\u00e4\u00e4ll\u00e4 olevan k\u00e4\u00e4reen kautta)<\/h3>\n<\/li>\n<\/ul>\n<\/li>\n<li>\n<h2>Tukee Android\u2122 3.1:t\u00e4 ja uudempia<\/h2>\n<\/li>\n<li>\n<div>\n<table width=\"719\">\n<tbody>\n<tr>\n<td colspan=\"2\" width=\"719\">Fyysiset ominaisuudet<\/td>\n<\/tr>\n<tr>\n<td width=\"326\">Mitat (mm)<\/td>\n<td width=\"393\">58,0 mm (P) x 20,0 mm (L) x 13,9 mm (K)<\/td>\n<\/tr>\n<tr>\n<td width=\"326\">Paino (g)<\/td>\n<td width=\"393\">10 g<\/td>\n<\/tr>\n<tr>\n<td colspan=\"2\" width=\"719\">USB-liit\u00e4nt\u00e4<\/td>\n<\/tr>\n<tr>\n<td width=\"326\">p\u00f6yt\u00e4kirja<\/td>\n<td width=\"393\">USB CCID<\/td>\n<\/tr>\n<tr>\n<td width=\"326\">Liittimen tyyppi<\/td>\n<td width=\"393\">Vakiotyyppi C<\/td>\n<\/tr>\n<tr>\n<td width=\"326\">Virtal\u00e4hde<\/td>\n<td width=\"393\">USB-portista<\/td>\n<\/tr>\n<tr>\n<td width=\"326\">Nopeus<\/td>\n<td width=\"393\">USB t\u00e4ysi nopeus (12 Mbps)<\/td>\n<\/tr>\n<tr>\n<td colspan=\"2\" width=\"719\">Ota yhteytt\u00e4 \u00e4lykortin k\u00e4ytt\u00f6liittym\u00e4\u00e4n<\/td>\n<\/tr>\n<tr>\n<td width=\"326\">Slottien m\u00e4\u00e4r\u00e4<\/td>\n<td width=\"393\">1 t\u00e4ysikokoinen korttipaikka<\/td>\n<\/tr>\n<tr>\n<td width=\"326\">Vakio<\/td>\n<td width=\"393\">ISO 7816, osat 1\u20133, luokka A, B, C (5 V, 3 V, 1,8 V)<\/td>\n<\/tr>\n<tr>\n<td width=\"326\">p\u00f6yt\u00e4kirja<\/td>\n<td width=\"393\">T = 0; T = 1; Muistikortin tuki<\/td>\n<\/tr>\n<tr>\n<td width=\"326\">muut<\/td>\n<td width=\"393\">SERT, PIV, SIPRNET, J-LIS \u00e4lykortit<\/td>\n<\/tr>\n<tr>\n<td colspan=\"2\" width=\"719\">Sertifikaatit\/vaatimustenmukaisuus<\/td>\n<\/tr>\n<tr>\n<td rowspan=\"16\" width=\"326\">Sertifikaatit\/vaatimustenmukaisuus<\/td>\n<td>EN 60950\/IEC 60950<\/td>\n<\/tr>\n<tr>\n<td>ISO 7816<\/td>\n<\/tr>\n<tr>\n<td>USB t\u00e4ysi nopeus<\/td>\n<\/tr>\n<tr>\n<td>EMV\u2122 Taso 1 (Yhteystiedot)<\/td>\n<\/tr>\n<tr>\n<td>PC\/SC<\/td>\n<\/tr>\n<tr>\n<td>CCID<\/td>\n<\/tr>\n<tr>\n<td>TAA (USA)<\/td>\n<\/tr>\n<tr>\n<td>VCCI (Japani)<\/td>\n<\/tr>\n<tr>\n<td>J-LIS (Japani)<\/td>\n<\/tr>\n<tr>\n<td>PBOC (Kiina)<\/td>\n<\/tr>\n<tr>\n<td>CE<\/td>\n<\/tr>\n<tr>\n<td>FCC<\/td>\n<\/tr>\n<tr>\n<td>WEEE<\/td>\n<\/tr>\n<tr>\n<td>RoHS 2<\/td>\n<\/tr>\n<tr>\n<td>SAAVUTTAA<\/td>\n<\/tr>\n<tr>\n<td>Microsoft\u00ae WHQL<\/td>\n<\/tr>\n<tr>\n<td colspan=\"2\" width=\"719\">Laiteohjaimen k\u00e4ytt\u00f6j\u00e4rjestelm\u00e4n tuki<\/td>\n<\/tr>\n<tr>\n<td rowspan=\"5\" width=\"326\">Laiteohjaimen k\u00e4ytt\u00f6j\u00e4rjestelm\u00e4n tuki<\/td>\n<td>Windows\u00ae<\/td>\n<\/tr>\n<tr>\n<td>Linux\u00ae<\/td>\n<\/tr>\n<tr>\n<td>MAC OS\u00ae<\/td>\n<\/tr>\n<tr>\n<td>Solaris<\/td>\n<\/tr>\n<tr>\n<td>Android\u2122 3.1 ja uudemmat<\/td>\n<\/tr>\n<\/tbody>\n<\/table>\n<\/div>\n<\/li>\n<\/ul>","protected":false},"excerpt":{"rendered":"<p>ACR39U PocketMate II on pienikokoinen USB Type C Secure Reader, joka tarjoaa nopean suorituskyvyn \u00e4lykorttisovelluksiin, mukaan lukien digitaaliset allekirjoitukset ja suojatut pankkipalvelut.<\/p>","protected":false},"featured_media":1530,"template":"","meta":[],"product_brand":[],"product_cat":[39],"product_tag":[],"class_list":{"0":"post-1527","1":"product","2":"type-product","3":"status-publish","4":"has-post-thumbnail","6":"product_cat-usb-ic-smartcard-reader","8":"first","9":"instock","10":"shipping-taxable","11":"product-type-simple"},"_links":{"self":[{"href":"https:\/\/nfc-readers.com\/fi\/wp-json\/wp\/v2\/product\/1527","targetHints":{"allow":["GET"]}}],"collection":[{"href":"https:\/\/nfc-readers.com\/fi\/wp-json\/wp\/v2\/product"}],"about":[{"href":"https:\/\/nfc-readers.com\/fi\/wp-json\/wp\/v2\/types\/product"}],"wp:featuredmedia":[{"embeddable":true,"href":"https:\/\/nfc-readers.com\/fi\/wp-json\/wp\/v2\/media\/1530"}],"wp:attachment":[{"href":"https:\/\/nfc-readers.com\/fi\/wp-json\/wp\/v2\/media?parent=1527"}],"wp:term":[{"taxonomy":"product_brand","embeddable":true,"href":"https:\/\/nfc-readers.com\/fi\/wp-json\/wp\/v2\/product_brand?post=1527"},{"taxonomy":"product_cat","embeddable":true,"href":"https:\/\/nfc-readers.com\/fi\/wp-json\/wp\/v2\/product_cat?post=1527"},{"taxonomy":"product_tag","embeddable":true,"href":"https:\/\/nfc-readers.com\/fi\/wp-json\/wp\/v2\/product_tag?post=1527"}],"curies":[{"name":"wp","href":"https:\/\/api.w.org\/{rel}","templated":true}]}}