{"id":1537,"date":"2024-04-07T06:01:23","date_gmt":"2024-04-07T06:01:23","guid":{"rendered":"https:\/\/nfc-readers.com\/?post_type=product&#038;p=1537"},"modified":"2024-10-16T07:57:49","modified_gmt":"2024-10-16T07:57:49","slug":"acr3901u-s1-bluetooth-smart-card-reader-writer","status":"publish","type":"product","link":"https:\/\/nfc-readers.com\/fi\/ic-reader\/acr3901u-s1-bluetooth-smart-card-reader-writer\/","title":{"rendered":"ACR3901U-S1 Bluetooth\u00ae-\u00e4lykortinlukija \u2013 kirjoituslaite"},"content":{"rendered":"<h1>ACR3901U-S1 Bluetooth\u00ae-\u00e4lykortinlukija \u2013 kirjoituslaite<\/h1>\n<p>ACR3901U-S1 esittelee itsens\u00e4 korkean teknologian nfc-lukijana, joka on bluetooth, joka sopii hyvin nykyaikaiselle tekniikkaa taitavalle henkil\u00f6lle. Se varmistaa laajan yhteensopivuuden \u00e4lykorttien ja henkil\u00f6kohtaisten laitteiden kanssa yhdist\u00e4en nopeat tiedonsiirtonopeudet kannettavaan langattomaan Bluetooth-ominaisuuteen, mik\u00e4 tekee siit\u00e4 v\u00e4ltt\u00e4m\u00e4tt\u00f6m\u00e4n ty\u00f6kalun niille, jotka vaativat turvallisia ja joustavia \u00e4lykorttitapahtumia.<\/p>\n<ul>\n<li>\n<h2>Bluetooth\u00ae-liit\u00e4nt\u00e4<\/h2>\n<\/li>\n<li>\n<h2>USB 2.0 Full Speed -liit\u00e4nt\u00e4<\/h2>\n<\/li>\n<li>\n<h2>Virtal\u00e4hde<\/h2>\n<ul>\n<li>\n<h3>Akkuk\u00e4ytt\u00f6inen (sis\u00e4lt\u00e4\u00e4 litiumioniakun, joka voidaan ladata Micro-USB-portin kautta)<\/h3>\n<\/li>\n<li>\n<h3>USB-virtal\u00e4hde (PC-liitetyn tilan kautta)<\/h3>\n<\/li>\n<\/ul>\n<\/li>\n<li>\n<h2>CCID-yhteensopivuus<\/h2>\n<\/li>\n<li>\n<h2>\u00c4lykortinlukija:<\/h2>\n<ul>\n<li>\n<h3>Yhteysliittym\u00e4:<\/h3>\n<ul>\n<li>\n<h4>Tukee ISO 7816 Class A, B ja C (5 V, 3 V, 1,8 V) kortteja<\/h4>\n<\/li>\n<li>\n<h4>Tukee mikroprosessorikortteja T=0 tai T=1 protokollalla<\/h4>\n<\/li>\n<li>\n<h4>Tukee muistikortteja<\/h4>\n<\/li>\n<li>\n<h4>Tukee PPS:\u00e4\u00e4 (protokollan ja parametrien valinta)<\/h4>\n<\/li>\n<li>\n<h4>Sis\u00e4lt\u00e4\u00e4 oikosulkusuojauksen<\/h4>\n<\/li>\n<li>\n<h4>Tukee AES-128-salausalgoritmia<\/h4>\n<\/li>\n<\/ul>\n<\/li>\n<\/ul>\n<\/li>\n<li>\n<h2>Sis\u00e4\u00e4nrakennettu oheislaite:<\/h2>\n<ul>\n<li>\n<h3>Kolme yksiv\u00e4rist\u00e4 LEDi\u00e4<\/h3>\n<\/li>\n<\/ul>\n<\/li>\n<li>\n<h2>Sovellusohjelmointiliittym\u00e4:<\/h2>\n<ul>\n<li>\n<h3>Tukee PC\/SC:t\u00e4<\/h3>\n<\/li>\n<li>\n<h3>Tukee CT-API:t\u00e4 (PC\/SC:n p\u00e4\u00e4ll\u00e4 olevan k\u00e4\u00e4reen kautta)<\/h3>\n<\/li>\n<\/ul>\n<\/li>\n<li>\n<h2>USB-laiteohjelmiston p\u00e4ivitett\u00e4vyys<\/h2>\n<\/li>\n<li>\n<h2>Tukee Android\u2122 4.3:a ja uudempia<\/h2>\n<\/li>\n<li>\n<h2>Tukee iOS 8.0:aa ja uudempaa<\/h2>\n<\/li>\n<li>\n<div>\n<table width=\"556\">\n<tbody>\n<tr>\n<td colspan=\"2\" width=\"556\">Fyysiset ominaisuudet<\/td>\n<\/tr>\n<tr>\n<td width=\"190\">Mitat (mm)<\/td>\n<td width=\"366\">94 mm (P) \u00d7 60 mm (L) \u00d7 12 mm (K)<\/td>\n<\/tr>\n<tr>\n<td width=\"190\">Paino (g)<\/td>\n<td width=\"366\">30,8 g (59,7 g kaapelin kanssa \u00b1 5 g toleranssi)<\/td>\n<\/tr>\n<tr>\n<td colspan=\"2\" width=\"556\">Bluetooth-liit\u00e4nt\u00e4<\/td>\n<\/tr>\n<tr>\n<td width=\"190\">p\u00f6yt\u00e4kirja<\/td>\n<td width=\"366\">Bluetooth\u00ae (Bluetooth Low Energy \/ Bluetooth 4.0)<\/td>\n<\/tr>\n<tr>\n<td width=\"190\">Virtal\u00e4hde<\/td>\n<td width=\"366\">Ladattava litiumioniakku (lataus USB:n kautta)<\/td>\n<\/tr>\n<tr>\n<td width=\"190\">Nopeus<\/td>\n<td width=\"366\">1 Mbps<\/td>\n<\/tr>\n<tr>\n<td colspan=\"2\" width=\"556\">USB-liit\u00e4nt\u00e4<\/td>\n<\/tr>\n<tr>\n<td width=\"190\">p\u00f6yt\u00e4kirja<\/td>\n<td width=\"366\">USB CCID<\/td>\n<\/tr>\n<tr>\n<td width=\"190\">Liittimen tyyppi<\/td>\n<td width=\"366\">Micro-USB<\/td>\n<\/tr>\n<tr>\n<td width=\"190\">Virtal\u00e4hde<\/td>\n<td width=\"366\">USB-portista<\/td>\n<\/tr>\n<tr>\n<td width=\"190\">Nopeus<\/td>\n<td width=\"366\">USB t\u00e4ysi nopeus (12 Mbps)<\/td>\n<\/tr>\n<tr>\n<td width=\"190\">Kaapelin pituus<\/td>\n<td width=\"366\">1 m, irrotettava<\/td>\n<\/tr>\n<tr>\n<td colspan=\"2\" width=\"556\">Ota yhteytt\u00e4 \u00e4lykortin k\u00e4ytt\u00f6liittym\u00e4\u00e4n<\/td>\n<\/tr>\n<tr>\n<td width=\"190\">Slottien m\u00e4\u00e4r\u00e4<\/td>\n<td width=\"366\">1 t\u00e4ysikokoinen korttipaikka<\/td>\n<\/tr>\n<tr>\n<td width=\"190\">Vakio<\/td>\n<td width=\"366\">ISO 7816, osat 1\u20134, luokka A, B, C (5 V, 3 V, 1,8 V)<\/td>\n<\/tr>\n<tr>\n<td width=\"190\">p\u00f6yt\u00e4kirja<\/td>\n<td width=\"366\">T = 0; T = 1; Muistikortin tuki<\/td>\n<\/tr>\n<tr>\n<td colspan=\"2\" width=\"556\">Sis\u00e4\u00e4nrakennetut oheislaitteet<\/td>\n<\/tr>\n<tr>\n<td width=\"190\">LED<\/td>\n<td width=\"366\">3 yksiv\u00e4rist\u00e4: punainen, sininen ja vihre\u00e4<\/td>\n<\/tr>\n<tr>\n<td colspan=\"2\" width=\"556\">Muut ominaisuudet<\/td>\n<\/tr>\n<tr>\n<td width=\"190\">Salaus<\/td>\n<td width=\"366\">Laitteen sis\u00e4inen AES-salausalgoritmi<\/td>\n<\/tr>\n<tr>\n<td width=\"190\">Laiteohjelmiston p\u00e4ivitys<\/td>\n<td width=\"366\">Tuettu<\/td>\n<\/tr>\n<tr>\n<td colspan=\"2\" width=\"556\">Sertifikaatit\/vaatimustenmukaisuus<\/td>\n<\/tr>\n<tr>\n<td rowspan=\"14\" width=\"190\">Sertifikaatit\/vaatimustenmukaisuus<\/td>\n<td width=\"366\">EN 60950\/IEC 60950<\/td>\n<\/tr>\n<tr>\n<td width=\"366\">ISO 7816<\/td>\n<\/tr>\n<tr>\n<td width=\"366\">USB t\u00e4ysi nopeus<\/td>\n<\/tr>\n<tr>\n<td width=\"366\">Bluetooth\u00ae<\/td>\n<\/tr>\n<tr>\n<td width=\"366\">EMV\u2122 Taso 1 (Yhteystiedot)<\/td>\n<\/tr>\n<tr>\n<td width=\"366\">PC\/SC<\/td>\n<\/tr>\n<tr>\n<td width=\"366\">CCID<\/td>\n<\/tr>\n<tr>\n<td width=\"366\">CE<\/td>\n<\/tr>\n<tr>\n<td width=\"366\">FCC<\/td>\n<\/tr>\n<tr>\n<td width=\"366\">RoHS<\/td>\n<\/tr>\n<tr>\n<td width=\"366\">SAAVUTTAA<\/td>\n<\/tr>\n<tr>\n<td width=\"366\">VCCI (Japani)<\/td>\n<\/tr>\n<tr>\n<td width=\"366\">MIC (Japani)<\/td>\n<\/tr>\n<tr>\n<td width=\"366\">Microsoft\u00ae WHQL<\/td>\n<\/tr>\n<tr>\n<td colspan=\"2\" width=\"556\">Laiteohjaimen k\u00e4ytt\u00f6j\u00e4rjestelm\u00e4n tuki<\/td>\n<\/tr>\n<tr>\n<td rowspan=\"5\" width=\"190\">Laiteohjaimen k\u00e4ytt\u00f6j\u00e4rjestelm\u00e4n tuki<\/td>\n<td width=\"366\">Windows\u00ae<\/td>\n<\/tr>\n<tr>\n<td width=\"366\">Linux\u00ae<\/td>\n<\/tr>\n<tr>\n<td width=\"366\">MAC OS\u00ae 10.7 ja uudemmat<\/td>\n<\/tr>\n<tr>\n<td width=\"366\">Android\u2122 4.3 ja uudemmat<\/td>\n<\/tr>\n<tr>\n<td width=\"366\">iOS 8.0 ja uudemmat<\/td>\n<\/tr>\n<\/tbody>\n<\/table>\n<\/div>\n<\/li>\n<\/ul>","protected":false},"excerpt":{"rendered":"<p>ACR3901U-S1 on kannettava USB Secure Reader ja Bluetooth\u00ae Contact Reader, joka tarjoaa nopean suorituskyvyn \u00e4lykorttisovelluksiin tien p\u00e4\u00e4ll\u00e4.<\/p>","protected":false},"featured_media":1538,"template":"","meta":[],"product_brand":[],"product_cat":[39],"product_tag":[],"class_list":{"0":"post-1537","1":"product","2":"type-product","3":"status-publish","4":"has-post-thumbnail","6":"product_cat-usb-ic-smartcard-reader","8":"first","9":"instock","10":"shipping-taxable","11":"product-type-simple"},"_links":{"self":[{"href":"https:\/\/nfc-readers.com\/fi\/wp-json\/wp\/v2\/product\/1537","targetHints":{"allow":["GET"]}}],"collection":[{"href":"https:\/\/nfc-readers.com\/fi\/wp-json\/wp\/v2\/product"}],"about":[{"href":"https:\/\/nfc-readers.com\/fi\/wp-json\/wp\/v2\/types\/product"}],"wp:featuredmedia":[{"embeddable":true,"href":"https:\/\/nfc-readers.com\/fi\/wp-json\/wp\/v2\/media\/1538"}],"wp:attachment":[{"href":"https:\/\/nfc-readers.com\/fi\/wp-json\/wp\/v2\/media?parent=1537"}],"wp:term":[{"taxonomy":"product_brand","embeddable":true,"href":"https:\/\/nfc-readers.com\/fi\/wp-json\/wp\/v2\/product_brand?post=1537"},{"taxonomy":"product_cat","embeddable":true,"href":"https:\/\/nfc-readers.com\/fi\/wp-json\/wp\/v2\/product_cat?post=1537"},{"taxonomy":"product_tag","embeddable":true,"href":"https:\/\/nfc-readers.com\/fi\/wp-json\/wp\/v2\/product_tag?post=1537"}],"curies":[{"name":"wp","href":"https:\/\/api.w.org\/{rel}","templated":true}]}}