{"id":1550,"date":"2024-04-07T06:15:08","date_gmt":"2024-04-07T06:15:08","guid":{"rendered":"https:\/\/nfc-readers.com\/?post_type=product&#038;p=1550"},"modified":"2024-10-16T06:43:39","modified_gmt":"2024-10-16T06:43:39","slug":"acr1281u-c1-usb-dual-interface-reader","status":"publish","type":"product","link":"https:\/\/nfc-readers.com\/fi\/ic-reader\/acr1281u-c1-usb-dual-interface-reader\/","title":{"rendered":"ACR1281U-C1 usb-kaksiliit\u00e4nt\u00e4inen lukija"},"content":{"rendered":"<h1>ACR1281U-C1 usb-kaksiliit\u00e4nt\u00e4inen lukija<\/h1>\n<p>ACR1281U-C1 DualBoost II on p\u00e4ivitetty versio ACR128 DualBoost Readerista. Toimii \u00e4lykortinlukijana, ja se tarjoaa tehokkaan kaksoisliittym\u00e4n, joka pystyy muodostamaan liittym\u00e4n kaikkiin ISO 7816- ja ISO 14443 -standardeja noudattaviin \u00e4lykorttiin. T\u00e4m\u00e4 toisen sukupolven DualBoost II yhdist\u00e4\u00e4 perinteisesti erilliset kosketus- ja kontaktittomat \u00e4lykorttitoiminnot yhdeksi yhten\u00e4iseksi yksik\u00f6ksi, mik\u00e4 mahdollistaa yhden kortin k\u00e4yt\u00f6n erilaisiin sovelluksiin. Sen hy\u00f6dyllisyys loistaa verkkokaupassa mahdollistaen verkkomaksujen turvallisen k\u00e4sittelyn luottokorttien kautta, ja sill\u00e4 on keskeinen rooli joukkoliikenteess\u00e4 auttamassa kontaktittomien korttien lataamisessa automatisoiduissa hintaj\u00e4rjestelmiss\u00e4. Se ilment\u00e4\u00e4 yhden kortin ratkaisuvisiota, jossa lukemattomia \u00e4lykorttitoimintoja yhdistet\u00e4\u00e4n yhdeksi kortiksi. P\u00e4ivitetty DualBoost-sarja on t\u00e4ysin PC\/SC-yhteensopiva ja mahdollistaa saumattoman vuorovaikutuksen sek\u00e4 kosketus- ett\u00e4 kontaktittomien liit\u00e4nt\u00f6jen kanssa. Kannettavana NFC-lukijana se tehostaa kontaktittomien korttien tiedonsiirtoa jopa 848 kbps:n nopeuksilla, mik\u00e4 palvelee edistyneit\u00e4 sovelluksia, jotka vaativat korkeaa suorituskyky\u00e4. Lukija on my\u00f6s varustettu \u00e4lykk\u00e4ill\u00e4 hybridi- ja yhdistelm\u00e4korttien k\u00e4sittelymekanismeilla, mik\u00e4 mahdollistaa virheellisesti osoitekorttipaikkaan sy\u00f6tetyn kontaktittoman kortin tunnistamisen. Sen suunnitteluun kuuluu kiinte\u00e4sti SAM-paikka, joka vahvistaa turvallisuutta molemmissa liit\u00e4nn\u00f6iss\u00e4. Parannetut ominaisuudet, kuten mahdollisuus p\u00e4ivitt\u00e4\u00e4 laiteohjelmisto USB:n kautta, yhteensopivuus kontaktien muistikorttien kanssa ja tuki laajennetuille APDU-komentoille korostavat ACR1281U-C1 DualBoost II:n kustannustehokkuutta. tehokas ja tehokas all-inclusive-ty\u00f6kalu, joka lis\u00e4\u00e4 k\u00e4ytt\u00f6mukavuutta ja monipuolisuutta useissa \u00e4lykorttij\u00e4rjestelmiss\u00e4.<\/p>\n<p><iframe loading=\"lazy\" title=\"ACR1281U C1 kosketin- ja kontaktiton \u00e4lykorttilukija\" width=\"1020\" height=\"574\" src=\"https:\/\/www.youtube.com\/embed\/dABTVMG9dvI?feature=oembed\" frameborder=\"0\" allow=\"accelerometer; autoplay; clipboard-write; encrypted-media; gyroscope; picture-in-picture; web-share\" referrerpolicy=\"strict-origin-when-cross-origin\" allowfullscreen><\/iframe><\/p>\n<ul>\n<li>\n<h2>USB 2.0 Full Speed -liit\u00e4nt\u00e4<\/h2>\n<\/li>\n<li>\n<h2>CCID-yhteensopivuus<\/h2>\n<\/li>\n<li>\n<h2>Kontaktiton \u00e4lykortinlukija:<\/h2>\n<ul>\n<li>\n<h3>Luku\/kirjoitusnopeus jopa 848 kbps<\/h3>\n<\/li>\n<li>\n<h3>Sis\u00e4\u00e4nrakennettu antenni kontaktittoman tunnisteen k\u00e4sittelyyn, kortin lukuet\u00e4isyys jopa 50 mm (tunnistetyypist\u00e4 riippuen)<\/h3>\n<\/li>\n<li>\n<h3>Tukee ISO 14443 Part 4 Type A- ja B -kortteja ja MIFARE\u00ae-sarjaa<\/h3>\n<\/li>\n<li>\n<h3>Sis\u00e4\u00e4nrakennettu t\u00f6rm\u00e4yksenestoominaisuus (vain yht\u00e4 tunnistetta k\u00e4ytet\u00e4\u00e4n kerrallaan)<\/h3>\n<\/li>\n<li>\n<h3>Tukee laajennettua APDU:ta (enint\u00e4\u00e4n 64 kilotavua)<\/h3>\n<\/li>\n<\/ul>\n<\/li>\n<li>\n<h2>Ota yhteytt\u00e4 \u00e4lykortinlukijaan:<\/h2>\n<ul>\n<li>\n<h3>Tukee ISO 7816 luokkia A, B ja C (5 V, 3 V ja 1,8 V)<\/h3>\n<\/li>\n<li>\n<h3>Tukee CAC-korttia (Common Access Card)<\/h3>\n<\/li>\n<li>\n<h3>Tukee PIV-korttia (Personal Identity Verification Card)<\/h3>\n<\/li>\n<li>\n<h3>Tukee mikroprosessorikortteja T=0 tai T=1 protokollalla<\/h3>\n<\/li>\n<li>\n<h3>Tukee muistikortteja<\/h3>\n<\/li>\n<li>\n<h3>ISO 7816 -yhteensopiva SAM-paikka<\/h3>\n<\/li>\n<\/ul>\n<\/li>\n<li>\n<h2>Sovellusohjelmointiliittym\u00e4:<\/h2>\n<ul>\n<li>\n<h3>Tukee PC\/SC:t\u00e4<\/h3>\n<\/li>\n<li>\n<h3>Tukee CT-API:t\u00e4 (PC\/SC:n p\u00e4\u00e4ll\u00e4 olevan k\u00e4\u00e4reen kautta)<\/h3>\n<\/li>\n<\/ul>\n<\/li>\n<li>\n<h2>Sis\u00e4\u00e4nrakennetut oheislaitteet:<\/h2>\n<ul>\n<li>\n<h3>Kaksi k\u00e4ytt\u00e4j\u00e4n ohjattavaa LED-valoa<\/h3>\n<\/li>\n<li>\n<h3>K\u00e4ytt\u00e4j\u00e4n ohjattava summeri<\/h3>\n<\/li>\n<\/ul>\n<\/li>\n<li>\n<h2>USB-laiteohjelmiston p\u00e4ivitys<\/h2>\n<\/li>\n<li>\n<div>\n<table width=\"551\">\n<tbody>\n<tr>\n<td colspan=\"2\" width=\"551\">Fyysiset ominaisuudet<\/td>\n<\/tr>\n<tr>\n<td width=\"230\">Mitat (mm)<\/td>\n<td width=\"321\">120,5 mm (P) x 72,0 mm (L) x 20,4 mm (K)<\/td>\n<\/tr>\n<tr>\n<td width=\"230\">Paino (g)<\/td>\n<td width=\"321\">140 g<\/td>\n<\/tr>\n<tr>\n<td colspan=\"2\" width=\"551\">USB-liit\u00e4nt\u00e4<\/td>\n<\/tr>\n<tr>\n<td width=\"230\">p\u00f6yt\u00e4kirja<\/td>\n<td width=\"321\">USB CCID<\/td>\n<\/tr>\n<tr>\n<td width=\"230\">Liittimen tyyppi<\/td>\n<td width=\"321\">Vakiotyyppi A<\/td>\n<\/tr>\n<tr>\n<td width=\"230\">Virtal\u00e4hde<\/td>\n<td width=\"321\">USB-portista<\/td>\n<\/tr>\n<tr>\n<td width=\"230\">Nopeus<\/td>\n<td width=\"321\">USB t\u00e4ysi nopeus (12 Mbps)<\/td>\n<\/tr>\n<tr>\n<td width=\"230\">Kaapelin pituus<\/td>\n<td width=\"321\">2,0 m, kiinte\u00e4<\/td>\n<\/tr>\n<tr>\n<td colspan=\"2\" width=\"551\">Ota yhteytt\u00e4 \u00e4lykortin k\u00e4ytt\u00f6liittym\u00e4\u00e4n<\/td>\n<\/tr>\n<tr>\n<td width=\"230\">Slottien m\u00e4\u00e4r\u00e4<\/td>\n<td width=\"321\">1 t\u00e4ysikokoinen korttipaikka<\/td>\n<\/tr>\n<tr>\n<td width=\"230\">Vakio<\/td>\n<td width=\"321\">ISO 7816 luokka A, B, C (5 V, 3 V, 1,8 V)<\/td>\n<\/tr>\n<tr>\n<td width=\"230\">p\u00f6yt\u00e4kirja<\/td>\n<td width=\"321\">T = 0; T = 1<\/td>\n<\/tr>\n<tr>\n<td colspan=\"2\" width=\"551\">Kontaktiton \u00e4lykorttiliit\u00e4nt\u00e4<\/td>\n<\/tr>\n<tr>\n<td width=\"230\">Vakio<\/td>\n<td width=\"321\">ISO 14443 A &amp; B osat 1\u20134<\/td>\n<\/tr>\n<tr>\n<td rowspan=\"2\" width=\"230\">p\u00f6yt\u00e4kirja<\/td>\n<td width=\"321\">ISO 14443-4 -yhteensopiva kortti, T=CL<\/td>\n<\/tr>\n<tr>\n<td width=\"321\">MIFARE\u00ae Classic Card, T=CL<\/td>\n<\/tr>\n<tr>\n<td colspan=\"2\" width=\"551\">SAM-kortin k\u00e4ytt\u00f6liittym\u00e4<\/td>\n<\/tr>\n<tr>\n<td width=\"230\">Slottien m\u00e4\u00e4r\u00e4<\/td>\n<td width=\"321\">1 tavallinen SIM-kokoinen korttipaikka<\/td>\n<\/tr>\n<tr>\n<td width=\"230\">Vakio<\/td>\n<td width=\"321\">ISO 7816 luokka A (5 V)<\/td>\n<\/tr>\n<tr>\n<td width=\"230\">p\u00f6yt\u00e4kirja<\/td>\n<td width=\"321\">T = 0; T = 1<\/td>\n<\/tr>\n<tr>\n<td colspan=\"2\" width=\"551\">Sis\u00e4\u00e4nrakennetut oheislaitteet<\/td>\n<\/tr>\n<tr>\n<td width=\"230\">LED<\/td>\n<td width=\"321\">2 yksiv\u00e4rist\u00e4: punainen ja vihre\u00e4<\/td>\n<\/tr>\n<tr>\n<td width=\"230\">Summeri<\/td>\n<td width=\"321\">Yksitoikkoinen<\/td>\n<\/tr>\n<tr>\n<td colspan=\"2\" width=\"551\">Muut ominaisuudet<\/td>\n<\/tr>\n<tr>\n<td width=\"230\">Laiteohjelmiston p\u00e4ivitys<\/td>\n<td width=\"321\">Tuettu<\/td>\n<\/tr>\n<tr>\n<td colspan=\"2\" width=\"551\">Sertifikaatit\/vaatimustenmukaisuus<\/td>\n<\/tr>\n<tr>\n<td rowspan=\"10\" width=\"230\">Sertifikaatit\/vaatimustenmukaisuus<\/td>\n<td width=\"321\">ISO 14443<\/td>\n<\/tr>\n<tr>\n<td width=\"321\">ISO 7816<\/td>\n<\/tr>\n<tr>\n<td width=\"321\">USB t\u00e4ysi nopeus<\/td>\n<\/tr>\n<tr>\n<td width=\"321\">PC\/SC<\/td>\n<\/tr>\n<tr>\n<td width=\"321\">CCID<\/td>\n<\/tr>\n<tr>\n<td width=\"321\">Microsoft\u00ae WHQL<\/td>\n<\/tr>\n<tr>\n<td width=\"321\">CE<\/td>\n<\/tr>\n<tr>\n<td width=\"321\">FCC<\/td>\n<\/tr>\n<tr>\n<td width=\"321\">RoHS<\/td>\n<\/tr>\n<tr>\n<td width=\"321\">SAAVUTTAA<\/td>\n<\/tr>\n<tr>\n<td colspan=\"2\" width=\"551\">Laiteohjaimen k\u00e4ytt\u00f6j\u00e4rjestelm\u00e4n tuki<\/td>\n<\/tr>\n<tr>\n<td rowspan=\"5\" width=\"230\">Laiteohjaimen k\u00e4ytt\u00f6j\u00e4rjestelm\u00e4n tuki<\/td>\n<td width=\"321\">Windows\u00ae<\/td>\n<\/tr>\n<tr>\n<td width=\"321\">Linux\u00ae<\/td>\n<\/tr>\n<tr>\n<td width=\"321\">MAC OS\u00ae<\/td>\n<\/tr>\n<tr>\n<td width=\"321\">Solaris<\/td>\n<\/tr>\n<tr>\n<td width=\"321\">Android\u2122<\/td>\n<\/tr>\n<\/tbody>\n<\/table>\n<\/div>\n<\/li>\n<\/ul>","protected":false},"excerpt":{"rendered":"<p>ACR1281U-C1 on monipuolinen USB-liitin ja kontaktiton Reader, jossa on SAM-paikka ja kannettava NFC-ominaisuudet tehostamaan \u00e4lykorttisovellusten suorituskyky\u00e4.<\/p>","protected":false},"featured_media":1557,"template":"","meta":[],"product_brand":[],"product_cat":[45],"product_tag":[],"class_list":{"0":"post-1550","1":"product","2":"type-product","3":"status-publish","4":"has-post-thumbnail","6":"product_cat-contactless-nfc-reader","8":"first","9":"instock","10":"shipping-taxable","11":"product-type-simple"},"_links":{"self":[{"href":"https:\/\/nfc-readers.com\/fi\/wp-json\/wp\/v2\/product\/1550","targetHints":{"allow":["GET"]}}],"collection":[{"href":"https:\/\/nfc-readers.com\/fi\/wp-json\/wp\/v2\/product"}],"about":[{"href":"https:\/\/nfc-readers.com\/fi\/wp-json\/wp\/v2\/types\/product"}],"wp:featuredmedia":[{"embeddable":true,"href":"https:\/\/nfc-readers.com\/fi\/wp-json\/wp\/v2\/media\/1557"}],"wp:attachment":[{"href":"https:\/\/nfc-readers.com\/fi\/wp-json\/wp\/v2\/media?parent=1550"}],"wp:term":[{"taxonomy":"product_brand","embeddable":true,"href":"https:\/\/nfc-readers.com\/fi\/wp-json\/wp\/v2\/product_brand?post=1550"},{"taxonomy":"product_cat","embeddable":true,"href":"https:\/\/nfc-readers.com\/fi\/wp-json\/wp\/v2\/product_cat?post=1550"},{"taxonomy":"product_tag","embeddable":true,"href":"https:\/\/nfc-readers.com\/fi\/wp-json\/wp\/v2\/product_tag?post=1550"}],"curies":[{"name":"wp","href":"https:\/\/api.w.org\/{rel}","templated":true}]}}