{"id":1555,"date":"2024-04-07T06:18:18","date_gmt":"2024-04-07T06:18:18","guid":{"rendered":"https:\/\/nfc-readers.com\/?post_type=product&#038;p=1555"},"modified":"2024-10-16T06:39:36","modified_gmt":"2024-10-16T06:39:36","slug":"acr1281s-c1-dualboost-ii-serial-reader","status":"publish","type":"product","link":"https:\/\/nfc-readers.com\/fi\/ic-reader\/acr1281s-c1-dualboost-ii-serial-reader\/","title":{"rendered":"ACR1281S-C1 DualBoost II -sarjalukija"},"content":{"rendered":"<h1>ACR1281S-C1 DualBoost II -sarjalukija<\/h1>\n<p>ACR1281S-C1 DualBoost II on monipuolinen lukija, joka mahdollistaa vuorovaikutuksen sek\u00e4 kontakti- ett\u00e4 kontaktittomien \u00e4lykorttien kanssa ISO 7816 ja ISO 14443 -standardien mukaisesti. T\u00e4m\u00e4 kaksoisliit\u00e4nt\u00e4lukija yhdist\u00e4\u00e4 saumattomasti erillisiin j\u00e4rjestelmiin perinteisesti l\u00f6ydetyt toiminnot yhdeksi yksik\u00f6ksi, johon mahtuu sek\u00e4 kontakti- ett\u00e4 kontaktittomia kortteja. Se virtaviivaistaa erilaisia tapahtumia, olipa kyse sitten verkkokaupan ja pankkisektorin maksujen suorittamisesta luottokorteilla tai kontaktittomien korttien validoinnista turvallista p\u00e4\u00e4sy\u00e4 varten m\u00e4\u00e4r\u00e4tyille alueille tai j\u00e4rjestelmiin. T\u00e4m\u00e4 integroituu hyvin yleisk\u00e4ytt\u00f6isen \u00e4lykortin konseptiin, joka yhdist\u00e4\u00e4 useita \u00e4lykortin toimintoja yhdeksi fyysiseksi kokonaisuudeksi. Plug and play -laitteille ominaisen ACR1281S-C1 ei vaadi monimutkaisia ohjainasennuksia. Siin\u00e4 on SAM (Secure Access Module) -paikka, joka vahvistaa sek\u00e4 kosketus- ett\u00e4 kontaktittoman vuorovaikutuksen turvallisuutta. Laitteen kapasiteetti nopeaan tiedonsiirtoon saavuttaa jopa 848 kbps kontaktittomia kortteja k\u00e4sitelt\u00e4ess\u00e4, mik\u00e4 varmistaa sen soveltuvuuden tehokkaisiin ja intensiivisiin sovelluksiin. Siin\u00e4 on ominaisuuksia, kuten USB-laiteohjelmiston p\u00e4ivitys, yhteysmuistikorttien tuki ja kyky k\u00e4sitell\u00e4 laajennettua APDU:ta. ACR1281S-C1 Serial DualBoost II on taloudellinen ja vankka ratkaisu. Se tarjoaa kaksinkertaisen edun, mukavuuden ja mukauttavuuden useissa \u00e4lykorttisovelluksissa.<\/p>\n<ul>\n<li>\n<h2>RS232-sarjaliit\u00e4nt\u00e4<\/h2>\n<\/li>\n<li>\n<h2>USB-liit\u00e4nt\u00e4 virtal\u00e4hteelle<\/h2>\n<\/li>\n<li>\n<h2>CCID-tyyppinen kehysmuoto (bin\u00e4\u00e4rimuoto)<\/h2>\n<\/li>\n<li>\n<h2>Kontaktiton \u00e4lykortinlukija:<\/h2>\n<ul>\n<li>\n<h3>Luku\/kirjoitusnopeus jopa 848 kbps<\/h3>\n<\/li>\n<li>\n<h3>Sis\u00e4\u00e4nrakennettu antenni kontaktittoman tunnisteen k\u00e4sittelyyn, kortin lukuet\u00e4isyys jopa 50 mm (tunnistetyypist\u00e4 riippuen)<\/h3>\n<\/li>\n<li>\n<h3>Tukee ISO 14443 Part 4 Type A- ja B -kortteja ja MIFARE\u00ae-sarjaa<\/h3>\n<\/li>\n<li>\n<h3>Sis\u00e4\u00e4nrakennettu t\u00f6rm\u00e4yksenestoominaisuus (vain yht\u00e4 tunnistetta k\u00e4ytet\u00e4\u00e4n kerrallaan)<\/h3>\n<\/li>\n<li>\n<h3>Tukee laajennettua APDU:ta (enint\u00e4\u00e4n 64 kilotavua)<\/h3>\n<\/li>\n<\/ul>\n<\/li>\n<li>\n<h2>Ota yhteytt\u00e4 \u00e4lykortinlukijaan:<\/h2>\n<ul>\n<li>\n<h3>Tukee ISO 7816 luokkia A, B ja C (5 V, 3 V ja 1,8 V)<\/h3>\n<\/li>\n<li>\n<h3>Tukee mikroprosessorikortteja T=0 tai T=1 protokollalla<\/h3>\n<\/li>\n<li>\n<h3>Tukee muistikortteja<\/h3>\n<\/li>\n<li>\n<h3>ISO 7816 -yhteensopiva SAM-paikka<\/h3>\n<\/li>\n<\/ul>\n<\/li>\n<li>\n<h2>Sis\u00e4\u00e4nrakennetut oheislaitteet:<\/h2>\n<ul>\n<li>\n<h3>Kaksi k\u00e4ytt\u00e4j\u00e4n ohjattavaa LED-valoa<\/h3>\n<\/li>\n<li>\n<h3>K\u00e4ytt\u00e4j\u00e4n ohjattava summeri<\/h3>\n<\/li>\n<\/ul>\n<\/li>\n<li>\n<h2>USB-laiteohjelmiston p\u00e4ivitys<\/h2>\n<\/li>\n<li>\n<div>\n<table width=\"500\">\n<tbody>\n<tr>\n<td colspan=\"2\" width=\"500\">Fyysiset ominaisuudet<\/td>\n<\/tr>\n<tr>\n<td width=\"181\">Mitat (mm)<\/td>\n<td width=\"319\">120,5 mm (P) x 72,0 mm (L) x 20,4 mm (K)<\/td>\n<\/tr>\n<tr>\n<td width=\"181\">Paino (g)<\/td>\n<td width=\"319\">150 g<\/td>\n<\/tr>\n<tr>\n<td colspan=\"2\" width=\"500\">Sarjaliit\u00e4nt\u00e4<\/td>\n<\/tr>\n<tr>\n<td width=\"181\">p\u00f6yt\u00e4kirja<\/td>\n<td width=\"319\">RS-232<\/td>\n<\/tr>\n<tr>\n<td width=\"181\">Liittimen tyyppi<\/td>\n<td width=\"319\">DB-9 liitin<\/td>\n<\/tr>\n<tr>\n<td width=\"181\">Virtal\u00e4hde<\/td>\n<td width=\"319\">USB-portista<\/td>\n<\/tr>\n<tr>\n<td width=\"181\">Kaapelin pituus<\/td>\n<td width=\"319\">1,5 m, kiinte\u00e4 (DB9 + USB)<\/td>\n<\/tr>\n<tr>\n<td colspan=\"2\" width=\"500\">Ota yhteytt\u00e4 \u00e4lykortin k\u00e4ytt\u00f6liittym\u00e4\u00e4n<\/td>\n<\/tr>\n<tr>\n<td width=\"181\">Slottien m\u00e4\u00e4r\u00e4<\/td>\n<td width=\"319\">1 t\u00e4ysikokoinen korttipaikka<\/td>\n<\/tr>\n<tr>\n<td width=\"181\">Vakio<\/td>\n<td width=\"319\">ISO 7816 luokka A, B, C (5 V, 3 V, 1,8 V)<\/td>\n<\/tr>\n<tr>\n<td width=\"181\">p\u00f6yt\u00e4kirja<\/td>\n<td width=\"319\">T = 0; T = 1<\/td>\n<\/tr>\n<tr>\n<td colspan=\"2\" width=\"500\">Kontaktiton \u00e4lykorttiliit\u00e4nt\u00e4<\/td>\n<\/tr>\n<tr>\n<td width=\"181\">Vakio<\/td>\n<td width=\"319\">ISO 14443 A &amp; B osat 1\u20134<\/td>\n<\/tr>\n<tr>\n<td rowspan=\"2\" width=\"181\">p\u00f6yt\u00e4kirja<\/td>\n<td width=\"319\">ISO 14443-4 -yhteensopiva kortti, T=CL<\/td>\n<\/tr>\n<tr>\n<td width=\"319\">MIFARE\u00ae Classic Card, T=CL<\/td>\n<\/tr>\n<tr>\n<td colspan=\"2\" width=\"500\">SAM-kortin k\u00e4ytt\u00f6liittym\u00e4<\/td>\n<\/tr>\n<tr>\n<td width=\"181\">Slottien m\u00e4\u00e4r\u00e4<\/td>\n<td width=\"319\">1 tavallinen SIM-kokoinen korttipaikka<\/td>\n<\/tr>\n<tr>\n<td width=\"181\">Vakio<\/td>\n<td width=\"319\">ISO 7816 luokka A (5 V)<\/td>\n<\/tr>\n<tr>\n<td width=\"181\">p\u00f6yt\u00e4kirja<\/td>\n<td width=\"319\">T = 0; T = 1<\/td>\n<\/tr>\n<tr>\n<td colspan=\"2\" width=\"500\">Sis\u00e4\u00e4nrakennetut oheislaitteet<\/td>\n<\/tr>\n<tr>\n<td width=\"181\">LED<\/td>\n<td width=\"319\">2 yksiv\u00e4rist\u00e4: punainen ja vihre\u00e4<\/td>\n<\/tr>\n<tr>\n<td width=\"181\">Summeri<\/td>\n<td width=\"319\">Yksitoikkoinen<\/td>\n<\/tr>\n<tr>\n<td colspan=\"2\" width=\"500\">Muut ominaisuudet<\/td>\n<\/tr>\n<tr>\n<td width=\"181\">Laiteohjelmiston p\u00e4ivitys<\/td>\n<td width=\"319\">Tuettu<\/td>\n<\/tr>\n<tr>\n<td colspan=\"2\" width=\"500\">Sertifikaatit\/vaatimustenmukaisuus<\/td>\n<\/tr>\n<tr>\n<td rowspan=\"5\" width=\"181\">Sertifikaatit\/vaatimustenmukaisuus<\/td>\n<td width=\"319\">ISO 14443<\/td>\n<\/tr>\n<tr>\n<td width=\"319\">ISO 7816<\/td>\n<\/tr>\n<tr>\n<td width=\"319\">CE<\/td>\n<\/tr>\n<tr>\n<td width=\"319\">FCC<\/td>\n<\/tr>\n<tr>\n<td width=\"319\">RoHS<\/td>\n<\/tr>\n<tr>\n<td colspan=\"2\" width=\"500\">Laiteohjaimen k\u00e4ytt\u00f6j\u00e4rjestelm\u00e4n tuki<\/td>\n<\/tr>\n<tr>\n<td rowspan=\"2\" width=\"181\">Laiteohjaimen k\u00e4ytt\u00f6j\u00e4rjestelm\u00e4n tuki<\/td>\n<td width=\"319\">Windows\u00ae<\/td>\n<\/tr>\n<tr>\n<td width=\"319\">Linux\u00ae<\/td>\n<\/tr>\n<\/tbody>\n<\/table>\n<\/div>\n<\/li>\n<\/ul>","protected":false},"excerpt":{"rendered":"<p>ACR1281S-C1 on kaksitoiminen kosketin- ja kontaktiton lukulaite, jossa on SAM-paikka, joka parantaa turvallisuutta ja nopeaa suorituskyky\u00e4 \u00e4lykorttisovelluksissa.<\/p>","protected":false},"featured_media":1556,"template":"","meta":[],"product_brand":[],"product_cat":[45],"product_tag":[],"class_list":{"0":"post-1555","1":"product","2":"type-product","3":"status-publish","4":"has-post-thumbnail","6":"product_cat-contactless-nfc-reader","8":"first","9":"instock","10":"shipping-taxable","11":"product-type-simple"},"_links":{"self":[{"href":"https:\/\/nfc-readers.com\/fi\/wp-json\/wp\/v2\/product\/1555","targetHints":{"allow":["GET"]}}],"collection":[{"href":"https:\/\/nfc-readers.com\/fi\/wp-json\/wp\/v2\/product"}],"about":[{"href":"https:\/\/nfc-readers.com\/fi\/wp-json\/wp\/v2\/types\/product"}],"wp:featuredmedia":[{"embeddable":true,"href":"https:\/\/nfc-readers.com\/fi\/wp-json\/wp\/v2\/media\/1556"}],"wp:attachment":[{"href":"https:\/\/nfc-readers.com\/fi\/wp-json\/wp\/v2\/media?parent=1555"}],"wp:term":[{"taxonomy":"product_brand","embeddable":true,"href":"https:\/\/nfc-readers.com\/fi\/wp-json\/wp\/v2\/product_brand?post=1555"},{"taxonomy":"product_cat","embeddable":true,"href":"https:\/\/nfc-readers.com\/fi\/wp-json\/wp\/v2\/product_cat?post=1555"},{"taxonomy":"product_tag","embeddable":true,"href":"https:\/\/nfc-readers.com\/fi\/wp-json\/wp\/v2\/product_tag?post=1555"}],"curies":[{"name":"wp","href":"https:\/\/api.w.org\/{rel}","templated":true}]}}