{"id":1558,"date":"2024-04-07T06:20:55","date_gmt":"2024-04-07T06:20:55","guid":{"rendered":"https:\/\/nfc-readers.com\/?post_type=product&#038;p=1558"},"modified":"2024-10-16T06:35:34","modified_gmt":"2024-10-16T06:35:34","slug":"nfc-reader-with-lcd-acr1222l","status":"publish","type":"product","link":"https:\/\/nfc-readers.com\/fi\/ic-reader\/nfc-reader-with-lcd-acr1222l\/","title":{"rendered":"NFC-lukija\/kirjoitin LCD-n\u00e4yt\u00f6ll\u00e4 | ACR1222L"},"content":{"rendered":"<h1>NFC-lukija\/kirjoitin LCD-n\u00e4yt\u00f6ll\u00e4 | ACR1222L<\/h1>\n<p>ACR1222L erottuu edukseen monipuolisena ja k\u00e4ytt\u00e4j\u00e4yst\u00e4v\u00e4llisen\u00e4 NFC-\u00e4lykortinlukijana, joka on ihanteellinen sovelluksiin, kuten s\u00e4hk\u00f6iseen maksamiseen, kanta-asiakasohjelmiin ja kulunvalvontaan. Sen LCD-n\u00e4ytt\u00f6 ja monikielinen tuki sek\u00e4 vankat turvaominaisuudet kolmella SAM-paikalla tekev\u00e4t siit\u00e4 arvokkaan tarjouksen, kun otetaan huomioon ominaisuuksien ja nfc-lukijan hinnan v\u00e4linen tasapaino.<\/p>\n<p><iframe loading=\"lazy\" title=\"ACR1222L NFC-lukija\" width=\"1020\" height=\"765\" src=\"https:\/\/www.youtube.com\/embed\/i-7zrKP8WJo?feature=oembed\" frameborder=\"0\" allow=\"accelerometer; autoplay; clipboard-write; encrypted-media; gyroscope; picture-in-picture; web-share\" referrerpolicy=\"strict-origin-when-cross-origin\" allowfullscreen><\/iframe><\/p>\n<h2>NFC-lukija LCD-n\u00e4yt\u00f6ll\u00e4 | ACR1222L<\/h2>\n<ul>\n<li data-sider-select-id=\"cbe5159f-0e15-4e91-8597-4873bf6b4e88\">\n<h2>USB 2.0 Full Speed -liit\u00e4nt\u00e4<\/h2>\n<\/li>\n<li>\n<h2>CCID-yhteensopivuus<\/h2>\n<\/li>\n<li>\n<h2>\u00c4lykortinlukija:<\/h2>\n<ul>\n<li>\n<h3>Luku\/kirjoitusnopeus jopa 424 kbps<\/h3>\n<\/li>\n<li>\n<h3>Sis\u00e4\u00e4nrakennettu antenni kontaktittoman tunnisteen k\u00e4sittelyyn, kortin lukuet\u00e4isyys jopa 50 mm (tunnistetyypist\u00e4 riippuen)<\/h3>\n<\/li>\n<li>\n<h3>Tukee ISO 14443 Type A- ja B -kortteja, MIFARE\u00ae-, FeliCa- ja kaikkia 4 tyyppisi\u00e4 NFC (ISO\/IEC 18092) -tunnisteita<\/h3>\n<\/li>\n<li>\n<h3>Sis\u00e4\u00e4nrakennettu t\u00f6rm\u00e4yksenestoominaisuus (vain yht\u00e4 tunnistetta k\u00e4ytet\u00e4\u00e4n kerrallaan)<\/h3>\n<\/li>\n<li>\n<h3>Kolme ISO 7816 -yhteensopivaa SAM-paikkaa<\/h3>\n<\/li>\n<\/ul>\n<\/li>\n<li>\n<h2>Sis\u00e4\u00e4nrakennetut oheislaitteet:<\/h2>\n<ul>\n<li>\n<h3>Kaksirivinen graafinen LCD-n\u00e4ytt\u00f6 interaktiivisella toiminnalla (eli vieritys yl\u00f6s ja alas, vasemmalle ja oikealle jne.) ja monikielinen tuki (eli kiina, englanti, japani ja useat eurooppalaiset kielet)<\/h3>\n<\/li>\n<li>\n<h3>Nelj\u00e4 k\u00e4ytt\u00e4j\u00e4n ohjattavaa LEDi\u00e4<\/h3>\n<\/li>\n<li>\n<h3>K\u00e4ytt\u00e4j\u00e4n ohjattava summeri<\/h3>\n<\/li>\n<\/ul>\n<\/li>\n<li>\n<h2>USB-laiteohjelmiston p\u00e4ivitys<\/h2>\n<\/li>\n<\/ul>\n<div>\n<h2 data-sider-select-id=\"d4706cbf-1e8e-448d-9503-dfee41ca8b25\"><strong>ACR1222L NFC Kontaktittoman Readerin ominaisuudet ja toiminnot:<\/strong><\/h2>\n<ul>\n<li>\n<h3><strong>Innovatiivinen teknologian integrointi<\/strong><\/h3>\n<p>ACR1222L yhdist\u00e4\u00e4 saumattomasti LCD-tekniikan PC-Link NFC -ominaisuuksiin, mik\u00e4 tarjoaa k\u00e4ytt\u00e4j\u00e4yst\u00e4v\u00e4llisen k\u00e4ytt\u00f6liittym\u00e4n vaivattomaan vuorovaikutukseen.<\/li>\n<li>\n<h3><strong>Kattava yhteensopivuus<\/strong><\/h3>\n<p>ACR1222L on rakennettu 13,56 MHz RFID-tekniikan ja ISO\/IEC 18092 -standardin pohjalle, ja se on laajasti yhteensopiva tyypin A ja B ISO14443-korttien, MIFARE-, FeliCa- ja kaikkien nelj\u00e4n tyyppisten NFC-tunnisteiden kanssa.<\/li>\n<li>\n<h3><strong>Parannettu k\u00e4ytt\u00f6kokemus<\/strong><\/h3>\n<\/li>\n<\/ul>\n<p style=\"text-align: left; padding-left: 40px;\"><span style=\"color: #555555; font-size: 14.4px;\">PC\/SC-yhteensopivuuden ansiosta ACR1222L mahdollistaa \u00e4lykorttisovellusten helpon p\u00e4ivityksen ja varmistaa saumattoman siirtymisen k\u00e4ytt\u00e4jille, jotka etsiv\u00e4t parannettuja toimintoja ja vuorovaikutusta.<\/span><\/p>\n<ul>\n<li>\n<h3><strong>Intuitiivinen k\u00e4ytt\u00f6liittym\u00e4<\/strong><\/h3>\n<\/li>\n<\/ul>\n<p style=\"text-align: left; padding-left: 40px;\">\u00a04 LED-valolla, summerilla ja monikielisell\u00e4 LCD-n\u00e4yt\u00f6ll\u00e4 varustettu ACR1222L tarjoaa selke\u00e4t tiedot lukijan ja sovellusten tilasta, mik\u00e4 parantaa k\u00e4ytt\u00e4j\u00e4n ymm\u00e4rt\u00e4mist\u00e4 ja sitoutumista.<\/p>\n<ul>\n<li>\n<h3><strong>Monikielinen tuki<\/strong><\/h3>\n<p>2-rivinen graafinen LCD-n\u00e4ytt\u00f6 tukee useita kieli\u00e4, mukaan lukien kiinaa, englantia, japania ja tiettyj\u00e4 eurooppalaisia kieli\u00e4, mik\u00e4 mahdollistaa monipuolisen k\u00e4ytt\u00e4j\u00e4kunnan vaivattoman vuorovaikutuksen laitteen kanssa.<\/li>\n<li>\n<h3><strong>Interaktiivinen toiminta<\/strong><\/h3>\n<p>LCD-n\u00e4ytt\u00f6 mahdollistaa interaktiiviset toiminnot, kuten vierityksen, mik\u00e4 lis\u00e4\u00e4 k\u00e4ytt\u00f6mukavuutta ja saavutettavuutta.<\/li>\n<li>\n<h3><strong>Lis\u00e4suojausominaisuudet<\/strong><\/h3>\n<p>Kolme sis\u00e4\u00e4nrakennettua SAM-paikkaa sis\u00e4lt\u00e4v\u00e4 ACR1222L varmistaa parannetun suojauksen kontaktittoman toiminnan aikana ja suojaa arkaluontoisia tietoja ja tapahtumia.<\/li>\n<\/ul>\n<\/div>\n<div><\/div>\n<div>\n<table width=\"702\">\n<tbody>\n<tr>\n<td colspan=\"2\" width=\"702\">Fyysiset ominaisuudet<\/td>\n<\/tr>\n<tr>\n<td rowspan=\"2\" width=\"250\">Mitat (mm)<\/td>\n<td width=\"452\">Runko: 133,5 mm (P) x 88,5 mm (L) x 21,0 mm (K)<\/td>\n<\/tr>\n<tr>\n<td width=\"452\">Jalustalla: 158,0 mm (P) x 95,0 mm (L) x 95,0 mm (K)<\/td>\n<\/tr>\n<tr>\n<td rowspan=\"2\" width=\"250\">Paino (g)<\/td>\n<td width=\"452\">P\u00e4\u00e4runko: 173 g<\/td>\n<\/tr>\n<tr>\n<td width=\"452\">Jalustalla: 415 g<\/td>\n<\/tr>\n<tr>\n<td colspan=\"2\" width=\"702\">USB-liit\u00e4nt\u00e4<\/td>\n<\/tr>\n<tr>\n<td width=\"250\">p\u00f6yt\u00e4kirja<\/td>\n<td width=\"452\">USB CCID<\/td>\n<\/tr>\n<tr>\n<td width=\"250\">Liittimen tyyppi<\/td>\n<td width=\"452\">Vakiotyyppi A<\/td>\n<\/tr>\n<tr>\n<td width=\"250\">Virtal\u00e4hde<\/td>\n<td width=\"452\">USB-portista<\/td>\n<\/tr>\n<tr>\n<td width=\"250\">Nopeus<\/td>\n<td width=\"452\">USB t\u00e4ysi nopeus (12 Mbps)<\/td>\n<\/tr>\n<tr>\n<td width=\"250\">Kaapelin pituus<\/td>\n<td width=\"452\">1,5 m, kiinte\u00e4<\/td>\n<\/tr>\n<tr>\n<td colspan=\"2\" width=\"702\">Kontaktiton \u00e4lykorttiliit\u00e4nt\u00e4<\/td>\n<\/tr>\n<tr>\n<td width=\"250\">Vakio<\/td>\n<td width=\"452\">ISO\/IEC 18092 NFC, ISO 14443 tyyppi A &amp; B, MIFARE\u00ae, FeliCa<\/td>\n<\/tr>\n<tr>\n<td rowspan=\"4\" width=\"250\">p\u00f6yt\u00e4kirja<\/td>\n<td width=\"452\">ISO 14443-4 -yhteensopiva kortti, T=CL<\/td>\n<\/tr>\n<tr>\n<td width=\"452\">MIFARE\u00ae Classic Card, T=CL<\/td>\n<\/tr>\n<tr>\n<td width=\"452\">ISO18092, NFC-tunnisteet<\/td>\n<\/tr>\n<tr>\n<td width=\"452\">FeliCa<\/td>\n<\/tr>\n<tr>\n<td colspan=\"2\" width=\"702\">SAM-kortin k\u00e4ytt\u00f6liittym\u00e4<\/td>\n<\/tr>\n<tr>\n<td width=\"250\">Slottien m\u00e4\u00e4r\u00e4<\/td>\n<td width=\"452\">3 tavallista SIM-kokoista korttipaikkaa<\/td>\n<\/tr>\n<tr>\n<td width=\"250\">Vakio<\/td>\n<td width=\"452\">ISO 7816 luokka A (5 V)<\/td>\n<\/tr>\n<tr>\n<td width=\"250\">p\u00f6yt\u00e4kirja<\/td>\n<td width=\"452\">T = 0; T = 1<\/td>\n<\/tr>\n<tr>\n<td colspan=\"2\" width=\"702\">Sis\u00e4\u00e4nrakennetut oheislaitteet<\/td>\n<\/tr>\n<tr>\n<td rowspan=\"3\" width=\"250\">LCD<\/td>\n<td width=\"452\">Graafinen LCD-n\u00e4ytt\u00f6 kelta-vihre\u00e4ll\u00e4 taustavalolla<\/td>\n<\/tr>\n<tr>\n<td width=\"452\">Resoluutio: 128 x 32 pikseli\u00e4<\/td>\n<\/tr>\n<tr>\n<td width=\"452\">Merkkien m\u00e4\u00e4r\u00e4: 16 merkki\u00e4 x 2 rivi\u00e4<\/td>\n<\/tr>\n<tr>\n<td width=\"250\">LED<\/td>\n<td width=\"452\">4 yksiv\u00e4rist\u00e4: vihre\u00e4, sininen, oranssi ja punainen<\/td>\n<\/tr>\n<tr>\n<td width=\"250\">Summeri<\/td>\n<td width=\"452\">Yksitoikkoinen<\/td>\n<\/tr>\n<tr>\n<td colspan=\"2\" width=\"702\">Muut ominaisuudet<\/td>\n<\/tr>\n<tr>\n<td width=\"250\">Laiteohjelmiston p\u00e4ivitys<\/td>\n<td width=\"452\">Tuettu<\/td>\n<\/tr>\n<tr>\n<td colspan=\"2\" width=\"702\">Sertifikaatit\/vaatimustenmukaisuus<\/td>\n<\/tr>\n<tr>\n<td rowspan=\"13\" width=\"250\">Sertifikaatit\/vaatimustenmukaisuus<\/td>\n<td width=\"452\">ISO 18092<\/td>\n<\/tr>\n<tr>\n<td width=\"452\">ISO 14443<\/td>\n<\/tr>\n<tr>\n<td width=\"452\">ISO 7816 (SAM-paikka)<\/td>\n<\/tr>\n<tr>\n<td width=\"452\">USB t\u00e4ysi nopeus<\/td>\n<\/tr>\n<tr>\n<td width=\"452\">PC\/SC<\/td>\n<\/tr>\n<tr>\n<td width=\"452\">CCID<\/td>\n<\/tr>\n<tr>\n<td width=\"452\">VCCI (Japani)<\/td>\n<\/tr>\n<tr>\n<td width=\"452\">KC (Korea)<\/td>\n<\/tr>\n<tr>\n<td width=\"452\">Microsoft\u00ae WHQL<\/td>\n<\/tr>\n<tr>\n<td width=\"452\">CE<\/td>\n<\/tr>\n<tr>\n<td width=\"452\">FCC<\/td>\n<\/tr>\n<tr>\n<td width=\"452\">RoHS<\/td>\n<\/tr>\n<tr>\n<td width=\"452\">SAAVUTTAA<\/td>\n<\/tr>\n<tr>\n<td colspan=\"2\" width=\"702\">Laiteohjaimen k\u00e4ytt\u00f6j\u00e4rjestelm\u00e4n tuki<\/td>\n<\/tr>\n<tr>\n<td rowspan=\"5\" width=\"250\">Laiteohjaimen k\u00e4ytt\u00f6j\u00e4rjestelm\u00e4n tuki<\/td>\n<td width=\"452\">Windows\u00ae<\/td>\n<\/tr>\n<tr>\n<td width=\"452\">Linux\u00ae<\/td>\n<\/tr>\n<tr>\n<td width=\"452\">MAC OS\u00ae<\/td>\n<\/tr>\n<tr>\n<td width=\"452\">Solaris<\/td>\n<\/tr>\n<tr>\n<td width=\"452\">Android\u2122<\/td>\n<\/tr>\n<\/tbody>\n<\/table>\n<\/div>\n<div><\/div>\n<div><\/div>\n<div><\/div>\n<div><\/div>","protected":false},"excerpt":{"rendered":"<p>ACR1222L on monipuolinen USB-kontaktiton lukulaite, jossa on LCD-n\u00e4ytt\u00f6 ja joka tukee RFID NFC -tekniikkaa ja tarjoaa parannetun suojauksen \u00e4lykorttisovelluksiin.<\/p>","protected":false},"featured_media":1563,"template":"","meta":[],"product_brand":[],"product_cat":[45,40],"product_tag":[],"class_list":{"0":"post-1558","1":"product","2":"type-product","3":"status-publish","4":"has-post-thumbnail","6":"product_cat-contactless-nfc-reader","7":"product_cat-rfid-nfc-reader","9":"first","10":"instock","11":"shipping-taxable","12":"product-type-simple"},"_links":{"self":[{"href":"https:\/\/nfc-readers.com\/fi\/wp-json\/wp\/v2\/product\/1558","targetHints":{"allow":["GET"]}}],"collection":[{"href":"https:\/\/nfc-readers.com\/fi\/wp-json\/wp\/v2\/product"}],"about":[{"href":"https:\/\/nfc-readers.com\/fi\/wp-json\/wp\/v2\/types\/product"}],"wp:featuredmedia":[{"embeddable":true,"href":"https:\/\/nfc-readers.com\/fi\/wp-json\/wp\/v2\/media\/1563"}],"wp:attachment":[{"href":"https:\/\/nfc-readers.com\/fi\/wp-json\/wp\/v2\/media?parent=1558"}],"wp:term":[{"taxonomy":"product_brand","embeddable":true,"href":"https:\/\/nfc-readers.com\/fi\/wp-json\/wp\/v2\/product_brand?post=1558"},{"taxonomy":"product_cat","embeddable":true,"href":"https:\/\/nfc-readers.com\/fi\/wp-json\/wp\/v2\/product_cat?post=1558"},{"taxonomy":"product_tag","embeddable":true,"href":"https:\/\/nfc-readers.com\/fi\/wp-json\/wp\/v2\/product_tag?post=1558"}],"curies":[{"name":"wp","href":"https:\/\/api.w.org\/{rel}","templated":true}]}}