{"id":1564,"date":"2024-04-07T06:24:04","date_gmt":"2024-04-07T06:24:04","guid":{"rendered":"https:\/\/nfc-readers.com\/?post_type=product&#038;p=1564"},"modified":"2024-10-16T06:23:32","modified_gmt":"2024-10-16T06:23:32","slug":"acm1281u-c7-usb-contactless-reader-module-with-sam-slot","status":"publish","type":"product","link":"https:\/\/nfc-readers.com\/fi\/ic-reader\/acm1281u-c7-usb-contactless-reader-module-with-sam-slot\/","title":{"rendered":"ACM1281U-C7 USB-kontaktiton lukijamoduuli SAM-paikalla"},"content":{"rendered":"<h1>ACM1281U-C7 USB-kontaktiton lukijamoduuli SAM-paikalla<\/h1>\n<p>ACM1281U-C7 erottuu edukseen kehittyneest\u00e4 \u00e4lykortinlukijasta, joka on suunniteltu saumattomaan integrointiin erilaisiin sulautettuihin j\u00e4rjestelmiin. T\u00e4m\u00e4 kannettava NFC-lukija on r\u00e4\u00e4t\u00e4l\u00f6ity ymp\u00e4rist\u00f6ihin, joissa turvallisuus ja luotettavuus ovat ensiarvoisen t\u00e4rkeit\u00e4, koska se tukee ISO 14443 A\/B -standardia t\u00e4rkeimmille korttiteknologioille ja tarjoaa perusteellisen suojan yhteensopivan SAM-paikkansa kautta sek\u00e4 kent\u00e4ll\u00e4 p\u00e4ivitett\u00e4v\u00e4n laiteohjelmiston joustavuuden. maksu- ja pelij\u00e4rjestelm\u00e4t.<\/p>\n<ul>\n<li>\n<h2>USB 2.0 Full Speed -liit\u00e4nt\u00e4<\/h2>\n<\/li>\n<li>\n<h2>CCID-yhteensopivuus<\/h2>\n<\/li>\n<li>\n<h2>USB-laiteohjelmiston p\u00e4ivitett\u00e4vyys<\/h2>\n<\/li>\n<li>\n<h2>\u00c4lykortinlukija:<\/h2>\n<ul>\n<li>\n<h3>Kontaktiton k\u00e4ytt\u00f6liittym\u00e4:<\/h3>\n<ul>\n<li>\n<h4>Luku\/kirjoitusnopeus jopa 848 kbps<\/h4>\n<\/li>\n<li>\n<h4>Sis\u00e4\u00e4nrakennettu antenni kontaktittoman tunnisteen k\u00e4sittelyyn, kortin lukuet\u00e4isyys jopa 50 mm (tunnistetyypist\u00e4 riippuen)<\/h4>\n<\/li>\n<li>\n<h4>Tukee ISO 14443 Part 4 Type A- ja B -kortteja ja MIFARE\u00ae Classic -sarjaa<\/h4>\n<\/li>\n<li>\n<h4>Sis\u00e4\u00e4nrakennettu t\u00f6rm\u00e4yksenestoominaisuus (vain 1 tunniste on k\u00e4ytett\u00e4viss\u00e4 milloin tahansa)<\/h4>\n<\/li>\n<li>\n<h4>Tukee laajennettua APDU:ta (enint\u00e4\u00e4n 64 kilotavua)<\/h4>\n<\/li>\n<\/ul>\n<\/li>\n<li>\n<h3>SAM-liit\u00e4nt\u00e4:<\/h3>\n<ul>\n<li>\n<h4>ISO 7816 -yhteensopiva SAM-paikka, luokka A (5 V)<\/h4>\n<\/li>\n<\/ul>\n<\/li>\n<\/ul>\n<\/li>\n<li>\n<h2>Sovellusohjelmointiliittym\u00e4:<\/h2>\n<ul>\n<li>\n<h3>Tukee PC\/SC:t\u00e4<\/h3>\n<\/li>\n<li>\n<h3>Tukee CT-API:t\u00e4 (PC\/SC:n p\u00e4\u00e4ll\u00e4 olevan k\u00e4\u00e4reen kautta)<\/h3>\n<\/li>\n<\/ul>\n<\/li>\n<li>\n<h2>Oheislaitteet:<\/h2>\n<ul>\n<li>\n<h3>K\u00e4ytt\u00e4j\u00e4n ohjattava kaksiv\u00e4rinen LED<\/h3>\n<\/li>\n<li>\n<h3>K\u00e4ytt\u00e4j\u00e4n ohjattava summeri<\/h3>\n<\/li>\n<li>\n<div>\n<table width=\"558\">\n<tbody>\n<tr>\n<td colspan=\"2\" width=\"558\">Fyysiset ominaisuudet<\/td>\n<\/tr>\n<tr>\n<td width=\"234\">Mitat (mm)<\/td>\n<td width=\"324\">106,6 mm (P) x 67,0 mm (L) x 16,0 mm (K)<\/td>\n<\/tr>\n<tr>\n<td width=\"234\">Paino (g)<\/td>\n<td width=\"324\">20,8 g<\/td>\n<\/tr>\n<tr>\n<td colspan=\"2\" width=\"558\">USB-liit\u00e4nt\u00e4<\/td>\n<\/tr>\n<tr>\n<td width=\"234\">p\u00f6yt\u00e4kirja<\/td>\n<td width=\"324\">USB CCID<\/td>\n<\/tr>\n<tr>\n<td width=\"234\">Liittimen tyyppi<\/td>\n<td width=\"324\">Vakiotyyppi A<\/td>\n<\/tr>\n<tr>\n<td width=\"234\">Virtal\u00e4hde<\/td>\n<td width=\"324\">USB-portista<\/td>\n<\/tr>\n<tr>\n<td width=\"234\">Nopeus<\/td>\n<td width=\"324\">USB t\u00e4ysi nopeus (12 Mbps)<\/td>\n<\/tr>\n<tr>\n<td width=\"234\">Kaapelin pituus<\/td>\n<td width=\"324\">1,0 m, irrotettava (valinnainen)<\/td>\n<\/tr>\n<tr>\n<td colspan=\"2\" width=\"558\">Kontaktiton \u00e4lykorttiliit\u00e4nt\u00e4<\/td>\n<\/tr>\n<tr>\n<td width=\"234\">Vakio<\/td>\n<td width=\"324\">ISO 14443 A ja B osat 1-4<\/td>\n<\/tr>\n<tr>\n<td rowspan=\"2\" width=\"234\">p\u00f6yt\u00e4kirja<\/td>\n<td width=\"324\">ISO14443-4-yhteensopivat kortit, T=CL<\/td>\n<\/tr>\n<tr>\n<td width=\"324\">MIFARE\u00ae Classic Card Protocol, T=CL<\/td>\n<\/tr>\n<tr>\n<td width=\"234\">Antenni<\/td>\n<td width=\"324\">65 mm x 60 mm<\/td>\n<\/tr>\n<tr>\n<td colspan=\"2\" width=\"558\">SAM-kortin k\u00e4ytt\u00f6liittym\u00e4<\/td>\n<\/tr>\n<tr>\n<td width=\"234\">Slottien m\u00e4\u00e4r\u00e4<\/td>\n<td width=\"324\">1<\/td>\n<\/tr>\n<tr>\n<td width=\"234\">Vakio<\/td>\n<td width=\"324\">ISO 7816, osat 1\u20133, luokka A (5 V)<\/td>\n<\/tr>\n<tr>\n<td width=\"234\">p\u00f6yt\u00e4kirja<\/td>\n<td width=\"324\">T = 0; T = 1<\/td>\n<\/tr>\n<tr>\n<td colspan=\"2\" width=\"558\">Sis\u00e4\u00e4nrakennetut oheislaitteet<\/td>\n<\/tr>\n<tr>\n<td width=\"234\">LED<\/td>\n<td width=\"324\">2 yksiv\u00e4rist\u00e4: punainen ja vihre\u00e4<\/td>\n<\/tr>\n<tr>\n<td width=\"234\">Summeri<\/td>\n<td width=\"324\">Yksitoikkoinen<\/td>\n<\/tr>\n<tr>\n<td colspan=\"2\" width=\"558\">Muut ominaisuudet<\/td>\n<\/tr>\n<tr>\n<td width=\"234\">Laiteohjelmiston p\u00e4ivitys<\/td>\n<td width=\"324\">Tuettu<\/td>\n<\/tr>\n<tr>\n<td colspan=\"2\" width=\"558\">Sertifikaatit\/vaatimustenmukaisuus<\/td>\n<\/tr>\n<tr>\n<td rowspan=\"10\" width=\"234\">Sertifikaatit\/vaatimustenmukaisuus<\/td>\n<td width=\"324\">ISO 7816 (SAM-paikka)<\/td>\n<\/tr>\n<tr>\n<td width=\"324\">ISO 14443<\/td>\n<\/tr>\n<tr>\n<td width=\"324\">USB t\u00e4ysi nopeus<\/td>\n<\/tr>\n<tr>\n<td width=\"324\">PC\/SC<\/td>\n<\/tr>\n<tr>\n<td width=\"324\">CCID<\/td>\n<\/tr>\n<tr>\n<td width=\"324\">CE<\/td>\n<\/tr>\n<tr>\n<td width=\"324\">FCC<\/td>\n<\/tr>\n<tr>\n<td width=\"324\">RoHS<\/td>\n<\/tr>\n<tr>\n<td width=\"324\">SAAVUTTAA<\/td>\n<\/tr>\n<tr>\n<td width=\"324\">Microsoft\u00ae WHQL<\/td>\n<\/tr>\n<tr>\n<td colspan=\"2\" width=\"558\">Laiteohjaimen k\u00e4ytt\u00f6j\u00e4rjestelm\u00e4n tuki<\/td>\n<\/tr>\n<tr>\n<td rowspan=\"5\" width=\"234\">Laiteohjaimen k\u00e4ytt\u00f6j\u00e4rjestelm\u00e4n tuki<\/td>\n<td width=\"324\">Windows\u00ae<\/td>\n<\/tr>\n<tr>\n<td width=\"324\">Linux\u00ae<\/td>\n<\/tr>\n<tr>\n<td width=\"324\">MAC OS\u00ae<\/td>\n<\/tr>\n<tr>\n<td width=\"324\">Solaris<\/td>\n<\/tr>\n<tr>\n<td width=\"324\">Android\u2122<\/td>\n<\/tr>\n<\/tbody>\n<\/table>\n<\/div>\n<\/li>\n<\/ul>\n<\/li>\n<\/ul>","protected":false},"excerpt":{"rendered":"<p>ACM1281U-C7 on monipuolinen USB-kontaktiton lukulaite, jossa on SAM ja joka tukee CCID:t\u00e4 ja PC\/SC:t\u00e4, ja on ihanteellinen turvallisiin NFC-sovelluksiin, kuten myyntiautomaatteihin.<\/p>","protected":false},"featured_media":1565,"template":"","meta":[],"product_brand":[],"product_cat":[41],"product_tag":[],"class_list":{"0":"post-1564","1":"product","2":"type-product","3":"status-publish","4":"has-post-thumbnail","6":"product_cat-module-ic-reader","8":"first","9":"instock","10":"shipping-taxable","11":"product-type-simple"},"_links":{"self":[{"href":"https:\/\/nfc-readers.com\/fi\/wp-json\/wp\/v2\/product\/1564","targetHints":{"allow":["GET"]}}],"collection":[{"href":"https:\/\/nfc-readers.com\/fi\/wp-json\/wp\/v2\/product"}],"about":[{"href":"https:\/\/nfc-readers.com\/fi\/wp-json\/wp\/v2\/types\/product"}],"wp:featuredmedia":[{"embeddable":true,"href":"https:\/\/nfc-readers.com\/fi\/wp-json\/wp\/v2\/media\/1565"}],"wp:attachment":[{"href":"https:\/\/nfc-readers.com\/fi\/wp-json\/wp\/v2\/media?parent=1564"}],"wp:term":[{"taxonomy":"product_brand","embeddable":true,"href":"https:\/\/nfc-readers.com\/fi\/wp-json\/wp\/v2\/product_brand?post=1564"},{"taxonomy":"product_cat","embeddable":true,"href":"https:\/\/nfc-readers.com\/fi\/wp-json\/wp\/v2\/product_cat?post=1564"},{"taxonomy":"product_tag","embeddable":true,"href":"https:\/\/nfc-readers.com\/fi\/wp-json\/wp\/v2\/product_tag?post=1564"}],"curies":[{"name":"wp","href":"https:\/\/api.w.org\/{rel}","templated":true}]}}