{"id":1566,"date":"2024-04-07T06:26:05","date_gmt":"2024-04-07T06:26:05","guid":{"rendered":"https:\/\/nfc-readers.com\/?post_type=product&#038;p=1566"},"modified":"2024-10-16T06:20:36","modified_gmt":"2024-10-16T06:20:36","slug":"acm1281s-c7-serial-contactless-reader-module-with-sam-slot","status":"publish","type":"product","link":"https:\/\/nfc-readers.com\/fi\/ic-reader\/acm1281s-c7-serial-contactless-reader-module-with-sam-slot\/","title":{"rendered":"ACM1281S-C7 Sarjakontaktiton lukijamoduuli SAM-paikalla"},"content":{"rendered":"<h1>ACM1281S-C7 Sarjakontaktiton lukijamoduuli SAM-paikalla<\/h1>\n<p>ACM1281S-C7 edustaa edistynytt\u00e4 Serial Contactless Smart Card Reader -lukijaa, jossa on nopeita ja kannettavia ominaisuuksia ja joka sopii monenlaisiin sovelluksiin, jotka vaativat nopeaa, luotettavaa ja turvallista vuorovaikutusta. Sen kyky tukea laajennettua APDU:ta yhdistettyn\u00e4 helppok\u00e4ytt\u00f6isyyteen tekee t\u00e4st\u00e4 lukijasta vankan ratkaisun sek\u00e4 mobiili- ett\u00e4 kiinteisiin ymp\u00e4rist\u00f6ihin.<\/p>\n<ul>\n<li>\n<h2>RS232-sarjaliit\u00e4nt\u00e4<\/h2>\n<\/li>\n<li>\n<h2>USB-liit\u00e4nt\u00e4 virtal\u00e4hteelle<\/h2>\n<\/li>\n<li>\n<h2>CCID-tyyppinen kehysmuoto (bin\u00e4\u00e4rimuoto)<\/h2>\n<\/li>\n<li>\n<h2>USB-laiteohjelmiston p\u00e4ivitett\u00e4vyys<\/h2>\n<\/li>\n<li>\n<h2>\u00c4lykortinlukija:<\/h2>\n<ul>\n<li>\n<h3>Kontaktiton k\u00e4ytt\u00f6liittym\u00e4:<\/h3>\n<ul>\n<li>\n<h4>Luku\/kirjoitusnopeus jopa 848 kbps<\/h4>\n<\/li>\n<li>\n<h4>Sis\u00e4\u00e4nrakennettu antenni kontaktittoman tunnisteen k\u00e4sittelyyn, kortin lukuet\u00e4isyys jopa 50 mm (tunnistetyypist\u00e4 riippuen)<\/h4>\n<\/li>\n<li>\n<h4>Tukee ISO 14443 Part 4 Type A- ja B -kortteja ja MIFARE\u00ae Classic -sarjaa<\/h4>\n<\/li>\n<li>\n<h4>Sis\u00e4\u00e4nrakennettu t\u00f6rm\u00e4yksenestoominaisuus (vain 1 tunniste on k\u00e4ytett\u00e4viss\u00e4 milloin tahansa)<\/h4>\n<\/li>\n<li>\n<h4>Tukee laajennettua APDU:ta (enint\u00e4\u00e4n 64 kilotavua)<\/h4>\n<\/li>\n<\/ul>\n<\/li>\n<li>\n<h3>SAM-liit\u00e4nt\u00e4:<\/h3>\n<ul>\n<li>\n<h4>ISO 7816 -yhteensopiva SAM-paikka, luokka A (5 V)<\/h4>\n<\/li>\n<\/ul>\n<\/li>\n<\/ul>\n<\/li>\n<li>\n<h2>Oheislaitteet:<\/h2>\n<ul>\n<li>\n<h3>K\u00e4ytt\u00e4j\u00e4n ohjattava kaksiv\u00e4rinen LED<\/h3>\n<\/li>\n<li>\n<h3>K\u00e4ytt\u00e4j\u00e4n ohjattava summeri<\/h3>\n<\/li>\n<li>\n<div>\n<table width=\"551\">\n<tbody>\n<tr>\n<td colspan=\"2\" width=\"551\">Fyysiset ominaisuudet<\/td>\n<\/tr>\n<tr>\n<td width=\"226\">Mitat (mm)<\/td>\n<td width=\"325\">106,6 mm (P) x 67,0 g (L) x 16,0 g (K)<\/td>\n<\/tr>\n<tr>\n<td width=\"226\">Paino (g)<\/td>\n<td width=\"325\">20,8 g<\/td>\n<\/tr>\n<tr>\n<td colspan=\"2\" width=\"551\">Sarjaliit\u00e4nt\u00e4<\/td>\n<\/tr>\n<tr>\n<td width=\"226\">p\u00f6yt\u00e4kirja<\/td>\n<td width=\"325\">RS-232<\/td>\n<\/tr>\n<tr>\n<td width=\"226\">Liittimen tyyppi<\/td>\n<td width=\"325\">DB-9 liitin<\/td>\n<\/tr>\n<tr>\n<td width=\"226\">Virtal\u00e4hde<\/td>\n<td width=\"325\">USB-kaapelin kautta<\/td>\n<\/tr>\n<tr>\n<td width=\"226\">Kaapelin pituus<\/td>\n<td width=\"325\">1,5 m, irrotettava (valinnainen)<\/td>\n<\/tr>\n<tr>\n<td colspan=\"2\" width=\"551\">Kontaktiton \u00e4lykorttiliit\u00e4nt\u00e4<\/td>\n<\/tr>\n<tr>\n<td width=\"226\">Vakio<\/td>\n<td width=\"325\">ISO 14443 A ja B osat 1-4<\/td>\n<\/tr>\n<tr>\n<td rowspan=\"2\" width=\"226\">p\u00f6yt\u00e4kirja<\/td>\n<td width=\"325\">ISO14443-4-yhteensopivat kortit, T=CL<\/td>\n<\/tr>\n<tr>\n<td width=\"325\">MIFARE\u00ae Classic Card Protocol, T=CL<\/td>\n<\/tr>\n<tr>\n<td width=\"226\">Antenni<\/td>\n<td width=\"325\">65 mm x 60 mm<\/td>\n<\/tr>\n<tr>\n<td colspan=\"2\" width=\"551\">SAM-kortin k\u00e4ytt\u00f6liittym\u00e4<\/td>\n<\/tr>\n<tr>\n<td width=\"226\">Slottien m\u00e4\u00e4r\u00e4<\/td>\n<td width=\"325\">1<\/td>\n<\/tr>\n<tr>\n<td width=\"226\">Vakio<\/td>\n<td width=\"325\">ISO 7816, osat 1\u20133, luokka A (5 V)<\/td>\n<\/tr>\n<tr>\n<td width=\"226\">p\u00f6yt\u00e4kirja<\/td>\n<td width=\"325\">T = 0; T = 1<\/td>\n<\/tr>\n<tr>\n<td colspan=\"2\" width=\"551\">Sis\u00e4\u00e4nrakennetut oheislaitteet<\/td>\n<\/tr>\n<tr>\n<td width=\"226\">LED<\/td>\n<td width=\"325\">2 yksiv\u00e4rist\u00e4: punainen ja vihre\u00e4<\/td>\n<\/tr>\n<tr>\n<td width=\"226\">Summeri<\/td>\n<td width=\"325\">Yksitoikkoinen<\/td>\n<\/tr>\n<tr>\n<td colspan=\"2\" width=\"551\">Muut ominaisuudet<\/td>\n<\/tr>\n<tr>\n<td width=\"226\">Laiteohjelmiston p\u00e4ivitys<\/td>\n<td width=\"325\">Tuettu<\/td>\n<\/tr>\n<tr>\n<td colspan=\"2\" width=\"551\">Sertifikaatit\/vaatimustenmukaisuus<\/td>\n<\/tr>\n<tr>\n<td rowspan=\"6\" width=\"226\">Sertifikaatit\/vaatimustenmukaisuus<\/td>\n<td width=\"325\">ISO 7816 (SAM-paikka)<\/td>\n<\/tr>\n<tr>\n<td width=\"325\">ISO 14443<\/td>\n<\/tr>\n<tr>\n<td width=\"325\">CE<\/td>\n<\/tr>\n<tr>\n<td width=\"325\">FCC<\/td>\n<\/tr>\n<tr>\n<td width=\"325\">RoHS<\/td>\n<\/tr>\n<tr>\n<td width=\"325\">SAAVUTTAA<\/td>\n<\/tr>\n<tr>\n<td colspan=\"2\" width=\"551\">Laiteohjaimen k\u00e4ytt\u00f6j\u00e4rjestelm\u00e4n tuki<\/td>\n<\/tr>\n<tr>\n<td rowspan=\"2\" width=\"226\">Laiteohjaimen k\u00e4ytt\u00f6j\u00e4rjestelm\u00e4n tuki<\/td>\n<td width=\"325\">Windows\u00ae<\/td>\n<\/tr>\n<tr>\n<td width=\"325\">Linux\u00ae<\/td>\n<\/tr>\n<\/tbody>\n<\/table>\n<\/div>\n<\/li>\n<\/ul>\n<\/li>\n<\/ul>","protected":false},"excerpt":{"rendered":"<p>ACM1281S-C7 on kompakti SAM-moduulilla varustettu kontaktiton sarjalukija, joka tarjoaa nopean suorituskyvyn ja helpon integroinnin erilaisiin sulautettuihin sovelluksiin.<\/p>","protected":false},"featured_media":1567,"template":"","meta":[],"product_brand":[],"product_cat":[45,41],"product_tag":[],"class_list":{"0":"post-1566","1":"product","2":"type-product","3":"status-publish","4":"has-post-thumbnail","6":"product_cat-contactless-nfc-reader","7":"product_cat-module-ic-reader","9":"first","10":"instock","11":"shipping-taxable","12":"product-type-simple"},"_links":{"self":[{"href":"https:\/\/nfc-readers.com\/fi\/wp-json\/wp\/v2\/product\/1566","targetHints":{"allow":["GET"]}}],"collection":[{"href":"https:\/\/nfc-readers.com\/fi\/wp-json\/wp\/v2\/product"}],"about":[{"href":"https:\/\/nfc-readers.com\/fi\/wp-json\/wp\/v2\/types\/product"}],"wp:featuredmedia":[{"embeddable":true,"href":"https:\/\/nfc-readers.com\/fi\/wp-json\/wp\/v2\/media\/1567"}],"wp:attachment":[{"href":"https:\/\/nfc-readers.com\/fi\/wp-json\/wp\/v2\/media?parent=1566"}],"wp:term":[{"taxonomy":"product_brand","embeddable":true,"href":"https:\/\/nfc-readers.com\/fi\/wp-json\/wp\/v2\/product_brand?post=1566"},{"taxonomy":"product_cat","embeddable":true,"href":"https:\/\/nfc-readers.com\/fi\/wp-json\/wp\/v2\/product_cat?post=1566"},{"taxonomy":"product_tag","embeddable":true,"href":"https:\/\/nfc-readers.com\/fi\/wp-json\/wp\/v2\/product_tag?post=1566"}],"curies":[{"name":"wp","href":"https:\/\/api.w.org\/{rel}","templated":true}]}}