{"id":1568,"date":"2024-04-07T06:30:24","date_gmt":"2024-04-07T06:30:24","guid":{"rendered":"https:\/\/nfc-readers.com\/?post_type=product&#038;p=1568"},"modified":"2024-10-16T06:16:19","modified_gmt":"2024-10-16T06:16:19","slug":"acm1252u-y3-usb-nfc-reader-module-with-detachable-antenna-board","status":"publish","type":"product","link":"https:\/\/nfc-readers.com\/fi\/ic-reader\/acm1252u-y3-usb-nfc-reader-module-with-detachable-antenna-board\/","title":{"rendered":"ACM1252U-Y3 USB NFC -lukijamoduuli irrotettavalla antennilevyll\u00e4"},"content":{"rendered":"<h1>ACM1252U-Y3 USB NFC -lukijamoduuli irrotettavalla antennilevyll\u00e4<\/h1>\n<p>ACM1252U-Y3 on huippuluokan NFC-\u00e4lykortin USB-lukijamoduuli, joka on erinomainen monipuolisiin sovelluksiin, jotka edellytt\u00e4v\u00e4t sulautettua NFC-tekniikkaa. Laajennettujen ominaisuuksiensa, nopean tiedonsiirron ja mukautuvuutta ja k\u00e4ytt\u00e4j\u00e4yst\u00e4v\u00e4llisyytt\u00e4 edist\u00e4vien lis\u00e4ominaisuuksiensa ansiosta t\u00e4m\u00e4 moduuli on ensiluokkainen valinta NFC-tapahtumien mahdollistamiseen integroiduissa j\u00e4rjestelm\u00e4sovelluksissa.<\/p>\n<ul>\n<li>\n<h2>USB 2.0 Full Speed -liit\u00e4nt\u00e4<\/h2>\n<\/li>\n<li>\n<h2>CCID-yhteensopivuus<\/h2>\n<\/li>\n<li>\n<h2>USB-laiteohjelmiston p\u00e4ivitett\u00e4vyys<\/h2>\n<\/li>\n<li>\n<h2>\u00c4lykortinlukija:<\/h2>\n<ul>\n<li>\n<h3>Kontaktiton k\u00e4ytt\u00f6liittym\u00e4:<\/h3>\n<ul>\n<li>\n<h4>Luku\/kirjoitusnopeus jopa 424 kbps<\/h4>\n<\/li>\n<li>\n<h4>Sis\u00e4\u00e4nrakennettu antenni kontaktittoman tunnisteen k\u00e4sittelyyn, kortin lukuet\u00e4isyys jopa 50 mm (tunnistetyypist\u00e4 riippuen)<\/h4>\n<\/li>\n<li>\n<h4>Tukee ISO 14443 Type A- ja B-, MIFARE\u00ae- ja FeliCa-kortteja sek\u00e4 kaikkia nelj\u00e4\u00e4 tyyppi\u00e4 NFC (ISO\/IEC 18092) -tunnisteita<\/h4>\n<\/li>\n<li>\n<h4>Tukee MIFARE\u00ae 7-tavuista UID:t\u00e4, MIFARE\u00ae Plusia ja MIFARE\u00ae DESfire\u00e4<\/h4>\n<\/li>\n<li>\n<h4>Sis\u00e4\u00e4nrakennettu t\u00f6rm\u00e4yksenestoominaisuus (vain 1 tunniste on k\u00e4ytett\u00e4viss\u00e4 milloin tahansa)<\/h4>\n<\/li>\n<li>\n<h4>NFC-tuki:<\/h4>\n<ul>\n<li>NFC-lukija\/kirjoitustila<\/li>\n<li>Vertaistila<\/li>\n<li>Kortin emulointitila<\/li>\n<\/ul>\n<\/li>\n<\/ul>\n<\/li>\n<\/ul>\n<\/li>\n<li>\n<h2>Sovellusohjelmointiliittym\u00e4:<\/h2>\n<ul>\n<li>\n<h3>Tukee PC\/SC:t\u00e4<\/h3>\n<\/li>\n<li>\n<h3>Tukee CT-API:t\u00e4 (PC\/SC:n p\u00e4\u00e4ll\u00e4 olevan k\u00e4\u00e4reen kautta)<\/h3>\n<\/li>\n<\/ul>\n<\/li>\n<li>\n<h2>Oheislaitteet:<\/h2>\n<ul>\n<li>\n<h3>K\u00e4ytt\u00e4j\u00e4n ohjattava kaksiv\u00e4rinen LED<\/h3>\n<\/li>\n<li>\n<h3>K\u00e4ytt\u00e4j\u00e4n ohjattava summeri<\/h3>\n<\/li>\n<li>\n<div>\n<table width=\"495\">\n<tbody>\n<tr>\n<td colspan=\"2\" width=\"495\">Fyysiset ominaisuudet<\/td>\n<\/tr>\n<tr>\n<td rowspan=\"2\" width=\"187\">Mitat (mm)<\/td>\n<td width=\"308\">Emolevy: 55,0 mm (P) x 45,0 mm (L) x 5,1 mm (K)<\/td>\n<\/tr>\n<tr>\n<td width=\"308\">Antennilevy: 91,0 mm (P) x 49,5 mm (L) x 5,1 mm (K)<\/td>\n<\/tr>\n<tr>\n<td width=\"187\">Paino (g)<\/td>\n<td width=\"308\">26,6 g<\/td>\n<\/tr>\n<tr>\n<td colspan=\"2\" width=\"495\">USB-liit\u00e4nt\u00e4<\/td>\n<\/tr>\n<tr>\n<td width=\"187\">p\u00f6yt\u00e4kirja<\/td>\n<td width=\"308\">USB CCID<\/td>\n<\/tr>\n<tr>\n<td width=\"187\">Liittimen tyyppi<\/td>\n<td width=\"308\">Vakiotyyppi A<\/td>\n<\/tr>\n<tr>\n<td width=\"187\">Virtal\u00e4hde<\/td>\n<td width=\"308\">USB-portista<\/td>\n<\/tr>\n<tr>\n<td width=\"187\">Nopeus<\/td>\n<td width=\"308\">USB t\u00e4ysi nopeus (12 Mbps)<\/td>\n<\/tr>\n<tr>\n<td width=\"187\">Kaapelin pituus<\/td>\n<td width=\"308\">1,0 m, irrotettava (valinnainen)<\/td>\n<\/tr>\n<tr>\n<td colspan=\"2\" width=\"495\">Kontaktiton \u00e4lykorttiliit\u00e4nt\u00e4<\/td>\n<\/tr>\n<tr>\n<td width=\"187\">Vakio<\/td>\n<td width=\"308\">ISO\/IEC 18092 NFC, ISO 14443 tyyppi A &amp; B, MIFARE\u00ae, FeliCa<\/td>\n<\/tr>\n<tr>\n<td rowspan=\"4\" width=\"187\">p\u00f6yt\u00e4kirja<\/td>\n<td width=\"308\">ISO 14443-4 -yhteensopiva kortti, T=CL<\/td>\n<\/tr>\n<tr>\n<td width=\"308\">MIFARE\u00ae Classic Card, T=CL<\/td>\n<\/tr>\n<tr>\n<td width=\"308\">ISO18092, NFC-tunnisteet<\/td>\n<\/tr>\n<tr>\n<td width=\"308\">FeliCa<\/td>\n<\/tr>\n<tr>\n<td width=\"187\">Antenni<\/td>\n<td width=\"308\">77 mm x 49,5 mm<\/td>\n<\/tr>\n<tr>\n<td colspan=\"2\" width=\"495\">SAM-kortin k\u00e4ytt\u00f6liittym\u00e4<\/td>\n<\/tr>\n<tr>\n<td width=\"187\">Slottien m\u00e4\u00e4r\u00e4<\/td>\n<td width=\"308\">1 (valinnainen)<\/td>\n<\/tr>\n<tr>\n<td colspan=\"2\" width=\"495\">Sis\u00e4\u00e4nrakennetut oheislaitteet<\/td>\n<\/tr>\n<tr>\n<td width=\"187\">LED<\/td>\n<td width=\"308\">1 kaksiv\u00e4rinen: punainen ja vihre\u00e4<\/td>\n<\/tr>\n<tr>\n<td width=\"187\">Summeri<\/td>\n<td width=\"308\">Yksitoikkoinen<\/td>\n<\/tr>\n<tr>\n<td colspan=\"2\" width=\"495\">Muut ominaisuudet<\/td>\n<\/tr>\n<tr>\n<td width=\"187\">Laiteohjelmiston p\u00e4ivitys<\/td>\n<td width=\"308\">Tuettu<\/td>\n<\/tr>\n<tr>\n<td colspan=\"2\" width=\"495\">Sertifikaatit\/vaatimustenmukaisuus<\/td>\n<\/tr>\n<tr>\n<td rowspan=\"13\" width=\"187\">Sertifikaatit\/vaatimustenmukaisuus<\/td>\n<td width=\"308\">EN 60950\/IEC 60950<\/td>\n<\/tr>\n<tr>\n<td width=\"308\">ISO 7816 (SAM-paikka)<\/td>\n<\/tr>\n<tr>\n<td width=\"308\">ISO 14443<\/td>\n<\/tr>\n<tr>\n<td width=\"308\">ISO 18092<\/td>\n<\/tr>\n<tr>\n<td width=\"308\">USB t\u00e4ysi nopeus<\/td>\n<\/tr>\n<tr>\n<td width=\"308\">PC\/SC<\/td>\n<\/tr>\n<tr>\n<td width=\"308\">CCID<\/td>\n<\/tr>\n<tr>\n<td width=\"308\">VCCI (Japani)<\/td>\n<\/tr>\n<tr>\n<td width=\"308\">CE<\/td>\n<\/tr>\n<tr>\n<td width=\"308\">FCC<\/td>\n<\/tr>\n<tr>\n<td width=\"308\">RoHS<\/td>\n<\/tr>\n<tr>\n<td width=\"308\">SAAVUTTAA<\/td>\n<\/tr>\n<tr>\n<td width=\"308\">Microsoft\u00ae WHQL<\/td>\n<\/tr>\n<tr>\n<td colspan=\"2\" width=\"495\">Laiteohjaimen k\u00e4ytt\u00f6j\u00e4rjestelm\u00e4n tuki<\/td>\n<\/tr>\n<tr>\n<td rowspan=\"5\" width=\"187\">Laiteohjaimen k\u00e4ytt\u00f6j\u00e4rjestelm\u00e4n tuki<\/td>\n<td width=\"308\">Windows\u00ae<\/td>\n<\/tr>\n<tr>\n<td width=\"308\">Linux\u00ae<\/td>\n<\/tr>\n<tr>\n<td width=\"308\">MAC OS\u00ae<\/td>\n<\/tr>\n<tr>\n<td width=\"308\">Solaris<\/td>\n<\/tr>\n<tr>\n<td width=\"308\">Android\u2122<\/td>\n<\/tr>\n<\/tbody>\n<\/table>\n<\/div>\n<\/li>\n<\/ul>\n<\/li>\n<\/ul>","protected":false},"excerpt":{"rendered":"<p>ACM1252U-Y3 on monipuolinen NFC-USB-moduuli, joka k\u00e4ytt\u00e4\u00e4 13.56M-tekniikkaa ja tukee nopeaa tiedonsiirtoa ja sopii erinomaisesti erilaisiin sulautettuihin sovelluksiin.<\/p>","protected":false},"featured_media":1570,"template":"","meta":[],"product_brand":[],"product_cat":[45,41,40],"product_tag":[],"class_list":{"0":"post-1568","1":"product","2":"type-product","3":"status-publish","4":"has-post-thumbnail","6":"product_cat-contactless-nfc-reader","7":"product_cat-module-ic-reader","8":"product_cat-rfid-nfc-reader","10":"first","11":"instock","12":"shipping-taxable","13":"product-type-simple"},"_links":{"self":[{"href":"https:\/\/nfc-readers.com\/fi\/wp-json\/wp\/v2\/product\/1568","targetHints":{"allow":["GET"]}}],"collection":[{"href":"https:\/\/nfc-readers.com\/fi\/wp-json\/wp\/v2\/product"}],"about":[{"href":"https:\/\/nfc-readers.com\/fi\/wp-json\/wp\/v2\/types\/product"}],"wp:featuredmedia":[{"embeddable":true,"href":"https:\/\/nfc-readers.com\/fi\/wp-json\/wp\/v2\/media\/1570"}],"wp:attachment":[{"href":"https:\/\/nfc-readers.com\/fi\/wp-json\/wp\/v2\/media?parent=1568"}],"wp:term":[{"taxonomy":"product_brand","embeddable":true,"href":"https:\/\/nfc-readers.com\/fi\/wp-json\/wp\/v2\/product_brand?post=1568"},{"taxonomy":"product_cat","embeddable":true,"href":"https:\/\/nfc-readers.com\/fi\/wp-json\/wp\/v2\/product_cat?post=1568"},{"taxonomy":"product_tag","embeddable":true,"href":"https:\/\/nfc-readers.com\/fi\/wp-json\/wp\/v2\/product_tag?post=1568"}],"curies":[{"name":"wp","href":"https:\/\/api.w.org\/{rel}","templated":true}]}}