{"id":1579,"date":"2024-04-07T06:47:40","date_gmt":"2024-04-07T06:47:40","guid":{"rendered":"https:\/\/nfc-readers.com\/?post_type=product&#038;p=1579"},"modified":"2024-10-16T03:17:58","modified_gmt":"2024-10-16T03:17:58","slug":"acm1252u-z6-small-nfc-reader-module","status":"publish","type":"product","link":"https:\/\/nfc-readers.com\/fi\/ic-reader\/acm1252u-z6-small-nfc-reader-module\/","title":{"rendered":"ACM1252U-Z6 pieni NFC-lukijamoduuli"},"content":{"rendered":"<h1>ACM1252U-Z6 pieni NFC-lukijamoduuli<\/h1>\n<p>ACM1252U-Z6-moduuli edustaa kompaktia ja tehokasta NFC-kortinlukutekniikkaa, joka soveltuu saumattomaan integrointiin sulautettuihin j\u00e4rjestelmiin ja tarjoaa samalla kehittyneen ratkaisun kontaktittoman viestinn\u00e4n tarpeisiin. Se takaa yhteensopivuuden useiden NFC-yhteensopivien laitteiden kanssa yhdistettyn\u00e4 k\u00e4yt\u00e4nn\u00f6llisyyteen ja joustavuuteen, jota tilaa vaativat sovellukset vaativat.<\/p>\n<ul>\n<li>\n<h2><span class=\"s1\">USB Full Speed -liit\u00e4nt\u00e4 6-nastaisen FFC-liittimen kautta<\/span><\/h2>\n<\/li>\n<li>\n<h2><span class=\"s1\">CCID-yhteensopivuus<\/span><\/h2>\n<\/li>\n<li>\n<h2><span class=\"s1\">USB-laiteohjelmiston p\u00e4ivitett\u00e4vyys<\/span><\/h2>\n<\/li>\n<li>\n<h2><span class=\"s1\">\u00c4lykortinlukija:<\/span><\/h2>\n<ul>\n<li>\n<h3>Kontaktiton k\u00e4ytt\u00f6liittym\u00e4:<\/h3>\n<ul>\n<li>\n<h4>Luku\/kirjoitusnopeus jopa 424 kbps<\/h4>\n<\/li>\n<li>\n<h4>Sis\u00e4\u00e4nrakennettu antenni kontaktittoman tunnisteen k\u00e4ytt\u00f6\u00f6n, kortin lukuet\u00e4isyys jopa 30 mm (tunnistetyypist\u00e4 riippuen)<\/h4>\n<\/li>\n<li>\n<h4>Tukee ISO 14443 Part 4 Type A- ja B -kortteja, MIFARE\u00ae-, FeliCa- ja kaikkia nelj\u00e4\u00e4 NFC-tyyppi\u00e4 (ISO 18092 -tunnisteet)<\/h4>\n<\/li>\n<li>\n<h4>Sis\u00e4\u00e4nrakennettu t\u00f6rm\u00e4yksenestoominaisuus (vain 1 tunniste on k\u00e4ytett\u00e4viss\u00e4 milloin tahansa)<\/h4>\n<\/li>\n<li>\n<h4>NFC-tuki:<\/h4>\n<ul>\n<li>\n<h5>Kortinlukija\/kirjoitustila<\/h5>\n<\/li>\n<li>\n<h5>Vertaistila<\/h5>\n<\/li>\n<li>\n<h5>Kortin emulointitila<\/h5>\n<\/li>\n<\/ul>\n<\/li>\n<\/ul>\n<\/li>\n<\/ul>\n<\/li>\n<li>\n<h2>Sis\u00e4\u00e4nrakennetut oheislaitteet:<\/h2>\n<ul>\n<li>\n<h3><span class=\"s1\">K\u00e4ytt\u00e4j\u00e4n ohjattava kaksiv\u00e4rinen LED<\/span><\/h3>\n<\/li>\n<\/ul>\n<\/li>\n<li>\n<h2>Sovellusohjelmointiliittym\u00e4:<\/h2>\n<ul>\n<li>\n<h3><span class=\"s1\">Tukee PC\/SC:t\u00e4<\/span><\/h3>\n<\/li>\n<li>\n<h3><span class=\"s1\">Tukee CT-API:t\u00e4 (PC\/SC:n p\u00e4\u00e4ll\u00e4 olevan k\u00e4\u00e4reen kautta)<\/span><\/h3>\n<\/li>\n<\/ul>\n<\/li>\n<li>\n<h2>Tukee Android\u2122 3.1:t\u00e4 ja uudempia<\/h2>\n<\/li>\n<li>\n<div>\n<table width=\"536\">\n<tbody>\n<tr>\n<td colspan=\"2\" width=\"536\">Fyysiset ominaisuudet<\/td>\n<\/tr>\n<tr>\n<td width=\"182\">Mitat (mm)<\/td>\n<td width=\"354\">52,0 mm (P) x 20,0 mm (L) x 6,0 mm (K)<\/td>\n<\/tr>\n<tr>\n<td width=\"182\">Paino (g)<\/td>\n<td width=\"354\">3,45 g<\/td>\n<\/tr>\n<tr>\n<td colspan=\"2\" width=\"536\">USB-liit\u00e4nt\u00e4<\/td>\n<\/tr>\n<tr>\n<td width=\"182\">p\u00f6yt\u00e4kirja<\/td>\n<td width=\"354\">USB CCID<\/td>\n<\/tr>\n<tr>\n<td width=\"182\">Liittimen tyyppi<\/td>\n<td width=\"354\">6-nastainen FFC<\/td>\n<\/tr>\n<tr>\n<td width=\"182\">Virtal\u00e4hde<\/td>\n<td width=\"354\">FFC-liittimest\u00e4<\/td>\n<\/tr>\n<tr>\n<td width=\"182\">Nopeus<\/td>\n<td width=\"354\">USB t\u00e4ysi nopeus (12 Mbps)<\/td>\n<\/tr>\n<tr>\n<td colspan=\"2\" width=\"536\">Kontaktiton \u00e4lykorttiliit\u00e4nt\u00e4<\/td>\n<\/tr>\n<tr>\n<td width=\"182\">Vakio<\/td>\n<td width=\"354\">ISO\/IEC 18092 NFC, ISO 14443 tyyppi A &amp; B, MIFARE\u00ae, FeliCa<\/td>\n<\/tr>\n<tr>\n<td rowspan=\"4\" width=\"182\">p\u00f6yt\u00e4kirja<\/td>\n<td width=\"354\">ISO14443-4-yhteensopivat kortit, T=CL<\/td>\n<\/tr>\n<tr>\n<td width=\"354\">MIFARE\u00ae Classic Card Protocol, T=CL<\/td>\n<\/tr>\n<tr>\n<td width=\"354\">ISO 18092, NFC-tunnisteet<\/td>\n<\/tr>\n<tr>\n<td width=\"354\">FeliCa<\/td>\n<\/tr>\n<tr>\n<td width=\"182\">Antenni<\/td>\n<td width=\"354\">20 mm x 22 mm<\/td>\n<\/tr>\n<tr>\n<td colspan=\"2\" width=\"536\">Sis\u00e4\u00e4nrakennetut oheislaitteet<\/td>\n<\/tr>\n<tr>\n<td width=\"182\">LED<\/td>\n<td width=\"354\">1 kaksiv\u00e4rinen: punainen ja vihre\u00e4<\/td>\n<\/tr>\n<tr>\n<td colspan=\"2\" width=\"536\">Muut ominaisuudet<\/td>\n<\/tr>\n<tr>\n<td width=\"182\">Laiteohjelmiston p\u00e4ivitys<\/td>\n<td width=\"354\">Tuettu<\/td>\n<\/tr>\n<tr>\n<td colspan=\"2\" width=\"536\">Sertifikaatit\/vaatimustenmukaisuus<\/td>\n<\/tr>\n<tr>\n<td rowspan=\"10\" width=\"182\">Sertifikaatit\/vaatimustenmukaisuus<\/td>\n<td width=\"354\">ISO 18092<\/td>\n<\/tr>\n<tr>\n<td width=\"354\">ISO 14443<\/td>\n<\/tr>\n<tr>\n<td width=\"354\">USB t\u00e4ysi nopeus<\/td>\n<\/tr>\n<tr>\n<td width=\"354\">PC\/SC<\/td>\n<\/tr>\n<tr>\n<td width=\"354\">CCID<\/td>\n<\/tr>\n<tr>\n<td width=\"354\">CE<\/td>\n<\/tr>\n<tr>\n<td width=\"354\">FCC<\/td>\n<\/tr>\n<tr>\n<td width=\"354\">RoHS<\/td>\n<\/tr>\n<tr>\n<td width=\"354\">SAAVUTTAA<\/td>\n<\/tr>\n<tr>\n<td width=\"354\">Microsoft\u00ae WHQL<\/td>\n<\/tr>\n<tr>\n<td colspan=\"2\" width=\"536\">Laiteohjaimen k\u00e4ytt\u00f6j\u00e4rjestelm\u00e4n tuki<\/td>\n<\/tr>\n<tr>\n<td rowspan=\"5\" width=\"182\">Laiteohjaimen k\u00e4ytt\u00f6j\u00e4rjestelm\u00e4n tuki<\/td>\n<td width=\"354\">Windows\u00ae<\/td>\n<\/tr>\n<tr>\n<td width=\"354\">Linux\u00ae<\/td>\n<\/tr>\n<tr>\n<td width=\"354\">MAC OS\u00ae<\/td>\n<\/tr>\n<tr>\n<td width=\"354\">Solaris<\/td>\n<\/tr>\n<tr>\n<td width=\"354\">Android\u2122<\/td>\n<\/tr>\n<\/tbody>\n<\/table>\n<\/div>\n<\/li>\n<\/ul>","protected":false},"excerpt":{"rendered":"<p>ACM1252U-Z6 on monipuolinen NFC USB-lukija ja RFID-moduuli, joka on yhteensopiva CCID:n ja PC\/SC:n kanssa ja tukee ISO 14443- ja 18092 -standardeja tehokkaan \u00e4lykorttitoiminnan takaamiseksi.<\/p>","protected":false},"featured_media":1580,"template":"","meta":[],"product_brand":[],"product_cat":[41,40],"product_tag":[],"class_list":{"0":"post-1579","1":"product","2":"type-product","3":"status-publish","4":"has-post-thumbnail","6":"product_cat-module-ic-reader","7":"product_cat-rfid-nfc-reader","9":"first","10":"instock","11":"shipping-taxable","12":"product-type-simple"},"_links":{"self":[{"href":"https:\/\/nfc-readers.com\/fi\/wp-json\/wp\/v2\/product\/1579","targetHints":{"allow":["GET"]}}],"collection":[{"href":"https:\/\/nfc-readers.com\/fi\/wp-json\/wp\/v2\/product"}],"about":[{"href":"https:\/\/nfc-readers.com\/fi\/wp-json\/wp\/v2\/types\/product"}],"wp:featuredmedia":[{"embeddable":true,"href":"https:\/\/nfc-readers.com\/fi\/wp-json\/wp\/v2\/media\/1580"}],"wp:attachment":[{"href":"https:\/\/nfc-readers.com\/fi\/wp-json\/wp\/v2\/media?parent=1579"}],"wp:term":[{"taxonomy":"product_brand","embeddable":true,"href":"https:\/\/nfc-readers.com\/fi\/wp-json\/wp\/v2\/product_brand?post=1579"},{"taxonomy":"product_cat","embeddable":true,"href":"https:\/\/nfc-readers.com\/fi\/wp-json\/wp\/v2\/product_cat?post=1579"},{"taxonomy":"product_tag","embeddable":true,"href":"https:\/\/nfc-readers.com\/fi\/wp-json\/wp\/v2\/product_tag?post=1579"}],"curies":[{"name":"wp","href":"https:\/\/api.w.org\/{rel}","templated":true}]}}