{"id":1598,"date":"2024-04-07T07:36:03","date_gmt":"2024-04-07T07:36:03","guid":{"rendered":"https:\/\/nfc-readers.com\/?post_type=product&#038;p=1598"},"modified":"2024-10-16T03:12:59","modified_gmt":"2024-10-16T03:12:59","slug":"acr1552u-m1-nfc-rfid-reader-writer","status":"publish","type":"product","link":"https:\/\/nfc-readers.com\/fi\/ic-reader\/acr1552u-m1-nfc-rfid-reader-writer\/","title":{"rendered":"ACR1552U-M1 NFC RFID-lukija\/kirjoitin"},"content":{"rendered":"<h1>ACR1552U-M1 NFC RFID-lukija\/kirjoitin<\/h1>\n<p>ACR1552U-M1 USB-C NFC Reader koteloi tehokkaan ja monipuolisen laitteen, joka palvelee lukuisia \u00e4lykorttitoimintoja. Se rauhoittaa k\u00e4ytt\u00e4ji\u00e4 edistyneill\u00e4 ominaisuuksilla, jotka korostavat turvallisuutta, mukautumiskyky\u00e4 ja kattavaa \u00e4lykorttiyhteensopivuutta, mik\u00e4 tekee siit\u00e4 v\u00e4ltt\u00e4m\u00e4tt\u00f6m\u00e4n ty\u00f6kalun useilla toimialoilla.<\/p>\n<ul>\n<li>\n<h2>USB 2.0 Full Speed -liit\u00e4nt\u00e4<\/h2>\n<\/li>\n<li>\n<h2>CCID-yhteensopivuus<\/h2>\n<\/li>\n<li>\n<h2>Kontaktiton \u00e4lykortinlukija:<\/h2>\n<ul>\n<li>\n<h3>Luku\/kirjoitusnopeus jopa 848 kbps<\/h3>\n<\/li>\n<li>\n<h3>Sis\u00e4\u00e4nrakennettu antenni kontaktittoman tunnisteen k\u00e4sittelyyn, kortin lukuet\u00e4isyys jopa 70 mm (tunnistetyypist\u00e4 riippuen)<\/h3>\n<\/li>\n<li>\n<h3>Tukee ISO 14443 Type A- ja B -kortteja, ISO 15693 -kortteja ja ISO18092 NFC<\/h3>\n<\/li>\n<li>\n<h3>Tukee MIFARE\u00ae (T=CL), FeliCa, NFC-tunnisteet, SRI\/SRIX, CTS, Innovatron, Picopass, Topaz Card<\/h3>\n<\/li>\n<li>\n<h3>Sis\u00e4\u00e4nrakennettu t\u00f6rm\u00e4yksenestoominaisuus<\/h3>\n<\/li>\n<li>\n<h3>Tukee laajennettua APDU:ta (enint\u00e4\u00e4n 64 kilotavua)<\/h3>\n<\/li>\n<li>\n<h3>Yksi ISO7816-yhteensopiva SAM-paikka (luokka A)<\/h3>\n<\/li>\n<li>\n<h3>NFC-tuki<\/h3>\n<ul>\n<li>\n<h4>\u00a0 \u00a0\u00c4lykortinlukija\/kirjoitustila<\/h4>\n<\/li>\n<li>\n<h4>\u00a0 \u00a0Kortin emulointitila<\/h4>\n<\/li>\n<li>\n<h4>\u00a0 \u00a0N\u00e4pp\u00e4imist\u00f6n emulointitila<\/h4>\n<\/li>\n<\/ul>\n<\/li>\n<\/ul>\n<\/li>\n<li>\n<h2>Sovellusohjelmointiliittym\u00e4:<\/h2>\n<ul>\n<li>\n<h3>Tukee PC\/SC:t\u00e4<\/h3>\n<\/li>\n<li>\n<h3>Tukee CT-API:t\u00e4 (PC\/SC:n p\u00e4\u00e4ll\u00e4 olevan k\u00e4\u00e4reen kautta)<\/h3>\n<\/li>\n<\/ul>\n<\/li>\n<li>\n<h2>Oheislaitteet:<\/h2>\n<ul>\n<li>\n<h3>K\u00e4ytt\u00e4j\u00e4n ohjattava kaksiv\u00e4rinen LED (sininen ja vihre\u00e4)<\/h3>\n<\/li>\n<li>\n<h3>K\u00e4ytt\u00e4j\u00e4n ohjattava summeri (yksi\u00e4\u00e4ninen)<\/h3>\n<\/li>\n<li>\n<h3>Yksi SAM-paikka<\/h3>\n<\/li>\n<\/ul>\n<\/li>\n<li>\n<h2>USB-laiteohjelmiston p\u00e4ivitys<\/h2>\n<\/li>\n<li>\n<div>\n<table width=\"528\">\n<tbody>\n<tr>\n<td colspan=\"2\" width=\"528\">Fyysiset ominaisuudet<\/td>\n<\/tr>\n<tr>\n<td rowspan=\"2\" width=\"215\">Mitat (mm)<\/td>\n<td width=\"313\">P\u00e4\u00e4runko: 98 x 65 x 12,8 mm<\/td>\n<\/tr>\n<tr>\n<td width=\"313\">Antennin koko: 50 x 40 mm<\/td>\n<\/tr>\n<tr>\n<td width=\"215\">Paino (g)<\/td>\n<td width=\"313\">89 g<\/td>\n<\/tr>\n<tr>\n<td colspan=\"2\" width=\"528\">USB-liit\u00e4nt\u00e4<\/td>\n<\/tr>\n<tr>\n<td width=\"215\">p\u00f6yt\u00e4kirja<\/td>\n<td width=\"313\">USB CCID<\/td>\n<\/tr>\n<tr>\n<td width=\"215\">Liittimen tyyppi<\/td>\n<td width=\"313\">USB Type-A (ACR1552U-M1), USB Type-C (ACR1552U-MF)<\/td>\n<\/tr>\n<tr>\n<td width=\"215\">Virtal\u00e4hde<\/td>\n<td width=\"313\">USB-portista<\/td>\n<\/tr>\n<tr>\n<td width=\"215\">Nopeus<\/td>\n<td width=\"313\">USB t\u00e4ysi nopeus (12 Mbps)<\/td>\n<\/tr>\n<tr>\n<td width=\"215\">Kaapelin pituus<\/td>\n<td width=\"313\">1m, ei irrotettava<\/td>\n<\/tr>\n<tr>\n<td colspan=\"2\" width=\"528\">Kontaktiton \u00e4lykorttiliit\u00e4nt\u00e4<\/td>\n<\/tr>\n<tr>\n<td width=\"215\">Vakio<\/td>\n<td width=\"313\">ISO\/IEC 18092 NFC, ISO 14443 Type A &amp; B, ISO 15693, MIFARE\u00ae, FeliCa<\/td>\n<\/tr>\n<tr>\n<td rowspan=\"5\" width=\"215\">p\u00f6yt\u00e4kirja<\/td>\n<td width=\"313\">ISO 14443-4 -yhteensopiva kortti, T=CL<\/td>\n<\/tr>\n<tr>\n<td width=\"313\">MIFARE\u00ae Classic Card, T=CL<\/td>\n<\/tr>\n<tr>\n<td width=\"313\">ISO 15693<\/td>\n<\/tr>\n<tr>\n<td width=\"313\">ISO 18092 NFC-tunnisteet<\/td>\n<\/tr>\n<tr>\n<td width=\"313\">FeliCa<\/td>\n<\/tr>\n<tr>\n<td colspan=\"2\" width=\"528\">SAM-kortin k\u00e4ytt\u00f6liittym\u00e4<\/td>\n<\/tr>\n<tr>\n<td width=\"215\">Slottien m\u00e4\u00e4r\u00e4<\/td>\n<td width=\"313\">1 tavallinen SIM-kokoinen korttipaikka<\/td>\n<\/tr>\n<tr>\n<td width=\"215\">Vakio<\/td>\n<td width=\"313\">ISO 7816 luokka A (5V)<\/td>\n<\/tr>\n<tr>\n<td width=\"215\">p\u00f6yt\u00e4kirja<\/td>\n<td width=\"313\">T = 0; T = 1<\/td>\n<\/tr>\n<tr>\n<td colspan=\"2\" width=\"528\">Sis\u00e4\u00e4nrakennetut oheislaitteet<\/td>\n<\/tr>\n<tr>\n<td width=\"215\">LED<\/td>\n<td width=\"313\">1 kaksiv\u00e4rinen: sininen ja vihre\u00e4<\/td>\n<\/tr>\n<tr>\n<td width=\"215\">Summeri<\/td>\n<td width=\"313\">Joo<\/td>\n<\/tr>\n<tr>\n<td colspan=\"2\" width=\"528\">Muut ominaisuudet<\/td>\n<\/tr>\n<tr>\n<td rowspan=\"4\" width=\"215\">Muut ominaisuudet<\/td>\n<td width=\"313\">Tuetut korttityypit:<\/td>\n<\/tr>\n<tr>\n<td width=\"313\">ISO 14443 Type A &amp; B osat 1-4, ISO 15693, ISO 18092 NFC, MIFARE\u00ae, FeliCa, SRI\/SRIX, CTS, Innovatron, Picopass, Topaz Card<\/td>\n<\/tr>\n<tr>\n<td width=\"313\">\u00a0 NFC-ominaisuudet:<\/td>\n<\/tr>\n<tr>\n<td width=\"313\">\u00c4lykortinlukija\/kirjoitin, n\u00e4pp\u00e4imist\u00f6emulointi, korttiemulointi<\/td>\n<\/tr>\n<tr>\n<td width=\"215\">Laiteohjelmiston p\u00e4ivitys<\/td>\n<td width=\"313\">Tuettu<\/td>\n<\/tr>\n<tr>\n<td colspan=\"2\" width=\"528\">Sertifikaatit\/vaatimustenmukaisuus<\/td>\n<\/tr>\n<tr>\n<td rowspan=\"4\" width=\"215\">Sertifikaatit\/vaatimustenmukaisuus<\/td>\n<td width=\"313\">Sertifikaatit:<\/td>\n<\/tr>\n<tr>\n<td width=\"313\">IEC\/EN 62368, CE, UKCA, FCC, VCCI, KC, J-LIS, RoHS, REACH, WEEE, Microsoft\u00ae WHQL<\/td>\n<\/tr>\n<tr>\n<td width=\"313\">Vaatimustenmukaisuus:<\/td>\n<\/tr>\n<tr>\n<td width=\"313\">USB CCID, PC\/SC<\/td>\n<\/tr>\n<tr>\n<td colspan=\"2\" width=\"528\">Laiteohjaimen k\u00e4ytt\u00f6j\u00e4rjestelm\u00e4n tuki<\/td>\n<\/tr>\n<tr>\n<td width=\"215\">Laiteohjaimen k\u00e4ytt\u00f6j\u00e4rjestelm\u00e4n tuki<\/td>\n<td width=\"313\">Windows\u00ae, Linux\u00ae, macOS, Android\u2122, iOS\/iPadOS (16 tai uudempi)<\/td>\n<\/tr>\n<\/tbody>\n<\/table>\n<\/div>\n<\/li>\n<\/ul>","protected":false},"excerpt":{"rendered":"<p>ACR1552U on nopea NFC-USB-lukija, joka on yhteensopiva CCID- ja PC\/SC-standardien kanssa ja tukee ISO 14443- ja 15693-standardeja ja sopii erinomaisesti erilaisiin \u00e4lykorttisovelluksiin.<\/p>","protected":false},"featured_media":1599,"template":"","meta":[],"product_brand":[],"product_cat":[45,40],"product_tag":[],"class_list":{"0":"post-1598","1":"product","2":"type-product","3":"status-publish","4":"has-post-thumbnail","6":"product_cat-contactless-nfc-reader","7":"product_cat-rfid-nfc-reader","9":"first","10":"instock","11":"shipping-taxable","12":"product-type-simple"},"_links":{"self":[{"href":"https:\/\/nfc-readers.com\/fi\/wp-json\/wp\/v2\/product\/1598","targetHints":{"allow":["GET"]}}],"collection":[{"href":"https:\/\/nfc-readers.com\/fi\/wp-json\/wp\/v2\/product"}],"about":[{"href":"https:\/\/nfc-readers.com\/fi\/wp-json\/wp\/v2\/types\/product"}],"wp:featuredmedia":[{"embeddable":true,"href":"https:\/\/nfc-readers.com\/fi\/wp-json\/wp\/v2\/media\/1599"}],"wp:attachment":[{"href":"https:\/\/nfc-readers.com\/fi\/wp-json\/wp\/v2\/media?parent=1598"}],"wp:term":[{"taxonomy":"product_brand","embeddable":true,"href":"https:\/\/nfc-readers.com\/fi\/wp-json\/wp\/v2\/product_brand?post=1598"},{"taxonomy":"product_cat","embeddable":true,"href":"https:\/\/nfc-readers.com\/fi\/wp-json\/wp\/v2\/product_cat?post=1598"},{"taxonomy":"product_tag","embeddable":true,"href":"https:\/\/nfc-readers.com\/fi\/wp-json\/wp\/v2\/product_tag?post=1598"}],"curies":[{"name":"wp","href":"https:\/\/api.w.org\/{rel}","templated":true}]}}