{"id":1603,"date":"2024-04-07T07:42:37","date_gmt":"2024-04-07T07:42:37","guid":{"rendered":"https:\/\/nfc-readers.com\/?post_type=product&#038;p=1603"},"modified":"2024-10-16T02:49:08","modified_gmt":"2024-10-16T02:49:08","slug":"acr1581u-c1-15693-dualboost-iii-dual-interface-nfc-reader-writer","status":"publish","type":"product","link":"https:\/\/nfc-readers.com\/fi\/ic-reader\/acr1581u-c1-15693-dualboost-iii-dual-interface-nfc-reader-writer\/","title":{"rendered":"ACR1581U-C1 15693 DualBoost III Dual Interface NFC Reader Writer"},"content":{"rendered":"<h1>ACR1581U-C1 15693 DualBoost III Dual Interface NFC Reader Writer<\/h1>\n<p>ACR1581U DualBoost III on edistyneen monipuolisuuden ja turvallisuuden ruumiillistuma, joka yhdist\u00e4\u00e4 tehokkaasti kontakti- ja kontaktittomia tekniikoita saman katon alle ja tarjoaa laajan tuen eri \u00e4lykorttimuotoille. Olipa tavoitteesi teknologinen kehitys tai \u00e4lykorttitoimintojen vankka suojaus, ACR1581U on \u00e4lykortinlukijoiden luotettavuuden vertaansa vailla oleva puolustaja.<\/p>\n<ul>\n<li>\n<h2>USB 2.0 Full Speed -liit\u00e4nt\u00e4<\/h2>\n<\/li>\n<li>\n<h2>CCID-yhteensopivuus<\/h2>\n<\/li>\n<li>\n<h2>Kontaktiton \u00e4lykortinlukija:<\/h2>\n<ul>\n<li>\n<h3>ISO 14443A\/B luku-\/kirjoitusnopeus jopa 848 kbps<\/h3>\n<\/li>\n<li>\n<h3>Kellotaajuus jopa 13,56 MHz<\/h3>\n<\/li>\n<li>\n<h3>Sis\u00e4\u00e4nrakennettu antenni kontaktittoman tunnisteen k\u00e4sittelyyn, kortin lukuet\u00e4isyys jopa 70 mm (tunnistetyypist\u00e4 riippuen)<\/h3>\n<\/li>\n<li>\n<h3>Tukee ISO 14443 Type A- ja B -kortteja, ISO 15693 -kortteja<\/h3>\n<\/li>\n<li>\n<h3>Tukee MIFARE\u00ae, FeliCa, NFC-tunnisteita, SRI\/SRIX, CTS, Innovatron, Picopass, Topaz Card<\/h3>\n<\/li>\n<\/ul>\n<\/li>\n<li>\n<h2>Tukee laajennettua APDU:ta (enint\u00e4\u00e4n 64 kilotavua)<\/h2>\n<\/li>\n<li>\n<h2><strong>Ota yhteytt\u00e4 \u00e4lykortinlukijaan<\/strong><\/h2>\n<ul>\n<li>\n<h3>Tukee ISO 7816 -luokkien A, B ja C (5 V, 3 V ja 1,8 V) nopeutta jopa 1 250 kbps<\/h3>\n<\/li>\n<li>\n<h3>Tukee CAC-korttia (Common Access Card)<\/h3>\n<\/li>\n<li>\n<h3>Tukee PIV-korttia (Personal Identity Verification Card)<\/h3>\n<\/li>\n<li>\n<h3>Tukee mikroprosessorikortteja T=0 tai T=1 protokollalla<\/h3>\n<\/li>\n<li>\n<h3>Tukee muistikortteja<\/h3>\n<\/li>\n<li>\n<h3>ISO 7816 -yhteensopiva SAM-paikka (luokka A)<\/h3>\n<\/li>\n<\/ul>\n<\/li>\n<li>\n<h2>Sovellusohjelmointiliittym\u00e4:<\/h2>\n<ul>\n<li>\n<h3>Tukee PC\/SC:t\u00e4<\/h3>\n<\/li>\n<\/ul>\n<\/li>\n<li>\n<h2>Oheislaitteet:<\/h2>\n<ul>\n<li>\n<h3>K\u00e4ytt\u00e4j\u00e4n ohjattava kaksiv\u00e4rinen LED (sininen ja vihre\u00e4)<\/h3>\n<\/li>\n<li>\n<h3>K\u00e4ytt\u00e4j\u00e4n ohjattava summeri<\/h3>\n<\/li>\n<\/ul>\n<\/li>\n<li>\n<h2>USB-laiteohjelmiston p\u00e4ivitys<\/h2>\n<\/li>\n<li>\n<div>\n<table width=\"483\">\n<tbody>\n<tr>\n<td colspan=\"2\" width=\"483\">Fyysiset ominaisuudet<\/td>\n<\/tr>\n<tr>\n<td width=\"188\">Mitat (mm)<\/td>\n<td width=\"295\">120,5 mm (P) x 72,0 mm (L) x 20,4 mm (K)<\/td>\n<\/tr>\n<tr>\n<td width=\"188\">Paino (g)<\/td>\n<td width=\"295\">143 g<\/td>\n<\/tr>\n<tr>\n<td colspan=\"2\" width=\"483\">USB-liit\u00e4nt\u00e4<\/td>\n<\/tr>\n<tr>\n<td width=\"188\">p\u00f6yt\u00e4kirja<\/td>\n<td width=\"295\">USB CCID<\/td>\n<\/tr>\n<tr>\n<td width=\"188\">Liittimen tyyppi<\/td>\n<td width=\"295\">USB Type-A (ACR1581U-C1), USB Type-C (ACR1581U-CF)<\/td>\n<\/tr>\n<tr>\n<td width=\"188\">Virtal\u00e4hde<\/td>\n<td width=\"295\">USB-portista<\/td>\n<\/tr>\n<tr>\n<td width=\"188\">Nopeus<\/td>\n<td width=\"295\">USB t\u00e4ysi nopeus (12 Mbps)<\/td>\n<\/tr>\n<tr>\n<td width=\"188\">Kaapelin pituus<\/td>\n<td width=\"295\">2m, ei irrotettava<\/td>\n<\/tr>\n<tr>\n<td colspan=\"2\" width=\"483\">Ota yhteytt\u00e4 \u00e4lykortin k\u00e4ytt\u00f6liittym\u00e4\u00e4n<\/td>\n<\/tr>\n<tr>\n<td width=\"188\">Slottien m\u00e4\u00e4r\u00e4<\/td>\n<td width=\"295\">1 t\u00e4ysikokoinen korttipaikka<\/td>\n<\/tr>\n<tr>\n<td width=\"188\">Vakio<\/td>\n<td width=\"295\">ISO 7816 luokka A, B, C (5 V, 3 V, 1,8 V)<\/td>\n<\/tr>\n<tr>\n<td width=\"188\">p\u00f6yt\u00e4kirja<\/td>\n<td width=\"295\">T = 0; T = 1<\/td>\n<\/tr>\n<tr>\n<td colspan=\"2\" width=\"483\">Kontaktiton \u00e4lykorttiliit\u00e4nt\u00e4<\/td>\n<\/tr>\n<tr>\n<td width=\"188\">Vakio<\/td>\n<td width=\"295\">ISO 14443 Tyyppi A &amp; B, ISO 15693, MIFARE\u00ae, FeliCa<\/td>\n<\/tr>\n<tr>\n<td rowspan=\"4\" width=\"188\">p\u00f6yt\u00e4kirja<\/td>\n<td width=\"295\">ISO 14443-4 -yhteensopiva kortti, T=CL<\/td>\n<\/tr>\n<tr>\n<td width=\"295\">ISO 15693<\/td>\n<\/tr>\n<tr>\n<td width=\"295\">MIFARE\u00ae Classic Card, T=CL<\/td>\n<\/tr>\n<tr>\n<td width=\"295\">FeliCa<\/td>\n<\/tr>\n<tr>\n<td colspan=\"2\" width=\"483\">SAM-kortin k\u00e4ytt\u00f6liittym\u00e4<\/td>\n<\/tr>\n<tr>\n<td width=\"188\">Slottien m\u00e4\u00e4r\u00e4<\/td>\n<td width=\"295\">1 tavallinen SIM-kokoinen korttipaikka<\/td>\n<\/tr>\n<tr>\n<td width=\"188\">Vakio<\/td>\n<td width=\"295\">ISO 7816 luokka A (5V)<\/td>\n<\/tr>\n<tr>\n<td width=\"188\">p\u00f6yt\u00e4kirja<\/td>\n<td width=\"295\">T = 0; T = 1<\/td>\n<\/tr>\n<tr>\n<td colspan=\"2\" width=\"483\">Sis\u00e4\u00e4nrakennetut oheislaitteet<\/td>\n<\/tr>\n<tr>\n<td width=\"188\">LED<\/td>\n<td width=\"295\">2 yksiv\u00e4rist\u00e4: sininen ja vihre\u00e4<\/td>\n<\/tr>\n<tr>\n<td width=\"188\">Summeri<\/td>\n<td width=\"295\">Yksitoikkoinen<\/td>\n<\/tr>\n<tr>\n<td colspan=\"2\" width=\"483\">Muut ominaisuudet<\/td>\n<\/tr>\n<tr>\n<td rowspan=\"5\" width=\"188\">Muut ominaisuudet<\/td>\n<td width=\"295\">Tuetut korttityypit:<\/td>\n<\/tr>\n<tr>\n<td width=\"295\">ISO 14443 tyypin A ja B osat 1\u20134,<\/td>\n<\/tr>\n<tr>\n<td width=\"295\">ISO 15693, MIFARE\u00ae, FeliCa, NFC-tunnisteet, SRI\/SRIX, CTS, Innovatron, Picopass, Topaz Card<\/td>\n<\/tr>\n<tr>\n<td width=\"295\">Muut NFC-ominaisuudet:<\/td>\n<\/tr>\n<tr>\n<td width=\"295\">\u00c4lykortinlukija\/kirjoitin, n\u00e4pp\u00e4imist\u00f6emulointi, korttiemulointi<\/td>\n<\/tr>\n<tr>\n<td width=\"188\">Laiteohjelmiston p\u00e4ivitys<\/td>\n<td width=\"295\">Tuettu<\/td>\n<\/tr>\n<tr>\n<td colspan=\"2\" width=\"483\">Sertifikaatit\/vaatimustenmukaisuus<\/td>\n<\/tr>\n<tr>\n<td rowspan=\"4\" width=\"188\">Sertifikaatit\/vaatimustenmukaisuus<\/td>\n<td width=\"295\">Sertifikaatit:<\/td>\n<\/tr>\n<tr>\n<td width=\"295\">IEC\/EN 62368, CE, FCC, UKCA, VCCI, RoHS, REACH, WEEE<\/td>\n<\/tr>\n<tr>\n<td width=\"295\">Vaatimustenmukaisuus:<\/td>\n<\/tr>\n<tr>\n<td width=\"295\">USB CCID, PC\/SC<\/td>\n<\/tr>\n<tr>\n<td colspan=\"2\" width=\"483\">Laiteohjaimen k\u00e4ytt\u00f6j\u00e4rjestelm\u00e4n tuki<\/td>\n<\/tr>\n<tr>\n<td width=\"188\">Laiteohjaimen k\u00e4ytt\u00f6j\u00e4rjestelm\u00e4n tuki<\/td>\n<td width=\"295\">Windows\u00ae, Linux\u00ae, macOS, Android\u2122, iOS\/iPadOS (16 tai uudempi)<\/td>\n<\/tr>\n<\/tbody>\n<\/table>\n<\/div>\n<\/li>\n<\/ul>","protected":false},"excerpt":{"rendered":"<p>ACR1581U on nopea NFC-\u00e4lykortinlukija, joka tukee NFC- ja ISO\/IEC 15693-14443 -standardeja.<\/p>","protected":false},"featured_media":1605,"template":"","meta":[],"product_brand":[],"product_cat":[45,40],"product_tag":[],"class_list":{"0":"post-1603","1":"product","2":"type-product","3":"status-publish","4":"has-post-thumbnail","6":"product_cat-contactless-nfc-reader","7":"product_cat-rfid-nfc-reader","9":"first","10":"instock","11":"shipping-taxable","12":"product-type-simple"},"_links":{"self":[{"href":"https:\/\/nfc-readers.com\/fi\/wp-json\/wp\/v2\/product\/1603","targetHints":{"allow":["GET"]}}],"collection":[{"href":"https:\/\/nfc-readers.com\/fi\/wp-json\/wp\/v2\/product"}],"about":[{"href":"https:\/\/nfc-readers.com\/fi\/wp-json\/wp\/v2\/types\/product"}],"wp:featuredmedia":[{"embeddable":true,"href":"https:\/\/nfc-readers.com\/fi\/wp-json\/wp\/v2\/media\/1605"}],"wp:attachment":[{"href":"https:\/\/nfc-readers.com\/fi\/wp-json\/wp\/v2\/media?parent=1603"}],"wp:term":[{"taxonomy":"product_brand","embeddable":true,"href":"https:\/\/nfc-readers.com\/fi\/wp-json\/wp\/v2\/product_brand?post=1603"},{"taxonomy":"product_cat","embeddable":true,"href":"https:\/\/nfc-readers.com\/fi\/wp-json\/wp\/v2\/product_cat?post=1603"},{"taxonomy":"product_tag","embeddable":true,"href":"https:\/\/nfc-readers.com\/fi\/wp-json\/wp\/v2\/product_tag?post=1603"}],"curies":[{"name":"wp","href":"https:\/\/api.w.org\/{rel}","templated":true}]}}