{"id":1608,"date":"2024-04-07T07:46:35","date_gmt":"2024-04-07T07:46:35","guid":{"rendered":"https:\/\/nfc-readers.com\/?post_type=product&#038;p=1608"},"modified":"2024-10-16T02:43:39","modified_gmt":"2024-10-16T02:43:39","slug":"acr1251t-usb-token-nfc-reader-ii","status":"publish","type":"product","link":"https:\/\/nfc-readers.com\/fi\/ic-reader\/acr1251t-usb-token-nfc-reader-ii\/","title":{"rendered":"ACR1251T USB Token NFC Reader II"},"content":{"rendered":"<h1>ACR1251T USB Token NFC Reader II<\/h1>\n<p>ACR1251T on edistyksellinen ja nopea NFC-\u00e4lykortinlukija, joka on ihanteellinen yrityksille, jotka etsiv\u00e4t kannettavaa ja tehokasta ratkaisua. T\u00f6rm\u00e4yksenestotoiminnon, laajan yhteensopivuuden ja k\u00e4ytt\u00e4j\u00e4yst\u00e4v\u00e4llisten lis\u00e4ominaisuuksien ansiosta se on kest\u00e4v\u00e4 vaihtoehto turvallisiin ja nopeisiin NFC-tapahtumiin erilaisissa ty\u00f6ymp\u00e4rist\u00f6iss\u00e4.<\/p>\n<ul>\n<li>\n<h2>USB Full Speed -liit\u00e4nt\u00e4<\/h2>\n<\/li>\n<li>\n<h2>CCID-yhteensopivuus<\/h2>\n<\/li>\n<li>\n<h2>\u00c4lykortinlukija:<\/h2>\n<ul>\n<li>\n<h3>Kontaktiton k\u00e4ytt\u00f6liittym\u00e4:<\/h3>\n<ul>\n<li>Luku\/kirjoitusnopeus jopa 424 kbps<\/li>\n<li>Sis\u00e4\u00e4nrakennettu antenni kontaktittoman tunnisteen k\u00e4ytt\u00f6\u00f6n, kortin lukuet\u00e4isyys jopa 30 mm (tunnistetyypist\u00e4 riippuen)<\/li>\n<li>Tukee ISO 14443 Type A- ja B -kortteja, MIFARE\u00ae-, FeliCa- ja kaikkia 4 tyyppisi\u00e4 NFC (ISO\/IEC 18092) -tunnisteita<\/li>\n<li>Sis\u00e4\u00e4nrakennettu t\u00f6rm\u00e4yksenestoominaisuus (vain 1 tunniste on k\u00e4ytett\u00e4viss\u00e4 milloin tahansa)<\/li>\n<li>NFC-tuki<\/li>\n<li>Kortinlukija\/kirjoitustila<\/li>\n<\/ul>\n<\/li>\n<\/ul>\n<\/li>\n<li>\n<h2>Sis\u00e4\u00e4nrakennetut oheislaitteet:<\/h2>\n<ul>\n<li>\n<h3>LEDit:<\/h3>\n<ul>\n<li>K\u00e4ytt\u00e4j\u00e4n ohjattava kaksiv\u00e4rinen LED<\/li>\n<\/ul>\n<\/li>\n<\/ul>\n<\/li>\n<li>\n<h2>Sovellusohjelmointiliittym\u00e4:<\/h2>\n<ul>\n<li>\n<h3>Tukee PC\/SC:t\u00e4<\/h3>\n<\/li>\n<li>\n<h3>Tukee CT-API:t\u00e4 (PC\/SC:n p\u00e4\u00e4ll\u00e4 olevan k\u00e4\u00e4reen kautta)<\/h3>\n<\/li>\n<\/ul>\n<\/li>\n<li>\n<h2>USB-laiteohjelmiston p\u00e4ivitett\u00e4vyys<\/h2>\n<\/li>\n<li>\n<h2>Tukee Android\u2122 3.1:t\u00e4 ja uudempia<\/h2>\n<\/li>\n<li>\n<div>\n<table width=\"582\">\n<tbody>\n<tr>\n<td colspan=\"2\" width=\"582\">Fyysiset ominaisuudet<\/td>\n<\/tr>\n<tr>\n<td width=\"215\">Mitat (mm)<\/td>\n<td width=\"367\">75,0 mm (P) x 30,0 mm (L) x 12,7 mm (K)<\/td>\n<\/tr>\n<tr>\n<td width=\"215\">Paino (g)<\/td>\n<td width=\"367\">15,8 g<\/td>\n<\/tr>\n<tr>\n<td colspan=\"2\" width=\"582\">USB-liit\u00e4nt\u00e4<\/td>\n<\/tr>\n<tr>\n<td width=\"215\">p\u00f6yt\u00e4kirja<\/td>\n<td width=\"367\">USB CCID<\/td>\n<\/tr>\n<tr>\n<td width=\"215\">Liittimen tyyppi<\/td>\n<td width=\"367\">Vakiotyyppi A<\/td>\n<\/tr>\n<tr>\n<td width=\"215\">Virtal\u00e4hde<\/td>\n<td width=\"367\">USB-portista<\/td>\n<\/tr>\n<tr>\n<td width=\"215\">Nopeus<\/td>\n<td width=\"367\">USB t\u00e4ysi nopeus (12 Mbps)<\/td>\n<\/tr>\n<tr>\n<td colspan=\"2\" width=\"582\">Kontaktiton \u00e4lykorttiliit\u00e4nt\u00e4<\/td>\n<\/tr>\n<tr>\n<td width=\"215\">Vakio<\/td>\n<td width=\"367\">ISO\/IEC 18092 NFC, ISO 14443 tyyppi A &amp; B, MIFARE\u00ae, FeliCa<\/td>\n<\/tr>\n<tr>\n<td rowspan=\"4\" width=\"215\">p\u00f6yt\u00e4kirja<\/td>\n<td width=\"367\">ISO14443-4-yhteensopivat kortit, T=CL<\/td>\n<\/tr>\n<tr>\n<td width=\"367\">MIFARE\u00ae Classic Card Protocol, T=CL<\/td>\n<\/tr>\n<tr>\n<td width=\"367\">ISO 18092, NFC-tunnisteet<\/td>\n<\/tr>\n<tr>\n<td width=\"367\">FeliCa<\/td>\n<\/tr>\n<tr>\n<td colspan=\"2\" width=\"582\">Sis\u00e4\u00e4nrakennetut oheislaitteet<\/td>\n<\/tr>\n<tr>\n<td width=\"215\">LED<\/td>\n<td width=\"367\">1 Kaksiv\u00e4rinen: vihre\u00e4 ja punainen<\/td>\n<\/tr>\n<tr>\n<td colspan=\"2\" width=\"582\">Muut ominaisuudet<\/td>\n<\/tr>\n<tr>\n<td width=\"215\">Laiteohjelmiston p\u00e4ivitys<\/td>\n<td width=\"367\">Tuettu<\/td>\n<\/tr>\n<tr>\n<td colspan=\"2\" width=\"582\">Sertifikaatit\/vaatimustenmukaisuus<\/td>\n<\/tr>\n<tr>\n<td rowspan=\"13\" width=\"215\">Sertifikaatit\/vaatimustenmukaisuus<\/td>\n<td width=\"367\">EN 60950\/IEC 60950<\/td>\n<\/tr>\n<tr>\n<td width=\"367\">ISO 18092<\/td>\n<\/tr>\n<tr>\n<td width=\"367\">ISO 14443<\/td>\n<\/tr>\n<tr>\n<td width=\"367\">USB t\u00e4ysi nopeus<\/td>\n<\/tr>\n<tr>\n<td width=\"367\">PC\/SC<\/td>\n<\/tr>\n<tr>\n<td width=\"367\">CCID<\/td>\n<\/tr>\n<tr>\n<td width=\"367\">VCCI (Japani)<\/td>\n<\/tr>\n<tr>\n<td width=\"367\">MIC (Japani)<\/td>\n<\/tr>\n<tr>\n<td width=\"367\">Microsoft\u00ae WHQL<\/td>\n<\/tr>\n<tr>\n<td width=\"367\">CE<\/td>\n<\/tr>\n<tr>\n<td width=\"367\">FCC<\/td>\n<\/tr>\n<tr>\n<td width=\"367\">RoHS<\/td>\n<\/tr>\n<tr>\n<td width=\"367\">SAAVUTTAA<\/td>\n<\/tr>\n<tr>\n<td colspan=\"2\" width=\"582\">Laiteohjaimen k\u00e4ytt\u00f6j\u00e4rjestelm\u00e4n tuki<\/td>\n<\/tr>\n<tr>\n<td rowspan=\"6\" width=\"215\">Laiteohjaimen k\u00e4ytt\u00f6j\u00e4rjestelm\u00e4n tuki<\/td>\n<td width=\"367\">Windows\u00ae CE<\/td>\n<\/tr>\n<tr>\n<td width=\"367\">Windows\u00ae<\/td>\n<\/tr>\n<tr>\n<td width=\"367\">Linux\u00ae<\/td>\n<\/tr>\n<tr>\n<td width=\"367\">MAC OS\u00ae 10.7 ja uudemmat<\/td>\n<\/tr>\n<tr>\n<td width=\"367\">Solaris<\/td>\n<\/tr>\n<tr>\n<td width=\"367\">Android\u2122 3.1 ja uudemmat<\/td>\n<\/tr>\n<\/tbody>\n<\/table>\n<\/div>\n<\/li>\n<\/ul>","protected":false},"excerpt":{"rendered":"<p>ACR1251T on nopea kannettava NFC-\u00e4lykortinlukija, joka on yhteensopiva NFC- ja ISO\/IEC 18092 -standardien kanssa ja varmistaa tehokkaan kortinlukemisen eri j\u00e4rjestelmiss\u00e4.<\/p>","protected":false},"featured_media":1609,"template":"","meta":[],"product_brand":[],"product_cat":[45,40],"product_tag":[],"class_list":{"0":"post-1608","1":"product","2":"type-product","3":"status-publish","4":"has-post-thumbnail","6":"product_cat-contactless-nfc-reader","7":"product_cat-rfid-nfc-reader","9":"first","10":"instock","11":"shipping-taxable","12":"product-type-simple"},"_links":{"self":[{"href":"https:\/\/nfc-readers.com\/fi\/wp-json\/wp\/v2\/product\/1608","targetHints":{"allow":["GET"]}}],"collection":[{"href":"https:\/\/nfc-readers.com\/fi\/wp-json\/wp\/v2\/product"}],"about":[{"href":"https:\/\/nfc-readers.com\/fi\/wp-json\/wp\/v2\/types\/product"}],"wp:featuredmedia":[{"embeddable":true,"href":"https:\/\/nfc-readers.com\/fi\/wp-json\/wp\/v2\/media\/1609"}],"wp:attachment":[{"href":"https:\/\/nfc-readers.com\/fi\/wp-json\/wp\/v2\/media?parent=1608"}],"wp:term":[{"taxonomy":"product_brand","embeddable":true,"href":"https:\/\/nfc-readers.com\/fi\/wp-json\/wp\/v2\/product_brand?post=1608"},{"taxonomy":"product_cat","embeddable":true,"href":"https:\/\/nfc-readers.com\/fi\/wp-json\/wp\/v2\/product_cat?post=1608"},{"taxonomy":"product_tag","embeddable":true,"href":"https:\/\/nfc-readers.com\/fi\/wp-json\/wp\/v2\/product_tag?post=1608"}],"curies":[{"name":"wp","href":"https:\/\/api.w.org\/{rel}","templated":true}]}}