{"id":1613,"date":"2024-04-07T07:49:24","date_gmt":"2024-04-07T07:49:24","guid":{"rendered":"https:\/\/nfc-readers.com\/?post_type=product&#038;p=1613"},"modified":"2024-10-16T02:39:20","modified_gmt":"2024-10-16T02:39:20","slug":"acm1552u-y3-nfc-module-reader","status":"publish","type":"product","link":"https:\/\/nfc-readers.com\/fi\/ic-reader\/acm1552u-y3-nfc-module-reader\/","title":{"rendered":"ACM1552U-Y3 NFC-MODUULULUKIJA"},"content":{"rendered":"<h1>ACM1552U-Y3 NFC-MODUULULUKIJA<\/h1>\n<p>ACM1552U-Y3 on monipuolinen ja tehokas NFC-lukijamoduuli, joka tarjoaa edistyneen nopeuden ja laajan toiminta-alueen. Sen yhteensopivuus useiden NFC- ja ISO-protokollien kanssa yhdistettyn\u00e4 k\u00e4ytt\u00e4j\u00e4yst\u00e4v\u00e4llisiin tiloihin tekee siit\u00e4 ihanteellisen ratkaisun NFC-pohjaisten tapahtumien toteuttamiseen eri sovellusalueilla.<\/p>\n<ul>\n<li>\n<h2>USB 2.0 Full Speed -liit\u00e4nt\u00e4<\/h2>\n<\/li>\n<li>\n<h2>CCID-yhteensopivuus<\/h2>\n<\/li>\n<li>\n<h2>Kontaktiton \u00e4lykortinlukija:<\/h2>\n<ul>\n<li>\n<h3>Luku\/kirjoitusnopeus jopa 848 kbps<\/h3>\n<\/li>\n<li>\n<h3>Sis\u00e4\u00e4nrakennettu antenni kontaktittoman tunnisteen k\u00e4sittelyyn, kortin lukuet\u00e4isyys jopa 70 mm (tunnistetyypist\u00e4 riippuen)<\/h3>\n<\/li>\n<li>\n<h3>Tukee ISO 14443 Type A- ja B -kortteja, ISO 15693 -kortteja ja ISO18092 NFC<\/h3>\n<\/li>\n<li>\n<h3>Tukee MIFARE Classic\u00ae, MIFARE\u00ae Mini, MIFARE Ultralight\u00ae (T=CL), FeliCa ja Topaz Card<\/h3>\n<\/li>\n<li>\n<h3>Sis\u00e4\u00e4nrakennettu t\u00f6rm\u00e4yksenestoominaisuus<\/h3>\n<\/li>\n<li>\n<h3>Tukee laajennettua APDU:ta (enint\u00e4\u00e4n 64 kilotavua)<\/h3>\n<\/li>\n<li>\n<h3>Yksi ISO7816-yhteensopiva SAM-paikka (luokka A) (pyynn\u00f6st\u00e4)<\/h3>\n<\/li>\n<\/ul>\n<\/li>\n<li>\n<h2>NFC-tuki<\/h2>\n<ul>\n<li>\n<h3>\u00c4lykortinlukija\/kirjoitustila<\/h3>\n<\/li>\n<li>\n<h3>Kortin emulointitila<\/h3>\n<\/li>\n<li>\n<h3>N\u00e4pp\u00e4imist\u00f6n emulointitila<\/h3>\n<\/li>\n<\/ul>\n<\/li>\n<li>\n<h2>Sovellusohjelmointiliittym\u00e4:<\/h2>\n<ul>\n<li>\n<h3>Tukee PC\/SC:t\u00e4<\/h3>\n<\/li>\n<li>\n<h3>Tukee CT-API:t\u00e4 (PC\/SC:n p\u00e4\u00e4ll\u00e4 olevan k\u00e4\u00e4reen kautta)<\/h3>\n<\/li>\n<\/ul>\n<\/li>\n<li>\n<h2>Oheislaitteet:<\/h2>\n<ul>\n<li>\n<h3>K\u00e4ytt\u00e4j\u00e4n ohjattava kaksiv\u00e4rinen LED (sininen ja vihre\u00e4)<\/h3>\n<\/li>\n<li>\n<h3>K\u00e4ytt\u00e4j\u00e4n ohjattava summeri (yksi\u00e4\u00e4ninen)<\/h3>\n<\/li>\n<li>\n<h3>Yksi SAM-paikka (pyynn\u00f6st\u00e4)<\/h3>\n<\/li>\n<\/ul>\n<\/li>\n<li>\n<h2>USB-laiteohjelmiston p\u00e4ivitys<\/h2>\n<\/li>\n<li>\n<div>\n<table width=\"640\">\n<tbody>\n<tr>\n<td colspan=\"2\" width=\"640\">Fyysiset ominaisuudet<\/td>\n<\/tr>\n<tr>\n<td rowspan=\"2\" width=\"257\">Mitat (mm)<\/td>\n<td width=\"383\">Emolevy: 55,0 x 45,0 x 6,5<\/td>\n<\/tr>\n<tr>\n<td width=\"383\">Antennilevy: 91,0 x 49,5 x 5,0<\/td>\n<\/tr>\n<tr>\n<td width=\"257\">Paino (g)<\/td>\n<td width=\"383\">27.7<\/td>\n<\/tr>\n<tr>\n<td colspan=\"2\" width=\"640\">USB-liit\u00e4nt\u00e4<\/td>\n<\/tr>\n<tr>\n<td width=\"257\">p\u00f6yt\u00e4kirja<\/td>\n<td width=\"383\">USB CCID<\/td>\n<\/tr>\n<tr>\n<td width=\"257\">Liittimen tyyppi<\/td>\n<td width=\"383\">USB Type-A<\/td>\n<\/tr>\n<tr>\n<td width=\"257\">Virtal\u00e4hde<\/td>\n<td width=\"383\">USB-portista<\/td>\n<\/tr>\n<tr>\n<td width=\"257\">Nopeus<\/td>\n<td width=\"383\">USB t\u00e4ysi nopeus (12 Mbps)<\/td>\n<\/tr>\n<tr>\n<td width=\"257\">Kaapelin pituus<\/td>\n<td width=\"383\">1 m, irrotettava (valinnainen)<\/td>\n<\/tr>\n<tr>\n<td colspan=\"2\" width=\"640\">Kontaktiton \u00e4lykorttiliit\u00e4nt\u00e4<\/td>\n<\/tr>\n<tr>\n<td width=\"257\">Vakio<\/td>\n<td width=\"383\">ISO 18092 NFC, ISO 14443 Tyyppi A &amp; B, ISO 15693, MIFARE\u00ae, FeliCa<\/td>\n<\/tr>\n<tr>\n<td rowspan=\"5\" width=\"257\">p\u00f6yt\u00e4kirja<\/td>\n<td width=\"383\">ISO 14443-4 -yhteensopiva kortti, T=CL<\/td>\n<\/tr>\n<tr>\n<td width=\"383\">MIFARE\u00ae Classic Card, T=CL<\/td>\n<\/tr>\n<tr>\n<td width=\"383\">ISO 15693<\/td>\n<\/tr>\n<tr>\n<td width=\"383\">ISO 18092 NFC-tunnisteet<\/td>\n<\/tr>\n<tr>\n<td width=\"383\">FeliCa<\/td>\n<\/tr>\n<tr>\n<td colspan=\"2\" width=\"640\">Sis\u00e4\u00e4nrakennetut oheislaitteet<\/td>\n<\/tr>\n<tr>\n<td width=\"257\">LED<\/td>\n<td width=\"383\">1 kaksiv\u00e4rinen: sininen ja vihre\u00e4<\/td>\n<\/tr>\n<tr>\n<td width=\"257\">Summeri<\/td>\n<td width=\"383\">Yksitoikkoinen<\/td>\n<\/tr>\n<tr>\n<td colspan=\"2\" width=\"640\">Muut ominaisuudet<\/td>\n<\/tr>\n<tr>\n<td rowspan=\"4\" width=\"257\">Muut ominaisuudet<\/td>\n<td width=\"383\">Tuetut korttityypit:<\/td>\n<\/tr>\n<tr>\n<td width=\"383\">ISO 14443 Type A &amp; B osat 1-4, ISO 15693, ISO 18092 NFC, MIFARE Classic\u00ae, MIFARE\u00ae Mini, MIFARE Ultralight\u00ae (T=CL), FeliCa ja Topaz Card<\/td>\n<\/tr>\n<tr>\n<td width=\"383\">Muut NFC-ominaisuudet:<\/td>\n<\/tr>\n<tr>\n<td width=\"383\">\u00c4lykortinlukija\/kirjoitin, n\u00e4pp\u00e4imist\u00f6emulointi, korttiemulointi<\/td>\n<\/tr>\n<tr>\n<td width=\"257\">Laiteohjelmiston p\u00e4ivitys<\/td>\n<td width=\"383\">Tuettu<\/td>\n<\/tr>\n<tr>\n<td colspan=\"2\" width=\"640\">Sertifikaatit\/vaatimustenmukaisuus<\/td>\n<\/tr>\n<tr>\n<td rowspan=\"4\" width=\"257\">Sertifikaatit\/vaatimustenmukaisuus<\/td>\n<td width=\"383\">Sertifikaatit:<\/td>\n<\/tr>\n<tr>\n<td width=\"383\">IEC\/EN 62368, CE, UKCA, FCC, VCCI, RoHS, REACH, WEEE, Microsoft\u00ae WHQL<\/td>\n<\/tr>\n<tr>\n<td width=\"383\">Vaatimustenmukaisuus:<\/td>\n<\/tr>\n<tr>\n<td width=\"383\">USB CCID, PC\/SC<\/td>\n<\/tr>\n<tr>\n<td colspan=\"2\" width=\"640\">Laiteohjaimen k\u00e4ytt\u00f6j\u00e4rjestelm\u00e4n tuki<\/td>\n<\/tr>\n<tr>\n<td width=\"257\">Laiteohjaimen k\u00e4ytt\u00f6j\u00e4rjestelm\u00e4n tuki<\/td>\n<td width=\"383\">Windows\u00ae, Linux\u00ae, macOS, Android\u2122<\/td>\n<\/tr>\n<\/tbody>\n<\/table>\n<\/div>\n<\/li>\n<\/ul>","protected":false},"excerpt":{"rendered":"<p>ACM1552U-Y3 on nopea USB-NFC-moduuli, joka tukee erilaisia tekniikoita, mukaan lukien korttiemulointia, ja on ihanteellinen erilaisiin NFC-sovelluksiin.<\/p>","protected":false},"featured_media":1614,"template":"","meta":[],"product_brand":[],"product_cat":[41,40],"product_tag":[],"class_list":{"0":"post-1613","1":"product","2":"type-product","3":"status-publish","4":"has-post-thumbnail","6":"product_cat-module-ic-reader","7":"product_cat-rfid-nfc-reader","9":"first","10":"instock","11":"shipping-taxable","12":"product-type-simple"},"_links":{"self":[{"href":"https:\/\/nfc-readers.com\/fi\/wp-json\/wp\/v2\/product\/1613","targetHints":{"allow":["GET"]}}],"collection":[{"href":"https:\/\/nfc-readers.com\/fi\/wp-json\/wp\/v2\/product"}],"about":[{"href":"https:\/\/nfc-readers.com\/fi\/wp-json\/wp\/v2\/types\/product"}],"wp:featuredmedia":[{"embeddable":true,"href":"https:\/\/nfc-readers.com\/fi\/wp-json\/wp\/v2\/media\/1614"}],"wp:attachment":[{"href":"https:\/\/nfc-readers.com\/fi\/wp-json\/wp\/v2\/media?parent=1613"}],"wp:term":[{"taxonomy":"product_brand","embeddable":true,"href":"https:\/\/nfc-readers.com\/fi\/wp-json\/wp\/v2\/product_brand?post=1613"},{"taxonomy":"product_cat","embeddable":true,"href":"https:\/\/nfc-readers.com\/fi\/wp-json\/wp\/v2\/product_cat?post=1613"},{"taxonomy":"product_tag","embeddable":true,"href":"https:\/\/nfc-readers.com\/fi\/wp-json\/wp\/v2\/product_tag?post=1613"}],"curies":[{"name":"wp","href":"https:\/\/api.w.org\/{rel}","templated":true}]}}