{"id":1615,"date":"2024-04-07T07:52:08","date_gmt":"2024-04-07T07:52:08","guid":{"rendered":"https:\/\/nfc-readers.com\/?post_type=product&#038;p=1615"},"modified":"2024-10-16T02:36:24","modified_gmt":"2024-10-16T02:36:24","slug":"acm1552u-z2-small-multi-iso-nfc-module-reader-writer","status":"publish","type":"product","link":"https:\/\/nfc-readers.com\/fi\/ic-reader\/acm1552u-z2-small-multi-iso-nfc-module-reader-writer\/","title":{"rendered":"ACM1552U-Z2 \u2013 Pieni -Multi-ISO NFC-moduulin lukija\/kirjoitin"},"content":{"rendered":"<h1>ACM1552U-Z2 \u2013 Pieni -Multi-ISO NFC-moduulin lukija\/kirjoitin<\/h1>\n<p>ACM1552U-Z2 erottuu edukseen kompaktina ja monipuolisena moduulina, joka tarjoaa nopeat NFC-ominaisuudet ja yhteensopivuuden useiden standardien kanssa. Lis\u00e4turvallisuus- ja energiatehokkuusominaisuuksineen sek\u00e4 k\u00e4ytt\u00e4j\u00e4yst\u00e4v\u00e4llisen k\u00e4ytt\u00f6liittym\u00e4n ansiosta se edustaa hienostunutta ratkaisua kontaktittomaan viestint\u00e4\u00e4n pienikokoisissa laitteissa.<\/p>\n<ul>\n<li>\n<h2>USB 2.0 Full Speed -liit\u00e4nt\u00e4<\/h2>\n<\/li>\n<li>\n<h2>CCID-yhteensopivuus<\/h2>\n<\/li>\n<li>\n<h2>Kontaktiton \u00e4lykorttituki:<\/h2>\n<ul>\n<li>\n<h3>Luku\/kirjoitusnopeus jopa 848 kbps<\/h3>\n<\/li>\n<li>\n<h3>Sis\u00e4\u00e4nrakennettu antenni kontaktittoman tunnisteen k\u00e4sittelyyn, kortin lukuet\u00e4isyys jopa 70 mm (tunnistetyypist\u00e4 riippuen)<\/h3>\n<\/li>\n<li>\n<h3>Tukee ISO 14443 Type A- ja B -kortteja, ISO 15693 -kortteja ja ISO18092 NFC<\/h3>\n<\/li>\n<li>\n<h3>Tukee MIFARE Classic\u00ae, MIFARE\u00ae, DESFire\u00ae, MIFARE Ultralight\u00ae, MIFARE Plus\u00ae, FeliCa ja Topaz<\/h3>\n<\/li>\n<li>\n<h3>Sis\u00e4\u00e4nrakennettu t\u00f6rm\u00e4yksenestoominaisuus<\/h3>\n<\/li>\n<li>\n<h3>Tukee laajennettua APDU:ta (enint\u00e4\u00e4n 64 kilotavua)<\/h3>\n<\/li>\n<\/ul>\n<\/li>\n<li>\n<h2>NFC-tuki:<\/h2>\n<ul>\n<li>\n<h3>\u00c4lykortinlukija\/kirjoitustila<\/h3>\n<\/li>\n<li>\n<h3>Kortin emulointitila<\/h3>\n<\/li>\n<li>\n<h3>N\u00e4pp\u00e4imist\u00f6n emulointitila<\/h3>\n<\/li>\n<\/ul>\n<\/li>\n<li>\n<h2>Sovellusohjelmointiliittym\u00e4:<\/h2>\n<ul>\n<li>\n<h3>Tukee PC\/SC:t\u00e4<\/h3>\n<\/li>\n<li>\n<h3>Tukee CT-API:t\u00e4 (PC\/SC:n p\u00e4\u00e4ll\u00e4 olevan k\u00e4\u00e4reen kautta)<\/h3>\n<\/li>\n<\/ul>\n<\/li>\n<li>\n<h2>Oheislaitteet:<\/h2>\n<ul>\n<li>\n<h3>K\u00e4ytt\u00e4j\u00e4n ohjattava kaksiv\u00e4rinen LED (sininen ja vihre\u00e4)<\/h3>\n<\/li>\n<\/ul>\n<\/li>\n<li>\n<h2>Kompakti koko<\/h2>\n<\/li>\n<li>\n<h2>USB-laiteohjelmiston p\u00e4ivitys<\/h2>\n<\/li>\n<li>\n<div>\n<table width=\"545\">\n<tbody>\n<tr>\n<td colspan=\"2\" width=\"545\">Fyysiset ominaisuudet<\/td>\n<\/tr>\n<tr>\n<td width=\"228\">Mitat (mm)<\/td>\n<td width=\"317\">52,0 x 20,0 x 5,7<\/td>\n<\/tr>\n<tr>\n<td width=\"228\">Paino (g)<\/td>\n<td width=\"317\">3.4<\/td>\n<\/tr>\n<tr>\n<td colspan=\"2\" width=\"545\">USB-liit\u00e4nt\u00e4<\/td>\n<\/tr>\n<tr>\n<td width=\"228\">p\u00f6yt\u00e4kirja<\/td>\n<td width=\"317\">USB CCID<\/td>\n<\/tr>\n<tr>\n<td width=\"228\">Liittimen tyyppi<\/td>\n<td width=\"317\">5pin, 1mm jako, JST SH -sarjan yhteensopiva<\/td>\n<\/tr>\n<tr>\n<td width=\"228\">Virtal\u00e4hde<\/td>\n<td width=\"317\">USB-portista<\/td>\n<\/tr>\n<tr>\n<td width=\"228\">Nopeus<\/td>\n<td width=\"317\">USB 2.0 Full Speed (12 Mbps) yhteensopiva USB 3.0:n kanssa<\/td>\n<\/tr>\n<tr>\n<td width=\"228\">Kaapelin pituus<\/td>\n<td width=\"317\">1m, irrotettava (pyynn\u00f6st\u00e4)<\/td>\n<\/tr>\n<tr>\n<td colspan=\"2\" width=\"545\">Kontaktiton \u00e4lykorttiliit\u00e4nt\u00e4<\/td>\n<\/tr>\n<tr>\n<td width=\"228\">Vakio<\/td>\n<td width=\"317\">ISO 18092 NFC, ISO 14443 Tyyppi A &amp; B, ISO 15693, MIFARE\u00ae, FeliCa<\/td>\n<\/tr>\n<tr>\n<td rowspan=\"5\" width=\"228\">p\u00f6yt\u00e4kirja<\/td>\n<td width=\"317\">ISO 14443-4 -yhteensopiva kortti, T=CL<\/td>\n<\/tr>\n<tr>\n<td width=\"317\">MIFARE\u00ae Classic Card, T=CL<\/td>\n<\/tr>\n<tr>\n<td width=\"317\">ISO 15693<\/td>\n<\/tr>\n<tr>\n<td width=\"317\">ISO 18092 NFC-tunnisteet<\/td>\n<\/tr>\n<tr>\n<td width=\"317\">FeliCa<\/td>\n<\/tr>\n<tr>\n<td colspan=\"2\" width=\"545\">Sis\u00e4\u00e4nrakennetut oheislaitteet<\/td>\n<\/tr>\n<tr>\n<td width=\"228\">LED<\/td>\n<td width=\"317\">1 kaksiv\u00e4rinen: sininen ja vihre\u00e4<\/td>\n<\/tr>\n<tr>\n<td colspan=\"2\" width=\"545\">Muut ominaisuudet<\/td>\n<\/tr>\n<tr>\n<td rowspan=\"6\" width=\"228\">Muut ominaisuudet<\/td>\n<td width=\"317\">Tuetut korttityypit:<\/td>\n<\/tr>\n<tr>\n<td width=\"317\">ISO 14443 tyypin A ja B osat 1\u20134,<\/td>\n<\/tr>\n<tr>\n<td width=\"317\">ISO 15693, ISO 18092 NFC,<\/td>\n<\/tr>\n<tr>\n<td width=\"317\">MIFARE Classic\u00ae, MIFARE DESFire\u00ae, MIFARE Ultralight\u00ae, MIFARE Plus\u00ae, FeliCa ja Topaz<\/td>\n<\/tr>\n<tr>\n<td width=\"317\">Muut NFC-ominaisuudet:<\/td>\n<\/tr>\n<tr>\n<td width=\"317\">\u00c4lykortinlukija\/kirjoitin, n\u00e4pp\u00e4imist\u00f6emulointi, korttiemulointi<\/td>\n<\/tr>\n<tr>\n<td width=\"228\">Laiteohjelmiston p\u00e4ivitys<\/td>\n<td width=\"317\">Tuettu<\/td>\n<\/tr>\n<tr>\n<td colspan=\"2\" width=\"545\">Sertifikaatit\/vaatimustenmukaisuus<\/td>\n<\/tr>\n<tr>\n<td rowspan=\"4\" width=\"228\">Sertifikaatit\/vaatimustenmukaisuus<\/td>\n<td width=\"317\">Sertifikaatit:<\/td>\n<\/tr>\n<tr>\n<td width=\"317\">IEC\/EN 62368, CE, UKCA, FCC, VCCI, RoHS, REACH, WEEE, Microsoft\u00ae WHQL<\/td>\n<\/tr>\n<tr>\n<td width=\"317\">\u00a0 Vaatimustenmukaisuus:<\/td>\n<\/tr>\n<tr>\n<td width=\"317\">USB CCID, PC\/SC<\/td>\n<\/tr>\n<tr>\n<td colspan=\"2\" width=\"545\">Laiteohjaimen k\u00e4ytt\u00f6j\u00e4rjestelm\u00e4n tuki<\/td>\n<\/tr>\n<tr>\n<td width=\"228\">Laiteohjaimen k\u00e4ytt\u00f6j\u00e4rjestelm\u00e4n tuki<\/td>\n<td width=\"317\">Windows\u00ae, Linux\u00ae, macOS, Android\u2122<\/td>\n<\/tr>\n<\/tbody>\n<\/table>\n<\/div>\n<\/li>\n<\/ul>","protected":false},"excerpt":{"rendered":"<p>ACM1552U-Z2 on nopea USB NFC -moduuli, joka tukee \u00e4lykortinlukijaa\/kirjoitinta ja korttiemulointia ja joka on suunniteltu tehokkaita ja turvallisia kontaktittomia toimintoja varten.<\/p>","protected":false},"featured_media":1616,"template":"","meta":[],"product_brand":[],"product_cat":[41,40],"product_tag":[],"class_list":{"0":"post-1615","1":"product","2":"type-product","3":"status-publish","4":"has-post-thumbnail","6":"product_cat-module-ic-reader","7":"product_cat-rfid-nfc-reader","9":"first","10":"instock","11":"shipping-taxable","12":"product-type-simple"},"_links":{"self":[{"href":"https:\/\/nfc-readers.com\/fi\/wp-json\/wp\/v2\/product\/1615","targetHints":{"allow":["GET"]}}],"collection":[{"href":"https:\/\/nfc-readers.com\/fi\/wp-json\/wp\/v2\/product"}],"about":[{"href":"https:\/\/nfc-readers.com\/fi\/wp-json\/wp\/v2\/types\/product"}],"wp:featuredmedia":[{"embeddable":true,"href":"https:\/\/nfc-readers.com\/fi\/wp-json\/wp\/v2\/media\/1616"}],"wp:attachment":[{"href":"https:\/\/nfc-readers.com\/fi\/wp-json\/wp\/v2\/media?parent=1615"}],"wp:term":[{"taxonomy":"product_brand","embeddable":true,"href":"https:\/\/nfc-readers.com\/fi\/wp-json\/wp\/v2\/product_brand?post=1615"},{"taxonomy":"product_cat","embeddable":true,"href":"https:\/\/nfc-readers.com\/fi\/wp-json\/wp\/v2\/product_cat?post=1615"},{"taxonomy":"product_tag","embeddable":true,"href":"https:\/\/nfc-readers.com\/fi\/wp-json\/wp\/v2\/product_tag?post=1615"}],"curies":[{"name":"wp","href":"https:\/\/api.w.org\/{rel}","templated":true}]}}