{"id":1619,"date":"2024-04-07T07:56:40","date_gmt":"2024-04-07T07:56:40","guid":{"rendered":"https:\/\/nfc-readers.com\/?post_type=product&#038;p=1619"},"modified":"2024-10-16T02:33:14","modified_gmt":"2024-10-16T02:33:14","slug":"acm39u-y3-smart-card-reader-module","status":"publish","type":"product","link":"https:\/\/nfc-readers.com\/fi\/ic-reader\/acm39u-y3-smart-card-reader-module\/","title":{"rendered":"ACM39U-Y3 \u00e4lykortinlukijamoduuli"},"content":{"rendered":"<h1>ACM39U-Y3 \u00e4lykortinlukijamoduuli<\/h1>\n<p>ACM39U-Y3 on joustava, helposti asennettava moduuli, joka tukee monenlaisia alustoja ja liit\u00e4nt\u00f6j\u00e4, mik\u00e4 tekee siit\u00e4 ihanteellisen sulautettuihin \u00e4lykorttiratkaisuihin. Se tarjoaa my\u00f6s mahdollisuuden integroida SAM (Secure Access Module) turvallisuuden parantamiseksi.<\/p>\n<ul>\n<li>\n<h2>USB 2.0 Full Speed -liit\u00e4nt\u00e4<\/h2>\n<\/li>\n<li>\n<h2>Plug and Play \u2013 CCID-tuki tuo \u00e4\u00e4rimm\u00e4ist\u00e4 liikkuvuutta<\/h2>\n<\/li>\n<li>\n<h2>\u00c4lykortinlukija:<\/h2>\n<ul>\n<li>\n<h3>Tukee ISO 7816 Class A, B ja C (5 V, 3 V, 1,8 V) kortteja<\/h3>\n<\/li>\n<li>\n<h3>Tukee CAC-korttia (Common Access Card)<\/h3>\n<\/li>\n<li>\n<h3>Tukee SIPRNET-korttia<\/h3>\n<\/li>\n<li>\n<h3>Tukee J-LIS-korttia<\/h3>\n<\/li>\n<li>\n<h3>Tukee mikroprosessorikortteja T=0 tai T=1 protokollalla<\/h3>\n<\/li>\n<li>\n<h3>Tukee muistikortteja<\/h3>\n<\/li>\n<li>\n<h3>Tukee PPS:\u00e4\u00e4 (protokollan ja parametrien valinta)<\/h3>\n<\/li>\n<li>\n<h3>Oikosulkusuojaus<\/h3>\n<\/li>\n<\/ul>\n<\/li>\n<li>\n<h2>Sovellusohjelmointiliittym\u00e4:<\/h2>\n<ul>\n<li>\n<h3>Tukee PC\/SC:t\u00e4<\/h3>\n<\/li>\n<li>\n<h3>Tukee CT-API:t\u00e4 (PC\/SC:n p\u00e4\u00e4ll\u00e4 olevan k\u00e4\u00e4reen kautta)<\/h3>\n<\/li>\n<\/ul>\n<\/li>\n<li>\n<h2>Tukee Android\u2122 3.1:t\u00e4 ja uudempia<\/h2>\n<\/li>\n<li>\n<div>\n<table width=\"491\">\n<tbody>\n<tr>\n<td colspan=\"2\" width=\"491\">Fyysiset ominaisuudet<\/td>\n<\/tr>\n<tr>\n<td width=\"172\">Mitat (mm)<\/td>\n<td width=\"319\">70,0\u00a0mm (P) \u00d7 82,0\u00a0mm (L) \u00d7 10,0\u00a0mm (K)<\/td>\n<\/tr>\n<tr>\n<td width=\"172\">Paino (g)<\/td>\n<td width=\"319\">32 g<\/td>\n<\/tr>\n<tr>\n<td colspan=\"2\" width=\"491\">USB-liit\u00e4nt\u00e4<\/td>\n<\/tr>\n<tr>\n<td width=\"172\">p\u00f6yt\u00e4kirja<\/td>\n<td width=\"319\">USB CCID<\/td>\n<\/tr>\n<tr>\n<td rowspan=\"2\" width=\"172\">Liittimen tyyppi<\/td>\n<td width=\"319\">1 x 5 Pins Header Connector;<\/td>\n<\/tr>\n<tr>\n<td width=\"319\">2 x 3 Pins Header Connector<\/td>\n<\/tr>\n<tr>\n<td width=\"172\">Virtal\u00e4hde<\/td>\n<td width=\"319\">USB-portista<\/td>\n<\/tr>\n<tr>\n<td width=\"172\">Nopeus<\/td>\n<td width=\"319\">USB t\u00e4ysi nopeus (12 Mbps)<\/td>\n<\/tr>\n<tr>\n<td colspan=\"2\" width=\"491\">Ota yhteytt\u00e4 \u00e4lykortin k\u00e4ytt\u00f6liittym\u00e4\u00e4n<\/td>\n<\/tr>\n<tr>\n<td width=\"172\">Slottien m\u00e4\u00e4r\u00e4<\/td>\n<td width=\"319\">1 t\u00e4ysikokoinen korttipaikka<\/td>\n<\/tr>\n<tr>\n<td width=\"172\">Vakio<\/td>\n<td width=\"319\">ISO 7816, osat 1\u20134, luokka A, B, C (5 V, 3 V, 1,8 V)<\/td>\n<\/tr>\n<tr>\n<td width=\"172\">p\u00f6yt\u00e4kirja<\/td>\n<td width=\"319\">T = 0; T = 1; Muistikortin tuki<\/td>\n<\/tr>\n<tr>\n<td width=\"172\">muut<\/td>\n<td width=\"319\">SERT, PIV, SIPRNET, J-LIS \u00e4lykortit<\/td>\n<\/tr>\n<tr>\n<td colspan=\"2\" width=\"491\">Sertifikaatit\/vaatimustenmukaisuus<\/td>\n<\/tr>\n<tr>\n<td rowspan=\"12\" width=\"172\">Sertifikaatit\/vaatimustenmukaisuus<\/td>\n<td width=\"319\">EN60950\/IEC 60950<\/td>\n<\/tr>\n<tr>\n<td width=\"319\">ISO 7816<\/td>\n<\/tr>\n<tr>\n<td width=\"319\">USB t\u00e4ysi nopeus<\/td>\n<\/tr>\n<tr>\n<td width=\"319\">EMV\u2122 Taso 1 (Yhteystiedot)<\/td>\n<\/tr>\n<tr>\n<td width=\"319\">PC\/SC<\/td>\n<\/tr>\n<tr>\n<td width=\"319\">CCID<\/td>\n<\/tr>\n<tr>\n<td width=\"319\">CE<\/td>\n<\/tr>\n<tr>\n<td width=\"319\">FCC<\/td>\n<\/tr>\n<tr>\n<td width=\"319\">WEEE<\/td>\n<\/tr>\n<tr>\n<td width=\"319\">RoHS<\/td>\n<\/tr>\n<tr>\n<td width=\"319\">SAAVUTTAA<\/td>\n<\/tr>\n<tr>\n<td width=\"319\">Microsoft\u00ae WHQL<\/td>\n<\/tr>\n<tr>\n<td colspan=\"2\" width=\"491\">Laiteohjaimen k\u00e4ytt\u00f6j\u00e4rjestelm\u00e4n tuki<\/td>\n<\/tr>\n<tr>\n<td rowspan=\"5\" width=\"172\">Laiteohjaimen k\u00e4ytt\u00f6j\u00e4rjestelm\u00e4n tuki<\/td>\n<td width=\"319\">Windows\u00ae<\/td>\n<\/tr>\n<tr>\n<td width=\"319\">Linux\u00ae<\/td>\n<\/tr>\n<tr>\n<td width=\"319\">MAC OS\u00ae<\/td>\n<\/tr>\n<tr>\n<td width=\"319\">Android\u2122<\/td>\n<\/tr>\n<tr>\n<td width=\"319\">Solaris<\/td>\n<\/tr>\n<\/tbody>\n<\/table>\n<\/div>\n<\/li>\n<\/ul>","protected":false},"excerpt":{"rendered":"<p>ACM39U-Y3 on nopea USB-kontaktienlukijamoduuli \u00e4lykorttisovelluksiin, joka tukee erilaisia k\u00e4ytt\u00f6j\u00e4rjestelmi\u00e4 ja valinnaista SAM-kortinlukijaa.<\/p>","protected":false},"featured_media":1620,"template":"","meta":[],"product_brand":[],"product_cat":[41],"product_tag":[],"class_list":{"0":"post-1619","1":"product","2":"type-product","3":"status-publish","4":"has-post-thumbnail","6":"product_cat-module-ic-reader","8":"first","9":"instock","10":"shipping-taxable","11":"product-type-simple"},"_links":{"self":[{"href":"https:\/\/nfc-readers.com\/fi\/wp-json\/wp\/v2\/product\/1619","targetHints":{"allow":["GET"]}}],"collection":[{"href":"https:\/\/nfc-readers.com\/fi\/wp-json\/wp\/v2\/product"}],"about":[{"href":"https:\/\/nfc-readers.com\/fi\/wp-json\/wp\/v2\/types\/product"}],"wp:featuredmedia":[{"embeddable":true,"href":"https:\/\/nfc-readers.com\/fi\/wp-json\/wp\/v2\/media\/1620"}],"wp:attachment":[{"href":"https:\/\/nfc-readers.com\/fi\/wp-json\/wp\/v2\/media?parent=1619"}],"wp:term":[{"taxonomy":"product_brand","embeddable":true,"href":"https:\/\/nfc-readers.com\/fi\/wp-json\/wp\/v2\/product_brand?post=1619"},{"taxonomy":"product_cat","embeddable":true,"href":"https:\/\/nfc-readers.com\/fi\/wp-json\/wp\/v2\/product_cat?post=1619"},{"taxonomy":"product_tag","embeddable":true,"href":"https:\/\/nfc-readers.com\/fi\/wp-json\/wp\/v2\/product_tag?post=1619"}],"curies":[{"name":"wp","href":"https:\/\/api.w.org\/{rel}","templated":true}]}}