{"id":1623,"date":"2024-04-07T07:59:43","date_gmt":"2024-04-07T07:59:43","guid":{"rendered":"https:\/\/nfc-readers.com\/?post_type=product&#038;p=1623"},"modified":"2024-09-29T07:34:42","modified_gmt":"2024-09-29T07:34:42","slug":"acr40t-type-a-usb-sim-sized-smart-card-reader","status":"publish","type":"product","link":"https:\/\/nfc-readers.com\/fi\/ic-reader\/acr40t-type-a-usb-sim-sized-smart-card-reader\/","title":{"rendered":"ACR40T Type-A USB SIM -kokoinen \u00e4lykortinlukija (sis\u00e4\u00e4nrakennettu painike ja silmukkasarja mukana)"},"content":{"rendered":"<h1>ACR40T Type-A USB SIM -kokoinen \u00e4lykortinlukija (sis\u00e4\u00e4nrakennettu painike ja silmukkasarja mukana)<\/h1>\n<p>ACR40T on eritt\u00e4in tehokas ja p\u00e4ivitett\u00e4v\u00e4 \u00e4lykortinlukija, joka tarjoaa laajan yhteensopivuuden ISO 7816 -\u00e4lykorttien ja erilaisten muistikorttien kanssa, ja siin\u00e4 on k\u00e4ytt\u00e4j\u00e4yst\u00e4v\u00e4llinen \u00e4lykorttipaikka eritt\u00e4in pieness\u00e4 rakenteessa.<\/p>\n<ul>\n<li>\n<h2><strong>Tukee erityyppisi\u00e4 yhteystietokortteja<\/strong><\/h2>\n<ul>\n<li>\n<h3>ISO 7816 -luokat A, B ja C (5 V, 3 V ja 1,8 V)<\/h3>\n<\/li>\n<li>\n<h3>Mikroprosessorikortti (T=0, T=1)<\/h3>\n<\/li>\n<li>\n<h3>Muistikortti<\/h3>\n<\/li>\n<li>\n<h3>Oikosulkusuojaus<\/h3>\n<\/li>\n<\/ul>\n<\/li>\n<li>\n<h2><strong>Sovellusohjelmointiliittym\u00e4:<\/strong><\/h2>\n<ul>\n<li>\n<h3>Tukee PC\/SC:t\u00e4<\/h3>\n<\/li>\n<\/ul>\n<\/li>\n<li>\n<h2><strong>Sis\u00e4\u00e4nrakennetut oheislaitteet<\/strong><\/h2>\n<ul>\n<li>\n<h3>1 x ohjelmoitava LED (vihre\u00e4)<\/h3>\n<\/li>\n<li>\n<table width=\"591\">\n<tbody>\n<tr>\n<td colspan=\"2\" width=\"591\">Fyysiset ominaisuudet<\/td>\n<\/tr>\n<tr>\n<td rowspan=\"2\" width=\"266\">Mitat (mm)<\/td>\n<td width=\"325\">ACR40T-A1: 48,9\u00a0mm (pituus) \u00d7 17,7\u00a0mm (leveys) \u00d7 8,0\u00a0mm (korkeus)<\/td>\n<\/tr>\n<tr>\n<td width=\"325\">ACR40T-A5: 44,7\u00a0mm (pituus) \u00d7 17,7\u00a0mm (leveys) \u00d7 8,0\u00a0mm (korkeus)<\/td>\n<\/tr>\n<tr>\n<td rowspan=\"2\" width=\"266\">Paino (g)<\/td>\n<td width=\"325\">ACR40T-A1: 6,8 g \u00b1 1,0 g<\/td>\n<\/tr>\n<tr>\n<td width=\"325\">ACR40T-A5: 5,3 g \u00b1 1,0 g<\/td>\n<\/tr>\n<tr>\n<td colspan=\"2\" width=\"591\">USB-liit\u00e4nt\u00e4<\/td>\n<\/tr>\n<tr>\n<td width=\"266\">p\u00f6yt\u00e4kirja<\/td>\n<td width=\"325\">USB CCID<\/td>\n<\/tr>\n<tr>\n<td rowspan=\"2\" width=\"266\">Liittimen tyyppi<\/td>\n<td width=\"325\">USB Type-A<\/td>\n<\/tr>\n<tr>\n<td width=\"325\">USB Type-C<\/td>\n<\/tr>\n<tr>\n<td width=\"266\">Virtal\u00e4hde<\/td>\n<td width=\"325\">USB-portista<\/td>\n<\/tr>\n<tr>\n<td width=\"266\">Nopeus<\/td>\n<td width=\"325\">USB t\u00e4ysi nopeus (12 Mbps)<\/td>\n<\/tr>\n<tr>\n<td colspan=\"2\" width=\"591\">Ota yhteytt\u00e4 \u00e4lykortin k\u00e4ytt\u00f6liittym\u00e4\u00e4n<\/td>\n<\/tr>\n<tr>\n<td width=\"266\">Slottien m\u00e4\u00e4r\u00e4<\/td>\n<td width=\"325\">1 SIM-kokoinen korttipaikka (2FF)<\/td>\n<\/tr>\n<tr>\n<td width=\"266\">p\u00f6yt\u00e4kirja<\/td>\n<td width=\"325\">T = 0; T = 1<\/td>\n<\/tr>\n<tr>\n<td colspan=\"2\" width=\"591\">Sis\u00e4\u00e4nrakennetut oheislaitteet<\/td>\n<\/tr>\n<tr>\n<td width=\"266\">LED<\/td>\n<td width=\"325\">Vihre\u00e4<\/td>\n<\/tr>\n<tr>\n<td colspan=\"2\" width=\"591\">Muut ominaisuudet<\/td>\n<\/tr>\n<tr>\n<td width=\"266\">Muut ominaisuudet<\/td>\n<td width=\"325\">Tukee laiteohjelmiston p\u00e4ivityst\u00e4<\/td>\n<\/tr>\n<tr>\n<td colspan=\"2\" width=\"591\">Sertifikaatit\/vaatimustenmukaisuus<\/td>\n<\/tr>\n<tr>\n<td rowspan=\"12\" width=\"266\">Sertifikaatit\/vaatimustenmukaisuus<\/td>\n<td width=\"325\">Sertifikaatit:<\/td>\n<\/tr>\n<tr>\n<td width=\"325\">UL 62368<\/td>\n<\/tr>\n<tr>\n<td width=\"325\">CE<\/td>\n<\/tr>\n<tr>\n<td width=\"325\">UKCA<\/td>\n<\/tr>\n<tr>\n<td width=\"325\">FCC<\/td>\n<\/tr>\n<tr>\n<td width=\"325\">RoHS<\/td>\n<\/tr>\n<tr>\n<td width=\"325\">SAAVUTTAA<\/td>\n<\/tr>\n<tr>\n<td width=\"325\">VCCI<\/td>\n<\/tr>\n<tr>\n<td width=\"325\">Microsoft\u00ae WHQL<\/td>\n<\/tr>\n<tr>\n<td width=\"325\">Vaatimustenmukaisuus:<\/td>\n<\/tr>\n<tr>\n<td width=\"325\">USB CCID<\/td>\n<\/tr>\n<tr>\n<td width=\"325\">PC\/SC<\/td>\n<\/tr>\n<tr>\n<td colspan=\"2\" width=\"591\">Laiteohjaimen k\u00e4ytt\u00f6j\u00e4rjestelm\u00e4n tuki<\/td>\n<\/tr>\n<tr>\n<td rowspan=\"4\" width=\"266\">Laiteohjaimen k\u00e4ytt\u00f6j\u00e4rjestelm\u00e4n tuki<\/td>\n<td width=\"325\">Windows\u00ae<\/td>\n<\/tr>\n<tr>\n<td width=\"325\">Linux\u00ae<\/td>\n<\/tr>\n<tr>\n<td width=\"325\">macOS<\/td>\n<\/tr>\n<tr>\n<td width=\"325\">Android\u2122<\/td>\n<\/tr>\n<\/tbody>\n<\/table>\n<\/li>\n<\/ul>\n<\/li>\n<\/ul>","protected":false},"excerpt":{"rendered":"<p>ACR40T on SIM-kokoisille korteille r\u00e4\u00e4t\u00e4l\u00f6ity nopea USB-kontaktilukija, joka tarjoaa laiteohjelmistop\u00e4ivityksi\u00e4 ja yhteensopivuuden erilaisten \u00e4ly- ja muistikorttien kanssa.<\/p>","protected":false},"featured_media":1624,"template":"","meta":[],"product_brand":[],"product_cat":[39],"product_tag":[],"class_list":{"0":"post-1623","1":"product","2":"type-product","3":"status-publish","4":"has-post-thumbnail","6":"product_cat-usb-ic-smartcard-reader","8":"first","9":"instock","10":"shipping-taxable","11":"product-type-simple"},"_links":{"self":[{"href":"https:\/\/nfc-readers.com\/fi\/wp-json\/wp\/v2\/product\/1623","targetHints":{"allow":["GET"]}}],"collection":[{"href":"https:\/\/nfc-readers.com\/fi\/wp-json\/wp\/v2\/product"}],"about":[{"href":"https:\/\/nfc-readers.com\/fi\/wp-json\/wp\/v2\/types\/product"}],"wp:featuredmedia":[{"embeddable":true,"href":"https:\/\/nfc-readers.com\/fi\/wp-json\/wp\/v2\/media\/1624"}],"wp:attachment":[{"href":"https:\/\/nfc-readers.com\/fi\/wp-json\/wp\/v2\/media?parent=1623"}],"wp:term":[{"taxonomy":"product_brand","embeddable":true,"href":"https:\/\/nfc-readers.com\/fi\/wp-json\/wp\/v2\/product_brand?post=1623"},{"taxonomy":"product_cat","embeddable":true,"href":"https:\/\/nfc-readers.com\/fi\/wp-json\/wp\/v2\/product_cat?post=1623"},{"taxonomy":"product_tag","embeddable":true,"href":"https:\/\/nfc-readers.com\/fi\/wp-json\/wp\/v2\/product_tag?post=1623"}],"curies":[{"name":"wp","href":"https:\/\/api.w.org\/{rel}","templated":true}]}}