{"id":1626,"date":"2024-04-07T08:02:18","date_gmt":"2024-04-07T08:02:18","guid":{"rendered":"https:\/\/nfc-readers.com\/?post_type=product&#038;p=1626"},"modified":"2024-09-29T07:31:36","modified_gmt":"2024-09-29T07:31:36","slug":"acr40u-high-speed-contact-reader-writer","status":"publish","type":"product","link":"https:\/\/nfc-readers.com\/fi\/ic-reader\/acr40u-high-speed-contact-reader-writer\/","title":{"rendered":"ACR40U Nopea kontaktilukija"},"content":{"rendered":"<h1>ACR40U Nopea kontaktilukija<\/h1>\n<p>ACR40U-\u00e4lykortinlukija tarjoaa kehittyneen ratkaisun turvallisiin digitaalisiin tapahtumiin ja kulunvalvontaan. Se korostaa nopeutta, kest\u00e4vyytt\u00e4 ja helppok\u00e4ytt\u00f6isyytt\u00e4 eri alustoilla ja sovelluksissa.<\/p>\n<ul>\n<li>\n<h2>USB 2.0 Full Speed -liit\u00e4nt\u00e4<\/h2>\n<\/li>\n<li>\n<h2>USB-tyyppi A<\/h2>\n<\/li>\n<li>\n<h2>Plug and Play \u2013 CCID-tuki tuo \u00e4\u00e4rimm\u00e4ist\u00e4 liikkuvuutta<\/h2>\n<\/li>\n<li>\n<h2>\u00c4lykortinlukija:<\/h2>\n<\/li>\n<li>\n<h2>Tukee ISO 7816 Class A, B ja C (5 V, 3 V, 1,8 V) kortteja<\/h2>\n<ul>\n<li>\n<h3>Tukee CAC:t\u00e4<\/h3>\n<\/li>\n<li>\n<h3>Tukee SIPRNET-korttia<\/h3>\n<\/li>\n<li>\n<h3>Tukee MyKadia<\/h3>\n<\/li>\n<li>\n<h3>Tukee J-LIS-korttia<\/h3>\n<\/li>\n<li>\n<h3>Tukee mikroprosessorikortteja T=0 tai T=1 protokollalla<\/h3>\n<\/li>\n<li>\n<h3>Tukee muistikortteja<\/h3>\n<\/li>\n<li>\n<h3>Tukee PPS:\u00e4\u00e4 (protokollan ja parametrien valinta)<\/h3>\n<\/li>\n<li>\n<h3>Sis\u00e4lt\u00e4\u00e4 oikosulkusuojauksen<\/h3>\n<\/li>\n<\/ul>\n<\/li>\n<li>\n<h2>Sovellusohjelmointiliittym\u00e4:<\/h2>\n<ul>\n<li>\n<h3>Tukee PC\/SC:t\u00e4<\/h3>\n<\/li>\n<li>\n<h3>Tuki CT-API:lle<\/h3>\n<\/li>\n<\/ul>\n<\/li>\n<li>\n<h2>Tukee kaikkia t\u00e4rkeimpi\u00e4 k\u00e4ytt\u00f6j\u00e4rjestelmi\u00e4<\/h2>\n<ul>\n<li>\n<h3>Windows\u00ae, Linux\u00ae, macOS, iOS, iPadOS, Android\u2122, Solaris\u2122<\/h3>\n<\/li>\n<li>\n<div>\n<table width=\"566\">\n<tbody>\n<tr>\n<td colspan=\"2\" width=\"566\">Fyysiset ominaisuudet<\/td>\n<\/tr>\n<tr>\n<td width=\"207\">Mitat (mm)<\/td>\n<td width=\"359\">55\u00a0mm (P) \u00d7 65,0\u00a0mm (L) \u00d7 9,0\u00a0mm (K)<\/td>\n<\/tr>\n<tr>\n<td width=\"207\">Paino (g)<\/td>\n<td width=\"359\">40,0 g \u00b1 5,0 g<\/td>\n<\/tr>\n<tr>\n<td colspan=\"2\" width=\"566\">USB-liit\u00e4nt\u00e4<\/td>\n<\/tr>\n<tr>\n<td width=\"207\">p\u00f6yt\u00e4kirja<\/td>\n<td width=\"359\">USB CCID<\/td>\n<\/tr>\n<tr>\n<td width=\"207\">Liittimen tyyppi<\/td>\n<td width=\"359\">Vakiotyyppi A, tyyppi C<\/td>\n<\/tr>\n<tr>\n<td width=\"207\">Virtal\u00e4hde<\/td>\n<td width=\"359\">USB-portista<\/td>\n<\/tr>\n<tr>\n<td width=\"207\">Nopeus<\/td>\n<td width=\"359\">USB 2.0 t\u00e4ysi nopeus (12 Mbps)<\/td>\n<\/tr>\n<tr>\n<td width=\"207\">Kaapelin pituus<\/td>\n<td width=\"359\">1 m, kiinte\u00e4<\/td>\n<\/tr>\n<tr>\n<td colspan=\"2\" width=\"566\">Ota yhteytt\u00e4 \u00e4lykortin k\u00e4ytt\u00f6liittym\u00e4\u00e4n<\/td>\n<\/tr>\n<tr>\n<td width=\"207\">Slottien m\u00e4\u00e4r\u00e4<\/td>\n<td width=\"359\">1 t\u00e4ysikokoinen korttipaikka<\/td>\n<\/tr>\n<tr>\n<td width=\"207\">Vakio<\/td>\n<td width=\"359\">ISO 7816, osat 1\u20134, luokka A, B, C (5 V, 3 V, 1,8 V)<\/td>\n<\/tr>\n<tr>\n<td width=\"207\">p\u00f6yt\u00e4kirja<\/td>\n<td width=\"359\">T = 0; T = 1; Muistikortin tuki<\/td>\n<\/tr>\n<tr>\n<td width=\"207\">muut<\/td>\n<td width=\"359\">Mykad, SERT, J-LIS, SIPRNET-kortti<\/td>\n<\/tr>\n<tr>\n<td colspan=\"2\" width=\"566\">Sertifikaatit\/vaatimustenmukaisuus<\/td>\n<\/tr>\n<tr>\n<td rowspan=\"17\" width=\"207\">Sertifikaatit\/vaatimustenmukaisuus<\/td>\n<td width=\"359\">EN62368\/IEC 62368<\/td>\n<\/tr>\n<tr>\n<td width=\"359\">CE<\/td>\n<\/tr>\n<tr>\n<td width=\"359\">FCC<\/td>\n<\/tr>\n<tr>\n<td width=\"359\">RoHS<\/td>\n<\/tr>\n<tr>\n<td width=\"359\">SAAVUTTAA<\/td>\n<\/tr>\n<tr>\n<td width=\"359\">EMV\u2122 Taso 1 (Yhteystiedot)<\/td>\n<\/tr>\n<tr>\n<td width=\"359\">UL 62368<\/td>\n<\/tr>\n<tr>\n<td width=\"359\">J-LIS<\/td>\n<\/tr>\n<tr>\n<td width=\"359\">KC<\/td>\n<\/tr>\n<tr>\n<td width=\"359\">PBOC taso 1 (yhteyshenkil\u00f6)<\/td>\n<\/tr>\n<tr>\n<td width=\"359\">TAA<\/td>\n<\/tr>\n<tr>\n<td width=\"359\">UKCA<\/td>\n<\/tr>\n<tr>\n<td width=\"359\">UL<\/td>\n<\/tr>\n<tr>\n<td width=\"359\">VCCI<\/td>\n<\/tr>\n<tr>\n<td width=\"359\">WEEE<\/td>\n<\/tr>\n<tr>\n<td width=\"359\">USB 2.0 t\u00e4ysi nopeus<\/td>\n<\/tr>\n<tr>\n<td width=\"359\">Microsoft\u00ae WHQL<\/td>\n<\/tr>\n<tr>\n<td colspan=\"2\" width=\"566\">Laiteohjaimen k\u00e4ytt\u00f6j\u00e4rjestelm\u00e4n tuki<\/td>\n<\/tr>\n<tr>\n<td rowspan=\"7\" width=\"207\">Laiteohjaimen k\u00e4ytt\u00f6j\u00e4rjestelm\u00e4n tuki<\/td>\n<td width=\"359\">Windows\u00ae<\/td>\n<\/tr>\n<tr>\n<td width=\"359\">Linux\u00ae<\/td>\n<\/tr>\n<tr>\n<td width=\"359\">macOS<\/td>\n<\/tr>\n<tr>\n<td width=\"359\">IOS<\/td>\n<\/tr>\n<tr>\n<td width=\"359\">iPadOS<\/td>\n<\/tr>\n<tr>\n<td width=\"359\">Android\u2122<\/td>\n<\/tr>\n<tr>\n<td width=\"359\">Solaris\u2122<\/td>\n<\/tr>\n<\/tbody>\n<\/table>\n<\/div>\n<\/li>\n<\/ul>\n<\/li>\n<\/ul>","protected":false},"excerpt":{"rendered":"<p>ACR40U on nopea USB-kontaktilukija, joka tukee EMV-kortteja ja tarjoaa luotettavan suorituskyvyn ja yhteensopivuuden useiden k\u00e4ytt\u00f6j\u00e4rjestelmien v\u00e4lill\u00e4 eri sovelluksissa.<\/p>","protected":false},"featured_media":1628,"template":"","meta":[],"product_brand":[],"product_cat":[39],"product_tag":[],"class_list":{"0":"post-1626","1":"product","2":"type-product","3":"status-publish","4":"has-post-thumbnail","6":"product_cat-usb-ic-smartcard-reader","8":"first","9":"instock","10":"shipping-taxable","11":"product-type-simple"},"_links":{"self":[{"href":"https:\/\/nfc-readers.com\/fi\/wp-json\/wp\/v2\/product\/1626","targetHints":{"allow":["GET"]}}],"collection":[{"href":"https:\/\/nfc-readers.com\/fi\/wp-json\/wp\/v2\/product"}],"about":[{"href":"https:\/\/nfc-readers.com\/fi\/wp-json\/wp\/v2\/types\/product"}],"wp:featuredmedia":[{"embeddable":true,"href":"https:\/\/nfc-readers.com\/fi\/wp-json\/wp\/v2\/media\/1628"}],"wp:attachment":[{"href":"https:\/\/nfc-readers.com\/fi\/wp-json\/wp\/v2\/media?parent=1626"}],"wp:term":[{"taxonomy":"product_brand","embeddable":true,"href":"https:\/\/nfc-readers.com\/fi\/wp-json\/wp\/v2\/product_brand?post=1626"},{"taxonomy":"product_cat","embeddable":true,"href":"https:\/\/nfc-readers.com\/fi\/wp-json\/wp\/v2\/product_cat?post=1626"},{"taxonomy":"product_tag","embeddable":true,"href":"https:\/\/nfc-readers.com\/fi\/wp-json\/wp\/v2\/product_tag?post=1626"}],"curies":[{"name":"wp","href":"https:\/\/api.w.org\/{rel}","templated":true}]}}