{"id":1909,"date":"2024-10-15T13:42:27","date_gmt":"2024-10-15T13:42:27","guid":{"rendered":"https:\/\/nfc-readers.com\/?post_type=product&#038;p=1909"},"modified":"2024-10-28T15:36:29","modified_gmt":"2024-10-28T15:36:29","slug":"acr1222l-contactless-rfid-nfc-reader-writer","status":"publish","type":"product","link":"https:\/\/nfc-readers.com\/fi\/ic-reader\/acr1222l-contactless-rfid-nfc-reader-writer\/","title":{"rendered":"ACR1222L kontaktiton RFID NFC Reader Writer"},"content":{"rendered":"<p><iframe loading=\"lazy\" title=\"ACR1222L NFC-lukija\" width=\"1020\" height=\"765\" src=\"https:\/\/www.youtube.com\/embed\/i-7zrKP8WJo?feature=oembed\" frameborder=\"0\" allow=\"accelerometer; autoplay; clipboard-write; encrypted-media; gyroscope; picture-in-picture; web-share\" referrerpolicy=\"strict-origin-when-cross-origin\" allowfullscreen><\/iframe><\/p>\n<div>\n<h1><strong>ACR1222L kontaktiton RFID NFC Reader Writer<\/strong><\/h1>\n<p>The\u00a0<strong>ACR1222L kontaktiton RFID NFC Reader Writer<\/strong>\u00a0on premium-laite, joka on suunniteltu helpottamaan saumatonta vuorovaikutusta laajan valikoiman kontaktittomien \u00e4lykorttien ja NFC-tunnisteiden kanssa. Edistyneen teknologian integroinnin ja k\u00e4ytt\u00e4j\u00e4yst\u00e4v\u00e4llisten ominaisuuksien ansiosta t\u00e4m\u00e4\u00a0<strong>NFC lukija<\/strong>\u00a0sopii erinomaisesti erilaisiin sovelluksiin, mukaan lukien suojattu kulunvalvonta, l\u00e4himaksut ja tiedonkeruu. Jos haluat tehostaa toimintaasi luotettavalla ja tehokkaalla\u00a0<strong>kortinlukija<\/strong>, ACR1222L on harkitsemisen arvoinen.<\/p>\n<p>T\u00e4m\u00e4 laite tarjoaa poikkeuksellisen yhteensopivuuden useiden NFC-tunnisteiden ja \u00e4lykorttien kanssa, mik\u00e4 auttaa yrityksi\u00e4 saavuttamaan virtaviivaistettuja tapahtumia ja parantamaan k\u00e4ytt\u00e4jien sitoutumista. ACR1222L:\u00e4\u00e4n sijoittamisen etuja ovat sen edistyneet suojausominaisuudet, interaktiivinen k\u00e4ytt\u00f6liittym\u00e4 sis\u00e4\u00e4nrakennetulla LCD-n\u00e4yt\u00f6ll\u00e4 ja laaja tuki eri korttityypeille. Lue lis\u00e4\u00e4 siit\u00e4, miksi t\u00e4m\u00e4 laite on v\u00e4ltt\u00e4m\u00e4t\u00f6n yrityksille, jotka haluavat hy\u00f6dynt\u00e4\u00e4 sen tehoa\u00a0<strong>RFID<\/strong>\u00a0teknologiaa.<\/p>\n<h3>1. Kattava yhteensopivuus useiden NFC-tekniikoiden kanssa<\/h3>\n<p>ACR1222L on rakennettu edistyneelle\u00a0<strong>13,56 MHz RFID-tekniikka<\/strong>, mik\u00e4 varmistaa yhteensopivuuden laajan valikoiman kontaktittomia kortteja ja\u00a0<strong>NFC<\/strong>\u00a0tunnisteet. T\u00e4m\u00e4 sis\u00e4lt\u00e4\u00e4\u00a0<strong>ISO 14443 Type A ja B -kortit, MIFARE<\/strong>, FeliCa ja kaikki nelj\u00e4 NFC-tunnistetta. T\u00e4llainen monipuolisuus tekee ACR1222L:st\u00e4 olennaisen ty\u00f6kalun yrityksille, jotka haluavat integroida kontaktittoman teknologian toimintaansa.<\/p>\n<p>Lis\u00e4ksi,\u00a0<strong>ACR1222L<\/strong>\u00a0tukee\u00a0<strong>NFC-toiminnot<\/strong>\u00a0joiden avulla se voi lukea ja kirjoittaa NFC-tunnisteita tehokkaasti. T\u00e4m\u00e4 ominaisuus voi olla erityisen hy\u00f6dyllinen sit\u00e4 k\u00e4ytt\u00e4ville yrityksille\u00a0<strong>\u00e4lypuhelin<\/strong>\u00a0liiketoimia, kuten\u00a0<strong>Google Pay<\/strong>, mahdollistaa sujuvan maksujen k\u00e4sittelyn NFC-yhteensopivilla laitteilla. Ty\u00f6skenteletp\u00e4 sitten perinteisten RFID-korttien tai uusimpien korttien kanssa\u00a0<strong>NFC-sirut<\/strong>, t\u00e4m\u00e4 laite erottuu markkinoiden parhaista valinnoista.<\/p>\n<h3>2. Parannetut suojausominaisuudet turvallisia tapahtumia varten<\/h3>\n<p>Turvallisuus on ensiarvoisen t\u00e4rke\u00e4 asia kaikille arkaluonteisia tietoja k\u00e4sitteleville organisaatioille. ACR1222L:n ominaisuudet\u00a0<strong>kolme ISO 7816 -yhteensopivaa Secure Access Module (SAM) -moduulia<\/strong>\u00a0paikat, jotka tarjoavat paremman suojan kontaktittomille toimille. N\u00e4m\u00e4 SAM-paikat mahdollistavat salausavainten turvallisen hallinnan ja varmistavat, ett\u00e4 vain valtuutetut tapahtumat k\u00e4sitell\u00e4\u00e4n.<\/p>\n<p>Sis\u00e4\u00e4nrakennetun t\u00f6rm\u00e4yksenestotekniikan ansiosta ACR1222L voi k\u00e4sitell\u00e4 useita NFC-kortteja samanaikaisesti, mik\u00e4 varmistaa, ett\u00e4 vain yht\u00e4 tunnistetta k\u00e4ytet\u00e4\u00e4n kerrallaan. T\u00e4m\u00e4 ominaisuus parantaa tietojen eheytt\u00e4 ja v\u00e4hent\u00e4\u00e4 luvattoman k\u00e4yt\u00f6n riski\u00e4, mik\u00e4 on kriittinen n\u00e4k\u00f6kohta kulunvalvontaj\u00e4rjestelmiss\u00e4 ja rahoitustapahtumissa. T\u00e4m\u00e4n seurauksena t\u00e4m\u00e4\u00a0<strong>NFC lukija<\/strong>\u00a0ei vain t\u00e4yt\u00e4 vaan ylitt\u00e4\u00e4 alan turvallisuusstandardit.<\/p>\n<h3>3. Intuitiivinen k\u00e4ytt\u00f6liittym\u00e4 saumattomaan vuorovaikutukseen<\/h3>\n<p>ACR1222L on varustettu a\u00a0<strong>kaksirivinen graafinen LCD<\/strong>\u00a0joka tukee useita kieli\u00e4, mukaan lukien kiina, englanti, japani ja useita eurooppalaisia kieli\u00e4. T\u00e4m\u00e4 monikielinen tuki helpottaa vuorovaikutusta monipuoliselle k\u00e4ytt\u00e4j\u00e4kunnalle ja varmistaa, ett\u00e4 kaikki k\u00e4ytt\u00e4j\u00e4t ymm\u00e4rt\u00e4v\u00e4t laitteen ja sen toiminnot.<\/p>\n<p>Lis\u00e4ksi interaktiivisen LCD-n\u00e4yt\u00f6n avulla k\u00e4ytt\u00e4j\u00e4t voivat selata vaihtoehtoja ja k\u00e4ytt\u00e4\u00e4 erilaisia asetuksia helposti. Yhdistettyn\u00e4\u00a0<strong>nelj\u00e4 k\u00e4ytt\u00e4j\u00e4n ohjattavaa LEDi\u00e4<\/strong>\u00a0ja tilailmoitusten \u00e4\u00e4nimerkki, ACR1222L takaa selke\u00e4n ja mukaansatempaavan k\u00e4ytt\u00f6kokemuksen. T\u00e4m\u00e4 intuitiivinen k\u00e4ytt\u00f6liittym\u00e4 on suunniteltu parantamaan k\u00e4ytt\u00e4j\u00e4n ymm\u00e4rt\u00e4mist\u00e4 ja virtaviivaistamaan toiminnallisia ty\u00f6nkulkuja, mik\u00e4 tekee siit\u00e4 erinomaisen lis\u00e4yksen mihin tahansa teknologiapinoon.<\/p>\n<h3>4. Monipuoliset sovellukset eri toimialoilla<\/h3>\n<p>ACR1222L kontaktitonta RFID NFC Reader Writeri\u00e4 voidaan k\u00e4ytt\u00e4\u00e4 useilla aloilla, mukaan lukien v\u00e4hitt\u00e4iskauppa, terveydenhuolto ja kuljetus. V\u00e4hitt\u00e4iskaupassa kyky lukea ja kirjoittaa NFC-tunnisteita antaa yrityksille mahdollisuuden virtaviivaistaa tapahtumia ja parantaa asiakkaiden sitoutumista.\u00a0<strong>NFC ty\u00f6kalut<\/strong>\u00a0voidaan integroida hallitsemaan kanta-asiakasohjelmia tai helpottamaan l\u00e4himaksuja, mik\u00e4 parantaa yleist\u00e4 asiakastyytyv\u00e4isyytt\u00e4.<\/p>\n<p>Terveydenhuollossa ACR1222L voi tehostaa potilaiden sis\u00e4\u00e4nkirjautumista, yll\u00e4pit\u00e4\u00e4 suojattua p\u00e4\u00e4sy\u00e4 arkaluonteisiin tietoihin ja varmistaa, ett\u00e4 l\u00e4\u00e4kint\u00e4henkil\u00f6st\u00f6ll\u00e4 on nopea p\u00e4\u00e4sy tietoihin. Lis\u00e4ksi sen yhteensopivuus RFID-korttien kanssa tekee siit\u00e4 ihanteellisen valvomaan p\u00e4\u00e4sy\u00e4 rajoitetuille alueille, mik\u00e4 parantaa turvallisuutta kuljetuskeskuksissa.<\/p>\n<h3>5. Tekniset tiedot ja suorituskykymittarit<\/h3>\n<p>ACR1222L:n tekninen suorituskyky n\u00e4kyy sen vaikuttavissa teknisiss\u00e4 ominaisuuksissa:<\/p>\n<\/div>\n<div>\n<table width=\"702\">\n<tbody>\n<tr>\n<td colspan=\"2\" width=\"702\">Fyysiset ominaisuudet<\/td>\n<\/tr>\n<tr>\n<td rowspan=\"2\" width=\"250\">Mitat (mm)<\/td>\n<td width=\"452\">Runko: 133,5 mm (P) x 88,5 mm (L) x 21,0 mm (K)<\/td>\n<\/tr>\n<tr>\n<td width=\"452\">Jalustalla: 158,0 mm (P) x 95,0 mm (L) x 95,0 mm (K)<\/td>\n<\/tr>\n<tr>\n<td rowspan=\"2\" width=\"250\">Paino (g)<\/td>\n<td width=\"452\">P\u00e4\u00e4runko: 173 g<\/td>\n<\/tr>\n<tr>\n<td width=\"452\">Jalustalla: 415 g<\/td>\n<\/tr>\n<tr>\n<td colspan=\"2\" width=\"702\">USB-liit\u00e4nt\u00e4<\/td>\n<\/tr>\n<tr>\n<td width=\"250\">p\u00f6yt\u00e4kirja<\/td>\n<td width=\"452\">USB CCID<\/td>\n<\/tr>\n<tr>\n<td width=\"250\">Liittimen tyyppi<\/td>\n<td width=\"452\">Vakiotyyppi A<\/td>\n<\/tr>\n<tr>\n<td width=\"250\">Virtal\u00e4hde<\/td>\n<td width=\"452\">USB-portista<\/td>\n<\/tr>\n<tr>\n<td width=\"250\">Nopeus<\/td>\n<td width=\"452\">USB t\u00e4ysi nopeus (12 Mbps)<\/td>\n<\/tr>\n<tr>\n<td width=\"250\">Kaapelin pituus<\/td>\n<td width=\"452\">1,5 m, kiinte\u00e4<\/td>\n<\/tr>\n<tr>\n<td colspan=\"2\" width=\"702\">Kontaktiton \u00e4lykorttiliit\u00e4nt\u00e4<\/td>\n<\/tr>\n<tr>\n<td width=\"250\">Vakio<\/td>\n<td width=\"452\">ISO\/IEC 18092 NFC, ISO 14443 tyyppi A &amp; B, MIFARE\u00ae, FeliCa<\/td>\n<\/tr>\n<tr>\n<td rowspan=\"4\" width=\"250\">p\u00f6yt\u00e4kirja<\/td>\n<td width=\"452\">ISO 14443-4 -yhteensopiva kortti, T=CL<\/td>\n<\/tr>\n<tr>\n<td width=\"452\">MIFARE\u00ae Classic Card, T=CL<\/td>\n<\/tr>\n<tr>\n<td width=\"452\">ISO18092, NFC-tunnisteet<\/td>\n<\/tr>\n<tr>\n<td width=\"452\">FeliCa<\/td>\n<\/tr>\n<tr>\n<td colspan=\"2\" width=\"702\">SAM-kortin k\u00e4ytt\u00f6liittym\u00e4<\/td>\n<\/tr>\n<tr>\n<td width=\"250\">Slottien m\u00e4\u00e4r\u00e4<\/td>\n<td width=\"452\">3 tavallista SIM-kokoista korttipaikkaa<\/td>\n<\/tr>\n<tr>\n<td width=\"250\">Vakio<\/td>\n<td width=\"452\">ISO 7816 luokka A (5 V)<\/td>\n<\/tr>\n<tr>\n<td width=\"250\">p\u00f6yt\u00e4kirja<\/td>\n<td width=\"452\">T = 0; T = 1<\/td>\n<\/tr>\n<tr>\n<td colspan=\"2\" width=\"702\">Sis\u00e4\u00e4nrakennetut oheislaitteet<\/td>\n<\/tr>\n<tr>\n<td rowspan=\"3\" width=\"250\">LCD<\/td>\n<td width=\"452\">Graafinen LCD-n\u00e4ytt\u00f6 kelta-vihre\u00e4ll\u00e4 taustavalolla<\/td>\n<\/tr>\n<tr>\n<td width=\"452\">Resoluutio: 128 x 32 pikseli\u00e4<\/td>\n<\/tr>\n<tr>\n<td width=\"452\">Merkkien m\u00e4\u00e4r\u00e4: 16 merkki\u00e4 x 2 rivi\u00e4<\/td>\n<\/tr>\n<tr>\n<td width=\"250\">LED<\/td>\n<td width=\"452\">4 yksiv\u00e4rist\u00e4: vihre\u00e4, sininen, oranssi ja punainen<\/td>\n<\/tr>\n<tr>\n<td width=\"250\">Summeri<\/td>\n<td width=\"452\">Yksitoikkoinen<\/td>\n<\/tr>\n<tr>\n<td colspan=\"2\" width=\"702\">Muut ominaisuudet<\/td>\n<\/tr>\n<tr>\n<td width=\"250\">Laiteohjelmiston p\u00e4ivitys<\/td>\n<td width=\"452\">Tuettu<\/td>\n<\/tr>\n<tr>\n<td colspan=\"2\" width=\"702\">Sertifikaatit\/vaatimustenmukaisuus<\/td>\n<\/tr>\n<tr>\n<td rowspan=\"13\" width=\"250\">Sertifikaatit\/vaatimustenmukaisuus<\/td>\n<td width=\"452\">ISO 18092<\/td>\n<\/tr>\n<tr>\n<td width=\"452\">ISO 14443<\/td>\n<\/tr>\n<tr>\n<td width=\"452\">ISO 7816 (SAM-paikka)<\/td>\n<\/tr>\n<tr>\n<td width=\"452\">USB t\u00e4ysi nopeus<\/td>\n<\/tr>\n<tr>\n<td width=\"452\">PC\/SC<\/td>\n<\/tr>\n<tr>\n<td width=\"452\">CCID<\/td>\n<\/tr>\n<tr>\n<td width=\"452\">VCCI (Japani)<\/td>\n<\/tr>\n<tr>\n<td width=\"452\">KC (Korea)<\/td>\n<\/tr>\n<tr>\n<td width=\"452\">Microsoft\u00ae WHQL<\/td>\n<\/tr>\n<tr>\n<td width=\"452\">CE<\/td>\n<\/tr>\n<tr>\n<td width=\"452\">FCC<\/td>\n<\/tr>\n<tr>\n<td width=\"452\">RoHS<\/td>\n<\/tr>\n<tr>\n<td width=\"452\">SAAVUTTAA<\/td>\n<\/tr>\n<tr>\n<td colspan=\"2\" width=\"702\">Laiteohjaimen k\u00e4ytt\u00f6j\u00e4rjestelm\u00e4n tuki<\/td>\n<\/tr>\n<tr>\n<td rowspan=\"5\" width=\"250\">Laiteohjaimen k\u00e4ytt\u00f6j\u00e4rjestelm\u00e4n tuki<\/td>\n<td width=\"452\">Windows\u00ae<\/td>\n<\/tr>\n<tr>\n<td width=\"452\">Linux\u00ae<\/td>\n<\/tr>\n<tr>\n<td width=\"452\">MAC OS\u00ae<\/td>\n<\/tr>\n<tr>\n<td width=\"452\">Solaris<\/td>\n<\/tr>\n<tr>\n<td width=\"452\">Android\u2122<\/td>\n<\/tr>\n<\/tbody>\n<\/table>\n<\/div>\n<div><\/div>\n<div>\n<p>Nopeiden lukuominaisuuksiensa ja eri korttien hallinnan joustavuuden ansiosta ACR1222L erottuu tehokkaana\u00a0<strong>\u00e4lykortin lukija<\/strong>.<\/p>\n<h3>6. K\u00e4ytt\u00e4j\u00e4yst\u00e4v\u00e4llinen asennus ja integrointi<\/h3>\n<p>ACR1222L:n asentaminen on yksinkertaista, joten se on sek\u00e4 teknisten ett\u00e4 ei-teknisten k\u00e4ytt\u00e4jien k\u00e4ytett\u00e4viss\u00e4. Laite voidaan helposti integroida olemassa oleviin j\u00e4rjestelmiin\u00a0<strong>USB<\/strong>, mik\u00e4 varmistaa yhteensopivuuden suosittujen k\u00e4ytt\u00f6j\u00e4rjestelmien kanssa, mukaan lukien Windows, Linux ja macOS. Lis\u00e4ksi,\u00a0<strong>USB-laiteohjelmiston p\u00e4ivitysmahdollisuus<\/strong>\u00a0-ominaisuuden avulla k\u00e4ytt\u00e4j\u00e4t voivat pit\u00e4\u00e4 laitteensa ajan tasalla uusimmilla parannuksilla ja suojausominaisuuksilla.<\/p>\n<p>T\u00e4m\u00e4 helppok\u00e4ytt\u00f6isyys on erityisen hy\u00f6dyllinen yrityksille, jotka haluavat ottaa k\u00e4ytt\u00f6\u00f6n nopeasti\u00a0<strong>kontaktittomia ratkaisuja<\/strong>\u00a0ilman pitki\u00e4 seisokkeja tai monimutkaisia asennuksia.<\/p>\n<h3>7. Ymp\u00e4rist\u00f6vaikutukset ja kest\u00e4v\u00e4 k\u00e4ytt\u00f6<\/h3>\n<p>Kun yritykset ovat yh\u00e4 tietoisempia ymp\u00e4rist\u00f6vaikutuksistaan, ACR1222L noudattaa kest\u00e4v\u00e4n k\u00e4yt\u00f6n periaatteita. Pienell\u00e4 virrankulutuksella laite ei ainoastaan v\u00e4henn\u00e4 energiakustannuksia, vaan my\u00f6s osaltaan pienent\u00e4\u00e4 hiilijalanj\u00e4lke\u00e4.<\/p>\n<p>Lis\u00e4ksi laite on suunniteltu kest\u00e4m\u00e4\u00e4n suorituskyky\u00e4, minimoiden toistuvien vaihtojen tarpeen ja v\u00e4hent\u00e4en elektroniikkaj\u00e4tteen m\u00e4\u00e4r\u00e4\u00e4 ajan my\u00f6t\u00e4. T\u00e4m\u00e4 kest\u00e4v\u00e4n kehityksen vetoomus on olennainen tekij\u00e4 organisaatioille, jotka haluavat edist\u00e4\u00e4 vihreit\u00e4 aloitteita toiminnassaan.<\/p>\n<h3>8. Asiakkaiden arviot ja palaute<\/h3>\n<p>Asiakaspalaute ACR1222L:st\u00e4 korostaa sen luotettavuutta, helppok\u00e4ytt\u00f6isyytt\u00e4 ja kattavia toimintoja. K\u00e4ytt\u00e4j\u00e4t arvostavat saumatonta suorituskyky\u00e4 NFC-tunnisteiden lukemisen ja kirjoittamisen aikana sek\u00e4 sen vankat suojausominaisuudet.<\/p>\n<p>Yksi k\u00e4ytt\u00e4j\u00e4 totesi: &quot;ACR1222L on muuttanut tapahtumaprosessejamme. Se on nopea, turvallinen, ja sis\u00e4\u00e4nrakennettu n\u00e4ytt\u00f6 on uskomattoman hy\u00f6dyllinen asiakkaamme pit\u00e4miseen ajan tasalla.&quot;<\/p>\n<\/div>\n<div><\/div>\n<div><\/div>","protected":false},"excerpt":{"rendered":"<p>ACR1222L kosketuksetonta RFID NFC Reader Writeri\u00e4 voidaan k\u00e4ytt\u00e4\u00e4 useilla toimialoilla, mukaan lukien v\u00e4hitt\u00e4iskauppa, terveydenhuolto ja kuljetus. V\u00e4hitt\u00e4iskaupassa kyky lukea ja kirjoittaa NFC-tunnisteita antaa yrityksille mahdollisuuden virtaviivaistaa tapahtumia ja parantaa asiakkaiden sitoutumista. <strong>NFC ty\u00f6kalut<\/strong>\u00a0voidaan integroida hallitsemaan kanta-asiakasohjelmia tai helpottamaan l\u00e4himaksuja, mik\u00e4 parantaa yleist\u00e4 asiakastyytyv\u00e4isyytt\u00e4.<\/p>","protected":false},"featured_media":1563,"template":"","meta":[],"product_brand":[],"product_cat":[45,40],"product_tag":[],"class_list":{"0":"post-1909","1":"product","2":"type-product","3":"status-publish","4":"has-post-thumbnail","6":"product_cat-contactless-nfc-reader","7":"product_cat-rfid-nfc-reader","9":"first","10":"instock","11":"shipping-taxable","12":"product-type-simple"},"_links":{"self":[{"href":"https:\/\/nfc-readers.com\/fi\/wp-json\/wp\/v2\/product\/1909","targetHints":{"allow":["GET"]}}],"collection":[{"href":"https:\/\/nfc-readers.com\/fi\/wp-json\/wp\/v2\/product"}],"about":[{"href":"https:\/\/nfc-readers.com\/fi\/wp-json\/wp\/v2\/types\/product"}],"wp:featuredmedia":[{"embeddable":true,"href":"https:\/\/nfc-readers.com\/fi\/wp-json\/wp\/v2\/media\/1563"}],"wp:attachment":[{"href":"https:\/\/nfc-readers.com\/fi\/wp-json\/wp\/v2\/media?parent=1909"}],"wp:term":[{"taxonomy":"product_brand","embeddable":true,"href":"https:\/\/nfc-readers.com\/fi\/wp-json\/wp\/v2\/product_brand?post=1909"},{"taxonomy":"product_cat","embeddable":true,"href":"https:\/\/nfc-readers.com\/fi\/wp-json\/wp\/v2\/product_cat?post=1909"},{"taxonomy":"product_tag","embeddable":true,"href":"https:\/\/nfc-readers.com\/fi\/wp-json\/wp\/v2\/product_tag?post=1909"}],"curies":[{"name":"wp","href":"https:\/\/api.w.org\/{rel}","templated":true}]}}