{"id":2020,"date":"2024-04-19T13:15:51","date_gmt":"2024-04-19T13:15:51","guid":{"rendered":"https:\/\/nfc-readers.com\/?post_type=product&#038;p=2020"},"modified":"2024-09-29T07:28:08","modified_gmt":"2024-09-29T07:28:08","slug":"cr100-bluetooth-emv-nfc-reader-writer","status":"publish","type":"product","link":"https:\/\/nfc-readers.com\/fi\/ic-reader\/cr100-bluetooth-emv-nfc-reader-writer\/","title":{"rendered":"CR100 Bluetooth EMV nfc-lukijakirjoitin"},"content":{"rendered":"<h1>CR100 Bluetooth EMV nfc-lukijakirjoitin<\/h1>\n<p>CR100 on tehokas ja joustava mPOS-laite, joka tarjoaa luotettavuuden ja helpon integroinnin yrityksille mahdollistaen EMV- ja NFC-maksujen k\u00e4sittelyn tien p\u00e4\u00e4ll\u00e4. Sen yhteensopivuus useiden k\u00e4ytt\u00f6j\u00e4rjestelmien ja liit\u00e4nt\u00e4vaihtoehtojen, kuten Bluetoothin ja USB:n, kanssa tekee siit\u00e4 monipuolisen valinnan nykyaikaisiin maksusovelluksiin.<\/p>\n<p><iframe loading=\"lazy\" title=\"CR100 EMV NFC-lukija\" width=\"1020\" height=\"574\" src=\"https:\/\/www.youtube.com\/embed\/oXxrfqKoQoM?feature=oembed\" frameborder=\"0\" allow=\"accelerometer; autoplay; clipboard-write; encrypted-media; gyroscope; picture-in-picture; web-share\" referrerpolicy=\"strict-origin-when-cross-origin\" allowfullscreen><\/iframe><\/p>\n<table width=\"730\">\n<tbody>\n<tr>\n<td width=\"336\">EMV-kortinlukija<\/td>\n<td width=\"394\">EMV\/PBOC-sirukortinlukija, ISO 7816 -yhteensopiva luokka A, B, C<\/td>\n<\/tr>\n<tr>\n<td width=\"336\">NFC-lukija<\/td>\n<td width=\"394\">EMV kontaktiton, ISO 14443A\/B<\/td>\n<\/tr>\n<tr>\n<td width=\"336\">Viestint\u00e4<\/td>\n<td width=\"394\">Bluetooth\u00ae v3.0, Bluetooth\u00ae v4.0 ja USB<\/td>\n<\/tr>\n<tr>\n<td width=\"336\">Ilmaisin<\/td>\n<td width=\"394\">LED-tilan merkkivalo ja summeri<\/td>\n<\/tr>\n<tr>\n<td rowspan=\"3\" width=\"336\">Avainten hallinta<\/td>\n<td width=\"394\">DUKPT<\/td>\n<\/tr>\n<tr>\n<td width=\"394\">Kiinte\u00e4 avain<\/td>\n<\/tr>\n<tr>\n<td width=\"394\">MK\/SK<\/td>\n<\/tr>\n<tr>\n<td rowspan=\"5\" width=\"336\">Salausalgoritmi<\/td>\n<td width=\"394\">DES<\/td>\n<\/tr>\n<tr>\n<td width=\"394\">3DES<\/td>\n<\/tr>\n<tr>\n<td width=\"394\">AES<\/td>\n<\/tr>\n<tr>\n<td width=\"394\">RSA<\/td>\n<\/tr>\n<tr>\n<td width=\"394\">SHA-256<\/td>\n<\/tr>\n<tr>\n<td rowspan=\"4\" width=\"336\">Tuettu k\u00e4ytt\u00f6j\u00e4rjestelm\u00e4<\/td>\n<td width=\"394\">Android 2.1 tai uudempi<\/td>\n<\/tr>\n<tr>\n<td width=\"394\">iOS 6.0 tai uudempi<\/td>\n<\/tr>\n<tr>\n<td width=\"394\">Windows Phone 8<\/td>\n<\/tr>\n<tr>\n<td width=\"394\">MS Windows<\/td>\n<\/tr>\n<tr>\n<td rowspan=\"12\" width=\"336\">Sertifikaatit<\/td>\n<td width=\"394\">EMV L1&amp;L2<\/td>\n<\/tr>\n<tr>\n<td width=\"394\">EMV kontaktiton L1<\/td>\n<\/tr>\n<tr>\n<td width=\"394\">PBOC L1&amp;L2<\/td>\n<\/tr>\n<tr>\n<td width=\"394\">MasterCard PayPass<\/td>\n<\/tr>\n<tr>\n<td width=\"394\">Visa PayWave<\/td>\n<\/tr>\n<tr>\n<td width=\"394\">VISA valmis<\/td>\n<\/tr>\n<tr>\n<td width=\"394\">PCI-PTS 5.x ja SRED<\/td>\n<\/tr>\n<tr>\n<td width=\"394\">MasterCard TQM<\/td>\n<\/tr>\n<tr>\n<td width=\"394\">AMEX Pay<\/td>\n<\/tr>\n<tr>\n<td width=\"394\">Bluetooth BQB<\/td>\n<\/tr>\n<tr>\n<td width=\"394\">FCC<\/td>\n<\/tr>\n<tr>\n<td width=\"394\">CE<\/td>\n<\/tr>\n<tr>\n<td width=\"336\">Latausmenetelm\u00e4<\/td>\n<td width=\"394\">Micro USB<\/td>\n<\/tr>\n<tr>\n<td width=\"336\">Akku<\/td>\n<td width=\"394\">Ladattava litiumpolymeeriakku 3,7 V, yli 250 mAh<\/td>\n<\/tr>\n<tr>\n<td width=\"336\">Mitat<\/td>\n<td width=\"394\">66 x 66 x 9,8 mm (LxKxS)<\/td>\n<\/tr>\n<tr>\n<td rowspan=\"2\" width=\"336\">Tarvikkeet<\/td>\n<td width=\"394\">Micro USB kaapeli<\/td>\n<\/tr>\n<tr>\n<td width=\"394\">Lataustelakka<\/td>\n<\/tr>\n<\/tbody>\n<\/table>","protected":false},"excerpt":{"rendered":"<p>CR100 mPOS -laite tarjoaa erinomaisen suorituskyvyn EMV-lukijalla ja RFID-lukijalla, mik\u00e4 varmistaa luotettavan maksujen k\u00e4sittelyn useilla alustoilla.<\/p>","protected":false},"featured_media":2021,"template":"","meta":[],"product_brand":[],"product_cat":[15,45,40],"product_tag":[],"class_list":{"0":"post-2020","1":"product","2":"type-product","3":"status-publish","4":"has-post-thumbnail","6":"product_cat-pos-machine","7":"product_cat-contactless-nfc-reader","8":"product_cat-rfid-nfc-reader","10":"first","11":"instock","12":"shipping-taxable","13":"product-type-simple"},"_links":{"self":[{"href":"https:\/\/nfc-readers.com\/fi\/wp-json\/wp\/v2\/product\/2020","targetHints":{"allow":["GET"]}}],"collection":[{"href":"https:\/\/nfc-readers.com\/fi\/wp-json\/wp\/v2\/product"}],"about":[{"href":"https:\/\/nfc-readers.com\/fi\/wp-json\/wp\/v2\/types\/product"}],"wp:featuredmedia":[{"embeddable":true,"href":"https:\/\/nfc-readers.com\/fi\/wp-json\/wp\/v2\/media\/2021"}],"wp:attachment":[{"href":"https:\/\/nfc-readers.com\/fi\/wp-json\/wp\/v2\/media?parent=2020"}],"wp:term":[{"taxonomy":"product_brand","embeddable":true,"href":"https:\/\/nfc-readers.com\/fi\/wp-json\/wp\/v2\/product_brand?post=2020"},{"taxonomy":"product_cat","embeddable":true,"href":"https:\/\/nfc-readers.com\/fi\/wp-json\/wp\/v2\/product_cat?post=2020"},{"taxonomy":"product_tag","embeddable":true,"href":"https:\/\/nfc-readers.com\/fi\/wp-json\/wp\/v2\/product_tag?post=2020"}],"curies":[{"name":"wp","href":"https:\/\/api.w.org\/{rel}","templated":true}]}}