{"id":2027,"date":"2024-04-19T13:31:13","date_gmt":"2024-04-19T13:31:13","guid":{"rendered":"https:\/\/nfc-readers.com\/?post_type=product&#038;p=2027"},"modified":"2024-09-29T07:26:17","modified_gmt":"2024-09-29T07:26:17","slug":"d60-smart-pos","status":"publish","type":"product","link":"https:\/\/nfc-readers.com\/fi\/ic-reader\/d60-smart-pos\/","title":{"rendered":"D60 Smart POS"},"content":{"rendered":"<h1>D60 Smart POS<\/h1>\n<p>Esittelyss\u00e4 Smart POS D60, uusin lippulaiva Android POS-koneemme. Tilava 6,5 tuuman kosketusn\u00e4ytt\u00f6 ja salamannopea tulostusnopeus tarjoavat mukaansatempaavan k\u00e4ytt\u00f6kokemuksen ja tehokkaan tapahtumien k\u00e4sittelyn. Sen ergonominen muotoilu varmistaa mukavan otteen, kun taas integroitu kamera mahdollistaa nopean QR-koodin skannauksen saumattomia maksuja varten. Taskuyst\u00e4v\u00e4llinen ja pitk\u00e4ik\u00e4inen D60 on luotettava kumppanisi koko p\u00e4iv\u00e4n. Koe k\u00e4ytt\u00f6mukavuuden ja innovaation uusi taso Smart POS D60:n avulla.<\/p>\n<table width=\"589\">\n<tbody>\n<tr>\n<td width=\"177\">OS<\/td>\n<td width=\"412\">Android 11<\/td>\n<\/tr>\n<tr>\n<td width=\"177\"><\/td>\n<td width=\"412\">Sovellussuoritin: 4*A53@ 2.0GHz<\/td>\n<\/tr>\n<tr>\n<td width=\"177\">Prosessori<\/td>\n<td width=\"412\">Suojaussuoritin: 32-bittinen ARM 192 MHz<\/td>\n<\/tr>\n<tr>\n<td width=\"177\">Muisti<\/td>\n<td width=\"412\">1 Gt LPDDR3, 16 Gt eMMC<\/td>\n<\/tr>\n<tr>\n<td width=\"177\"><\/td>\n<td width=\"412\">6,5 tuuman 1600*720 TFT IPS-n\u00e4ytt\u00f6<\/td>\n<\/tr>\n<tr>\n<td width=\"177\">N\u00e4ytt\u00f6<\/td>\n<td width=\"412\">Kosketusn\u00e4ytt\u00f6<\/td>\n<\/tr>\n<tr>\n<td width=\"177\"><\/td>\n<td width=\"412\">LTE ja WCDMA ja GSM<\/td>\n<\/tr>\n<tr>\n<td width=\"177\">Viestint\u00e4<\/td>\n<td width=\"412\">Bluetooth 5.0 I WiFi: 802.11 a\/b\/g\/n\/ac, 2,4 GHz &amp; 5G, tukee tukiasemaa<\/td>\n<\/tr>\n<tr>\n<td width=\"177\">Satelliittipaikannus<\/td>\n<td width=\"412\">GPS | A-GPS | GLONASS | BEIDOU<\/td>\n<\/tr>\n<tr>\n<td width=\"177\">Kamera<\/td>\n<td width=\"412\">2M FF pikseli\u00e4<\/td>\n<\/tr>\n<tr>\n<td width=\"177\">Tulostin<\/td>\n<td width=\"412\">Nopea l\u00e4mp\u00f6tulostin I Paperirulla, Leveys: 58mm I Paperirullan halkaisija: 40mm<\/td>\n<\/tr>\n<tr>\n<td width=\"177\">EMV-kortinlukija<\/td>\n<td width=\"412\">EMV\/PBOC-sirukortinlukija, ISO 7816 -yhteensopiva luokka A, B, C<\/td>\n<\/tr>\n<tr>\n<td width=\"177\">NFC-lukija<\/td>\n<td width=\"412\">EMV kontaktiton, ISO 14443A\/B, Mifare<\/td>\n<\/tr>\n<tr>\n<td width=\"177\">Magneettiraitakortinlukija<\/td>\n<td width=\"412\">ISO-7811\/7813\/7810<\/td>\n<\/tr>\n<tr>\n<td width=\"177\">Avainten hallinta<\/td>\n<td width=\"412\">DUKPT, MK\/SK<\/td>\n<\/tr>\n<tr>\n<td width=\"177\">Salausalgoritmi<\/td>\n<td width=\"412\">DES, 3DES, RSA, AES, SHA-256<\/td>\n<\/tr>\n<tr>\n<td width=\"177\"><\/td>\n<td width=\"412\">PCI PTS 6.x SRED<\/td>\n<\/tr>\n<tr>\n<td width=\"177\">Sertifikaatit<\/td>\n<td width=\"412\">EMV L1&amp;L2, Kontaktiton L1<\/td>\n<\/tr>\n<tr>\n<td width=\"177\"><\/td>\n<td width=\"412\">Visa Paywave, MasterCard Paypass, Amex Expresspay, MasterCard TQM CE, FCC, RoHS<\/td>\n<\/tr>\n<tr>\n<td width=\"177\">Sovitin<\/td>\n<td width=\"412\">DC 5V 2A<\/td>\n<\/tr>\n<tr>\n<td width=\"177\">Akku<\/td>\n<td width=\"412\">2500mAh, 7,2V<\/td>\n<\/tr>\n<tr>\n<td width=\"177\"><\/td>\n<td width=\"412\">1 Type-C (OTG)<\/td>\n<\/tr>\n<tr>\n<td width=\"177\">Oheislaitteet<\/td>\n<td width=\"412\">1 Nano SIM + 1 Mini SIM + 1 Mini SAM<\/td>\n<\/tr>\n<tr>\n<td width=\"177\"><\/td>\n<td width=\"412\">1 Micro SD -korttipaikka, tukee jopa 128 Gt<\/td>\n<\/tr>\n<tr>\n<td width=\"177\"><\/td>\n<td width=\"412\">K\u00e4ytt\u00f6l\u00e4mp\u00f6tila (0 \u2103 - + 50 \u2103)<\/td>\n<\/tr>\n<tr>\n<td width=\"177\">Ymp\u00e4rist\u00f6olosuhteet<\/td>\n<td width=\"412\">K\u00e4ytt\u00f6kosteus (5% - 95% ei kondensoituvaa)<\/td>\n<\/tr>\n<tr>\n<td width=\"177\">Mitat<\/td>\n<td width=\"412\">186,4 mm x 79 mm x 54,6\u201325,85 mm, 384 g (sis\u00e4lt\u00e4\u00e4 akun)<\/td>\n<\/tr>\n<tr>\n<td width=\"177\">Vakiovarusteet<\/td>\n<td width=\"412\">1 virtal\u00e4hde, 1 Type-C-kaapeli<\/td>\n<\/tr>\n<\/tbody>\n<\/table>","protected":false},"excerpt":{"rendered":"<p>Tutustu Smart POS D60:een, kompaktiin Android-mPOS:iin, jossa on 6,5 tuuman kosketusn\u00e4ytt\u00f6, nopea QR-koodin skannaus ja RFID-lukija tehokkaaseen asiointiin koko p\u00e4iv\u00e4n.<\/p>","protected":false},"featured_media":2028,"template":"","meta":[],"product_brand":[],"product_cat":[15,45],"product_tag":[],"class_list":{"0":"post-2027","1":"product","2":"type-product","3":"status-publish","4":"has-post-thumbnail","6":"product_cat-pos-machine","7":"product_cat-contactless-nfc-reader","9":"first","10":"instock","11":"shipping-taxable","12":"product-type-simple"},"_links":{"self":[{"href":"https:\/\/nfc-readers.com\/fi\/wp-json\/wp\/v2\/product\/2027","targetHints":{"allow":["GET"]}}],"collection":[{"href":"https:\/\/nfc-readers.com\/fi\/wp-json\/wp\/v2\/product"}],"about":[{"href":"https:\/\/nfc-readers.com\/fi\/wp-json\/wp\/v2\/types\/product"}],"wp:featuredmedia":[{"embeddable":true,"href":"https:\/\/nfc-readers.com\/fi\/wp-json\/wp\/v2\/media\/2028"}],"wp:attachment":[{"href":"https:\/\/nfc-readers.com\/fi\/wp-json\/wp\/v2\/media?parent=2027"}],"wp:term":[{"taxonomy":"product_brand","embeddable":true,"href":"https:\/\/nfc-readers.com\/fi\/wp-json\/wp\/v2\/product_brand?post=2027"},{"taxonomy":"product_cat","embeddable":true,"href":"https:\/\/nfc-readers.com\/fi\/wp-json\/wp\/v2\/product_cat?post=2027"},{"taxonomy":"product_tag","embeddable":true,"href":"https:\/\/nfc-readers.com\/fi\/wp-json\/wp\/v2\/product_tag?post=2027"}],"curies":[{"name":"wp","href":"https:\/\/api.w.org\/{rel}","templated":true}]}}