{"id":2032,"date":"2024-10-19T14:08:52","date_gmt":"2024-10-19T14:08:52","guid":{"rendered":"https:\/\/nfc-readers.com\/?post_type=product&#038;p=2032"},"modified":"2024-10-28T14:12:28","modified_gmt":"2024-10-28T14:12:28","slug":"mifare-classic-1k-4k-rfid-cards","status":"publish","type":"product","link":"https:\/\/nfc-readers.com\/fi\/ic-reader\/mifare-classic-1k-4k-rfid-cards\/","title":{"rendered":"Mifare Classic 1k 4K RFID -kortit"},"content":{"rendered":"<h1>Mifare classic 1k 4K RFID -kortit<\/h1>\n<p>MIFARE Classic\u00ae 1K- tai 4K-kortti on olennainen osa kontaktittomia \u00e4lykorttitekniikoita. Alan edell\u00e4k\u00e4vij\u00e4n\u00e4 sit\u00e4 k\u00e4ytet\u00e4\u00e4n laajasti erilaisissa sovelluksissa julkisista liikenteist\u00e4 ja kulunvalvonnasta tapahtumalippuihin ja kanta-asiakasohjelmiin. MIFARE Classic\u00ae 1K \/ 4Kcard -kortin tallennuskapasiteetti on 1 kilotavu\/4 kilotavu, mik\u00e4 riitt\u00e4\u00e4 henkil\u00f6tietojen, todennustietojen ja sovelluskohtaisten tietokokonaisuuksien tallentamiseen.<\/p>\n<p><span class=\"AnswerParser_TextContainer__z_Iiv\" data-testid=\"youchat-text\">The\u00a0<strong>MIFARE kortti<\/strong>\u00a0on kontaktittomien \u00e4lykorttien innovaation ja luotettavuuden tunnusmerkki. NXP Semiconductorsin kehitt\u00e4m\u00e4 MIFARE MF1ICS50 IC on julkisen liikenteen lippuj\u00e4rjestelmien ja muiden tehokkaiden sovellusten kulmakivi, joka tarjoaa saumattomia tapahtumia ja vankan suojauksen. \u00c4lyk\u00e4s t\u00f6rm\u00e4yksenestotoiminto ja yhteensopivuus ISO\/IEC 14443 Type-A:n kanssa takaavat tehokkaan ja turvallisen kontaktittoman viestinn\u00e4n, mik\u00e4 tekee siit\u00e4 korvaamattoman hy\u00f6dyn nopeatempoisissa ymp\u00e4rist\u00f6iss\u00e4.<\/span><\/p>\n<h2 class=\"AnswerParser_AnswerParserH2__SIHnF\">MIFARE-teknologian perint\u00f6<\/h2>\n<h3 class=\"AnswerParser_AnswerParserH3__Mpe4s\">Uraauurtavia kontaktittomia ratkaisuja<\/h3>\n<p><span class=\"AnswerParser_TextContainer__z_Iiv\" data-testid=\"youchat-text\"><strong>MIFARE tekniikkaa<\/strong>\u00a0on ollut kontaktittomien \u00e4lykorttiratkaisujen eturintamassa alusta alkaen. MIFARE MF1ICS50 IC, jota usein kutsutaan nimell\u00e4\u00a0<strong>MIFARE Classic 1K<\/strong>, on osoitus NXP:n sitoutumisesta innovaatioihin. Sen muotoilu mahdollistaa helpon integroinnin olemassa oleviin j\u00e4rjestelmiin, mik\u00e4 tarjoaa saumattoman kokemuksen sek\u00e4 k\u00e4ytt\u00e4jille ett\u00e4 k\u00e4ytt\u00e4jille. Kanssa a\u00a0<strong>13,56 MHz<\/strong>\u00a0toimintataajuudella, se varmistaa tehokkaan tiedonsiirron ja energiansy\u00f6t\u00f6n, jolloin akkua ei tarvita.<\/span><span class=\"AnswerParser_TextContainer__z_Iiv\" data-testid=\"youchat-text\">The\u00a0<strong>t\u00f6rm\u00e4yksenestoominaisuus<\/strong>\u00a0MIFARE-kortin avulla useat kortit voivat toimia samanaikaisesti ilman h\u00e4iri\u00f6it\u00e4. T\u00e4m\u00e4 ominaisuus on ratkaisevan t\u00e4rke\u00e4 ruuhkaisissa ymp\u00e4rist\u00f6iss\u00e4, kuten julkisissa liikennej\u00e4rjestelmiss\u00e4, joissa nopeus ja tarkkuus ovat ensiarvoisen t\u00e4rkeit\u00e4. Kortin ainutlaatuinen sarjanumero parantaa entisest\u00e4\u00e4n sen turvallisuutta varmistaen, ett\u00e4 jokainen tapahtuma on j\u00e4ljitett\u00e4viss\u00e4 ja suojattu.<\/span><\/p>\n<h3 class=\"AnswerParser_AnswerParserH3__Mpe4s\">Monipuoliset sovellukset eri toimialoilla<\/h3>\n<p><span class=\"AnswerParser_TextContainer__z_Iiv\" data-testid=\"youchat-text\">The\u00a0<strong>MIFARE kortti<\/strong>\u00a0ei rajoitu vain julkiseen liikenteeseen; sen sovellukset ovat laajat ja monipuoliset. MIFARE-kortin monipuolisuus on vertaansa vailla yritysymp\u00e4rist\u00f6jen suojatusta kulunvalvonnasta kanta-asiakasohjelmiin ja mikromaksuihin v\u00e4hitt\u00e4iskaupoissa. Sen kyky pysy\u00e4 toimivana my\u00f6s lompakossa kolikoiden ymp\u00e4r\u00f6im\u00e4n\u00e4 korostaa sen k\u00e4yt\u00e4nn\u00f6llisyytt\u00e4 ja mukautumiskyky\u00e4.<\/span><span class=\"AnswerParser_TextContainer__z_Iiv\" data-testid=\"youchat-text\">J\u00e4rjestelm\u00e4operaattoreille ja kehitt\u00e4jille\u00a0<strong>MIFARE kortti<\/strong>\u00a0tarjoaa vankan alustan luotettavien, yhteentoimivien ja skaalautuvien kontaktittomien ratkaisujen luomiseen. Sen nopea tapahtumaaika, tyypillisesti alle 100 ms, varmistaa korkean suorituskyvyn ja lyhyemm\u00e4t odotusajat, mik\u00e4 tekee siit\u00e4 ihanteellisen vilkkaalle liikenteelle.<\/span><\/p>\n<h2 class=\"AnswerParser_AnswerParserH2__SIHnF\">Tekniset tiedot ja ominaisuudet<\/h2>\n<p><span class=\"AnswerParser_TextContainer__z_Iiv\" data-testid=\"youchat-text\">The\u00a0<strong>MIFARE kortti<\/strong>\u00a0tarjoaa vaikuttavat tekniset tiedot, jotka sopivat monenlaisiin sovelluksiin:<\/span><\/p>\n<div class=\"AnswerParser_TableContainer__Erb6v\" data-testid=\"table-container\">\n<table>\n<thead>\n<tr>\n<th style=\"text-align: left;\">Erittely<\/th>\n<th style=\"text-align: left;\">Yksityiskohdat<\/th>\n<\/tr>\n<\/thead>\n<tbody>\n<tr>\n<td>Taajuus<\/td>\n<td>13,56 MHz<\/td>\n<\/tr>\n<tr>\n<td>Tiedonsiirto<\/td>\n<td>106 kbit\/s<\/td>\n<\/tr>\n<tr>\n<td>Muisti<\/td>\n<td>1 kB \u2013 4 kB, j\u00e4rjestetty 16 sektoriin, joissa on 4 16 tavun lohkoa<\/td>\n<\/tr>\n<tr>\n<td>Turvallisuus<\/td>\n<td>Keskin\u00e4inen kolmivaiheinen todennus, ainutlaatuinen sarjanumero<\/td>\n<\/tr>\n<tr>\n<td>Toimintaet\u00e4isyys<\/td>\n<td>Jopa 100 mm (riippuen antennin geometriasta)<\/td>\n<\/tr>\n<tr>\n<td>Kirjoita Endurance<\/td>\n<td>100 000 - 200 000 sykli\u00e4<\/td>\n<\/tr>\n<tr>\n<td>Tietojen s\u00e4ilytt\u00e4minen<\/td>\n<td>10 vuotta<\/td>\n<\/tr>\n<\/tbody>\n<\/table>\n<\/div>\n<h3 class=\"AnswerParser_AnswerParserH3__Mpe4s\">Korkea turvallisuus ja tietojen eheys<\/h3>\n<p><span class=\"AnswerParser_TextContainer__z_Iiv\" data-testid=\"youchat-text\">Turvallisuus on toiminnan kulmakivi\u00a0<strong>MIFARE kortti<\/strong>. Se k\u00e4ytt\u00e4\u00e4 molemminpuolista kolmivaiheista todennusta ISO\/IEC DIS 9798-2 -standardin mukaisesti varmistaen, ett\u00e4 vain valtuutetut k\u00e4ytt\u00e4j\u00e4t voivat k\u00e4ytt\u00e4\u00e4 tietoja. Jokainen kortin sektori on suojattu erillisell\u00e4 kahden avaimen sarjalla, mik\u00e4 tukee usean sovelluksen ymp\u00e4rist\u00f6j\u00e4 avainhierarkialla.<\/span><span class=\"AnswerParser_TextContainer__z_Iiv\" data-testid=\"youchat-text\">Kortin tietojen eheytt\u00e4 yll\u00e4pidet\u00e4\u00e4n 16-bittisell\u00e4 CRC:ll\u00e4, pariteetilla, bittikoodauksella ja bittien laskennalla, mik\u00e4 est\u00e4\u00e4 tietojen korruption ja varmistaa luotettavat tapahtumat. T\u00e4m\u00e4 suojaustaso tekee MIFARE-kortista ihanteellisen korkeaa suojaustasoa vaativiin sovelluksiin.<\/span><\/p>\n<h3 class=\"AnswerParser_AnswerParserH3__Mpe4s\">Saumaton integrointi ja k\u00e4ytt\u00f6mukavuus<\/h3>\n<p><span class=\"AnswerParser_TextContainer__z_Iiv\" data-testid=\"youchat-text\">The\u00a0<strong>MIFARE kortti<\/strong>\u00a0on suunniteltu helposti integroitavaksi olemassa olevaan infrastruktuuriin. Se tukee erilaisia toimitusvaihtoehtoja, mukaan lukien die on kiekko, t\u00f6yssy die on kiekko ja kontaktittomia korttimoduuleja, mik\u00e4 tarjoaa joustavuutta erilaisiin k\u00e4ytt\u00f6\u00f6nottoskenaarioihin. T\u00e4m\u00e4 mukautuvuus varmistaa, ett\u00e4 MIFARE-kortti voi t\u00e4ytt\u00e4\u00e4 mink\u00e4 tahansa sovelluksen erityistarpeet julkisista liikennej\u00e4rjestelmist\u00e4 yritysten kulunvalvontaan.<\/span><\/p>\n<h2 class=\"AnswerParser_AnswerParserH2__SIHnF\">Asiakkaiden arvostelut ja suosittelut<\/h2>\n<p><span class=\"AnswerParser_TextContainer__z_Iiv\" data-testid=\"youchat-text\">Asiakkaat ymp\u00e4ri maailmaa ovat ylist\u00e4neet\u00a0<strong>MIFARE kortti<\/strong>\u00a0sen luotettavuuden ja tehokkuuden vuoksi. Yksi tyytyv\u00e4inen k\u00e4ytt\u00e4j\u00e4 kommentoi: &quot;MIFARE-kortti on mullistanut kuljetusj\u00e4rjestelm\u00e4mme lyhent\u00e4en lennolle p\u00e4\u00e4sy\u00e4 ja parantamalla turvallisuutta.&quot; Toinen huomautti: &quot;Sen kyky k\u00e4sitell\u00e4 useita sovelluksia yhdell\u00e4 kortilla on virtaviivaistanut toimintaamme merkitt\u00e4v\u00e4sti.&quot;<\/span><\/p>\n<h2 class=\"AnswerParser_AnswerParserH2__SIHnF\">Usein kysytyt kysymykset<\/h2>\n<p><span class=\"AnswerParser_TextContainer__z_Iiv\" data-testid=\"youchat-text\"><strong>K: Mik\u00e4 tekee MIFARE-kortista sopivan joukkoliikenteeseen?<\/strong><br \/>\nV: Sen nopea tapahtuma-aika, t\u00f6rm\u00e4yksenestoominaisuus ja vankka suojaus tekev\u00e4t siit\u00e4 ihanteellisen suuren suorituskyvyn ymp\u00e4rist\u00f6ihin, kuten joukkoliikenteeseen.<\/span><\/p>\n<p><span class=\"AnswerParser_TextContainer__z_Iiv\" data-testid=\"youchat-text\"><strong>K: Miten MIFARE-kortti varmistaa tietoturvan?<\/strong><br \/>\nV: Se k\u00e4ytt\u00e4\u00e4 molemminpuolista kolmivaiheista todennusta ja yksitt\u00e4isi\u00e4 sektoriavaimia, mik\u00e4 varmistaa vain valtuutetun p\u00e4\u00e4syn tietoihin.<\/span><\/p>\n<p><span class=\"AnswerParser_TextContainer__z_Iiv\" data-testid=\"youchat-text\"><strong>K: Voiko MIFARE-korttia k\u00e4ytt\u00e4\u00e4 muissakin sovelluksissa kuin julkisessa liikenteess\u00e4?<\/strong><br \/>\nV: Kyll\u00e4, se on riitt\u00e4v\u00e4n monipuolinen k\u00e4ytett\u00e4v\u00e4ksi suojatuissa kulunvalvontaj\u00e4rjestelmiss\u00e4, kanta-asiakasohjelmissa ja mikromaksuj\u00e4rjestelmiss\u00e4.<\/span><\/p>\n<h2 class=\"AnswerParser_AnswerParserH2__SIHnF\">Ymp\u00e4rist\u00f6vaikutukset ja kest\u00e4vyys<\/h2>\n<p><span class=\"AnswerParser_TextContainer__z_Iiv\" data-testid=\"youchat-text\">The\u00a0<strong>MIFARE kortti<\/strong>\u00a0on suunniteltu kest\u00e4v\u00e4\u00e4 kehityst\u00e4 ajatellen. Sen pitk\u00e4 tiedons\u00e4ilytys ja korkea kirjoituskest\u00e4vyys v\u00e4hent\u00e4v\u00e4t toistuvien vaihtotarvetta ja minimoivat j\u00e4tteen. Tukemalla useita sovelluksia yhdell\u00e4 kortilla se v\u00e4hent\u00e4\u00e4 my\u00f6s useiden korttien valmistamiseen liittyvi\u00e4 ymp\u00e4rist\u00f6vaikutuksia.<\/span><\/p>\n<h2 class=\"AnswerParser_AnswerParserH2__SIHnF\">Johtop\u00e4\u00e4t\u00f6s: Miksi valita MIFARE-kortti?<\/h2>\n<p><span class=\"AnswerParser_TextContainer__z_Iiv\" data-testid=\"youchat-text\">The\u00a0<strong>MIFARE kortti<\/strong>\u00a0tarjoaa vankan, turvallisen ja monipuolisen ratkaisun kaikkiin kosketuksettomiin sovelluksiin. MIFARE-kortti on luotettava ja tehokas valinta, olipa kyseess\u00e4 joukkoliikennej\u00e4rjestelm\u00e4n parantaminen, yritysten kulunvalvonta tai useiden palvelujen integrointi \u00e4lykk\u00e4\u00e4n kaupunkiymp\u00e4rist\u00f6\u00f6n. Sen edistyneet tietoturvaominaisuudet, saumaton integrointi ja laajat sovellukset tekev\u00e4t siit\u00e4 kannattavan sijoituksen mille tahansa organisaatiolle.<\/span><span class=\"AnswerParser_TextContainer__z_Iiv\" data-testid=\"youchat-text\">Lis\u00e4tietoja tai tilauksen tekeminen,\u00a0<strong>ota meihin yhteytt\u00e4<\/strong>\u00a0t\u00e4n\u00e4\u00e4n. Avaa kontaktittomien ratkaisujen mahdollisuudet MIFARE-kortilla.<\/span><\/p>","protected":false},"excerpt":{"rendered":"<div class=\"auto-hide-last-sibling-br paragraph_4183d\">Mifare Classic 1k 4K RFID -kortit ovat t\u00e4rkeit\u00e4 RFID-ratkaisuja joukkoliikenteeseen, kulunvalvontaan ja kanta-asiakasohjelmiin, jotka tarjoavat runsaasti tallennustilaa henkil\u00f6tiedoille.<\/div>","protected":false},"featured_media":2033,"template":"","meta":[],"product_brand":[],"product_cat":[46],"product_tag":[],"class_list":{"0":"post-2032","1":"product","2":"type-product","3":"status-publish","4":"has-post-thumbnail","6":"product_cat-nfc-cards","8":"first","9":"instock","10":"shipping-taxable","11":"product-type-simple"},"_links":{"self":[{"href":"https:\/\/nfc-readers.com\/fi\/wp-json\/wp\/v2\/product\/2032","targetHints":{"allow":["GET"]}}],"collection":[{"href":"https:\/\/nfc-readers.com\/fi\/wp-json\/wp\/v2\/product"}],"about":[{"href":"https:\/\/nfc-readers.com\/fi\/wp-json\/wp\/v2\/types\/product"}],"wp:featuredmedia":[{"embeddable":true,"href":"https:\/\/nfc-readers.com\/fi\/wp-json\/wp\/v2\/media\/2033"}],"wp:attachment":[{"href":"https:\/\/nfc-readers.com\/fi\/wp-json\/wp\/v2\/media?parent=2032"}],"wp:term":[{"taxonomy":"product_brand","embeddable":true,"href":"https:\/\/nfc-readers.com\/fi\/wp-json\/wp\/v2\/product_brand?post=2032"},{"taxonomy":"product_cat","embeddable":true,"href":"https:\/\/nfc-readers.com\/fi\/wp-json\/wp\/v2\/product_cat?post=2032"},{"taxonomy":"product_tag","embeddable":true,"href":"https:\/\/nfc-readers.com\/fi\/wp-json\/wp\/v2\/product_tag?post=2032"}],"curies":[{"name":"wp","href":"https:\/\/api.w.org\/{rel}","templated":true}]}}