{"id":2038,"date":"2024-04-19T14:36:49","date_gmt":"2024-04-19T14:36:49","guid":{"rendered":"https:\/\/nfc-readers.com\/?post_type=product&#038;p=2038"},"modified":"2024-09-29T07:24:42","modified_gmt":"2024-09-29T07:24:42","slug":"d20-smart-mpos","status":"publish","type":"product","link":"https:\/\/nfc-readers.com\/fi\/ic-reader\/d20-smart-mpos\/","title":{"rendered":"D20 \u00e4lyk\u00e4s MPS"},"content":{"rendered":"<h1>D20 \u00e4lyk\u00e4s MPS<\/h1>\n<div class=\"p\">Ergonominen Android smart POS, joka sopii t\u00e4ydellisesti k\u00e4teen. 4 tuuman kosketusn\u00e4ytt\u00f6, QR-koodinlukija ja laaja valikoima liit\u00e4nt\u00e4vaihtoehtoja toivottavat sinut tervetulleeksi mukavampaan maksukokemukseen.<\/div>\n<div><\/div>\n<div class=\"p_list\">\n<div class=\"span clearfix\">Korkea suorituskyky<\/div>\n<div><\/div>\n<div class=\"span clearfix\">Moniliit\u00e4nt\u00e4: 4G\/3G\/2G\/WIFI\/BT<\/div>\n<div><\/div>\n<div class=\"span clearfix\">T\u00e4ydellinen maksutuki: MSR\/IC\/NFC<\/div>\n<div><\/div>\n<\/div>\n<table width=\"539\">\n<tbody>\n<tr>\n<td width=\"166\">OS<\/td>\n<td width=\"373\">Android 10<\/td>\n<\/tr>\n<tr>\n<td width=\"166\"><\/td>\n<td rowspan=\"2\" width=\"373\">Sovellussuoritin: 4*A53@ 1,8GHz Suojaussuoritin: 32-bittinen ARM 192MHz<\/td>\n<\/tr>\n<tr>\n<td width=\"166\">Prosessori<\/td>\n<\/tr>\n<tr>\n<td rowspan=\"2\" width=\"166\">Muisti<\/td>\n<td width=\"373\">1GB + 16GB<\/td>\n<\/tr>\n<tr>\n<td width=\"373\">2 Gt + 16 Gt (valinnainen)<\/td>\n<\/tr>\n<tr>\n<td width=\"166\"><\/td>\n<td width=\"373\">4,0 tuuman 480*800 TFT IPS-n\u00e4ytt\u00f6<\/td>\n<\/tr>\n<tr>\n<td width=\"166\">N\u00e4ytt\u00f6<\/td>\n<td width=\"373\">Kosketusn\u00e4ytt\u00f6<\/td>\n<\/tr>\n<tr>\n<td width=\"166\"><\/td>\n<td width=\"373\">LTE ja WCDMA ja GSM<\/td>\n<\/tr>\n<tr>\n<td width=\"166\">Viestint\u00e4<\/td>\n<td width=\"373\">Bluetooth 5.0 I WiFi: 802.11 a\/b\/g\/n\/ac, 2,4 GHz &amp; 5G, tukee tukiasemaa<\/td>\n<\/tr>\n<tr>\n<td width=\"166\">Satelliittipaikannus<\/td>\n<td width=\"373\">GPS | A-GPS | GLONASS<\/td>\n<\/tr>\n<tr>\n<td width=\"166\">Kamera<\/td>\n<td width=\"373\">Takana: 0,3M FF-pikseli\u00e4<\/td>\n<\/tr>\n<tr>\n<td width=\"166\">EMV-kortinlukija<\/td>\n<td width=\"373\">EMV L1&amp;L2<\/td>\n<\/tr>\n<tr>\n<td width=\"166\">NFC-lukija<\/td>\n<td width=\"373\">EMV Kontaktiton L1<\/td>\n<\/tr>\n<tr>\n<td width=\"166\">Magneettiraitakortinlukija<\/td>\n<td width=\"373\">ISO-7811\/7813\/7810<\/td>\n<\/tr>\n<tr>\n<td width=\"166\"><\/td>\n<td width=\"373\">PCI PTS 5.x SRED<\/td>\n<\/tr>\n<tr>\n<td width=\"166\"><\/td>\n<td width=\"373\">EMV L1&amp;L2, EMV Kontaktiton L1<\/td>\n<\/tr>\n<tr>\n<td width=\"166\">Sertifikaatit<\/td>\n<td width=\"373\">Visa Paywave, MasterCard Paypass, Amex Expresspay Discovery D-PAS, Rupay qSPARC<\/td>\n<\/tr>\n<tr>\n<td width=\"166\"><\/td>\n<td width=\"373\">PCI PIN-suojaus, MasterCard TQM CE, FCC, BQB, RoHS, WEEE<\/td>\n<\/tr>\n<tr>\n<td width=\"166\">Sovitin<\/td>\n<td width=\"373\">DC 5V\/1A<\/td>\n<\/tr>\n<tr>\n<td width=\"166\">Akku<\/td>\n<td width=\"373\">4,35 V \/ 2450 mAh<\/td>\n<\/tr>\n<tr>\n<td width=\"166\">Audio<\/td>\n<td width=\"373\">Kaiutin<\/td>\n<\/tr>\n<tr>\n<td width=\"166\"><\/td>\n<td width=\"373\">1 Type-C (OTG)<\/td>\n<\/tr>\n<tr>\n<td width=\"166\">Oheislaitteet<\/td>\n<td width=\"373\">1 Nano SIM + 1 Mini SIM + 1 Mini SAM<\/td>\n<\/tr>\n<tr>\n<td width=\"166\"><\/td>\n<td width=\"373\">1 Micro SD -korttipaikka, tukee jopa 32 Gt<\/td>\n<\/tr>\n<tr>\n<td width=\"166\"><\/td>\n<td width=\"373\">K\u00e4ytt\u00f6l\u00e4mp\u00f6tila: 0\u2103 - +45 \u2103<\/td>\n<\/tr>\n<tr>\n<td width=\"166\">Ymp\u00e4rist\u00f6olosuhteet<\/td>\n<td width=\"373\">Varastointil\u00e4mp\u00f6tila: 0\u2103 - +50 \u2103<\/td>\n<\/tr>\n<tr>\n<td width=\"166\"><\/td>\n<td width=\"373\">Suhteellinen kosteus: 10% - 90% ei kondensoituvaa<\/td>\n<\/tr>\n<tr>\n<td width=\"166\">Mitat<\/td>\n<td width=\"373\">129 mm x 68,5 mm x 17,4 mm, 168 g (sis\u00e4lt\u00e4\u00e4 akun)<\/td>\n<\/tr>\n<\/tbody>\n<\/table>","protected":false},"excerpt":{"rendered":"<p>T\u00e4ss\u00e4 ergonomisessa Android mPOS:ssa on 4 tuuman kosketusn\u00e4ytt\u00f6 ja QR-koodinlukija, mik\u00e4 varmistaa saumattoman maksukokemuksen vahvoilla liit\u00e4nt\u00e4vaihtoehdoilla.<\/p>","protected":false},"featured_media":2039,"template":"","meta":[],"product_brand":[],"product_cat":[15],"product_tag":[],"class_list":{"0":"post-2038","1":"product","2":"type-product","3":"status-publish","4":"has-post-thumbnail","6":"product_cat-pos-machine","8":"first","9":"instock","10":"shipping-taxable","11":"product-type-simple"},"_links":{"self":[{"href":"https:\/\/nfc-readers.com\/fi\/wp-json\/wp\/v2\/product\/2038","targetHints":{"allow":["GET"]}}],"collection":[{"href":"https:\/\/nfc-readers.com\/fi\/wp-json\/wp\/v2\/product"}],"about":[{"href":"https:\/\/nfc-readers.com\/fi\/wp-json\/wp\/v2\/types\/product"}],"wp:featuredmedia":[{"embeddable":true,"href":"https:\/\/nfc-readers.com\/fi\/wp-json\/wp\/v2\/media\/2039"}],"wp:attachment":[{"href":"https:\/\/nfc-readers.com\/fi\/wp-json\/wp\/v2\/media?parent=2038"}],"wp:term":[{"taxonomy":"product_brand","embeddable":true,"href":"https:\/\/nfc-readers.com\/fi\/wp-json\/wp\/v2\/product_brand?post=2038"},{"taxonomy":"product_cat","embeddable":true,"href":"https:\/\/nfc-readers.com\/fi\/wp-json\/wp\/v2\/product_cat?post=2038"},{"taxonomy":"product_tag","embeddable":true,"href":"https:\/\/nfc-readers.com\/fi\/wp-json\/wp\/v2\/product_tag?post=2038"}],"curies":[{"name":"wp","href":"https:\/\/api.w.org\/{rel}","templated":true}]}}