{"id":2046,"date":"2024-04-20T12:17:56","date_gmt":"2024-04-20T12:17:56","guid":{"rendered":"https:\/\/nfc-readers.com\/?post_type=product&#038;p=2046"},"modified":"2024-09-29T07:20:59","modified_gmt":"2024-09-29T07:20:59","slug":"fudan-f08-nfc-card","status":"publish","type":"product","link":"https:\/\/nfc-readers.com\/fi\/ic-reader\/fudan-f08-nfc-card\/","title":{"rendered":"Fudan F08 NFC-kortti"},"content":{"rendered":"<h1>Fudan F08 NFC-kortti<\/h1>\n<p>Fudan F08 NFC -kortti on korkeataajuinen kontaktiton \u00e4lykortti, jonka on kehitt\u00e4nyt Fudan Microelectronics Group, joka sijaitsee Shanghaissa, Kiinassa. Se sis\u00e4lt\u00e4\u00e4 kehittyneit\u00e4 tietoturvatekniikoita ja salausalgoritmeja, jotka tarjoavat turvallisen ja luotettavan henkil\u00f6llisyyden todentamisen ja tiedonsiirron eri sovelluksiin. Fudan F08:aa k\u00e4ytet\u00e4\u00e4n p\u00e4\u00e4asiassa kulunvalvontaj\u00e4rjestelmiss\u00e4, l\u00e4sn\u00e4oloj\u00e4rjestelmiss\u00e4, kuljetuslippuissa, kampuskorteissa ja muissa. Fudan F08 -kortti on yhteensopiva MIFARE Classic\u00ae 1K -kortin sovellusten kanssa, mik\u00e4 tarjoaa k\u00e4ytt\u00e4jille lis\u00e4vaihtoehtoja.<\/p>\n<table width=\"388\">\n<tbody>\n<tr style=\"font-style: inherit; font-weight: inherit;\">\n<td style=\"font-style: inherit;\" width=\"137\">\n<p data-spm-anchor-id=\"a2700.details.0.i74.641d36fcHPDT7G\">Materiaali<\/p>\n<\/td>\n<td style=\"font-style: inherit;\" width=\"251\">PVC, PETG<\/td>\n<\/tr>\n<tr style=\"font-style: inherit; font-weight: inherit;\">\n<td style=\"font-style: inherit;\" width=\"137\">Koko<\/td>\n<td style=\"font-style: inherit;\" width=\"251\">\n<p data-spm-anchor-id=\"a2700.details.0.i69.641d36fcHPDT7G\">CR80 85.5*54mm luottokorttina tai mukautettu koko tai ep\u00e4s\u00e4\u00e4nn\u00f6llinen muoto<\/p>\n<\/td>\n<\/tr>\n<tr style=\"font-style: inherit; font-weight: inherit;\">\n<td style=\"font-style: inherit;\" width=\"137\">Paksuus<\/td>\n<td style=\"font-style: inherit;\" width=\"251\">0,84 mm luottokorttina tai mukautettuna paksuus<\/td>\n<\/tr>\n<tr style=\"font-style: inherit; font-weight: inherit;\">\n<td style=\"font-style: inherit;\" width=\"137\">Tulostus<\/td>\n<td style=\"font-style: inherit;\" width=\"251\">Heidelberg-offsetpaino \/ Pantone-v\u00e4ripaino \/ Silkkipainatus: 100% vastaa asiakkaan toivomaa v\u00e4ri\u00e4 tai n\u00e4yte<\/td>\n<\/tr>\n<tr style=\"font-style: inherit; font-weight: inherit;\">\n<td style=\"font-style: inherit;\" width=\"137\">Pinta<\/td>\n<td style=\"font-style: inherit;\" width=\"251\">Kiilt\u00e4v\u00e4, matta, kimalteleva, metallinen, laser tai peite l\u00e4mp\u00f6tulostimelle tai erikoislakalla Epsonin mustesuihkutulostimelle<\/td>\n<\/tr>\n<tr style=\"font-style: inherit; font-weight: inherit;\">\n<td style=\"font-style: inherit;\" rowspan=\"10\" width=\"137\">Personointi tai erikoisk\u00e4sity\u00f6<\/td>\n<td style=\"font-style: inherit;\" width=\"251\">Magneettiraita: Loco 300oe, Hico 2750oe, 2 tai 3 raitaa, musta\/kulta\/hopea mag<\/td>\n<\/tr>\n<tr>\n<td width=\"251\">Viivakoodi: EAN-13, EAN-128, CODE128, CODE39, QR-viivakoodi jne.<\/td>\n<\/tr>\n<tr>\n<td width=\"251\">Numeroiden tai kirjainten kohokuviointi hopean tai kullan v\u00e4risen\u00e4<\/td>\n<\/tr>\n<tr>\n<td width=\"251\">Metallinen painatus kultaisella tai hopealla taustalla<\/td>\n<\/tr>\n<tr>\n<td width=\"251\">Allekirjoituspaneeli \/ Raaputuspaneeli<\/td>\n<\/tr>\n<tr>\n<td width=\"251\">Laserkaiverrus numerot<\/td>\n<\/tr>\n<tr>\n<td width=\"251\">Kulta\/hopea folioleimaus<\/td>\n<\/tr>\n<tr>\n<td width=\"251\">UV-pistepainatus<\/td>\n<\/tr>\n<tr>\n<td width=\"251\">Pussi py\u00f6re\u00e4 tai soikea reik\u00e4<\/td>\n<\/tr>\n<tr>\n<td width=\"251\">Turvatulostus: hologrammi, OVI-turvatulostus, pistekirjoitus, fluoresoiva laskurin esto, mikrotekstitulostus<\/td>\n<\/tr>\n<tr style=\"font-style: inherit; font-weight: inherit;\">\n<td style=\"font-style: inherit;\" width=\"137\">13.56Mhz siru saatavilla<\/td>\n<td style=\"font-style: inherit;\" width=\"251\">NTAG213, NTAG215, NTAG216 jne.<\/td>\n<\/tr>\n<tr style=\"font-style: inherit; font-weight: inherit;\">\n<td style=\"font-style: inherit;\" rowspan=\"2\" width=\"137\">Sovellukset<\/td>\n<td style=\"font-style: inherit;\" width=\"251\">\n<p data-spm-anchor-id=\"a2700.details.0.i70.641d36fcHPDT7G\">Yritykset, koulu, kerho, mainonta, liikenne, supermarket, pys\u00e4k\u00f6inti, pankki, hallitus, vakuutus, sairaanhoito, edist\u00e4minen,<\/p>\n<\/td>\n<\/tr>\n<tr>\n<td width=\"251\">vierailulla jne.<\/td>\n<\/tr>\n<\/tbody>\n<\/table>","protected":false},"excerpt":{"rendered":"<p>Fudan F08 NFC -siru on turvallinen \u00e4lykortti, joka sopii erinomaisesti kulunvalvontaan ja lipunmyyntiin, ja se on yhteensopiva RFID MIFARE Classic\u00ae 1K -sovellusten kanssa lis\u00e4\u00e4m\u00e4\u00e4n joustavuutta.<\/p>","protected":false},"featured_media":2047,"template":"","meta":[],"product_brand":[],"product_cat":[46],"product_tag":[],"class_list":{"0":"post-2046","1":"product","2":"type-product","3":"status-publish","4":"has-post-thumbnail","6":"product_cat-nfc-cards","8":"first","9":"instock","10":"shipping-taxable","11":"product-type-simple"},"_links":{"self":[{"href":"https:\/\/nfc-readers.com\/fi\/wp-json\/wp\/v2\/product\/2046","targetHints":{"allow":["GET"]}}],"collection":[{"href":"https:\/\/nfc-readers.com\/fi\/wp-json\/wp\/v2\/product"}],"about":[{"href":"https:\/\/nfc-readers.com\/fi\/wp-json\/wp\/v2\/types\/product"}],"wp:featuredmedia":[{"embeddable":true,"href":"https:\/\/nfc-readers.com\/fi\/wp-json\/wp\/v2\/media\/2047"}],"wp:attachment":[{"href":"https:\/\/nfc-readers.com\/fi\/wp-json\/wp\/v2\/media?parent=2046"}],"wp:term":[{"taxonomy":"product_brand","embeddable":true,"href":"https:\/\/nfc-readers.com\/fi\/wp-json\/wp\/v2\/product_brand?post=2046"},{"taxonomy":"product_cat","embeddable":true,"href":"https:\/\/nfc-readers.com\/fi\/wp-json\/wp\/v2\/product_cat?post=2046"},{"taxonomy":"product_tag","embeddable":true,"href":"https:\/\/nfc-readers.com\/fi\/wp-json\/wp\/v2\/product_tag?post=2046"}],"curies":[{"name":"wp","href":"https:\/\/api.w.org\/{rel}","templated":true}]}}