{"id":2062,"date":"2024-04-20T12:54:15","date_gmt":"2024-04-20T12:54:15","guid":{"rendered":"https:\/\/nfc-readers.com\/?post_type=product&#038;p=2062"},"modified":"2024-09-29T05:41:26","modified_gmt":"2024-09-29T05:41:26","slug":"icode-slix2s","status":"publish","type":"product","link":"https:\/\/nfc-readers.com\/fi\/ic-reader\/icode-slix2s\/","title":{"rendered":"ICODE-SLIX SLIX2"},"content":{"rendered":"<h1>ICODE-SLIX SLIX2<\/h1>\n<p>ICODE SLIX ja ICODE SLIX2 ovat NXP Semiconductorsin julkaisemia korkeataajuisia kontaktittomia tunniste-IC-tuotteita, jotka edustavat korkean suorituskyvyn ratkaisuja ISO 15693- ja ISO 18000-3M1 -standardeihin. N\u00e4m\u00e4 sirut on suunniteltu sovelluksiin, kuten kohteiden seurantaan, asiakirjojen hallintaan, varastoon ja v\u00e4\u00e4renn\u00f6sten torjuntaan, ja niit\u00e4 k\u00e4ytet\u00e4\u00e4n laajasti kirjastoissa, kaupallisissa ja teollisuuden aloilla.<\/p>\n<table width=\"360\">\n<tbody>\n<tr style=\"font-style: inherit; font-weight: inherit;\">\n<td style=\"font-style: inherit;\" width=\"123\">\n<p data-spm-anchor-id=\"a2700.details.0.i61.4ab745a6aSRQFL\">Materiaali<\/p>\n<\/td>\n<td style=\"font-style: inherit;\" width=\"237\">Paperi\/PVC\/PET<\/td>\n<\/tr>\n<tr style=\"font-style: inherit; font-weight: inherit;\">\n<td style=\"font-style: inherit;\" width=\"123\">Koko<\/td>\n<td style=\"font-style: inherit;\" width=\"237\">40mm halkaisija<\/td>\n<\/tr>\n<tr style=\"font-style: inherit; font-weight: inherit;\">\n<td style=\"font-style: inherit;\" width=\"123\">Taajuus<\/td>\n<td style=\"font-style: inherit;\" width=\"237\">13,56 MHz<\/td>\n<\/tr>\n<tr style=\"font-style: inherit; font-weight: inherit;\">\n<td style=\"font-style: inherit;\" width=\"123\">Siru<\/td>\n<td style=\"font-style: inherit;\" width=\"237\">ICODE SLIX\/SLIX2<\/td>\n<\/tr>\n<tr style=\"font-style: inherit; font-weight: inherit;\">\n<td style=\"font-style: inherit;\" width=\"123\">Muisti<\/td>\n<td style=\"font-style: inherit;\" width=\"237\">1024\/2048 bitti\u00e4<\/td>\n<\/tr>\n<tr style=\"font-style: inherit; font-weight: inherit;\">\n<td style=\"font-style: inherit;\" width=\"123\">p\u00f6yt\u00e4kirja<\/td>\n<td style=\"font-style: inherit;\" width=\"237\">ISO\/IEC 15693<\/td>\n<\/tr>\n<tr style=\"font-style: inherit; font-weight: inherit;\">\n<td style=\"font-style: inherit;\" width=\"123\">Lue kirjoituskest\u00e4vyys<\/td>\n<td style=\"font-style: inherit;\" width=\"237\">100 000 sykli\u00e4<\/td>\n<\/tr>\n<tr style=\"font-style: inherit; font-weight: inherit;\">\n<td style=\"font-style: inherit;\" width=\"123\">K\u00e4ytt\u00f6l\u00e4mp\u00f6tila<\/td>\n<td style=\"font-style: inherit;\" width=\"237\">-25 \u00b0C \/ +70 \u00b0C<\/td>\n<\/tr>\n<tr style=\"font-style: inherit; font-weight: inherit;\">\n<td style=\"font-style: inherit;\" width=\"123\">Tulostus<\/td>\n<td style=\"font-style: inherit;\" width=\"237\">Mukautettu logotulostus<\/td>\n<\/tr>\n<tr style=\"font-style: inherit; font-weight: inherit;\">\n<td style=\"font-style: inherit;\" width=\"123\">Ty\u00f6tila<\/td>\n<td style=\"font-style: inherit;\" width=\"237\">Passiivinen, kontaktiton<\/td>\n<\/tr>\n<\/tbody>\n<\/table>\n<p><img loading=\"lazy\" decoding=\"async\" class=\"alignnone wp-image-2067\" src=\"https:\/\/nfc-readers.com\/wp-content\/uploads\/2024\/04\/Habf384e249ce42a1ba91b700a11d3180t-300x202.jpg\" alt=\"\" width=\"432\" height=\"291\" srcset=\"https:\/\/nfc-readers.com\/wp-content\/uploads\/2024\/04\/Habf384e249ce42a1ba91b700a11d3180t-300x202.jpg 300w, https:\/\/nfc-readers.com\/wp-content\/uploads\/2024\/04\/Habf384e249ce42a1ba91b700a11d3180t-768x517.jpg 768w, https:\/\/nfc-readers.com\/wp-content\/uploads\/2024\/04\/Habf384e249ce42a1ba91b700a11d3180t-600x404.jpg 600w, https:\/\/nfc-readers.com\/wp-content\/uploads\/2024\/04\/Habf384e249ce42a1ba91b700a11d3180t.jpg 1000w\" sizes=\"auto, (max-width: 432px) 100vw, 432px\" \/><\/p>\n<p><img loading=\"lazy\" decoding=\"async\" class=\"alignnone wp-image-2068\" src=\"https:\/\/nfc-readers.com\/wp-content\/uploads\/2024\/04\/H5353f0e627eb4c75b0ba8985b00dd1b1S-300x202.jpg\" alt=\"\" width=\"419\" height=\"282\" srcset=\"https:\/\/nfc-readers.com\/wp-content\/uploads\/2024\/04\/H5353f0e627eb4c75b0ba8985b00dd1b1S-300x202.jpg 300w, https:\/\/nfc-readers.com\/wp-content\/uploads\/2024\/04\/H5353f0e627eb4c75b0ba8985b00dd1b1S-1024x689.jpg 1024w, https:\/\/nfc-readers.com\/wp-content\/uploads\/2024\/04\/H5353f0e627eb4c75b0ba8985b00dd1b1S-768x517.jpg 768w, https:\/\/nfc-readers.com\/wp-content\/uploads\/2024\/04\/H5353f0e627eb4c75b0ba8985b00dd1b1S-1536x1034.jpg 1536w, https:\/\/nfc-readers.com\/wp-content\/uploads\/2024\/04\/H5353f0e627eb4c75b0ba8985b00dd1b1S-600x404.jpg 600w, https:\/\/nfc-readers.com\/wp-content\/uploads\/2024\/04\/H5353f0e627eb4c75b0ba8985b00dd1b1S.jpg 1920w\" sizes=\"auto, (max-width: 419px) 100vw, 419px\" \/><\/p>\n<p>&nbsp;<\/p>","protected":false},"excerpt":{"rendered":"<p>NXP:n ICODE SLIX ja SLIX2 ovat korkean suorituskyvyn ISO 15693 -standardin mukaisia RFID-siruja, jotka sopivat ihanteellisesti tuotteiden seurantaan, asiakirjojen hallintaan ja v\u00e4\u00e4renn\u00f6sten torjuntaan.<\/p>","protected":false},"featured_media":2063,"template":"","meta":[],"product_brand":[],"product_cat":[47],"product_tag":[],"class_list":{"0":"post-2062","1":"product","2":"type-product","3":"status-publish","4":"has-post-thumbnail","6":"product_cat-nfc-tags","8":"first","9":"instock","10":"shipping-taxable","11":"product-type-simple"},"_links":{"self":[{"href":"https:\/\/nfc-readers.com\/fi\/wp-json\/wp\/v2\/product\/2062","targetHints":{"allow":["GET"]}}],"collection":[{"href":"https:\/\/nfc-readers.com\/fi\/wp-json\/wp\/v2\/product"}],"about":[{"href":"https:\/\/nfc-readers.com\/fi\/wp-json\/wp\/v2\/types\/product"}],"wp:featuredmedia":[{"embeddable":true,"href":"https:\/\/nfc-readers.com\/fi\/wp-json\/wp\/v2\/media\/2063"}],"wp:attachment":[{"href":"https:\/\/nfc-readers.com\/fi\/wp-json\/wp\/v2\/media?parent=2062"}],"wp:term":[{"taxonomy":"product_brand","embeddable":true,"href":"https:\/\/nfc-readers.com\/fi\/wp-json\/wp\/v2\/product_brand?post=2062"},{"taxonomy":"product_cat","embeddable":true,"href":"https:\/\/nfc-readers.com\/fi\/wp-json\/wp\/v2\/product_cat?post=2062"},{"taxonomy":"product_tag","embeddable":true,"href":"https:\/\/nfc-readers.com\/fi\/wp-json\/wp\/v2\/product_tag?post=2062"}],"curies":[{"name":"wp","href":"https:\/\/api.w.org\/{rel}","templated":true}]}}