{"id":2081,"date":"2024-10-22T01:16:34","date_gmt":"2024-10-22T01:16:34","guid":{"rendered":"https:\/\/nfc-readers.com\/?post_type=product&#038;p=2081"},"modified":"2024-10-28T14:02:37","modified_gmt":"2024-10-28T14:02:37","slug":"mifare-plus-s-2k-4k-rfid-cards","status":"publish","type":"product","link":"https:\/\/nfc-readers.com\/fi\/ic-reader\/mifare-plus-s-2k-4k-rfid-cards\/","title":{"rendered":"\u00a0MIFARE Plus\u00ae S 2k 4k RFID-kortit"},"content":{"rendered":"<h1>\u00a0MIFARE Plus\u00ae S 2k 4k RFID-kortit<\/h1>\n<table style=\"height: 505px;\" width=\"655\">\n<tbody>\n<tr style=\"font-style: inherit; font-weight: inherit;\">\n<td style=\"font-style: inherit;\" width=\"172\">\n<p data-spm-anchor-id=\"a2700.details.0.i71.17213ba4RCuUOM\">Tuote<\/p>\n<\/td>\n<td style=\"font-style: inherit;\" width=\"252\">\u00a0MIFARE Plus\u00ae S 2k 4k RFID-kortti<\/td>\n<\/tr>\n<tr style=\"font-style: inherit; font-weight: inherit;\">\n<td style=\"font-style: inherit;\" width=\"172\">Erikoisominaisuudet<\/td>\n<td style=\"font-style: inherit;\" width=\"252\">Vedenpit\u00e4v\u00e4\/s\u00e4\u00e4nkest\u00e4v\u00e4<\/td>\n<\/tr>\n<tr style=\"font-style: inherit; font-weight: inherit;\">\n<td style=\"font-style: inherit;\" width=\"172\">Viestint\u00e4liittym\u00e4<\/td>\n<td style=\"font-style: inherit;\" width=\"252\">RFID<\/td>\n<\/tr>\n<tr style=\"font-style: inherit; font-weight: inherit;\">\n<td style=\"font-style: inherit;\" width=\"172\">Alkuper\u00e4paikka<\/td>\n<td style=\"font-style: inherit;\" width=\"252\">Guangdong, Kiina<\/td>\n<\/tr>\n<tr style=\"font-style: inherit; font-weight: inherit;\">\n<td style=\"font-style: inherit;\" width=\"172\">Taajuus<\/td>\n<td style=\"font-style: inherit;\" width=\"252\">13,56 MHz<\/td>\n<\/tr>\n<tr style=\"font-style: inherit; font-weight: inherit;\">\n<td style=\"font-style: inherit;\" width=\"172\">Siru<\/td>\n<td style=\"font-style: inherit;\" width=\"252\">MIFARE Plus\u00ae S 2K (MIFARE\u00ae ja MIFARE Plus\u00ae ovat NXP BV:n rekister\u00f6ityj\u00e4 tavaramerkkej\u00e4 ja niit\u00e4 k\u00e4ytet\u00e4\u00e4n lisenssill\u00e4.)<\/td>\n<\/tr>\n<tr style=\"font-style: inherit; font-weight: inherit;\">\n<td style=\"font-style: inherit;\" width=\"172\">Materiaali<\/td>\n<td style=\"font-style: inherit;\" width=\"252\">PVC<\/td>\n<\/tr>\n<tr style=\"font-style: inherit; font-weight: inherit;\">\n<td style=\"font-style: inherit;\" width=\"172\">Sovellus<\/td>\n<td style=\"font-style: inherit;\" width=\"252\">Kulunvalvontaj\u00e4rjestelm\u00e4<\/td>\n<\/tr>\n<tr style=\"font-style: inherit; font-weight: inherit;\">\n<td style=\"font-style: inherit;\" width=\"172\">p\u00f6yt\u00e4kirja<\/td>\n<td style=\"font-style: inherit;\" width=\"252\">ISO 14443A<\/td>\n<\/tr>\n<tr style=\"font-style: inherit; font-weight: inherit;\">\n<td style=\"font-style: inherit;\" width=\"172\">Paksuus<\/td>\n<td style=\"font-style: inherit;\" width=\"252\">0,84 mm \/ r\u00e4\u00e4t\u00e4l\u00f6ity<\/td>\n<\/tr>\n<tr style=\"font-style: inherit; font-weight: inherit;\">\n<td style=\"font-style: inherit;\" width=\"172\">Pintak\u00e4sittely<\/td>\n<td style=\"font-style: inherit;\" width=\"252\">Kiilt\u00e4v\u00e4.himme\u00e4.matta<\/td>\n<\/tr>\n<tr style=\"font-style: inherit; font-weight: inherit;\">\n<td style=\"font-style: inherit;\" width=\"172\">Tulokasitanssi [pF]<\/td>\n<td style=\"font-style: inherit;\" width=\"252\">17\/70 PF<\/td>\n<\/tr>\n<tr style=\"font-style: inherit; font-weight: inherit;\">\n<td style=\"font-style: inherit;\" width=\"172\">Avaimen pituus<\/td>\n<td style=\"font-style: inherit;\" width=\"252\">48-bittinen Crypto-1, 128-bittinen AES<\/td>\n<\/tr>\n<tr style=\"font-style: inherit; font-weight: inherit;\">\n<td style=\"font-style: inherit;\" width=\"172\">Muistin malli<\/td>\n<td style=\"font-style: inherit;\" width=\"252\">Kompakti, sektorit ja 16-tavuiset lohkot<\/td>\n<\/tr>\n<tr style=\"font-style: inherit; font-weight: inherit;\">\n<td style=\"font-style: inherit;\" width=\"172\">NFC-yhteensopivuus<\/td>\n<td style=\"font-style: inherit;\" width=\"252\">NFC-yhteensopiva SL3:ssa<\/td>\n<\/tr>\n<\/tbody>\n<\/table>\n<p>&nbsp;<\/p>\n<p><span class=\"AnswerParser_TextContainer__z_Iiv\" data-testid=\"youchat-text\"><strong>MIFARE Plus\u00ae S 2k 4k RFID-kortit<\/strong>\u00a0ovat alan ratkaisu, jolla voit vied\u00e4 olemassa olevat j\u00e4rjestelm\u00e4si uudelle tasolle. N\u00e4m\u00e4 kortit tarjoavat saumattoman siirtymisen MIFARE Classicista, mik\u00e4 takaa paremman turvallisuuden AES-128-salauksen avulla ja yll\u00e4pit\u00e4\u00e4 yhteensopivuutta nykyisen infrastruktuurisi kanssa. Ylivertaisen tiedon eheyden ja suojatun tiedonsiirron ansiosta ne ovat paras valinta RFID-sovellustesi parantamiseen.<\/span><\/p>\n<h2 class=\"AnswerParser_AnswerParserH2__SIHnF\">Avaa korkean turvallisuuden ratkaisut MIFARE Plus\u00ae S:n avulla<\/h2>\n<p><span class=\"AnswerParser_TextContainer__z_Iiv\" data-testid=\"youchat-text\">The\u00a0<strong>MIFARE Plus\u00ae S 2k 4k RFID-kortit<\/strong>\u00a0erottuu monipuolisena vaihtoehtona organisaatioille, jotka haluavat p\u00e4ivitt\u00e4\u00e4 j\u00e4rjestelmi\u00e4\u00e4n. N\u00e4m\u00e4 turvallisuuteen keskittyv\u00e4t kortit on suunniteltu AES-128-salaukseen, mik\u00e4 varmistaa, ett\u00e4 tietosi pysyv\u00e4t suojattuna luvattomalta k\u00e4yt\u00f6lt\u00e4. Kehittyneiden salausmenetelmien k\u00e4ytt\u00f6 takaa tietojesi eheyden ja luottamuksellisuuden.<\/span><span class=\"AnswerParser_TextContainer__z_Iiv\" data-testid=\"youchat-text\">N\u00e4m\u00e4 \u00e4lykortit ovat yhteensopivia MIFARE Classicin kanssa, mik\u00e4 helpottaa yritysten siirtymist\u00e4 ilman olemassa olevan laitteiston vaihtamista. T\u00e4m\u00e4 yhteensopivuus mahdollistaa kustannustehokkaan p\u00e4ivityksen, joka tarjoaa parannettuja suojausominaisuuksia h\u00e4iritsem\u00e4tt\u00e4 toimintaasi.<\/span><\/p>\n<h3 class=\"AnswerParser_AnswerParserH3__Mpe4s\">Vankka RFID-tekniikka<\/h3>\n<p><span class=\"AnswerParser_TextContainer__z_Iiv\" data-testid=\"youchat-text\">13,56 MHz:n taajuudella\u00a0<strong>MIFARE Plus\u00ae S 2k 4k RFID-kortit<\/strong>\u00a0tarjota luotettavaa ja tehokasta viestint\u00e4\u00e4. Kortit on rakennettu kest\u00e4m\u00e4\u00e4n erilaisia ymp\u00e4rist\u00f6olosuhteita veden- ja s\u00e4\u00e4nkest\u00e4v\u00e4n rakenteensa ansiosta. Ne on valmistettu kest\u00e4v\u00e4st\u00e4 PVC-materiaalista ja ne on suunniteltu pitk\u00e4aikaiseen k\u00e4ytt\u00f6\u00f6n miss\u00e4 tahansa ymp\u00e4rist\u00f6ss\u00e4.<\/span><span class=\"AnswerParser_TextContainer__z_Iiv\" data-testid=\"youchat-text\">N\u00e4iden RFID-korttien kompakti rakenne, jonka paksuus on 0,84 mm, varmistaa helpon integroinnin nykyisiin j\u00e4rjestelmiisi. Niiden mukautettavat pintak\u00e4sittelyvaihtoehdot, mukaan lukien kiilt\u00e4v\u00e4, himme\u00e4 ja mattapinta, tarjoavat lis\u00e4joustavuutta vastaamaan erityisi\u00e4 suunnittelutarpeitasi.<\/span><\/p>\n<h3 class=\"AnswerParser_AnswerParserH3__Mpe4s\">Lis\u00e4suojausominaisuudet<\/h3>\n<p><span class=\"AnswerParser_TextContainer__z_Iiv\" data-testid=\"youchat-text\">Turvallisuus on toiminnan ytimess\u00e4\u00a0<strong>MIFARE Plus\u00ae S 2k 4k RFID-kortit<\/strong>. AES-128-salauksen ansiosta n\u00e4m\u00e4 kortit tarjoavat edistyneen suojan. T\u00e4m\u00e4 salausmenetelm\u00e4 ei vain todenna k\u00e4ytt\u00e4ji\u00e4, vaan my\u00f6s varmistaa tietojen eheyden ja salauksen ja suojaa arkaluonteiset tiedot mahdollisilta uhilta.<\/span><span class=\"AnswerParser_TextContainer__z_Iiv\" data-testid=\"youchat-text\">Kortit tukevat 48-bittisi\u00e4 Crypto-1- ja 128-bittisi\u00e4 AES-avaimia, jotka tarjoavat useita suojaustasoja. T\u00e4m\u00e4 tekee niist\u00e4 ihanteellisia korkeaa suojaustasoa vaativiin sovelluksiin, kuten yritysten kulunvalvontaj\u00e4rjestelmiin, joukkoliikenteeseen ja rahoitustapahtumiin.<\/span><\/p>\n<h3 class=\"AnswerParser_AnswerParserH3__Mpe4s\">Saumaton integrointi ja yhteensopivuus<\/h3>\n<p><span class=\"AnswerParser_TextContainer__z_Iiv\" data-testid=\"youchat-text\">Yksi merkitt\u00e4vist\u00e4 eduista\u00a0<strong>MIFARE Plus\u00ae S 2k 4k RFID-kortit<\/strong>\u00a0on niiden saumaton integrointi olemassa oleviin j\u00e4rjestelmiin. N\u00e4m\u00e4 kortit eiv\u00e4t ole vain yhteensopivia MIFARE Classicin kanssa, vaan my\u00f6s noudattavat ISO 14443A -protokollastandardeja, mik\u00e4 varmistaa sujuvan liitt\u00e4misen nykyiseen infrastruktuuriisi. SL3:n NFC-yhteensopivuus parantaa entisest\u00e4\u00e4n niiden soveltuvuutta monissa ymp\u00e4rist\u00f6iss\u00e4.<\/span><\/p>\n<h3 class=\"AnswerParser_AnswerParserH3__Mpe4s\">Asiakkaiden arvostelut ja suosittelut<\/h3>\n<p><span class=\"AnswerParser_TextContainer__z_Iiv\" data-testid=\"youchat-text\"><strong>Asiakkaat ovat ylist\u00e4neet MIFARE Plus\u00ae S 2k 4k RFID -kortteja<\/strong>\u00a0niiden luotettavuuden ja helppok\u00e4ytt\u00f6isyyden vuoksi. Yksi k\u00e4ytt\u00e4j\u00e4 totesi: &quot;Kullunvalvontaj\u00e4rjestelm\u00e4mme p\u00e4ivitt\u00e4minen n\u00e4ill\u00e4 korteilla oli saumatonta. Parannetut turvaominaisuudet antavat meille mielenrauhaa.&quot; Toinen lis\u00e4si: &quot;Arvostamme n\u00e4iden korttien kest\u00e4vyytt\u00e4 ja tasaista suorituskyky\u00e4 eri ymp\u00e4rist\u00f6iss\u00e4.&quot;<\/span><\/p>\n<h3 class=\"AnswerParser_AnswerParserH3__Mpe4s\">Usein kysytyt kysymykset<\/h3>\n<p><span class=\"AnswerParser_TextContainer__z_Iiv\" data-testid=\"youchat-text\"><strong>K: Miten MIFARE Plus\u00ae S 2k 4k RFID -kortit parantavat turvallisuutta?<\/strong><br \/>\nV: N\u00e4m\u00e4 kortit hy\u00f6dynt\u00e4v\u00e4t AES-128-salausta, mik\u00e4 varmistaa tietojen eheyden ja suojan luvattomalta k\u00e4yt\u00f6lt\u00e4.<\/span><\/p>\n<p><span class=\"AnswerParser_TextContainer__z_Iiv\" data-testid=\"youchat-text\"><strong>K: Ovatko n\u00e4m\u00e4 kortit yhteensopivia olemassa olevien MIFARE Classic -j\u00e4rjestelmien kanssa?<\/strong><br \/>\nV: Kyll\u00e4, ne ovat yhteensopivia MIFARE Classicin kanssa, mik\u00e4 mahdollistaa sujuvan siirtymisen ilman uuden laitteiston tarvetta.<\/span><\/p>\n<p><span class=\"AnswerParser_TextContainer__z_Iiv\" data-testid=\"youchat-text\"><strong>K: Mik\u00e4 on n\u00e4iden RFID-korttien tyypillinen sovellus?<\/strong><br \/>\nV: Ne sopivat erinomaisesti kulunvalvontaj\u00e4rjestelmiin, yritysymp\u00e4rist\u00f6ihin ja korkeaa turvallisuutta vaativiin joukkoliikennej\u00e4rjestelmiin.<\/span><\/p>\n<h3 class=\"AnswerParser_AnswerParserH3__Mpe4s\">Ymp\u00e4rist\u00f6vaikutukset ja kest\u00e4vyys<\/h3>\n<p><span class=\"AnswerParser_TextContainer__z_Iiv\" data-testid=\"youchat-text\">The\u00a0<strong>MIFARE Plus\u00ae S 2k 4k RFID-kortit<\/strong>\u00a0on suunniteltu kest\u00e4v\u00e4\u00e4 kehityst\u00e4 ajatellen. Niiden kest\u00e4v\u00e4 PVC-rakenne takaa tuotteen pitk\u00e4n k\u00e4ytt\u00f6i\u00e4n v\u00e4hent\u00e4en hukkaa ja s\u00e4\u00e4nn\u00f6llist\u00e4 vaihtotarvetta. P\u00e4ivitt\u00e4m\u00e4ll\u00e4 MIFARE Plus -j\u00e4rjestelm\u00e4\u00e4n organisaatiot voivat my\u00f6s minimoida ymp\u00e4rist\u00f6jalanj\u00e4lkens\u00e4 pident\u00e4m\u00e4ll\u00e4 olemassa olevien j\u00e4rjestelmien k\u00e4ytt\u00f6ik\u00e4\u00e4 sen sijaan, ett\u00e4 korvaavat ne kokonaan.<\/span><\/p>\n<h3 class=\"AnswerParser_AnswerParserH3__Mpe4s\">Johtop\u00e4\u00e4t\u00f6s: Miksi valita MIFARE Plus\u00ae S 2k 4k RFID -kortit?<\/h3>\n<p><span class=\"AnswerParser_TextContainer__z_Iiv\" data-testid=\"youchat-text\">The\u00a0<strong>MIFARE Plus\u00ae S 2k 4k RFID-kortit<\/strong>\u00a0tarjoavat t\u00e4ydellisen tasapainon turvallisuuden, yhteensopivuuden ja kest\u00e4vyyden v\u00e4lill\u00e4 kaikille kulunvalvontaj\u00e4rjestelmille. Haluatpa p\u00e4ivitt\u00e4\u00e4 nykyist\u00e4 infrastruktuuriasi tai etsit luotettavaa ratkaisua uusiin asennuksiin, n\u00e4m\u00e4 kortit tarjoavat vankan ja turvallisen vaihtoehdon. Niiden edistyneet salausominaisuudet ja saumaton integrointi tekev\u00e4t niist\u00e4 kannattavan sijoituksen organisaatioille, jotka priorisoivat turvallisuutta ja tehokkuutta.<\/span><span class=\"AnswerParser_TextContainer__z_Iiv\" data-testid=\"youchat-text\">Lis\u00e4tietoja tai tilauksen tekeminen,\u00a0<strong>ota meihin yhteytt\u00e4<\/strong>\u00a0t\u00e4n\u00e4\u00e4n. Avaa seuraavan tason tietoturva ja tehokkuus MIFARE Plus -sovelluksella.<\/span><\/p>","protected":false},"excerpt":{"rendered":"<p>NXP:n MIFARE Plus -kortti on turvallinen RFID-standardien mukainen NFC-siruratkaisu, joka sopii erinomaisesti joukkoliikenteeseen, kulunvalvontaan ja maksusovelluksiin.<\/p>","protected":false},"featured_media":2082,"template":"","meta":[],"product_brand":[],"product_cat":[46],"product_tag":[],"class_list":{"0":"post-2081","1":"product","2":"type-product","3":"status-publish","4":"has-post-thumbnail","6":"product_cat-nfc-cards","8":"first","9":"instock","10":"shipping-taxable","11":"product-type-simple"},"_links":{"self":[{"href":"https:\/\/nfc-readers.com\/fi\/wp-json\/wp\/v2\/product\/2081","targetHints":{"allow":["GET"]}}],"collection":[{"href":"https:\/\/nfc-readers.com\/fi\/wp-json\/wp\/v2\/product"}],"about":[{"href":"https:\/\/nfc-readers.com\/fi\/wp-json\/wp\/v2\/types\/product"}],"wp:featuredmedia":[{"embeddable":true,"href":"https:\/\/nfc-readers.com\/fi\/wp-json\/wp\/v2\/media\/2082"}],"wp:attachment":[{"href":"https:\/\/nfc-readers.com\/fi\/wp-json\/wp\/v2\/media?parent=2081"}],"wp:term":[{"taxonomy":"product_brand","embeddable":true,"href":"https:\/\/nfc-readers.com\/fi\/wp-json\/wp\/v2\/product_brand?post=2081"},{"taxonomy":"product_cat","embeddable":true,"href":"https:\/\/nfc-readers.com\/fi\/wp-json\/wp\/v2\/product_cat?post=2081"},{"taxonomy":"product_tag","embeddable":true,"href":"https:\/\/nfc-readers.com\/fi\/wp-json\/wp\/v2\/product_tag?post=2081"}],"curies":[{"name":"wp","href":"https:\/\/api.w.org\/{rel}","templated":true}]}}