{"id":2089,"date":"2024-04-22T01:36:23","date_gmt":"2024-04-22T01:36:23","guid":{"rendered":"https:\/\/nfc-readers.com\/?post_type=product&#038;p=2089"},"modified":"2024-09-29T05:37:31","modified_gmt":"2024-09-29T05:37:31","slug":"ntags21x","status":"publish","type":"product","link":"https:\/\/nfc-readers.com\/fi\/ic-reader\/ntags21x\/","title":{"rendered":"NFC TAG 213 215 216"},"content":{"rendered":"<h1>NFC TAG 213 215 216<\/h1>\n<p>&nbsp;<\/p>\n<table width=\"326\">\n<tbody>\n<tr style=\"font-style: inherit; font-weight: inherit;\">\n<td style=\"font-style: inherit;\" width=\"120\">\n<p data-spm-anchor-id=\"a2700.details.0.i72.7a3f2684UtmBLe\">Tuote<\/p>\n<\/td>\n<td style=\"font-style: inherit;\" width=\"206\">Mukautettu tulostusohjelmoitava NTAG215 Google Review NFC -kortti<\/td>\n<\/tr>\n<tr style=\"font-style: inherit; font-weight: inherit;\">\n<td style=\"font-style: inherit;\" width=\"120\">Materiaali<\/td>\n<td style=\"font-style: inherit;\" width=\"206\">PVC\/akryyli<\/td>\n<\/tr>\n<tr style=\"font-style: inherit; font-weight: inherit;\">\n<td style=\"font-style: inherit;\" width=\"120\">Koko<\/td>\n<td style=\"font-style: inherit;\" width=\"206\">88,5 mm x 54 mm \/ r\u00e4\u00e4t\u00e4l\u00f6ity<\/td>\n<\/tr>\n<tr style=\"font-style: inherit; font-weight: inherit;\">\n<td style=\"font-style: inherit;\" width=\"120\">Paksuus<\/td>\n<td style=\"font-style: inherit;\" width=\"206\">0,88 mm \/ r\u00e4\u00e4t\u00e4l\u00f6ity<\/td>\n<\/tr>\n<tr style=\"font-style: inherit; font-weight: inherit;\">\n<td style=\"font-style: inherit;\" width=\"120\">Pinta<\/td>\n<td style=\"font-style: inherit;\" width=\"206\">\n<p data-spm-anchor-id=\"a2700.details.0.i73.7a3f2684UtmBLe\">Matta\/kiilt\u00e4v\u00e4\/himme\u00e4<\/p>\n<\/td>\n<\/tr>\n<tr style=\"font-style: inherit; font-weight: inherit;\">\n<td style=\"font-style: inherit;\" width=\"120\">Saatavilla Chip<\/td>\n<td style=\"font-style: inherit;\" width=\"206\">NTAG213\/NTAG215\/NTAG216<\/td>\n<\/tr>\n<tr style=\"font-style: inherit; font-weight: inherit;\">\n<td style=\"font-style: inherit;\" width=\"120\">Sovellus<\/td>\n<td style=\"font-style: inherit;\" width=\"206\">Kulunvalvonta, j\u00e4senten hallinta, yrityskontaktit jne.<\/td>\n<\/tr>\n<\/tbody>\n<\/table>","protected":false},"excerpt":{"rendered":"<p>NXP:n NTAG213, NTAG215 ja NTAG216 NFC-tunnisteet ovat monipuolisia NFC-siruratkaisuja, joita k\u00e4ytet\u00e4\u00e4n RFID-sovelluksissa, kuten markkinoinnissa, tuotteiden todentamisessa ja \u00e4lykk\u00e4iss\u00e4 julisteissa.<\/p>","protected":false},"featured_media":2090,"template":"","meta":[],"product_brand":[],"product_cat":[47],"product_tag":[],"class_list":{"0":"post-2089","1":"product","2":"type-product","3":"status-publish","4":"has-post-thumbnail","6":"product_cat-nfc-tags","8":"first","9":"instock","10":"shipping-taxable","11":"product-type-simple"},"_links":{"self":[{"href":"https:\/\/nfc-readers.com\/fi\/wp-json\/wp\/v2\/product\/2089","targetHints":{"allow":["GET"]}}],"collection":[{"href":"https:\/\/nfc-readers.com\/fi\/wp-json\/wp\/v2\/product"}],"about":[{"href":"https:\/\/nfc-readers.com\/fi\/wp-json\/wp\/v2\/types\/product"}],"wp:featuredmedia":[{"embeddable":true,"href":"https:\/\/nfc-readers.com\/fi\/wp-json\/wp\/v2\/media\/2090"}],"wp:attachment":[{"href":"https:\/\/nfc-readers.com\/fi\/wp-json\/wp\/v2\/media?parent=2089"}],"wp:term":[{"taxonomy":"product_brand","embeddable":true,"href":"https:\/\/nfc-readers.com\/fi\/wp-json\/wp\/v2\/product_brand?post=2089"},{"taxonomy":"product_cat","embeddable":true,"href":"https:\/\/nfc-readers.com\/fi\/wp-json\/wp\/v2\/product_cat?post=2089"},{"taxonomy":"product_tag","embeddable":true,"href":"https:\/\/nfc-readers.com\/fi\/wp-json\/wp\/v2\/product_tag?post=2089"}],"curies":[{"name":"wp","href":"https:\/\/api.w.org\/{rel}","templated":true}]}}