{"id":2109,"date":"2024-04-22T02:26:55","date_gmt":"2024-04-22T02:26:55","guid":{"rendered":"https:\/\/nfc-readers.com\/?post_type=product&#038;p=2109"},"modified":"2024-09-29T01:56:55","modified_gmt":"2024-09-29T01:56:55","slug":"nfc-stickers-ntag213216","status":"publish","type":"product","link":"https:\/\/nfc-readers.com\/fi\/ic-reader\/nfc-stickers-ntag213216\/","title":{"rendered":"NFC-tarrat NTAG213 215 216"},"content":{"rendered":"<h1>NFC-tarrat NTAG213 215 216<\/h1>\n<table width=\"534\">\n<tbody>\n<tr style=\"font-style: inherit; font-weight: inherit;\">\n<td style=\"font-style: inherit;\" width=\"215\">\n<p data-spm-anchor-id=\"a2700.pc-decorate.0.i49.7c5c3333IeSDv6\">kohde<\/p>\n<\/td>\n<td width=\"319\">Spesifiset aineet<\/td>\n<\/tr>\n<tr style=\"font-style: inherit; font-weight: inherit;\">\n<td style=\"font-style: inherit;\" width=\"215\">\n<p data-spm-anchor-id=\"a2700.pc-decorate.0.i22.bd1b3333wXnVY0\">Alkuper\u00e4paikka<\/p>\n<\/td>\n<td width=\"319\">Kiina<\/td>\n<\/tr>\n<tr style=\"font-style: inherit; font-weight: inherit;\">\n<td style=\"font-style: inherit;\" width=\"215\">\n<p data-spm-anchor-id=\"0.0.0.i10.277b4f05XiiaMd\">Sertifiointi<\/p>\n<\/td>\n<td width=\"319\">\n<p data-spm-anchor-id=\"a2700.pc-decorate.0.i10.bd1b3333wXnVY0\">CE\/ROHS<\/p>\n<\/td>\n<\/tr>\n<tr style=\"font-style: inherit; font-weight: inherit;\">\n<td style=\"font-style: inherit;\" width=\"215\">Materiaali<\/td>\n<td width=\"319\">\n<p data-spm-anchor-id=\"a2700.pc-decorate.0.i50.7c5c3333IeSDv6\">PET, p\u00e4\u00e4llystetty paperi, epoksi, l\u00e4mp\u00f6paperi jne.<\/p>\n<\/td>\n<\/tr>\n<tr style=\"font-style: inherit; font-weight: inherit;\">\n<td style=\"font-style: inherit;\" width=\"215\">Siru<\/td>\n<td width=\"319\">\n<p data-spm-anchor-id=\"a2700.pc-decorate.0.i50.bd1b3333wXnVY0\">NTAG 213\/ NTAG 215\/Ntag 216\/Fudan F08 tai mukauta<\/p>\n<\/td>\n<\/tr>\n<tr style=\"font-style: inherit; font-weight: inherit;\">\n<td style=\"font-style: inherit;\" width=\"215\">Taajuus<\/td>\n<td width=\"319\">\n<p data-spm-anchor-id=\"0.0.0.i5.277b4f05QIK8KU\">13,56 MHz<\/p>\n<\/td>\n<\/tr>\n<tr style=\"font-style: inherit; font-weight: inherit;\">\n<td style=\"font-style: inherit;\" width=\"215\">\n<p data-spm-anchor-id=\"a2700.pc-decorate.0.i90.6e273333nK6FqH\">p\u00f6yt\u00e4kirja<\/p>\n<\/td>\n<td width=\"319\">\n<p data-spm-anchor-id=\"a2700.pc-decorate.0.i51.bd1b3333wXnVY0\">ISO 14443A<\/p>\n<\/td>\n<\/tr>\n<tr style=\"font-style: inherit; font-weight: inherit;\">\n<td style=\"font-style: inherit;\" rowspan=\"3\" width=\"215\">Koko<\/td>\n<td width=\"319\">\n<p data-spm-anchor-id=\"a2700.pc-decorate.0.i53.bd1b3333wXnVY0\">Py\u00f6re\u00e4 18,25, 30, 35,40 mm<\/p>\n<\/td>\n<\/tr>\n<tr>\n<td width=\"319\">\n<p data-spm-anchor-id=\"a2700.pc-decorate.0.i53.bd1b3333wXnVY0\">Neli\u00f6 86*54,40*25,55*18,10*20,18*18,30*15<\/p>\n<\/td>\n<\/tr>\n<tr>\n<td width=\"319\">\n<p data-spm-anchor-id=\"a2700.pc-decorate.0.i53.bd1b3333wXnVY0\">tai mukautettu koko<\/p>\n<\/td>\n<\/tr>\n<tr style=\"font-style: inherit; font-weight: inherit;\">\n<td style=\"font-style: inherit;\" width=\"215\">\n<p data-spm-anchor-id=\"0.0.0.i1.277b4f05XiiaMd\">Ominaisuus<\/p>\n<\/td>\n<td width=\"319\">\n<p data-spm-anchor-id=\"a2700.pc-decorate.0.i47.bd1b3333wXnVY0\">ok jakaa tietoja nfc-yhteensopivalla puhelimella, nopeampi ja k\u00e4tev\u00e4mpi kuin tavalliset tunnisteet<\/p>\n<\/td>\n<\/tr>\n<tr style=\"font-style: inherit; font-weight: inherit;\">\n<td style=\"font-style: inherit;\" width=\"215\">\n<p data-spm-anchor-id=\"0.0.0.i8.277b4f05XiiaMd\">N\u00e4yte<\/p>\n<\/td>\n<td width=\"319\">\n<p data-spm-anchor-id=\"a2700.pc-decorate.0.i39.6e273333nK6FqH\">ilmainen saatavilla<\/p>\n<\/td>\n<\/tr>\n<tr style=\"font-style: inherit; font-weight: inherit;\">\n<td style=\"font-style: inherit;\" width=\"215\">\n<p data-spm-anchor-id=\"a2700.pc-decorate.0.i95.6e273333nK6FqH\">Lue et\u00e4isyys<\/p>\n<\/td>\n<td width=\"319\">\n<p data-spm-anchor-id=\"a2700.pc-decorate.0.i89.6e273333nK6FqH\">0-10 cm<\/p>\n<\/td>\n<\/tr>\n<tr style=\"font-style: inherit; font-weight: inherit;\">\n<td style=\"font-style: inherit;\" width=\"215\">\n<p data-spm-anchor-id=\"a2700.pc-decorate.0.i35.6e273333nK6FqH\">Tuotteen nimi<\/p>\n<\/td>\n<td width=\"319\">\n<p data-spm-anchor-id=\"a2700.pc-decorate.0.i12.bd1b3333wXnVY0\">Mukautetut NTAG 213 NFC-tarrat py\u00f6re\u00e4 18 mm tyhj\u00e4 valkoinen etiketti NTAG 213 -tunnisteet toimivat t\u00e4ydellisesti NFC-yhteensopivan matkapuhelimen kanssa<\/p>\n<\/td>\n<\/tr>\n<tr style=\"font-style: inherit; font-weight: inherit;\">\n<td style=\"font-style: inherit;\" rowspan=\"3\" width=\"215\">Personointi<\/td>\n<td style=\"font-style: inherit;\" width=\"319\">-muokattu logo, v\u00e4ripainettu pintapaperille<\/td>\n<\/tr>\n<tr>\n<td width=\"319\">- mukautettu pintamateriaali<\/td>\n<\/tr>\n<tr>\n<td width=\"319\">-muokatut sirulle kirjoitettavat tietotiedot, kuten url (verkkosivusto), sarjanumerot jne.<\/td>\n<\/tr>\n<tr style=\"font-style: inherit; font-weight: inherit;\">\n<td style=\"font-style: inherit;\" rowspan=\"3\" width=\"215\">Sovellus<\/td>\n<td style=\"font-style: inherit;\" width=\"319\">NFC-sosiaalinen media, logistiikka, hallinta, omaisuudenhallinta, toimitusketjun hallinta, ajoneuvojen hallinta, tuotannonohjaus,<\/td>\n<\/tr>\n<tr>\n<td width=\"319\">varastonhallinta, tuotehallinta, tuotevarmennus, omaisuuden seuranta, matkatavaroiden k\u00e4sittelyn seuranta, varastonhallinta,<\/td>\n<\/tr>\n<tr>\n<td width=\"319\">jne.<\/td>\n<\/tr>\n<\/tbody>\n<\/table>\n<p>&nbsp;<\/p>\n<p><img loading=\"lazy\" decoding=\"async\" class=\"alignnone wp-image-2110\" src=\"https:\/\/nfc-readers.com\/wp-content\/uploads\/2024\/04\/H13e28f218c5e4df380794f87c5769ff4e-300x252.jpg\" alt=\"\" width=\"573\" height=\"481\" srcset=\"https:\/\/nfc-readers.com\/wp-content\/uploads\/2024\/04\/H13e28f218c5e4df380794f87c5769ff4e-300x252.jpg 300w, https:\/\/nfc-readers.com\/wp-content\/uploads\/2024\/04\/H13e28f218c5e4df380794f87c5769ff4e-600x503.jpg 600w, https:\/\/nfc-readers.com\/wp-content\/uploads\/2024\/04\/H13e28f218c5e4df380794f87c5769ff4e.jpg 750w\" sizes=\"auto, (max-width: 573px) 100vw, 573px\" \/><\/p>\n<div class=\"J_module\">\n<div class=\"detail-decorate-json-renderer-container\">\n<div class=\"magic-1\">\n<div class=\"magic-2\">\n<div class=\"magic-3\">\n<div class=\"magic-4\">\n<div class=\"magic-5\" data-spm-anchor-id=\"a2700.details.0.i69.2c8dabc3vwGabt\"><b class=\"magic-6\"><span class=\"magic-7\">Mukautetut NTAG 213 NFC-tarrat py\u00f6re\u00e4 18 mm tyhj\u00e4 valkoinen etiketti NTAG 213 -tunnisteet toimivat t\u00e4ydellisesti NFC-yhteensopivan matkapuhelimen kanssa<\/span><\/b><\/div>\n<div>\n<div><\/div>\n<\/div>\n<\/div>\n<\/div>\n<\/div>\n<\/div>\n<\/div>\n<\/div>\n<div class=\"J_module\">\n<div class=\"detail-decorate-json-renderer-container\">\n<div class=\"magic-1\">\n<div class=\"magic-2\">\n<div class=\"magic-3\">\n<div class=\"magic-4\"><b><span class=\"magic-8\">Mik\u00e4 on NFC-tunniste ja miten se toimii <\/span><\/b><br \/>\nNFC, Near Field Communication, tunnisteet ovat pieni\u00e4 integroituja piirej\u00e4, jotka on suunniteltu tallentamaan tietoja, jotka voidaan hakea<br \/>\nNFC-yhteensopivat laitteet, kuten \u00e4lypuhelimet ja tabletit. Ne ovat pieni\u00e4, py\u00f6reit\u00e4 tai neli\u00f6n muotoisia tarroja ja ovat suunnilleen suuren kolikon kokoisia. N\u00e4m\u00e4 pienet langattoman teknologian tarrat mahdollistavat my\u00f6s tiedonsiirron kahden NFC-yhteensopivan laitteen v\u00e4lill\u00e4.<\/p>\n<div>\n<div>NFC-tunnisteilla voi olla eri muistikapasiteetti; voit tallentaa puhelinnumeron tai URL-osoitteen (verkko-osoitteen) ja suojauksen lis\u00e4\u00e4miseksi NFC-tunnisteet voidaan lukita niin, ett\u00e4 kun tiedot on kirjoitettu, niit\u00e4 ei voi muuttaa. Ne voidaan kuitenkin koodata uudelleen useita kertoja, kunnes ne lukitaan, ja kun ne on lukittu, NFC-tunnisteita ei voi avata.<\/div>\n<div><\/div>\n<div>Jos haluat k\u00e4ytt\u00e4\u00e4 NFC-tunnisteita, sinun on joko napautettava tarraa NFC-yhteensopivalla laitteella tai sinun on tuotava laite riitt\u00e4v\u00e4n l\u00e4helle (ehk\u00e4 tuuman et\u00e4isyydelle toisistaan), jotta laite suorittaa ohjelmoidun hintatarjouksen.<\/div>\n<\/div>\n<\/div>\n<\/div>\n<\/div>\n<\/div>\n<\/div>\n<\/div>\n<div class=\"J_module\">\n<div class=\"detail-decorate-json-renderer-container\">\n<div class=\"magic-1\">\n<div class=\"magic-2\">\n<div class=\"magic-3\">\n<div class=\"magic-4\"><span class=\"magic-9\"><span class=\"magic-10\"><b>13,56 MHz rfid-tunniste, nfc-tunniste on helppo tehd\u00e4 ohjelmoitava, kuten URL-koodattu, jotta se voi toimia Andriod\/IOS-\u00e4lypuhelimen kanssa NFC:ll\u00e4.<br \/>\nKun NFC-tunniste sulkeutuu NFC-asentoon \u00e4lypuhelimessa, ohjelmoitu verkkosivustolinkki ilmestyy v\u00e4litt\u00f6m\u00e4sti. Sit\u00e4 k\u00e4ytet\u00e4\u00e4n p\u00e4\u00e4asiassa monissa sovelluksissa, kuten k\u00e4yntikortissa, yrityksen promootiossa, \u00e4lykk\u00e4\u00e4ss\u00e4 julisteessa, tapahtumalippujen myynniss\u00e4, teollisessa k\u00e4yt\u00f6ss\u00e4 jne.<\/b><\/span><\/span><\/p>\n<div><b><span class=\"magic-9\">\u00a0<\/span><\/b><\/div>\n<div><span class=\"magic-10\"><b class=\"magic-9\">Ominaisuutemme:<br \/>\n<\/b><span class=\"magic-11\" style=\"font-family: Arial;\">1. R\u00e4\u00e4t\u00e4l\u00f6ity<br \/>\n2. Nopea toimitusnopeus<br \/>\n3.RFID-tunnisteen rakenne: RFID-siru + RFID-antenni + pintamateriaalit<br \/>\n4. Ammattimainen RFID-tuotteiden toimittaja<\/span><\/span><\/div>\n<\/div>\n<\/div>\n<\/div>\n<\/div>\n<\/div>\n<\/div>\n<p>&nbsp;<\/p>\n<p>&nbsp;<\/p>","protected":false},"excerpt":{"rendered":"<p>Kompaktit NFC-tarrat, joissa on NTAG213 215 216 -siruja, mahdollistavat \u00e4lykk\u00e4\u00e4n mainonnan, tuotteiden todennuksen ja nopean pariliitoksen, mik\u00e4 tekee RFID-ratkaisuista helppok\u00e4ytt\u00f6isi\u00e4 ja tehokkaita.<\/p>","protected":false},"featured_media":2111,"template":"","meta":[],"product_brand":[],"product_cat":[48],"product_tag":[],"class_list":{"0":"post-2109","1":"product","2":"type-product","3":"status-publish","4":"has-post-thumbnail","6":"product_cat-nfc-stickers","8":"first","9":"instock","10":"shipping-taxable","11":"product-type-simple"},"_links":{"self":[{"href":"https:\/\/nfc-readers.com\/fi\/wp-json\/wp\/v2\/product\/2109","targetHints":{"allow":["GET"]}}],"collection":[{"href":"https:\/\/nfc-readers.com\/fi\/wp-json\/wp\/v2\/product"}],"about":[{"href":"https:\/\/nfc-readers.com\/fi\/wp-json\/wp\/v2\/types\/product"}],"wp:featuredmedia":[{"embeddable":true,"href":"https:\/\/nfc-readers.com\/fi\/wp-json\/wp\/v2\/media\/2111"}],"wp:attachment":[{"href":"https:\/\/nfc-readers.com\/fi\/wp-json\/wp\/v2\/media?parent=2109"}],"wp:term":[{"taxonomy":"product_brand","embeddable":true,"href":"https:\/\/nfc-readers.com\/fi\/wp-json\/wp\/v2\/product_brand?post=2109"},{"taxonomy":"product_cat","embeddable":true,"href":"https:\/\/nfc-readers.com\/fi\/wp-json\/wp\/v2\/product_cat?post=2109"},{"taxonomy":"product_tag","embeddable":true,"href":"https:\/\/nfc-readers.com\/fi\/wp-json\/wp\/v2\/product_tag?post=2109"}],"curies":[{"name":"wp","href":"https:\/\/api.w.org\/{rel}","templated":true}]}}