{"id":2117,"date":"2024-04-22T02:40:43","date_gmt":"2024-04-22T02:40:43","guid":{"rendered":"https:\/\/nfc-readers.com\/?post_type=product&#038;p=2117"},"modified":"2024-09-24T06:42:23","modified_gmt":"2024-09-24T06:42:23","slug":"nfc-wet-inlay-ntag213216","status":"publish","type":"product","link":"https:\/\/nfc-readers.com\/fi\/ic-reader\/nfc-wet-inlay-ntag213216\/","title":{"rendered":"NFC kuiva\/m\u00e4rk\u00e4-upotus NTAG213 215 216"},"content":{"rendered":"<h1>NFC kuiva\/m\u00e4rk\u00e4-upotus NTAG213 215 216<\/h1>\n<table width=\"504\">\n<tbody>\n<tr style=\"font-style: inherit; font-weight: inherit;\">\n<td style=\"font-style: inherit;\" width=\"149\">\n<p data-spm-anchor-id=\"a2700.details.0.i60.4f6d26e9ifeROs\">Tuote<\/p>\n<\/td>\n<td style=\"font-style: inherit;\" width=\"355\">Tehdassy\u00f6tt\u00f6 13,56 MHz RFID-tarratunnisteet NFC kuiva\/m\u00e4rk\u00e4-inlay NTAG213 215 216<\/td>\n<\/tr>\n<tr style=\"font-style: inherit; font-weight: inherit;\">\n<td style=\"font-style: inherit;\" width=\"149\">Antenni materiaali<\/td>\n<td style=\"font-style: inherit;\" width=\"355\">Alumiini Al (30 \u03bcm) + PET (38 \u03bcm) + Al silta (10 \u03bcm)<\/td>\n<\/tr>\n<tr style=\"font-style: inherit; font-weight: inherit;\">\n<td style=\"font-style: inherit;\" width=\"149\">\n<p data-spm-anchor-id=\"a2700.details.0.i59.4f6d26e9ifeROs\">Antenni muoto<\/p>\n<\/td>\n<td style=\"font-style: inherit;\" width=\"355\">Py\u00f6re\u00e4 tai neli\u00f6<\/td>\n<\/tr>\n<tr style=\"font-style: inherit; font-weight: inherit;\">\n<td style=\"font-style: inherit;\" width=\"149\">Paksuus<\/td>\n<td style=\"font-style: inherit;\" width=\"355\">0,07 mm (sirun sijainti: 0,23 mm)<\/td>\n<\/tr>\n<tr style=\"font-style: inherit; font-weight: inherit;\">\n<td style=\"font-style: inherit;\" width=\"149\">Taajuus<\/td>\n<td style=\"font-style: inherit;\" width=\"355\">13,56 MHz<\/td>\n<\/tr>\n<tr style=\"font-style: inherit; font-weight: inherit;\">\n<td style=\"font-style: inherit;\" width=\"149\">Kuiva inlay<\/td>\n<td style=\"font-style: inherit;\" width=\"355\">12 * 18 mm, 14,5 * 14,5 mm, 76 * 45 mm, halkaisija 20 mm, 40 mm jne<\/td>\n<\/tr>\n<tr style=\"font-style: inherit; font-weight: inherit;\">\n<td style=\"font-style: inherit;\" width=\"149\">Ty\u00f6l\u00e4mp\u00f6tila<\/td>\n<td style=\"font-style: inherit;\" width=\"355\">-20 \u2103 - +60 \u2103<\/td>\n<\/tr>\n<tr style=\"font-style: inherit; font-weight: inherit;\">\n<td style=\"font-style: inherit;\" width=\"149\">Varastointil\u00e4mp\u00f6tila<\/td>\n<td style=\"font-style: inherit;\" width=\"355\">-25 \u2103 - +65 \u2103<\/td>\n<\/tr>\n<tr style=\"font-style: inherit; font-weight: inherit;\">\n<td style=\"font-style: inherit;\" width=\"149\">Ty\u00f6el\u00e4m\u00e4<\/td>\n<td style=\"font-style: inherit;\" width=\"355\">100 000 kertaa \/ 10 vuotta<\/td>\n<\/tr>\n<tr style=\"font-style: inherit; font-weight: inherit;\">\n<td style=\"font-style: inherit;\" width=\"149\">Nimellinen lukualue<\/td>\n<td style=\"font-style: inherit;\" width=\"355\">2-6 cm riippuen antennin geometriasta ja lukijan kokoonpanosta<\/td>\n<\/tr>\n<tr style=\"font-style: inherit; font-weight: inherit;\">\n<td style=\"font-style: inherit;\" width=\"149\">Sovellus<\/td>\n<td width=\"355\">Tunnistus,kortti, logistiikka, kirjasto, omaisuudenhallinta, maksu, p\u00e4\u00e4sy<\/td>\n<\/tr>\n<\/tbody>\n<\/table>\n<p>&nbsp;<\/p>\n<p><span style=\"font-size: medium;\"><b>Mihin annokseen RFID-inlaya k\u00e4ytet\u00e4\u00e4n?<\/b><\/span><\/p>\n<p><span style=\"color: #0000ff;\">\u2606<\/span>\u00a0 Ensin meid\u00e4n on selvitett\u00e4v\u00e4, mik\u00e4 on RFID-kuivauiste. RFID kuiva-inlay koostuu 3 osasta: alumiinista, piirisarjasta ja PET:st\u00e4. RFID kuiva-inlay on puolivalmis RFID, se voi olla HF tai UHF, ja lukija voi lukea sen. Jokaisella kuivalla RFID-inlaylla on oma yksil\u00f6llinen tunnusnumeronsa.<\/p>\n<p><span style=\"color: #0000ff;\">\u2606<\/span>\u00a0 RFID-kuivaa inlaya voidaan k\u00e4ytt\u00e4\u00e4 korteissa, tarroissa, \u00e4lykk\u00e4iss\u00e4 kodeissa jne.<br \/>\n<span style=\"color: #0000ff;\">\u2606\u00a0<\/span>\u00a0Todelliset sovellukset, kuten kulunvalvonta, omaisuudenhallinta, l\u00e4sn\u00e4olon hallinta, el\u00e4inten tunnistusj\u00e4rjestelm\u00e4, pys\u00e4k\u00f6intij\u00e4rjestelm\u00e4, logistiikan hallinta, teollisuusautomaatio, supermarket, myym\u00e4l\u00e4n hallinta, turvaj\u00e4rjestelm\u00e4, l\u00e4\u00e4ketieteellisten laitosten hallinta jne.<\/p>\n<p><img loading=\"lazy\" decoding=\"async\" class=\"alignnone wp-image-2119\" src=\"https:\/\/nfc-readers.com\/wp-content\/uploads\/2024\/04\/HTB1wkZ8X6DuK1Rjy1zjq6zraFXae-300x164.jpg\" alt=\"\" width=\"561\" height=\"307\" srcset=\"https:\/\/nfc-readers.com\/wp-content\/uploads\/2024\/04\/HTB1wkZ8X6DuK1Rjy1zjq6zraFXae-300x164.jpg 300w, https:\/\/nfc-readers.com\/wp-content\/uploads\/2024\/04\/HTB1wkZ8X6DuK1Rjy1zjq6zraFXae-600x329.jpg 600w, https:\/\/nfc-readers.com\/wp-content\/uploads\/2024\/04\/HTB1wkZ8X6DuK1Rjy1zjq6zraFXae.jpg 730w\" sizes=\"auto, (max-width: 561px) 100vw, 561px\" \/><\/p>\n<p><img loading=\"lazy\" decoding=\"async\" class=\"alignnone wp-image-2120\" src=\"https:\/\/nfc-readers.com\/wp-content\/uploads\/2024\/04\/HTB1IBVIDTtYBeNjy1Xdq6xXyVXaq-300x300.jpg\" alt=\"\" width=\"561\" height=\"561\" srcset=\"https:\/\/nfc-readers.com\/wp-content\/uploads\/2024\/04\/HTB1IBVIDTtYBeNjy1Xdq6xXyVXaq-300x300.jpg 300w, https:\/\/nfc-readers.com\/wp-content\/uploads\/2024\/04\/HTB1IBVIDTtYBeNjy1Xdq6xXyVXaq-150x150.jpg 150w, https:\/\/nfc-readers.com\/wp-content\/uploads\/2024\/04\/HTB1IBVIDTtYBeNjy1Xdq6xXyVXaq-600x600.jpg 600w, https:\/\/nfc-readers.com\/wp-content\/uploads\/2024\/04\/HTB1IBVIDTtYBeNjy1Xdq6xXyVXaq-100x100.jpg 100w, https:\/\/nfc-readers.com\/wp-content\/uploads\/2024\/04\/HTB1IBVIDTtYBeNjy1Xdq6xXyVXaq.jpg 750w\" sizes=\"auto, (max-width: 561px) 100vw, 561px\" \/><\/p>","protected":false},"excerpt":{"rendered":"<p>NFC-kuiva\/m\u00e4rk\u00e4-inlayt NTAG213:ssa on NFC-siru monipuolisiin sovelluksiin, kuiva-inlayt, joissa on vain liimautuvat rakenteet, ja m\u00e4rk\u00e4-inlayt tarjoavat lis\u00e4suojaa.<\/p>","protected":false},"featured_media":2122,"template":"","meta":[],"product_brand":[],"product_cat":[48],"product_tag":[],"class_list":{"0":"post-2117","1":"product","2":"type-product","3":"status-publish","4":"has-post-thumbnail","6":"product_cat-nfc-stickers","8":"first","9":"instock","10":"shipping-taxable","11":"product-type-simple"},"_links":{"self":[{"href":"https:\/\/nfc-readers.com\/fi\/wp-json\/wp\/v2\/product\/2117","targetHints":{"allow":["GET"]}}],"collection":[{"href":"https:\/\/nfc-readers.com\/fi\/wp-json\/wp\/v2\/product"}],"about":[{"href":"https:\/\/nfc-readers.com\/fi\/wp-json\/wp\/v2\/types\/product"}],"wp:featuredmedia":[{"embeddable":true,"href":"https:\/\/nfc-readers.com\/fi\/wp-json\/wp\/v2\/media\/2122"}],"wp:attachment":[{"href":"https:\/\/nfc-readers.com\/fi\/wp-json\/wp\/v2\/media?parent=2117"}],"wp:term":[{"taxonomy":"product_brand","embeddable":true,"href":"https:\/\/nfc-readers.com\/fi\/wp-json\/wp\/v2\/product_brand?post=2117"},{"taxonomy":"product_cat","embeddable":true,"href":"https:\/\/nfc-readers.com\/fi\/wp-json\/wp\/v2\/product_cat?post=2117"},{"taxonomy":"product_tag","embeddable":true,"href":"https:\/\/nfc-readers.com\/fi\/wp-json\/wp\/v2\/product_tag?post=2117"}],"curies":[{"name":"wp","href":"https:\/\/api.w.org\/{rel}","templated":true}]}}