{"id":2127,"date":"2024-04-22T02:58:46","date_gmt":"2024-04-22T02:58:46","guid":{"rendered":"https:\/\/nfc-readers.com\/?post_type=product&#038;p=2127"},"modified":"2024-09-24T06:40:32","modified_gmt":"2024-09-24T06:40:32","slug":"nfc-key-fobs","status":"publish","type":"product","link":"https:\/\/nfc-readers.com\/fi\/ic-reader\/nfc-key-fobs\/","title":{"rendered":"NFC-avaimenper\u00e4t (r\u00e4\u00e4t\u00e4l\u00f6idyt)"},"content":{"rendered":"<h1>NFC-avaimenper\u00e4t (r\u00e4\u00e4t\u00e4l\u00f6idyt)<\/h1>\n<table width=\"345\">\n<tbody>\n<tr style=\"font-style: inherit; font-weight: inherit;\">\n<td style=\"font-style: inherit;\" width=\"69\">\n<p data-spm-anchor-id=\"a2700.pc-decorate.0.i24.7f543333WPG8F0\"><span data-spm-anchor-id=\"a2700.pc-decorate.0.i23.7f543333WPG8F0\">Tuote<\/span><\/p>\n<\/td>\n<td colspan=\"4\" width=\"276\">RFID-avaintunniste\/Keyfob<\/td>\n<\/tr>\n<tr style=\"font-style: inherit; font-weight: inherit;\">\n<td style=\"font-style: inherit;\" width=\"69\">\n<p data-spm-anchor-id=\"a2700.pc-decorate.0.i22.7f543333WPG8F0\"><span data-spm-anchor-id=\"a2700.pc-decorate.0.i10.7f543333WPG8F0\">Materiaali<\/span><\/p>\n<\/td>\n<td colspan=\"4\" width=\"276\"><span style=\"font-style: inherit; font-weight: inherit;\" data-spm-anchor-id=\"a2700.pc-decorate.0.i5.4f1a3333tE72jd\">ABS, PVC, lasikuitu, epoksi jne.<\/span><\/td>\n<\/tr>\n<tr style=\"font-style: inherit; font-weight: inherit;\">\n<td style=\"font-style: inherit;\" width=\"69\">\n<p data-spm-anchor-id=\"a2700.pc-decorate.0.i34.7f543333WPG8F0\">Siru<\/p>\n<\/td>\n<td colspan=\"4\" width=\"276\"><span data-spm-anchor-id=\"a2700.pc-decorate.0.i15.2d9b33330HxdWZ\">LF, HF-siru<\/span><\/td>\n<\/tr>\n<tr style=\"font-style: inherit; font-weight: inherit;\">\n<td style=\"font-style: inherit;\" width=\"69\">Koko<\/td>\n<td colspan=\"4\" width=\"276\">41 * 33 * 4,3 mm \/ 51 * 33 * 5,9 mm \/ 37 * 30 * 8,16 mm \/ 36 * 29 * 6,6 mm<\/td>\n<\/tr>\n<tr style=\"font-style: inherit; font-weight: inherit;\">\n<td style=\"font-style: inherit;\" width=\"69\">\n<p data-spm-anchor-id=\"a2700.pc-decorate.0.i33.7f543333WPG8F0\">V\u00e4ri<\/p>\n<\/td>\n<td colspan=\"4\" width=\"276\">Musta, valkoinen, keltainen, punainen, vihre\u00e4, sininen, pinkki tai r\u00e4\u00e4t\u00e4l\u00f6ity.<\/td>\n<\/tr>\n<tr style=\"font-style: inherit; font-weight: inherit;\">\n<td style=\"font-style: inherit;\" width=\"69\">\n<p data-spm-anchor-id=\"a2700.pc-decorate.0.i8.271d3333RNCmsH\">K\u00e4sity\u00f6t<\/p>\n<\/td>\n<td colspan=\"4\" width=\"276\">Yksiv\u00e4rinen tai moniv\u00e4rinen tulostus, viivakoodi- tai laserkooditulostus jne.<\/td>\n<\/tr>\n<tr style=\"font-style: inherit; font-weight: inherit;\">\n<td style=\"font-style: inherit;\" width=\"69\"><span style=\"font-style: inherit; font-weight: inherit;\">Sovellukset<\/span><\/td>\n<td colspan=\"4\" width=\"276\">Kulunvalvonta, Julkinen liikenne, Parkkipaikka, Henkil\u00f6llisyyden todennus, L\u00e4sn\u00e4olohallinta, Liput,<\/td>\n<\/tr>\n<\/tbody>\n<\/table>\n<p><img loading=\"lazy\" decoding=\"async\" class=\"alignnone wp-image-2128\" src=\"https:\/\/nfc-readers.com\/wp-content\/uploads\/2024\/04\/Hbdbc426a8e3c4e04b6d5836c3de2a0d2H-248x300.png\" alt=\"\" width=\"526\" height=\"636\" srcset=\"https:\/\/nfc-readers.com\/wp-content\/uploads\/2024\/04\/Hbdbc426a8e3c4e04b6d5836c3de2a0d2H-248x300.png 248w, https:\/\/nfc-readers.com\/wp-content\/uploads\/2024\/04\/Hbdbc426a8e3c4e04b6d5836c3de2a0d2H-600x726.png 600w, https:\/\/nfc-readers.com\/wp-content\/uploads\/2024\/04\/Hbdbc426a8e3c4e04b6d5836c3de2a0d2H.png 759w\" sizes=\"auto, (max-width: 526px) 100vw, 526px\" \/><\/p>","protected":false},"excerpt":{"rendered":"<p>Integroidulla NFC-siruteknologialla varustetut NFC-avaimenper\u00e4t tarjoavat kannettavia langattomia ratkaisuja kulunvalvontaan ja \u00e4lykk\u00e4\u00e4n kodin integrointiin, mik\u00e4 lis\u00e4\u00e4 k\u00e4ytt\u00f6mukavuutta ja turvallisuutta.<\/p>","protected":false},"featured_media":2129,"template":"","meta":[],"product_brand":[],"product_cat":[49],"product_tag":[],"class_list":{"0":"post-2127","1":"product","2":"type-product","3":"status-publish","4":"has-post-thumbnail","6":"product_cat-nfc-key-fobs","8":"first","9":"instock","10":"shipping-taxable","11":"product-type-simple"},"_links":{"self":[{"href":"https:\/\/nfc-readers.com\/fi\/wp-json\/wp\/v2\/product\/2127","targetHints":{"allow":["GET"]}}],"collection":[{"href":"https:\/\/nfc-readers.com\/fi\/wp-json\/wp\/v2\/product"}],"about":[{"href":"https:\/\/nfc-readers.com\/fi\/wp-json\/wp\/v2\/types\/product"}],"wp:featuredmedia":[{"embeddable":true,"href":"https:\/\/nfc-readers.com\/fi\/wp-json\/wp\/v2\/media\/2129"}],"wp:attachment":[{"href":"https:\/\/nfc-readers.com\/fi\/wp-json\/wp\/v2\/media?parent=2127"}],"wp:term":[{"taxonomy":"product_brand","embeddable":true,"href":"https:\/\/nfc-readers.com\/fi\/wp-json\/wp\/v2\/product_brand?post=2127"},{"taxonomy":"product_cat","embeddable":true,"href":"https:\/\/nfc-readers.com\/fi\/wp-json\/wp\/v2\/product_cat?post=2127"},{"taxonomy":"product_tag","embeddable":true,"href":"https:\/\/nfc-readers.com\/fi\/wp-json\/wp\/v2\/product_tag?post=2127"}],"curies":[{"name":"wp","href":"https:\/\/api.w.org\/{rel}","templated":true}]}}