{"id":2133,"date":"2024-04-22T03:16:50","date_gmt":"2024-04-22T03:16:50","guid":{"rendered":"https:\/\/nfc-readers.com\/?post_type=product&#038;p=2133"},"modified":"2024-09-24T06:04:13","modified_gmt":"2024-09-24T06:04:13","slug":"silicone-rfid-nfc-wristbands","status":"publish","type":"product","link":"https:\/\/nfc-readers.com\/fi\/ic-reader\/silicone-rfid-nfc-wristbands\/","title":{"rendered":"Silikoniset RFID NFC -rannekkeet"},"content":{"rendered":"<table width=\"476\">\n<tbody>\n<tr style=\"font-style: inherit; font-weight: inherit;\">\n<td style=\"font-style: inherit;\" width=\"187\"><span style=\"font-style: inherit; font-weight: inherit;\" data-spm-anchor-id=\"a2700.details.0.i62.23d334f5zYksZe\">Tuote<\/span><\/td>\n<td style=\"font-style: inherit;\" width=\"289\"><span style=\"font-style: inherit; font-weight: inherit;\">\u00a0RFID-silikoninen ranneke\u00a0<\/span><\/td>\n<\/tr>\n<tr style=\"font-style: inherit; font-weight: inherit;\">\n<td style=\"font-style: inherit;\" width=\"187\"><span style=\"font-style: inherit; font-weight: inherit;\">\u00a0Materiaali\u00a0<\/span><\/td>\n<td style=\"font-style: inherit;\" width=\"289\"><span style=\"font-style: inherit; font-weight: inherit;\">\u00a0Silikoni<\/span><\/td>\n<\/tr>\n<tr style=\"font-style: inherit; font-weight: inherit;\">\n<td style=\"font-style: inherit;\" width=\"187\"><span style=\"font-style: inherit; font-weight: inherit;\">\u00a0Koko<\/span><\/td>\n<td style=\"font-style: inherit;\" width=\"289\"><span style=\"font-style: inherit; font-weight: inherit;\">\u00a0Mukautettu<\/span><\/td>\n<\/tr>\n<tr style=\"font-style: inherit; font-weight: inherit;\">\n<td style=\"font-style: inherit;\" width=\"187\"><span style=\"font-style: inherit; font-weight: inherit;\">\u00a0V\u00e4ri<\/span><\/td>\n<td style=\"font-style: inherit;\" width=\"289\"><span style=\"font-style: inherit; font-weight: inherit;\">\u00a0Sininen \/ punainen \/ musta \/ valkoinen \/ keltainen \/ harmaa \/ vihre\u00e4 \/ vaaleanpunainen jne, tai r\u00e4\u00e4t\u00e4l\u00f6ity<\/span><\/td>\n<\/tr>\n<tr style=\"font-style: inherit; font-weight: inherit;\">\n<td style=\"font-style: inherit;\" width=\"187\"><span style=\"font-style: inherit; font-weight: inherit;\">\u00a0p\u00f6yt\u00e4kirja<\/span><\/td>\n<td width=\"289\"><span style=\"font-style: inherit; font-weight: inherit;\">\u00a0ISO14443A, ISO15693<\/span><\/td>\n<\/tr>\n<tr style=\"font-style: inherit; font-weight: inherit;\">\n<td style=\"font-style: inherit;\" width=\"187\"><span style=\"font-style: inherit; font-weight: inherit;\">\u00a0HF-siru (13,56 MHz)\u00a0<\/span><\/td>\n<td style=\"font-style: inherit;\" width=\"289\"><span style=\"font-style: inherit; font-weight: inherit;\">\u00a0FM11RF08, S50, S70, M1K, nfc tag213\/216 jne<\/span><\/td>\n<\/tr>\n<tr style=\"font-style: inherit; font-weight: inherit;\">\n<td style=\"font-style: inherit;\" rowspan=\"4\" width=\"187\"><span style=\"font-style: inherit; font-weight: inherit;\">\u00a0K\u00e4sity\u00f6<\/span><\/td>\n<td style=\"font-style: inherit;\" width=\"289\"><span style=\"font-style: inherit; font-weight: inherit;\">\u00a0Mukauta tulostusta<\/span><\/td>\n<\/tr>\n<tr>\n<td width=\"289\"><span style=\"font-style: inherit; font-weight: inherit;\">\u00a0Koodauspalvelu saatavilla<\/span><\/td>\n<\/tr>\n<tr>\n<td width=\"289\">\u00a0Laser\/tulostus UID tai sarjanumero kortilla<\/td>\n<\/tr>\n<tr>\n<td width=\"289\">\u00a0UID ja sarjanumero voidaan toimittaa Excel-muodossa<\/td>\n<\/tr>\n<tr style=\"font-style: inherit; font-weight: inherit;\">\n<td style=\"font-style: inherit;\" width=\"187\"><span style=\"font-style: inherit; font-weight: inherit;\">\u00a0Ominaisuudet<\/span><\/td>\n<td style=\"font-style: inherit;\" width=\"289\"><span style=\"font-style: inherit; font-weight: inherit;\">\u00a0Helppo k\u00e4ytt\u00e4\u00e4 ja k\u00e4ytt\u00e4\u00e4, korkea suorituskyky, edullinen, ymp\u00e4rist\u00f6yst\u00e4v\u00e4llinen, myrkyt\u00f6n<\/span><\/td>\n<\/tr>\n<tr style=\"font-style: inherit; font-weight: inherit;\">\n<td style=\"font-style: inherit;\" width=\"187\"><span style=\"font-style: inherit; font-weight: inherit;\">\u00a0Sovellus\u00a0<\/span><\/td>\n<td style=\"font-style: inherit;\" width=\"289\"><span style=\"font-style: inherit; font-weight: inherit;\">\u00a0K\u00e4ytet\u00e4\u00e4n laajasti juhlissa, urheilutapahtumissa, kuntosalissa, ravintolassa, maratonissa jne. kulunvalvontana ja maksuna<\/span><\/td>\n<\/tr>\n<\/tbody>\n<\/table>\n<div>Silikoniset RFID-rannekkeet<\/div>\n<div><\/div>\n<div>RFID-RANNELAITTEET RV-PUISTOLLE JA LEIRINT\u00c4PALOILLE Turvallinen k\u00e4ytt\u00f6mukavuus. K\u00e4yt\u00e4 RFID-rannekkeita matkailuautojen puistossa tai leirint\u00e4alueilla, jotta voit valvoa turvallisesti sivustosi eri osia ja luoda k\u00e4teisvapaan kiinteist\u00f6n, jossa kaikki hoidetaan hanalla. K\u00e4teisvapaat ostot.<\/div>\n<div><\/div>\n<div>RFID-rannekkeet perheviihdekeskuksiin. K\u00e4yt\u00e4 RFID-rannekkeitamme turvallisiin maksu-, NFC- ja POS-tapahtumiin perheviihdekeskuksissa, pelisaleissa, kasinoissa ja pelikeskuksissa.<\/div>\n<div><\/div>\n<div>Kaikille sovelluksille. K\u00e4yt\u00e4 vedenpit\u00e4vi\u00e4 silikonisia RFID-rannekkeita miss\u00e4 tahansa: kuntosalilla, uima-altaalla, kylpyl\u00e4ss\u00e4, vesipuistossa tai hotellissa. Maksa ruoasta, palveluista ja mukavuuksista yhdell\u00e4 napautuksella j\u00e4rjestelm\u00e4ss\u00e4mme tai POS-p\u00e4\u00e4tteess\u00e4si. Silikoniset RFID-rannekkeet sopivat my\u00f6s RFID-kulunvalvonta-, lukitus- ja henkil\u00f6st\u00f6valvontasovelluksiin rakennuksessa, toimistossa, laboratoriossa tai varastossa.<\/div>\n<div><\/div>\n<div><img loading=\"lazy\" decoding=\"async\" class=\"alignnone wp-image-2134\" src=\"https:\/\/nfc-readers.com\/wp-content\/uploads\/2024\/04\/H41cec2b20d6746e4bf71ea249b81ff01N-300x246.jpg\" alt=\"\" width=\"525\" height=\"431\" srcset=\"https:\/\/nfc-readers.com\/wp-content\/uploads\/2024\/04\/H41cec2b20d6746e4bf71ea249b81ff01N-300x246.jpg 300w, https:\/\/nfc-readers.com\/wp-content\/uploads\/2024\/04\/H41cec2b20d6746e4bf71ea249b81ff01N-1024x839.jpg 1024w, https:\/\/nfc-readers.com\/wp-content\/uploads\/2024\/04\/H41cec2b20d6746e4bf71ea249b81ff01N-768x629.jpg 768w, https:\/\/nfc-readers.com\/wp-content\/uploads\/2024\/04\/H41cec2b20d6746e4bf71ea249b81ff01N-1536x1258.jpg 1536w, https:\/\/nfc-readers.com\/wp-content\/uploads\/2024\/04\/H41cec2b20d6746e4bf71ea249b81ff01N-2048x1678.jpg 2048w, https:\/\/nfc-readers.com\/wp-content\/uploads\/2024\/04\/H41cec2b20d6746e4bf71ea249b81ff01N-600x491.jpg 600w\" sizes=\"auto, (max-width: 525px) 100vw, 525px\" \/><\/div>\n<div><img loading=\"lazy\" decoding=\"async\" class=\"alignnone wp-image-2135\" src=\"https:\/\/nfc-readers.com\/wp-content\/uploads\/2024\/04\/HTB1OdAhDr9YBuNjy0Fgq6AxcXXaH-300x300.jpg\" alt=\"\" width=\"527\" height=\"527\" srcset=\"https:\/\/nfc-readers.com\/wp-content\/uploads\/2024\/04\/HTB1OdAhDr9YBuNjy0Fgq6AxcXXaH-300x300.jpg 300w, https:\/\/nfc-readers.com\/wp-content\/uploads\/2024\/04\/HTB1OdAhDr9YBuNjy0Fgq6AxcXXaH-150x150.jpg 150w, https:\/\/nfc-readers.com\/wp-content\/uploads\/2024\/04\/HTB1OdAhDr9YBuNjy0Fgq6AxcXXaH-600x600.jpg 600w, https:\/\/nfc-readers.com\/wp-content\/uploads\/2024\/04\/HTB1OdAhDr9YBuNjy0Fgq6AxcXXaH-100x100.jpg 100w, https:\/\/nfc-readers.com\/wp-content\/uploads\/2024\/04\/HTB1OdAhDr9YBuNjy0Fgq6AxcXXaH.jpg 750w\" sizes=\"auto, (max-width: 527px) 100vw, 527px\" \/><\/div>\n<div><\/div>\n<div>\n<p>FAQ:<\/p>\n<p><strong>1. VOITKO TARJOTA MEILLE V\u00c4H\u00c4M\u00c4N N\u00c4YTTEEN?<\/strong><\/p>\n<p>Kun tied\u00e4mme selv\u00e4sti, mit\u00e4 tuotteita tarvitset, voimme tarjota samanlaisen olemassa olevan n\u00e4ytteen viitteellesi.<\/p>\n<p>N\u00e4yte ilmainen maksamillasi toimituskuluilla.<\/p>\n<p>Jos tarvitset mukautetun tunnisten\u00e4ytteen suunnittelusi ja vaatimuksesi perusteella, kohtuulliset n\u00e4ytekustannukset veloitetaan vastaavasti.<\/p>\n<p>&nbsp;<\/p>\n<p><strong>2. EMME OLE TEKNIIKAN ASIANTUNTIJAOSTAJA, MIT\u00c4 TIEDOT TARVITSET MEILT\u00c4 LAINAATTAKSI?<\/strong><\/p>\n<p>Hyv\u00e4 yst\u00e4v\u00e4, kerro meille selke\u00e4sti tunnisteen sovellus, mink\u00e4 tavoitteen haluat saavuttaa,<\/p>\n<p>ehdotamme sinulle sopivaa tuotetta edulliseen hintaan<\/p>\n<p>&nbsp;<\/p>\n<p><strong>3. VOIKO VOIDA VIERAA TEhtaallasi?<\/strong><\/p>\n<p>Kyll\u00e4, l\u00e4mpim\u00e4sti tervetuloa tehdaskierroksesi. Ja on kunnia olla oppaasi Kiinan-matkallasi.<\/p>\n<p>&nbsp;<\/p>\n<\/div>\n<p>&nbsp;<\/p>","protected":false},"excerpt":{"rendered":"<p>Silikoniset RFID-rannekkeet NFC-siruteknologialla mahdollistavat kontaktittoman tunnistamisen lipunmyynti\u00e4, kulunvalvontaa ja tapahtumien hallintaa varten tehokkaasti.<\/p>","protected":false},"featured_media":2136,"template":"","meta":[],"product_brand":[],"product_cat":[50],"product_tag":[],"class_list":{"0":"post-2133","1":"product","2":"type-product","3":"status-publish","4":"has-post-thumbnail","6":"product_cat-silicone-rfid-nfc-wristbands","8":"first","9":"instock","10":"shipping-taxable","11":"product-type-simple"},"_links":{"self":[{"href":"https:\/\/nfc-readers.com\/fi\/wp-json\/wp\/v2\/product\/2133","targetHints":{"allow":["GET"]}}],"collection":[{"href":"https:\/\/nfc-readers.com\/fi\/wp-json\/wp\/v2\/product"}],"about":[{"href":"https:\/\/nfc-readers.com\/fi\/wp-json\/wp\/v2\/types\/product"}],"wp:featuredmedia":[{"embeddable":true,"href":"https:\/\/nfc-readers.com\/fi\/wp-json\/wp\/v2\/media\/2136"}],"wp:attachment":[{"href":"https:\/\/nfc-readers.com\/fi\/wp-json\/wp\/v2\/media?parent=2133"}],"wp:term":[{"taxonomy":"product_brand","embeddable":true,"href":"https:\/\/nfc-readers.com\/fi\/wp-json\/wp\/v2\/product_brand?post=2133"},{"taxonomy":"product_cat","embeddable":true,"href":"https:\/\/nfc-readers.com\/fi\/wp-json\/wp\/v2\/product_cat?post=2133"},{"taxonomy":"product_tag","embeddable":true,"href":"https:\/\/nfc-readers.com\/fi\/wp-json\/wp\/v2\/product_tag?post=2133"}],"curies":[{"name":"wp","href":"https:\/\/api.w.org\/{rel}","templated":true}]}}